{"id":2,"date":"2018-06-13T12:48:39","date_gmt":"2018-06-13T11:48:39","guid":{"rendered":"http:\/\/korea.com.vn\/shop\/?page_id=2"},"modified":"2020-12-04T14:27:20","modified_gmt":"2020-12-04T07:27:20","slug":"thanh-toan","status":"publish","type":"page","link":"https:\/\/korea.com.vn\/shop\/thanh-toan\/","title":{"rendered":"Thanh to\u00e1n &#038; Giao h\u00e0ng"},"content":{"rendered":"<p>[vc_row][vc_column width=&#8221;2\/3&#8243;]<div class=\"porto-u-heading \" data-hspacer=\"no_spacer\" data-halign=\"left\" style=\"text-align:left\"><div class=\"porto-u-heading-spacer no_spacer\" style=\"\"><\/div><div class=\"porto-u-main-heading\"><h2 style=\"\">THANH TO\u00c1N &amp; GIAO H\u00c0NG<\/h2><\/div><\/div>[vc_column_text]<strong>I. Giao h\u00e0ng to\u00e0n qu\u1ed1c<\/strong><br \/>\n<strong>Korea.com.vn\/shop<\/strong> giao h\u00e0ng h\u00f3a \u0111\u1ebfn t\u1eadn n\u01a1i kh\u00e1ch h\u00e0ng y\u00eau c\u1ea7u tr\u00ean to\u00e0n qu\u1ed1c. Th\u1eddi gian v\u1eadn chuy\u1ec3n t\u1eeb 3 ng\u00e0y \u0111\u1ebfn t\u1ed1i \u0111a 5 ng\u00e0y l\u00e0m vi\u1ec7c (\u00e1p d\u1ee5ng v\u1edbi khu v\u1ef1c: th\u00e0nh ph\u1ed1 H\u1ed3 Ch\u00ed Minh v\u00e0 H\u00e0 N\u1ed9i), c\u00e1c khu v\u1ef1c kh\u00e1c th\u1eddi gian v\u1eadn chuy\u1ec3n t\u1ed1i \u0111a l\u00e0 6 ng\u00e0y l\u00e0m vi\u1ec7c.<br \/>\nTh\u1eddi gian \u0111\u01b0\u1ee3c t\u00ednh t\u1eeb l\u00fac ch\u00fang t\u00f4i ho\u00e0n t\u1ea5t vi\u1ec7c x\u00e1c nh\u1eadn \u0111\u01a1n h\u00e0ng v\u1edbi b\u1ea1n \u0111\u1ebfn khi nh\u1eadn \u0111\u01b0\u1ee3c h\u00e0ng, kh\u00f4ng k\u1ec3 ng\u00e0y l\u1ec5 hay th\u1ee9 7 v\u00e0 ch\u1ee7 nh\u1eadt.<br \/>\nKhi c\u00f3 nhu c\u1ea7u v\u1ec1 th\u00f4ng tin ho\u1eb7c mua s\u1eafm s\u1ea3n ph\u1ea9m. H\u00e3y g\u1ecdi cho ch\u00fang t\u00f4i qua s\u1ed1 0902.882 355 Ch\u00fang t\u00f4i lu\u00f4n s\u1eb5n s\u00e0ng ph\u1ee5c v\u1ee5 b\u1ea1n.<\/p>\n<p><strong>II. Ph\u00ed giao h\u00e0ng<\/strong><br \/>\nPh\u00ed giao h\u00e0ng cho khu v\u1ef1c TP.H\u1ed3 Ch\u00ed Minh v\u00e0 H\u00e0 N\u1ed9i:<br \/>\n<img loading=\"lazy\" class=\"alignnone wp-image-1676 size-full\" src=\"https:\/\/korea.com.vn\/shop\/wp-content\/uploads\/2018\/06\/hcm.jpg\" alt=\"\" width=\"625\" height=\"129\" srcset=\"https:\/\/korea.com.vn\/shop\/wp-content\/uploads\/2018\/06\/hcm.jpg 625w, https:\/\/korea.com.vn\/shop\/wp-content\/uploads\/2018\/06\/hcm-600x124.jpg 600w, https:\/\/korea.com.vn\/shop\/wp-content\/uploads\/2018\/06\/hcm-300x62.jpg 300w\" sizes=\"(max-width: 625px) 100vw, 625px\" \/><\/p>\n<p>Ph\u00ed giao h\u00e0ng cho c\u00e1c khu v\u1ef1c kh\u00e1c:<br \/>\n<img loading=\"lazy\" class=\"alignnone size-full wp-image-1677\" src=\"https:\/\/korea.com.vn\/shop\/wp-content\/uploads\/2018\/06\/tinh.png\" alt=\"\" width=\"487\" height=\"111\" srcset=\"https:\/\/korea.com.vn\/shop\/wp-content\/uploads\/2018\/06\/tinh.png 487w, https:\/\/korea.com.vn\/shop\/wp-content\/uploads\/2018\/06\/tinh-400x91.png 400w, https:\/\/korea.com.vn\/shop\/wp-content\/uploads\/2018\/06\/tinh-300x68.png 300w\" sizes=\"(max-width: 487px) 100vw, 487px\" \/><\/p>\n<p>Khi b\u1ea1n c\u1ea7n th\u00eam th\u00f4ng tin v\u1ec1 ph\u00ed v\u1eadn chuy\u1ec3n h\u00e3y g\u1ecdi cho ch\u00fang t\u00f4i qua s\u1ed1 0902.882 355<\/p>\n<p><strong>III. L\u1ef1a ch\u1ecdn thanh to\u00e1n<\/strong><br \/>\nCh\u00fang t\u00f4i cung c\u1ea5p 4 lo\u1ea1i thanh to\u00e1n sau:<br \/>\n+ Thanh to\u00e1n khi nh\u1eadn h\u00e0ng (COD).<br \/>\n+ Chuy\u1ec3n kho\u1ea3n qua ng\u00e2n h\u00e0ng.<br \/>\n<strong>&#8211; Ng\u00e2n H\u00e0ng Vietcombak &#8211; Chi Nh\u00e1nh: B\u1ebfn Th\u00e0nh: STK: 0071002563723 &#8211; Ch\u1ee7 t\u00e0i kho\u1ea3n: Nguy\u1ec5n L\u01b0\u01a1ng B\u1eb1ng<\/strong><br \/>\n<strong>&#8211; Ng\u00e2n H\u00e0ng Vietcombak &#8211; Chi Nh\u00e1nh: B\u1ebfn Th\u00e0nh: STK: 0071002563723 &#8211; Ch\u1ee7 t\u00e0i kho\u1ea3n: Nguy\u1ec5n L\u01b0\u01a1ng B\u1eb1ng<\/strong><br \/>\n+ Thanh to\u00e1n b\u1eb1ng th\u1ebb ATM n\u1ed9i \u0111\u1ecba.<br \/>\n+ Thanh to\u00e1n b\u1eb1ng Visa\/Master\/Amex\/JCB Card[\/vc_column_text][\/vc_column][vc_column width=&#8221;1\/3&#8243;]<div class=\"vc_widget_woo_products wpb_content_element\"><div class=\"widget woocommerce widget_products\"><h2 class=\"widgettitle\">B\u00c1N CH\u1ea0Y<\/h2><ul class=\"product_list_widget\">\r\n<li>\r\n    \r\n\t<a class=\"product-image\" href=\"https:\/\/korea.com.vn\/shop\/san-pham\/dong-ho-nu-ms512c-mangosteen-seoul-han-quoc-day-da-tim\/\" title=\"\u0110\u1ed3ng h\u1ed3 n\u1eef MS512C MANGOSTEEN SEOUL H\u00e0n Qu\u1ed1c d\u00e2y da (T\u00edm)\">\r\n\t\t<div class=\"inner\"><img width=\"85\" height=\"85\" src=\"https:\/\/korea.com.vn\/shop\/wp-content\/uploads\/2020\/12\/MS512C-1-85x85.jpg\" class=\" wp-post-image\" alt=\"\" loading=\"lazy\" srcset=\"https:\/\/korea.com.vn\/shop\/wp-content\/uploads\/2020\/12\/MS512C-1-85x85.jpg 85w, https:\/\/korea.com.vn\/shop\/wp-content\/uploads\/2020\/12\/MS512C-1-150x150.jpg 150w, https:\/\/korea.com.vn\/shop\/wp-content\/uploads\/2020\/12\/MS512C-1-367x367.jpg 367w, https:\/\/korea.com.vn\/shop\/wp-content\/uploads\/2020\/12\/MS512C-1-50x50.jpg 50w, https:\/\/korea.com.vn\/shop\/wp-content\/uploads\/2020\/12\/MS512C-1-300x300.jpg 300w\" sizes=\"(max-width: 85px) 100vw, 85px\" \/><\/div>\t<\/a>\r\n\r\n    <div class=\"product-details\">\r\n        <a href=\"https:\/\/korea.com.vn\/shop\/san-pham\/dong-ho-nu-ms512c-mangosteen-seoul-han-quoc-day-da-tim\/\" title=\"\u0110\u1ed3ng h\u1ed3 n\u1eef MS512C MANGOSTEEN SEOUL H\u00e0n Qu\u1ed1c d\u00e2y da (T\u00edm)\">\r\n            \u0110\u1ed3ng h\u1ed3 n\u1eef MS512C MANGOSTEEN SEOUL H\u00e0n Qu\u1ed1c d\u00e2y da (T\u00edm)        <\/a>\r\n\r\n                    <div class=\"star-rating\" title=\"0\"><span style=\"width:0%\"><strong class=\"rating\">0<\/strong> out of 5<\/span><\/div>                <span class=\"woocommerce-Price-amount amount\"><bdi>3.119.000<span class=\"woocommerce-Price-currencySymbol\">&#8363;<\/span><\/bdi><\/span>    <\/div>\r\n\r\n    <\/li>\r\n<li>\r\n    \r\n\t<a class=\"product-image\" href=\"https:\/\/korea.com.vn\/shop\/san-pham\/dong-ho-nu-ms512d-mangosteen-seoul-han-quoc-day-da-hong-dam\/\" title=\"\u0110\u1ed3ng h\u1ed3 n\u1eef MS512D MANGOSTEEN SEOUL H\u00e0n Qu\u1ed1c d\u00e2y da (H\u1ed3ng \u0111\u1eadm)\">\r\n\t\t<div class=\"inner\"><img width=\"85\" height=\"85\" src=\"https:\/\/korea.com.vn\/shop\/wp-content\/uploads\/2020\/12\/MS512D-1-85x85.jpg\" class=\" wp-post-image\" alt=\"\" loading=\"lazy\" srcset=\"https:\/\/korea.com.vn\/shop\/wp-content\/uploads\/2020\/12\/MS512D-1-85x85.jpg 85w, https:\/\/korea.com.vn\/shop\/wp-content\/uploads\/2020\/12\/MS512D-1-150x150.jpg 150w, https:\/\/korea.com.vn\/shop\/wp-content\/uploads\/2020\/12\/MS512D-1-367x367.jpg 367w, https:\/\/korea.com.vn\/shop\/wp-content\/uploads\/2020\/12\/MS512D-1-50x50.jpg 50w, https:\/\/korea.com.vn\/shop\/wp-content\/uploads\/2020\/12\/MS512D-1-300x300.jpg 300w\" sizes=\"(max-width: 85px) 100vw, 85px\" \/><\/div>\t<\/a>\r\n\r\n    <div class=\"product-details\">\r\n        <a href=\"https:\/\/korea.com.vn\/shop\/san-pham\/dong-ho-nu-ms512d-mangosteen-seoul-han-quoc-day-da-hong-dam\/\" title=\"\u0110\u1ed3ng h\u1ed3 n\u1eef MS512D MANGOSTEEN SEOUL H\u00e0n Qu\u1ed1c d\u00e2y da (H\u1ed3ng \u0111\u1eadm)\">\r\n            \u0110\u1ed3ng h\u1ed3 n\u1eef MS512D MANGOSTEEN SEOUL H\u00e0n Qu\u1ed1c d\u00e2y da (H\u1ed3ng \u0111\u1eadm)        <\/a>\r\n\r\n                    <div class=\"star-rating\" title=\"0\"><span style=\"width:0%\"><strong class=\"rating\">0<\/strong> out of 5<\/span><\/div>                <span class=\"woocommerce-Price-amount amount\"><bdi>3.112.000<span class=\"woocommerce-Price-currencySymbol\">&#8363;<\/span><\/bdi><\/span>    <\/div>\r\n\r\n    <\/li>\r\n<li>\r\n    \r\n\t<a class=\"product-image\" href=\"https:\/\/korea.com.vn\/shop\/san-pham\/dong-ho-nu-ms512e-mangosteen-seoul-han-quoc-day-da-xanh-den\/\" title=\"\u0110\u1ed3ng h\u1ed3 n\u1eef MS512E MANGOSTEEN SEOUL H\u00e0n Qu\u1ed1c d\u00e2y da (Xanh \u0111en)\">\r\n\t\t<div class=\"inner\"><img width=\"85\" height=\"85\" src=\"https:\/\/korea.com.vn\/shop\/wp-content\/uploads\/2020\/12\/MS512E-1-85x85.jpg\" class=\" wp-post-image\" alt=\"\" loading=\"lazy\" srcset=\"https:\/\/korea.com.vn\/shop\/wp-content\/uploads\/2020\/12\/MS512E-1-85x85.jpg 85w, https:\/\/korea.com.vn\/shop\/wp-content\/uploads\/2020\/12\/MS512E-1-150x150.jpg 150w, https:\/\/korea.com.vn\/shop\/wp-content\/uploads\/2020\/12\/MS512E-1-367x367.jpg 367w, https:\/\/korea.com.vn\/shop\/wp-content\/uploads\/2020\/12\/MS512E-1-50x50.jpg 50w, https:\/\/korea.com.vn\/shop\/wp-content\/uploads\/2020\/12\/MS512E-1-300x300.jpg 300w\" sizes=\"(max-width: 85px) 100vw, 85px\" \/><\/div>\t<\/a>\r\n\r\n    <div class=\"product-details\">\r\n        <a href=\"https:\/\/korea.com.vn\/shop\/san-pham\/dong-ho-nu-ms512e-mangosteen-seoul-han-quoc-day-da-xanh-den\/\" title=\"\u0110\u1ed3ng h\u1ed3 n\u1eef MS512E MANGOSTEEN SEOUL H\u00e0n Qu\u1ed1c d\u00e2y da (Xanh \u0111en)\">\r\n            \u0110\u1ed3ng h\u1ed3 n\u1eef MS512E MANGOSTEEN SEOUL H\u00e0n Qu\u1ed1c d\u00e2y da (Xanh \u0111en)        <\/a>\r\n\r\n                    <div class=\"star-rating\" title=\"0\"><span style=\"width:0%\"><strong class=\"rating\">0<\/strong> out of 5<\/span><\/div>                <span class=\"woocommerce-Price-amount amount\"><bdi>2.949.000<span class=\"woocommerce-Price-currencySymbol\">&#8363;<\/span><\/bdi><\/span>    <\/div>\r\n\r\n    <\/li>\r\n<li>\r\n    \r\n\t<a class=\"product-image\" href=\"https:\/\/korea.com.vn\/shop\/san-pham\/dong-ho-nu-ms512g-mangosteen-seoul-han-quoc-day-da-trang\/\" title=\"\u0110\u1ed3ng h\u1ed3 n\u1eef MS512G MANGOSTEEN SEOUL H\u00e0n Qu\u1ed1c d\u00e2y da (Tr\u1eafng)\">\r\n\t\t<div class=\"inner\"><img width=\"85\" height=\"85\" src=\"https:\/\/korea.com.vn\/shop\/wp-content\/uploads\/2020\/12\/MS512G-1-85x85.jpg\" class=\" wp-post-image\" alt=\"\" loading=\"lazy\" srcset=\"https:\/\/korea.com.vn\/shop\/wp-content\/uploads\/2020\/12\/MS512G-1-85x85.jpg 85w, https:\/\/korea.com.vn\/shop\/wp-content\/uploads\/2020\/12\/MS512G-1-150x150.jpg 150w, https:\/\/korea.com.vn\/shop\/wp-content\/uploads\/2020\/12\/MS512G-1-367x367.jpg 367w, https:\/\/korea.com.vn\/shop\/wp-content\/uploads\/2020\/12\/MS512G-1-50x50.jpg 50w, https:\/\/korea.com.vn\/shop\/wp-content\/uploads\/2020\/12\/MS512G-1-300x300.jpg 300w\" sizes=\"(max-width: 85px) 100vw, 85px\" \/><\/div>\t<\/a>\r\n\r\n    <div class=\"product-details\">\r\n        <a href=\"https:\/\/korea.com.vn\/shop\/san-pham\/dong-ho-nu-ms512g-mangosteen-seoul-han-quoc-day-da-trang\/\" title=\"\u0110\u1ed3ng h\u1ed3 n\u1eef MS512G MANGOSTEEN SEOUL H\u00e0n Qu\u1ed1c d\u00e2y da (Tr\u1eafng)\">\r\n            \u0110\u1ed3ng h\u1ed3 n\u1eef MS512G MANGOSTEEN SEOUL H\u00e0n Qu\u1ed1c d\u00e2y da (Tr\u1eafng)        <\/a>\r\n\r\n                    <div class=\"star-rating\" title=\"0\"><span style=\"width:0%\"><strong class=\"rating\">0<\/strong> out of 5<\/span><\/div>                <span class=\"woocommerce-Price-amount amount\"><bdi>3.119.000<span class=\"woocommerce-Price-currencySymbol\">&#8363;<\/span><\/bdi><\/span>    <\/div>\r\n\r\n    <\/li>\r\n<li>\r\n    \r\n\t<a class=\"product-image\" href=\"https:\/\/korea.com.vn\/shop\/san-pham\/dong-ho-nu-ms512i-mangosteen-seoul-han-quoc-day-da-xanh-bien\/\" title=\"\u0110\u1ed3ng h\u1ed3 n\u1eef MS512I MANGOSTEEN SEOUL H\u00e0n Qu\u1ed1c d\u00e2y da (Xanh bi\u1ec3n)\">\r\n\t\t<div class=\"inner\"><img width=\"85\" height=\"85\" src=\"https:\/\/korea.com.vn\/shop\/wp-content\/uploads\/2020\/12\/MS512I-1-85x85.jpg\" class=\" wp-post-image\" alt=\"\" loading=\"lazy\" srcset=\"https:\/\/korea.com.vn\/shop\/wp-content\/uploads\/2020\/12\/MS512I-1-85x85.jpg 85w, https:\/\/korea.com.vn\/shop\/wp-content\/uploads\/2020\/12\/MS512I-1-300x300.jpg 300w, https:\/\/korea.com.vn\/shop\/wp-content\/uploads\/2020\/12\/MS512I-1-150x150.jpg 150w, https:\/\/korea.com.vn\/shop\/wp-content\/uploads\/2020\/12\/MS512I-1.jpg 600w, https:\/\/korea.com.vn\/shop\/wp-content\/uploads\/2020\/12\/MS512I-1-560x560.jpg 560w, https:\/\/korea.com.vn\/shop\/wp-content\/uploads\/2020\/12\/MS512I-1-367x367.jpg 367w, https:\/\/korea.com.vn\/shop\/wp-content\/uploads\/2020\/12\/MS512I-1-50x50.jpg 50w\" sizes=\"(max-width: 85px) 100vw, 85px\" \/><\/div>\t<\/a>\r\n\r\n    <div class=\"product-details\">\r\n        <a href=\"https:\/\/korea.com.vn\/shop\/san-pham\/dong-ho-nu-ms512i-mangosteen-seoul-han-quoc-day-da-xanh-bien\/\" title=\"\u0110\u1ed3ng h\u1ed3 n\u1eef MS512I MANGOSTEEN SEOUL H\u00e0n Qu\u1ed1c d\u00e2y da (Xanh bi\u1ec3n)\">\r\n            \u0110\u1ed3ng h\u1ed3 n\u1eef MS512I MANGOSTEEN SEOUL H\u00e0n Qu\u1ed1c d\u00e2y da (Xanh bi\u1ec3n)        <\/a>\r\n\r\n                    <div class=\"star-rating\" title=\"0\"><span style=\"width:0%\"><strong class=\"rating\">0<\/strong> out of 5<\/span><\/div>                <span class=\"woocommerce-Price-amount amount\"><bdi>2.949.000<span class=\"woocommerce-Price-currencySymbol\">&#8363;<\/span><\/bdi><\/span>    <\/div>\r\n\r\n    <\/li><\/ul><\/div><\/div>[\/vc_column][\/vc_row][vc_row][vc_column][\/vc_column][\/vc_row]<\/p>\n","protected":false},"excerpt":{"rendered":"<p>[vc_row][vc_column width=&#8221;2\/3&#8243;][vc_column_text]I. Giao h\u00e0ng to\u00e0n qu\u1ed1c Korea.com.vn\/shop giao h\u00e0ng h\u00f3a \u0111\u1ebfn t\u1eadn n\u01a1i kh\u00e1ch h\u00e0ng y\u00eau c\u1ea7u tr\u00ean to\u00e0n qu\u1ed1c. Th\u1eddi gian v\u1eadn chuy\u1ec3n t\u1eeb 3 ng\u00e0y \u0111\u1ebfn t\u1ed1i \u0111a 5 ng\u00e0y l\u00e0m vi\u1ec7c (\u00e1p d\u1ee5ng v\u1edbi khu v\u1ef1c: th\u00e0nh ph\u1ed1 H\u1ed3 Ch\u00ed Minh v\u00e0 H\u00e0 N\u1ed9i), c\u00e1c khu v\u1ef1c kh\u00e1c th\u1eddi gian v\u1eadn chuy\u1ec3n [&hellip;]<\/p>\n","protected":false},"author":1,"featured_media":0,"parent":0,"menu_order":0,"comment_status":"closed","ping_status":"open","template":"","meta":[],"_links":{"self":[{"href":"https:\/\/korea.com.vn\/shop\/wp-json\/wp\/v2\/pages\/2"}],"collection":[{"href":"https:\/\/korea.com.vn\/shop\/wp-json\/wp\/v2\/pages"}],"about":[{"href":"https:\/\/korea.com.vn\/shop\/wp-json\/wp\/v2\/types\/page"}],"author":[{"embeddable":true,"href":"https:\/\/korea.com.vn\/shop\/wp-json\/wp\/v2\/users\/1"}],"replies":[{"embeddable":true,"href":"https:\/\/korea.com.vn\/shop\/wp-json\/wp\/v2\/comments?post=2"}],"version-history":[{"count":9,"href":"https:\/\/korea.com.vn\/shop\/wp-json\/wp\/v2\/pages\/2\/revisions"}],"predecessor-version":[{"id":5026,"href":"https:\/\/korea.com.vn\/shop\/wp-json\/wp\/v2\/pages\/2\/revisions\/5026"}],"wp:attachment":[{"href":"https:\/\/korea.com.vn\/shop\/wp-json\/wp\/v2\/media?parent=2"}],"curies":[{"name":"wp","href":"https:\/\/api.w.org\/{rel}","templated":true}]}}