{"id":5032,"date":"2020-12-04T16:54:55","date_gmt":"2020-12-04T09:54:55","guid":{"rendered":"https:\/\/korea.com.vn\/shop\/?page_id=5032"},"modified":"2020-12-08T11:22:14","modified_gmt":"2020-12-08T04:22:14","slug":"chinh-sach-bao-mat-thong-tin","status":"publish","type":"page","link":"https:\/\/korea.com.vn\/shop\/chinh-sach-bao-mat-thong-tin\/","title":{"rendered":"Ch\u00ednh s\u00e1ch b\u1ea3o m\u1eadt th\u00f4ng tin"},"content":{"rendered":"<p>[vc_row][vc_column width=&#8221;2\/3&#8243;]<div class=\"porto-u-heading \" data-hspacer=\"no_spacer\" data-halign=\"left\" style=\"text-align:left\"><div class=\"porto-u-heading-spacer no_spacer\" style=\"\"><\/div><div class=\"porto-u-main-heading\"><h2 style=\"\">Ch\u00ednh S\u00e1ch B\u1ea3o M\u1eadt Th\u00f4ng Tin<\/h2><\/div><\/div>[vc_column_text]<strong>I. CH\u00cdNH S\u00c1CH B\u1ea2O M\u1eacT TH\u00d4NG TIN KH\u00c1CH H\u00c0NG:<\/strong><\/p>\n<ol>\n<li style=\"list-style-type: none;\">C\u00f4ng Ty C\u1ed5 Ph\u1ea7n C\u00f4ng Ngh\u1ec7 Datalytis cam k\u1ebft b\u1ea3o m\u1eadt an to\u00e0n tuy\u1ec7t \u0111\u1ed1i v\u1edbi th\u00f4ng tin c\u00e1 nh\u00e2n c\u1ee7a kh\u00e1ch h\u00e0ng theo ch\u00ednh s\u00e1ch b\u1ea3o v\u1ec7 th\u00f4ng tin c\u1ee7a doanh nghi\u1ec7p v\u00e0 c\u00e1c quy \u0111\u1ecbnh c\u1ee7a ph\u00e1p lu\u1eadt Vi\u1ec7t Nam. C\u1ee5 th\u1ec3:\n<ol>\n<li><strong> M\u1ee5c \u0111\u00edch thu th\u1eadp th\u00f4ng tin c\u00e1 nh\u00e2n<\/strong><\/li>\n<\/ol>\n<p>&#8211; Vi\u1ec7c thu th\u1eadp d\u1eef li\u1ec7u tr\u00ean website korea.com.vn bao g\u1ed3m: email, \u0111i\u1ec7n tho\u1ea1i, t\u00ean \u0111\u0103ng nh\u1eadp, m\u1eadt kh\u1ea9u \u0111\u0103ng nh\u1eadp, \u0111\u1ecba ch\u1ec9 kh\u00e1ch h\u00e0ng (th\u00e0nh vi\u00ean). \u0110\u00e2y l\u00e0 c\u00e1c th\u00f4ng tin m\u00e0 korea.com.vn c\u1ea7n th\u00e0nh vi\u00ean cung c\u1ea5p b\u1eaft bu\u1ed9c khi \u0111\u0103ng k\u00fd s\u1eed d\u1ee5ng d\u1ecbch v\u1ee5 v\u00e0 \u0111\u1ec3 korea.com.vn li\u00ean h\u1ec7 x\u00e1c nh\u1eadn khi kh\u00e1ch h\u00e0ng \u0111\u0103ng k\u00fd s\u1eed d\u1ee5ng d\u1ecbch v\u1ee5 tr\u00ean website nh\u1eb1m \u0111\u1ea3m b\u1ea3o quy\u1ec1n l\u1ee3i cho cho ng\u01b0\u1eddi ti\u00eau d\u00f9ng.<br \/>\n&#8211; C\u00e1c th\u00e0nh vi\u00ean s\u1ebd t\u1ef1 ch\u1ecbu tr\u00e1ch nhi\u1ec7m v\u1ec1 b\u1ea3o m\u1eadt v\u00e0 l\u01b0u gi\u1eef m\u1ecdi ho\u1ea1t \u0111\u1ed9ng s\u1eed d\u1ee5ng d\u1ecbch v\u1ee5 d\u01b0\u1edbi t\u00ean \u0111\u0103ng k\u00fd, m\u1eadt kh\u1ea9u v\u00e0 h\u1ed9p th\u01b0 \u0111i\u1ec7n t\u1eed c\u1ee7a m\u00ecnh. Ngo\u00e0i ra, th\u00e0nh vi\u00ean c\u00f3 tr\u00e1ch nhi\u1ec7m th\u00f4ng b\u00e1o k\u1ecbp th\u1eddi cho korea.com.vn v\u1ec1 nh\u1eefng h\u00e0nh vi s\u1eed d\u1ee5ng tr\u00e1i ph\u00e9p, l\u1ea1m d\u1ee5ng, vi ph\u1ea1m b\u1ea3o m\u1eadt, l\u01b0u gi\u1eef t\u00ean \u0111\u0103ng k\u00fd v\u00e0 m\u1eadt kh\u1ea9u c\u1ee7a b\u00ean th\u1ee9 ba \u0111\u1ec3 c\u00f3 bi\u1ec7n ph\u00e1p gi\u1ea3i quy\u1ebft ph\u00f9 h\u1ee3p.<\/p>\n<ol start=\"2\">\n<li><strong> Ph\u1ea1m vi thu th\u1eadp th\u00f4ng tin<\/strong><\/li>\n<\/ol>\n<p>Website korea.com.vn s\u1eed d\u1ee5ng th\u00f4ng tin th\u00e0nh vi\u00ean cung c\u1ea5p \u0111\u1ec3:<br \/>\n&#8211; Cung c\u1ea5p c\u00e1c d\u1ecbch v\u1ee5 \u0111\u1ebfn Th\u00e0nh vi\u00ean;<br \/>\n&#8211; G\u1eedi c\u00e1c th\u00f4ng b\u00e1o v\u1ec1 c\u00e1c ho\u1ea1t \u0111\u1ed9ng trao \u0111\u1ed5i th\u00f4ng tin gi\u1eefa th\u00e0nh vi\u00ean v\u00e0 korea.com.vn;<br \/>\n&#8211; Ng\u0103n ng\u1eeba c\u00e1c ho\u1ea1t \u0111\u1ed9ng ph\u00e1 h\u1ee7y t\u00e0i kho\u1ea3n ng\u01b0\u1eddi d\u00f9ng c\u1ee7a th\u00e0nh vi\u00ean ho\u1eb7c c\u00e1c ho\u1ea1t \u0111\u1ed9ng gi\u1ea3 m\u1ea1o Th\u00e0nh vi\u00ean;<br \/>\n&#8211; Li\u00ean l\u1ea1c v\u00e0 gi\u1ea3i quy\u1ebft v\u1edbi th\u00e0nh vi\u00ean trong nh\u1eefng tr\u01b0\u1eddng h\u1ee3p \u0111\u1eb7c bi\u1ec7t.<br \/>\n&#8211; Kh\u00f4ng s\u1eed d\u1ee5ng th\u00f4ng tin c\u00e1 nh\u00e2n c\u1ee7a th\u00e0nh vi\u00ean ngo\u00e0i m\u1ee5c \u0111\u00edch x\u00e1c nh\u1eadn v\u00e0 li\u00ean h\u1ec7 c\u00f3 li\u00ean quan \u0111\u1ebfn giao d\u1ecbch t\u1ea1i korea.com.vn.<br \/>\n&#8211; Trong tr\u01b0\u1eddng h\u1ee3p c\u00f3 y\u00eau c\u1ea7u c\u1ee7a ph\u00e1p lu\u1eadt: korea.com.vn c\u00f3 tr\u00e1ch nhi\u1ec7m h\u1ee3p t\u00e1c cung c\u1ea5p th\u00f4ng tin c\u00e1 nh\u00e2n th\u00e0nh vi\u00ean khi c\u00f3 y\u00eau c\u1ea7u t\u1eeb c\u01a1 quan t\u01b0 ph\u00e1p bao g\u1ed3m: Vi\u1ec7n ki\u1ec3m s\u00e1t, t\u00f2a \u00e1n, c\u01a1 quan c\u00f4ng an \u0111i\u1ec1u tra li\u00ean quan \u0111\u1ebfn h\u00e0nh vi vi ph\u1ea1m ph\u00e1p lu\u1eadt n\u00e0o \u0111\u00f3 c\u1ee7a kh\u00e1ch h\u00e0ng. Ngo\u00e0i ra, kh\u00f4ng ai c\u00f3 quy\u1ec1n x\u00e2m ph\u1ea1m v\u00e0o th\u00f4ng tin c\u00e1 nh\u00e2n c\u1ee7a th\u00e0nh vi\u00ean.<\/p>\n<ol start=\"3\">\n<li><strong> Th\u1eddi gian l\u01b0u tr\u1eef th\u00f4ng tin<\/strong><\/li>\n<\/ol>\n<p>D\u1eef li\u1ec7u c\u00e1 nh\u00e2n c\u1ee7a Th\u00e0nh vi\u00ean s\u1ebd \u0111\u01b0\u1ee3c l\u01b0u tr\u1eef cho \u0111\u1ebfn khi c\u00f3 y\u00eau c\u1ea7u h\u1ee7y b\u1ecf ho\u1eb7c t\u1ef1 th\u00e0nh vi\u00ean \u0111\u0103ng nh\u1eadp v\u00e0 th\u1ef1c hi\u1ec7n h\u1ee7y b\u1ecf. C\u00f2n l\u1ea1i trong m\u1ecdi tr\u01b0\u1eddng h\u1ee3p th\u00f4ng tin c\u00e1 nh\u00e2n th\u00e0nh vi\u00ean s\u1ebd \u0111\u01b0\u1ee3c b\u1ea3o m\u1eadt tr\u00ean m\u00e1y ch\u1ee7 c\u1ee7a korea.com.vn.<\/p>\n<ol start=\"4\">\n<li><strong> Nh\u1eefng ng\u01b0\u1eddi ho\u1eb7c t\u1ed5 ch\u1ee9c c\u00f3 th\u1ec3 \u0111\u01b0\u1ee3c ti\u1ebfp c\u1eadn v\u1edbi th\u00f4ng tin \u0111\u00f3<\/strong><\/li>\n<\/ol>\n<p>\u2013 C\u00e1c \u0111\u1ed1i t\u00e1c l\u00e0 b\u00ean cung c\u1ea5p d\u1ecbch v\u1ee5 cho ch\u00fang t\u00f4i li\u00ean quan \u0111\u1ebfn th\u1ef1c hi\u1ec7n \u0111\u01a1n h\u00e0ng v\u00e0 ch\u1ec9 gi\u1edbi h\u1ea1n trong ph\u1ea1m vi th\u00f4ng tin c\u1ea7n thi\u1ebft c\u0169ng nh\u01b0 \u00e1p d\u1ee5ng c\u00e1c quy \u0111\u1ecbnh \u0111\u1ea3m b\u1ea3o an ninh, b\u1ea3o m\u1eadt c\u00e1c th\u00f4ng tin c\u00e1 nh\u00e2n.<\/p>\n<p>\u2013 Ch\u00fang t\u00f4i s\u1eed d\u1ee5ng d\u1ecbch v\u1ee5 t\u1eeb m\u1ed9t nh\u00e0 cung c\u1ea5p d\u1ecbch v\u1ee5 l\u00e0 b\u00ean th\u1ee9 ba \u0111\u1ec3 th\u1ef1c hi\u1ec7n m\u1ed9t s\u1ed1 ho\u1ea1t \u0111\u1ed9ng li\u00ean quan \u0111\u1ebfn website\u00a0korea.com.vn. Khi \u0111\u00f3, b\u00ean th\u1ee9 ba c\u00f3 th\u1ec3 truy c\u1eadp ho\u1eb7c x\u1eed l\u00fd c\u00e1c th\u00f4ng tin c\u00e1 nh\u00e2n trong qu\u00e1 tr\u00ecnh cung c\u1ea5p c\u00e1c d\u1ecbch v\u1ee5 \u0111\u00f3. Ch\u00fang t\u00f4i y\u00eau c\u1ea7u c\u00e1c b\u00ean th\u1ee9 ba n\u00e0y tu\u00e2n th\u1ee7 m\u1ecdi lu\u1eadt l\u1ec7 v\u1ec1 b\u1ea3o v\u1ec7 th\u00f4ng tin c\u00e1 nh\u00e2n li\u00ean quan v\u00e0 c\u00e1c y\u00eau c\u1ea7u v\u1ec1 an ninh li\u00ean quan \u0111\u1ebfn th\u00f4ng tin c\u00e1 nh\u00e2n.<\/p>\n<p>\u2013 C\u00e1c ch\u01b0\u01a1ng tr\u00ecnh c\u00f3 t\u00ednh li\u00ean k\u1ebft, \u0111\u1ed3ng th\u1ef1c hi\u1ec7n, thu\u00ea ngo\u00e0i cho c\u00e1c m\u1ee5c \u0111\u00edch \u0111\u01b0\u1ee3c n\u00eau t\u1ea1i M\u1ee5c 1 v\u00e0 lu\u00f4n \u00e1p d\u1ee5ng c\u00e1c y\u00eau c\u1ea7u b\u1ea3o m\u1eadt th\u00f4ng tin c\u00e1 nh\u00e2n.<\/p>\n<p>\u2013 Y\u00eau c\u1ea7u ph\u00e1p l\u00fd: Ch\u00fang t\u00f4i c\u00f3 th\u1ec3 ti\u1ebft l\u1ed9 c\u00e1c th\u00f4ng tin c\u00e1 nh\u00e2n n\u1ebfu \u0111i\u1ec1u \u0111\u00f3 do lu\u1eadt ph\u00e1p y\u00eau c\u1ea7u v\u00e0 vi\u1ec7c ti\u1ebft l\u1ed9 nh\u01b0 v\u1eady l\u00e0 c\u1ea7n thi\u1ebft m\u1ed9t c\u00e1ch h\u1ee3p l\u00fd \u0111\u1ec3 tu\u00e2n th\u1ee7 c\u00e1c quy tr\u00ecnh ph\u00e1p l\u00fd.<\/p>\n<p>\u2013 Chuy\u1ec3n giao kinh doanh (n\u1ebfu c\u00f3): trong tr\u01b0\u1eddng h\u1ee3p s\u00e1p nh\u1eadp, h\u1ee3p nh\u1ea5t to\u00e0n b\u1ed9 ho\u1eb7c m\u1ed9t ph\u1ea7n v\u1edbi c\u00f4ng ty kh\u00e1c, ng\u01b0\u1eddi mua s\u1ebd c\u00f3 quy\u1ec1n truy c\u1eadp th\u00f4ng tin \u0111\u01b0\u1ee3c ch\u00fang t\u00f4i l\u01b0u tr\u1eef, duy tr\u00ec trong \u0111\u00f3 bao g\u1ed3m c\u1ea3 th\u00f4ng tin c\u00e1 nh\u00e2n.<\/p>\n<ol start=\"5\">\n<li><strong> \u0110\u1ecba ch\u1ec9 c\u1ee7a \u0111\u01a1n v\u1ecb thu th\u1eadp v\u00e0 qu\u1ea3n l\u00fd th\u00f4ng tin<\/strong><\/li>\n<\/ol>\n<p>T\u00ean doanh nghi\u1ec7p:<strong> C\u00d4NG TY C\u1ed4 PH\u1ea6N C\u00d4NG NGH\u1ec6 DATALYTIS<\/strong><\/p>\n<p>+ Tr\u1ee5 s\u1edf ch\u00ednh:\u00a0L\u1ea7u 12, t\u00f2a nh\u00e0 Viettel, 285 C\u00e1ch M\u1ea1ng Th\u00e1ng 8,qu\u1eadn 10, th\u00e0nh ph\u1ed1 H\u1ed3 Ch\u00ed Minh<\/p>\n<p>+ \u0110i\u1ec7n tho\u1ea1i: 0902882355 Email: hi@korea.com.vn<\/p>\n<ol start=\"6\">\n<li><strong> Ph\u01b0\u01a1ng th\u1ee9c v\u00e0 c\u00f4ng c\u1ee5 \u0111\u1ec3 ng\u01b0\u1eddi d\u00f9ng ti\u1ebfp c\u1eadn v\u00e0 ch\u1ec9nh s\u1eeda d\u1eef li\u1ec7u:<\/strong><\/li>\n<\/ol>\n<p>&#8211; Th\u00e0nh vi\u00ean c\u00f3 quy\u1ec1n t\u1ef1 ki\u1ec3m tra, c\u1eadp nh\u1eadt, \u0111i\u1ec1u ch\u1ec9nh ho\u1eb7c h\u1ee7y b\u1ecf th\u00f4ng tin c\u00e1 nh\u00e2n c\u1ee7a m\u00ecnh b\u1eb1ng c\u00e1ch \u0111\u0103ng nh\u1eadp v\u00e0o t\u00e0i kho\u1ea3n v\u00e0 ch\u1ec9nh s\u1eeda th\u00f4ng tin c\u00e1 nh\u00e2n ho\u1eb7c y\u00eau c\u1ea7u ban qu\u1ea3n tr\u1ecb website korea.com.vn th\u1ef1c hi\u1ec7n vi\u1ec7c n\u00e0y.<br \/>\n&#8211; Th\u00e0nh vi\u00ean c\u00f3 quy\u1ec1n g\u1eedi khi\u1ebfu n\u1ea1i v\u1ec1 vi\u1ec7c l\u1ed9 th\u00f4ng tin c\u00e1 nh\u00e2n cho b\u00ean th\u1ee9 3 \u0111\u1ebfn Ban qu\u1ea3n tr\u1ecb c\u1ee7a website korea.com.vn. Khi ti\u1ebfp nh\u1eadn nh\u1eefng ph\u1ea3n h\u1ed3i n\u00e0y, korea.com.vn s\u1ebd x\u00e1c nh\u1eadn l\u1ea1i th\u00f4ng tin, ph\u1ea3i c\u00f3 tr\u00e1ch nhi\u1ec7m tr\u1ea3 l\u1eddi l\u00fd do v\u00e0 h\u01b0\u1edbng d\u1eabn th\u00e0nh vi\u00ean kh\u00f4i ph\u1ee5c v\u00e0 b\u1ea3o m\u1eadt l\u1ea1i th\u00f4ng tin.<\/li>\n<\/ol>\n<p>[\/vc_column_text][\/vc_column][vc_column width=&#8221;1\/3&#8243;]<div class=\"vc_widget_woo_products wpb_content_element\"><div class=\"widget woocommerce widget_products\"><h2 class=\"widgettitle\">B\u00c1N CH\u1ea0Y<\/h2><ul class=\"product_list_widget\">\r\n<li>\r\n    \r\n\t<a class=\"product-image\" href=\"https:\/\/korea.com.vn\/shop\/san-pham\/set-5-gel-rua-tay-kho-genie\/\" title=\"Set Gel r\u1eeda tay 5 chai 5 m\u00f9i GENIE\">\r\n\t\t<div class=\"inner\"><img width=\"85\" height=\"85\" src=\"https:\/\/korea.com.vn\/shop\/wp-content\/uploads\/2020\/11\/SET-5-GEL-RUA-TAY-KHO-GENIE-85x85.jpg\" class=\" wp-post-image\" alt=\"\" loading=\"lazy\" srcset=\"https:\/\/korea.com.vn\/shop\/wp-content\/uploads\/2020\/11\/SET-5-GEL-RUA-TAY-KHO-GENIE-85x85.jpg 85w, https:\/\/korea.com.vn\/shop\/wp-content\/uploads\/2020\/11\/SET-5-GEL-RUA-TAY-KHO-GENIE-150x150.jpg 150w, https:\/\/korea.com.vn\/shop\/wp-content\/uploads\/2020\/11\/SET-5-GEL-RUA-TAY-KHO-GENIE-300x300.jpg 300w, https:\/\/korea.com.vn\/shop\/wp-content\/uploads\/2020\/11\/SET-5-GEL-RUA-TAY-KHO-GENIE.jpg 600w, https:\/\/korea.com.vn\/shop\/wp-content\/uploads\/2020\/11\/SET-5-GEL-RUA-TAY-KHO-GENIE-560x560.jpg 560w, https:\/\/korea.com.vn\/shop\/wp-content\/uploads\/2020\/11\/SET-5-GEL-RUA-TAY-KHO-GENIE-367x367.jpg 367w, https:\/\/korea.com.vn\/shop\/wp-content\/uploads\/2020\/11\/SET-5-GEL-RUA-TAY-KHO-GENIE-50x50.jpg 50w\" sizes=\"(max-width: 85px) 100vw, 85px\" \/><\/div>\t<\/a>\r\n\r\n    <div class=\"product-details\">\r\n        <a href=\"https:\/\/korea.com.vn\/shop\/san-pham\/set-5-gel-rua-tay-kho-genie\/\" title=\"Set Gel r\u1eeda tay 5 chai 5 m\u00f9i GENIE\">\r\n            Set Gel r\u1eeda tay 5 chai 5 m\u00f9i GENIE        <\/a>\r\n\r\n                    <div class=\"star-rating\" title=\"0\"><span style=\"width:0%\"><strong class=\"rating\">0<\/strong> out of 5<\/span><\/div>                <del><span class=\"woocommerce-Price-amount amount\"><bdi>580.000<span class=\"woocommerce-Price-currencySymbol\">&#8363;<\/span><\/bdi><\/span><\/del> <ins><span class=\"woocommerce-Price-amount amount\"><bdi>174.000<span class=\"woocommerce-Price-currencySymbol\">&#8363;<\/span><\/bdi><\/span><\/ins>    <\/div>\r\n\r\n    <\/li>\r\n<li>\r\n    \r\n\t<a class=\"product-image\" href=\"https:\/\/korea.com.vn\/shop\/san-pham\/tra-sua-giam-can-diet-milk-tea-paris-choi\/\" title=\"Tr\u00e0 s\u1eefa gi\u1ea3m c\u00e2n DIET MILK TEA PARIS CHOI\">\r\n\t\t<div class=\"inner\"><img width=\"85\" height=\"85\" src=\"https:\/\/korea.com.vn\/shop\/wp-content\/uploads\/2020\/11\/TRA-SUA-GIAM-CAN-DIET-MILK-TEA-PARIS-CHOI-85x85.jpg\" class=\" wp-post-image\" alt=\"\" loading=\"lazy\" srcset=\"https:\/\/korea.com.vn\/shop\/wp-content\/uploads\/2020\/11\/TRA-SUA-GIAM-CAN-DIET-MILK-TEA-PARIS-CHOI-85x85.jpg 85w, https:\/\/korea.com.vn\/shop\/wp-content\/uploads\/2020\/11\/TRA-SUA-GIAM-CAN-DIET-MILK-TEA-PARIS-CHOI-150x150.jpg 150w, https:\/\/korea.com.vn\/shop\/wp-content\/uploads\/2020\/11\/TRA-SUA-GIAM-CAN-DIET-MILK-TEA-PARIS-CHOI-300x300.jpg 300w, https:\/\/korea.com.vn\/shop\/wp-content\/uploads\/2020\/11\/TRA-SUA-GIAM-CAN-DIET-MILK-TEA-PARIS-CHOI.jpg 600w, https:\/\/korea.com.vn\/shop\/wp-content\/uploads\/2020\/11\/TRA-SUA-GIAM-CAN-DIET-MILK-TEA-PARIS-CHOI-560x560.jpg 560w, https:\/\/korea.com.vn\/shop\/wp-content\/uploads\/2020\/11\/TRA-SUA-GIAM-CAN-DIET-MILK-TEA-PARIS-CHOI-367x367.jpg 367w, https:\/\/korea.com.vn\/shop\/wp-content\/uploads\/2020\/11\/TRA-SUA-GIAM-CAN-DIET-MILK-TEA-PARIS-CHOI-50x50.jpg 50w\" sizes=\"(max-width: 85px) 100vw, 85px\" \/><\/div>\t<\/a>\r\n\r\n    <div class=\"product-details\">\r\n        <a href=\"https:\/\/korea.com.vn\/shop\/san-pham\/tra-sua-giam-can-diet-milk-tea-paris-choi\/\" title=\"Tr\u00e0 s\u1eefa gi\u1ea3m c\u00e2n DIET MILK TEA PARIS CHOI\">\r\n            Tr\u00e0 s\u1eefa gi\u1ea3m c\u00e2n DIET MILK TEA PARIS CHOI        <\/a>\r\n\r\n                    <div class=\"star-rating\" title=\"0\"><span style=\"width:0%\"><strong class=\"rating\">0<\/strong> out of 5<\/span><\/div>                <span class=\"woocommerce-Price-amount amount\"><bdi>690.000<span class=\"woocommerce-Price-currencySymbol\">&#8363;<\/span><\/bdi><\/span>    <\/div>\r\n\r\n    <\/li>\r\n<li>\r\n    \r\n\t<a class=\"product-image\" href=\"https:\/\/korea.com.vn\/shop\/san-pham\/dong-ho-nu-ms504b-mangosteen-seoul-han-quoc-day-da-den-mat-trang\/\" title=\"\u0110\u1ed3ng h\u1ed3 n\u1eef MS504B MANGOSTEEN SEOUL H\u00e0n Qu\u1ed1c d\u00e2y da (\u0110en m\u1eb7t tr\u1eafng)\">\r\n\t\t<div class=\"inner\"><img width=\"85\" height=\"85\" src=\"https:\/\/korea.com.vn\/shop\/wp-content\/uploads\/2020\/12\/MS504B-1-85x85.jpg\" class=\" wp-post-image\" alt=\"\" loading=\"lazy\" srcset=\"https:\/\/korea.com.vn\/shop\/wp-content\/uploads\/2020\/12\/MS504B-1-85x85.jpg 85w, https:\/\/korea.com.vn\/shop\/wp-content\/uploads\/2020\/12\/MS504B-1-300x300.jpg 300w, https:\/\/korea.com.vn\/shop\/wp-content\/uploads\/2020\/12\/MS504B-1-150x150.jpg 150w, https:\/\/korea.com.vn\/shop\/wp-content\/uploads\/2020\/12\/MS504B-1-367x367.jpg 367w, https:\/\/korea.com.vn\/shop\/wp-content\/uploads\/2020\/12\/MS504B-1-494x500.jpg 494w, https:\/\/korea.com.vn\/shop\/wp-content\/uploads\/2020\/12\/MS504B-1-50x50.jpg 50w, https:\/\/korea.com.vn\/shop\/wp-content\/uploads\/2020\/12\/MS504B-1.jpg 500w\" sizes=\"(max-width: 85px) 100vw, 85px\" \/><\/div>\t<\/a>\r\n\r\n    <div class=\"product-details\">\r\n        <a href=\"https:\/\/korea.com.vn\/shop\/san-pham\/dong-ho-nu-ms504b-mangosteen-seoul-han-quoc-day-da-den-mat-trang\/\" title=\"\u0110\u1ed3ng h\u1ed3 n\u1eef MS504B MANGOSTEEN SEOUL H\u00e0n Qu\u1ed1c d\u00e2y da (\u0110en m\u1eb7t tr\u1eafng)\">\r\n            \u0110\u1ed3ng h\u1ed3 n\u1eef MS504B MANGOSTEEN SEOUL H\u00e0n Qu\u1ed1c d\u00e2y da (\u0110en m\u1eb7t tr\u1eafng)        <\/a>\r\n\r\n                    <div class=\"star-rating\" title=\"0\"><span style=\"width:0%\"><strong class=\"rating\">0<\/strong> out of 5<\/span><\/div>                <span class=\"woocommerce-Price-amount amount\"><bdi>2.909.000<span class=\"woocommerce-Price-currencySymbol\">&#8363;<\/span><\/bdi><\/span>    <\/div>\r\n\r\n    <\/li>\r\n<li>\r\n    \r\n\t<a class=\"product-image\" href=\"https:\/\/korea.com.vn\/shop\/san-pham\/dong-ho-nu-ms502b-mangosteen-seoul-han-quoc-day-da-do\/\" title=\"\u0110\u1ed3ng h\u1ed3 n\u1eef MS502B Mangosteen Seoul H\u00e0n Qu\u1ed1c d\u00e2y da (\u0110\u1ecf)\">\r\n\t\t<div class=\"inner\"><img width=\"85\" height=\"85\" src=\"https:\/\/korea.com.vn\/shop\/wp-content\/uploads\/2020\/12\/MS502B-85x85.jpg\" class=\" wp-post-image\" alt=\"\" loading=\"lazy\" srcset=\"https:\/\/korea.com.vn\/shop\/wp-content\/uploads\/2020\/12\/MS502B-85x85.jpg 85w, https:\/\/korea.com.vn\/shop\/wp-content\/uploads\/2020\/12\/MS502B-150x150.jpg 150w, https:\/\/korea.com.vn\/shop\/wp-content\/uploads\/2020\/12\/MS502B-367x367.jpg 367w, https:\/\/korea.com.vn\/shop\/wp-content\/uploads\/2020\/12\/MS502B-50x50.jpg 50w, https:\/\/korea.com.vn\/shop\/wp-content\/uploads\/2020\/12\/MS502B-300x300.jpg 300w\" sizes=\"(max-width: 85px) 100vw, 85px\" \/><\/div>\t<\/a>\r\n\r\n    <div class=\"product-details\">\r\n        <a href=\"https:\/\/korea.com.vn\/shop\/san-pham\/dong-ho-nu-ms502b-mangosteen-seoul-han-quoc-day-da-do\/\" title=\"\u0110\u1ed3ng h\u1ed3 n\u1eef MS502B Mangosteen Seoul H\u00e0n Qu\u1ed1c d\u00e2y da (\u0110\u1ecf)\">\r\n            \u0110\u1ed3ng h\u1ed3 n\u1eef MS502B Mangosteen Seoul H\u00e0n Qu\u1ed1c d\u00e2y da (\u0110\u1ecf)        <\/a>\r\n\r\n                    <div class=\"star-rating\" title=\"0\"><span style=\"width:0%\"><strong class=\"rating\">0<\/strong> out of 5<\/span><\/div>                <span class=\"woocommerce-Price-amount amount\"><bdi>2.519.000<span class=\"woocommerce-Price-currencySymbol\">&#8363;<\/span><\/bdi><\/span>    <\/div>\r\n\r\n    <\/li>\r\n<li>\r\n    \r\n\t<a class=\"product-image\" href=\"https:\/\/korea.com.vn\/shop\/san-pham\/mat-na-3-anh-sang-sinh-hoc-led-theraphy-genie\/\" title=\"M\u1eb7t n\u1ea1 3 \u00e1nh s\u00e1ng sinh h\u1ecdc  LED THERAPHY GENIE\">\r\n\t\t<div class=\"inner\"><img width=\"85\" height=\"85\" src=\"https:\/\/korea.com.vn\/shop\/wp-content\/uploads\/2020\/11\/MAT-NA-3-ANH-SANG-SINH-HOC-LED-THERAPHY-GENIE-85x85.jpg\" class=\" wp-post-image\" alt=\"\" loading=\"lazy\" srcset=\"https:\/\/korea.com.vn\/shop\/wp-content\/uploads\/2020\/11\/MAT-NA-3-ANH-SANG-SINH-HOC-LED-THERAPHY-GENIE-85x85.jpg 85w, https:\/\/korea.com.vn\/shop\/wp-content\/uploads\/2020\/11\/MAT-NA-3-ANH-SANG-SINH-HOC-LED-THERAPHY-GENIE-150x150.jpg 150w, https:\/\/korea.com.vn\/shop\/wp-content\/uploads\/2020\/11\/MAT-NA-3-ANH-SANG-SINH-HOC-LED-THERAPHY-GENIE-300x300.jpg 300w, https:\/\/korea.com.vn\/shop\/wp-content\/uploads\/2020\/11\/MAT-NA-3-ANH-SANG-SINH-HOC-LED-THERAPHY-GENIE.jpg 600w, https:\/\/korea.com.vn\/shop\/wp-content\/uploads\/2020\/11\/MAT-NA-3-ANH-SANG-SINH-HOC-LED-THERAPHY-GENIE-560x560.jpg 560w, https:\/\/korea.com.vn\/shop\/wp-content\/uploads\/2020\/11\/MAT-NA-3-ANH-SANG-SINH-HOC-LED-THERAPHY-GENIE-367x367.jpg 367w, https:\/\/korea.com.vn\/shop\/wp-content\/uploads\/2020\/11\/MAT-NA-3-ANH-SANG-SINH-HOC-LED-THERAPHY-GENIE-50x50.jpg 50w\" sizes=\"(max-width: 85px) 100vw, 85px\" \/><\/div>\t<\/a>\r\n\r\n    <div class=\"product-details\">\r\n        <a href=\"https:\/\/korea.com.vn\/shop\/san-pham\/mat-na-3-anh-sang-sinh-hoc-led-theraphy-genie\/\" title=\"M\u1eb7t n\u1ea1 3 \u00e1nh s\u00e1ng sinh h\u1ecdc  LED THERAPHY GENIE\">\r\n            M\u1eb7t n\u1ea1 3 \u00e1nh s\u00e1ng sinh h\u1ecdc  LED THERAPHY GENIE        <\/a>\r\n\r\n                    <div class=\"star-rating\" title=\"0\"><span style=\"width:0%\"><strong class=\"rating\">0<\/strong> out of 5<\/span><\/div>                <span class=\"woocommerce-Price-amount amount\"><bdi>1.500.000<span class=\"woocommerce-Price-currencySymbol\">&#8363;<\/span><\/bdi><\/span>    <\/div>\r\n\r\n    <\/li><\/ul><\/div><\/div>[\/vc_column][\/vc_row][vc_row][vc_column][\/vc_column][\/vc_row]<\/p>\n","protected":false},"excerpt":{"rendered":"<p>[vc_row][vc_column width=&#8221;2\/3&#8243;][vc_column_text]I. CH\u00cdNH S\u00c1CH B\u1ea2O M\u1eacT TH\u00d4NG TIN KH\u00c1CH H\u00c0NG: C\u00f4ng Ty C\u1ed5 Ph\u1ea7n C\u00f4ng Ngh\u1ec7 Datalytis cam k\u1ebft b\u1ea3o m\u1eadt an to\u00e0n tuy\u1ec7t \u0111\u1ed1i v\u1edbi th\u00f4ng tin c\u00e1 nh\u00e2n c\u1ee7a kh\u00e1ch h\u00e0ng theo ch\u00ednh s\u00e1ch b\u1ea3o v\u1ec7 th\u00f4ng tin c\u1ee7a doanh nghi\u1ec7p v\u00e0 c\u00e1c quy \u0111\u1ecbnh c\u1ee7a ph\u00e1p lu\u1eadt Vi\u1ec7t Nam. C\u1ee5 th\u1ec3: M\u1ee5c [&hellip;]<\/p>\n","protected":false},"author":1,"featured_media":0,"parent":0,"menu_order":0,"comment_status":"closed","ping_status":"closed","template":"","meta":[],"_links":{"self":[{"href":"https:\/\/korea.com.vn\/shop\/wp-json\/wp\/v2\/pages\/5032"}],"collection":[{"href":"https:\/\/korea.com.vn\/shop\/wp-json\/wp\/v2\/pages"}],"about":[{"href":"https:\/\/korea.com.vn\/shop\/wp-json\/wp\/v2\/types\/page"}],"author":[{"embeddable":true,"href":"https:\/\/korea.com.vn\/shop\/wp-json\/wp\/v2\/users\/1"}],"replies":[{"embeddable":true,"href":"https:\/\/korea.com.vn\/shop\/wp-json\/wp\/v2\/comments?post=5032"}],"version-history":[{"count":5,"href":"https:\/\/korea.com.vn\/shop\/wp-json\/wp\/v2\/pages\/5032\/revisions"}],"predecessor-version":[{"id":5041,"href":"https:\/\/korea.com.vn\/shop\/wp-json\/wp\/v2\/pages\/5032\/revisions\/5041"}],"wp:attachment":[{"href":"https:\/\/korea.com.vn\/shop\/wp-json\/wp\/v2\/media?parent=5032"}],"curies":[{"name":"wp","href":"https:\/\/api.w.org\/{rel}","templated":true}]}}