{"id":5034,"date":"2020-12-04T17:00:37","date_gmt":"2020-12-04T10:00:37","guid":{"rendered":"https:\/\/korea.com.vn\/shop\/?page_id=5034"},"modified":"2020-12-04T17:03:39","modified_gmt":"2020-12-04T10:03:39","slug":"chinh-sach-doi-tra-va-hoan-tien","status":"publish","type":"page","link":"https:\/\/korea.com.vn\/shop\/chinh-sach-doi-tra-va-hoan-tien\/","title":{"rendered":"Ch\u00ednh s\u00e1ch \u0111\u1ed5i tr\u1ea3 v\u00e0 ho\u00e0n ti\u1ec1n"},"content":{"rendered":"<p>[vc_row][vc_column width=&#8221;2\/3&#8243;]<div class=\"porto-u-heading \" data-hspacer=\"no_spacer\" data-halign=\"left\" style=\"text-align:left\"><div class=\"porto-u-heading-spacer no_spacer\" style=\"\"><\/div><div class=\"porto-u-main-heading\"><h2 style=\"\">Ch\u00ednh S\u00e1ch \u0110\u1ed5i Tr\u1ea3 V\u00e0 Ho\u00e0n Ti\u1ec1n<\/h2><\/div><div class=\"porto-u-sub-heading\" style=\"\"><strong>1. Th\u1eddi gian ti\u1ebfp nh\u1eadn y\u00eau c\u1ea7u \u0111\u1ed5i\/ tr\u1ea3<\/strong><br \/>\nSau khi nh\u1eadn \u0111\u01b0\u1ee3c h\u00e0ng, Kh\u00e1ch h\u00e0ng c\u00f3 quy\u1ec1n c\u00e2n nh\u1eafc v\u00e0 y\u00eau c\u1ea7u \u0111\u1ed5i\/ tr\u1ea3 s\u1ea3n ph\u1ea9m trong v\u00f2ng 24h l\u00e0m vi\u1ec7c. <b>Korea.com.vn<\/b>\u00a0c\u00f3 quy\u1ec1n t\u1eeb ch\u1ed1i ti\u1ebfp nh\u1eadn m\u1ecdi y\u00eau c\u1ea7u \u0111\u1ed5i\/ tr\u1ea3 t\u1eeb qu\u00fd kh\u00e1ch \u0111\u01b0\u1ee3c ph\u00e1t sinh sau th\u1eddi gian tr\u00ean. Vi\u1ec7c x\u00e1c \u0111\u1ecbnh th\u1eddi h\u1ea1n \u0111\u1ed5i\/ tr\u1ea3 c\u0103n c\u1ee9 theo ghi ch\u00fa c\u1ee7a nh\u00e2n vi\u00ean tr\u00ean phi\u1ebfu giao h\u00e0ng ho\u1eb7c d\u1ea5u b\u01b0u \u0111i\u1ec7n n\u1ebfu g\u1eedi \u0111i T\u1ec9nh.<\/p>\n<p><strong>2. Th\u1eddi gian x\u1eed l\u00fd y\u00eau c\u1ea7u \u0111\u1ed5i\/ tr\u1ea3<\/strong><br \/>\nSau khi Kh\u00e1ch h\u00e0ng th\u00f4ng b\u00e1o v\u1edbi <b>Korea.com.vn\u00a0<\/b>v\u1ec1 y\u00eau c\u1ea7u \u0111\u1ed5i\/ tr\u1ea3, trong v\u00f2ng 3 \u2013 5 ng\u00e0y ti\u1ebfp theo, Kh\u00e1ch h\u00e0ng vui l\u00f2ng g\u1eedi l\u1ea1i s\u1ea3n ph\u1ea9m \u0111\u1ed5i v\u00e0 ti\u1ec1n ch\u00eanh l\u1ec7ch (n\u1ebfu c\u00f3 \u2013 khi \u0111\u1ed5i s\u1ea3n ph\u1ea9m) v\u1ec1 <b>Korea.com.vn<\/b>. Sau th\u1eddi gian n\u00e0y, n\u1ebfu ch\u00fang t\u00f4i v\u1eabn ch\u01b0a nh\u1eadn \u0111\u01b0\u1ee3c s\u1ea3n ph\u1ea9m \u0111\u1ed5i v\u00e0 ti\u1ec1n ch\u00eanh l\u1ec7ch (n\u1ebfu c\u00f3), y\u00eau c\u1ea7u \u0111\u1ed5i\/ tr\u1ea3 c\u1ee7a Kh\u00e1ch h\u00e0ng s\u1ebd b\u1ecb h\u1ee7y.<\/p>\n<p><b>Korea.com.vn\u00a0<\/b>s\u1ebd g\u1eedi l\u1ea1i cho Kh\u00e1ch h\u00e0ng s\u1ea3n ph\u1ea9m m\u1edbi ho\u1eb7c ho\u00e0n ti\u1ec1n do tr\u1ea3 s\u1ea3n ph\u1ea9m trong v\u00f2ng 2 -3 ng\u00e0y l\u00e0m vi\u1ec7c k\u1ec3 t\u1eeb khi nh\u1eadn \u0111\u01b0\u1ee3c s\u1ea3n ph\u1ea9m \u0111\u1ed5i c\u1ee7a Kh\u00e1ch h\u00e0ng.<\/p>\n<p><strong>3. \u0110i\u1ec1u ki\u1ec7n \u0111\u1ed5i\/ tr\u1ea3 s\u1ea3n ph\u1ea9m<\/strong><br \/>\n&#8211; S\u1ea3n ph\u1ea9m c\u00f2n nguy\u00ean v\u1eb9n nh\u01b0 khi ban \u0111\u1ea7u, c\u00f2n nguy\u00ean tem m\u00e1c (n\u1ebfu c\u00f3), ch\u01b0a c\u00f3 d\u1ea5u hi\u1ec7u b\u1ecb s\u1eed d\u1ee5ng.<br \/>\n&#8211; S\u1ea3n ph\u1ea9m kh\u00f4ng b\u1ecb d\u01a1 b\u1ea9n, h\u01b0 h\u1ecfng, tr\u1ea7y x\u01b0\u1edbc, c\u00f3 m\u00f9i ho\u1eb7c \u0111\u00e3 qua s\u1eed d\u1ee5ng.<br \/>\n&#8211; S\u1ea3n ph\u1ea9m th\u1eddi trang ch\u01b0a b\u1ecb s\u1eed d\u1ee5ng, ch\u01b0a qua gi\u1eb7t, t\u1ea9y, kh\u00f4ng c\u00f3 m\u00f9i l\u1ea1.<br \/>\n&#8211; Ph\u1ea3i c\u00f3 phi\u1ebfu giao h\u00e0ng c\u00f2n \u0111\u1ea7y \u0111\u1ee7 c\u00e1c ph\u1ee5 ki\u1ec7n, t\u1eb7ng ph\u1ea9m, phi\u1ebfu b\u1ea3o h\u00e0nh (n\u1ebfu c\u00f3).<br \/>\n&#8211; S\u1ea3n ph\u1ea9m kh\u00f4ng thu\u1ed9c danh m\u1ee5c nh\u1eefng m\u1eb7t h\u00e0ng kh\u00f4ng \u00e1p d\u1ee5ng \u0111\u1ed5i\/ tr\u1ea3.<\/p>\n<p><strong>4. H\u00ecnh th\u1ee9c ho\u00e0n ti\u1ec1n<\/strong><br \/>\nHo\u00e0n ti\u1ec1n qua t\u00e0i kho\u1ea3n ng\u00e2n h\u00e0ng. Th\u1eddi gian ho\u00e0n t\u1ea5t th\u1ee7 t\u1ee5c ho\u00e0n ti\u1ec1n: t\u1eeb 5 \u2013 7 ng\u00e0y l\u00e0m vi\u1ec7c. Tuy nhi\u00ean, th\u1ee7 t\u1ee5c b\u00ean ph\u00eda Ng\u00e2n h\u00e0ng c\u00f3 th\u1ec3 m\u1ea5t t\u1eeb 1 \u0111\u1ebfn 2 ng\u00e0y \u0111\u1ec3 hi\u1ec3n th\u1ecb s\u1ed1 ti\u1ec1n b\u1ed3i ho\u00e0n trong t\u00e0i kho\u1ea3n c\u1ee7a Kh\u00e1ch h\u00e0ng.<br \/>\nRi\u00eang \u0111\u1ed1i v\u1edbi c\u00e1c lo\u1ea1i th\u1ebb thanh to\u00e1n qu\u1ed1c t\u1ebf (Visa, Mastercard,\u2026), t\u00e0i kho\u1ea3n th\u1ebb c\u1ee7a Kh\u00e1ch h\u00e0ng s\u1ebd hi\u1ec3n th\u1ecb s\u1ed1 ti\u1ec1n b\u1ed3i ho\u00e0n \u1edf l\u1ea7n sao k\u00ea ti\u1ebfp theo (th\u1eddi gian d\u1ef1 ki\u1ebfn l\u00e0 30 ng\u00e0y t\u00f9y theo ng\u00e2n h\u00e0ng).<\/p>\n<p>L\u01b0u \u00fd: H\u00ecnh th\u1ee9c ho\u00e0n ti\u1ec1n qua ng\u00e2n h\u00e0ng ch\u1ec9 \u00e1p d\u1ee5ng trong tr\u01b0\u1eddng h\u1ee3p s\u1ed1 ti\u1ec1n ho\u00e0n l\u1ea1i c\u00f3 gi\u00e1 tr\u1ecb tr\u00ean 200.000\u0110.<\/p>\n<p><strong>5. Tr\u01b0\u1eddng h\u1ee3p \u0111\u1ed5i\/tr\u1ea3 h\u00e0ng theo y\u00eau c\u1ea7u c\u1ee7a Kh\u00e1ch h\u00e0ng (kh\u00f4ng ph\u1ea3i l\u1ed7i t\u1eeb <b>Korea.com.vn<\/b>)<\/strong><br \/>\nKh\u00e1ch h\u00e0ng ch\u1ec9 \u0111\u01b0\u1ee3c \u0111\u1ed5i 1 l\u1ea7n cho s\u1ea3n ph\u1ea9m \u0111\u00e3 mua v\u00e0 ch\u1ec9 khi <b>Korea.com.vn\u00a0<\/b>c\u00f2n s\u1ea3n ph\u1ea9m thay th\u1ebf. S\u1ea3n ph\u1ea9m thay th\u1ebf ph\u1ea3i c\u00f3 gi\u00e1 tr\u1ecb ngang ho\u1eb7c cao h\u01a1n s\u1ea3n ph\u1ea9m \u0111\u00e3 mua tr\u01b0\u1edbc \u0111\u00f3.\u00a0V\u1edbi c\u00e1c y\u00eau c\u1ea7u \u0111\u1ed5i size ho\u1eb7c m\u00e0u s\u1eafc s\u1ea3n ph\u1ea9m, <b>Korea.com.vn\u00a0<\/b>s\u1ebd h\u1ed7 tr\u1ee3 \u0111\u1ed5i sang s\u1ea3n ph\u1ea9m c\u00f9ng ki\u1ec3u d\u00e1ng ho\u1eb7c c\u00f9ng nh\u00e3n h\u00e0ng.<\/p>\n<p><strong>6. Tr\u01b0\u1eddng h\u1ee3p \u0111\u1ed5i\/tr\u1ea3 h\u00e0ng do l\u1ed7i t\u1eeb <b>Korea.com.vn\u00a0<\/b><\/strong><br \/>\nNh\u00e2n vi\u00ean <b>Korea.com.vn\u00a0<\/b>s\u1ebd nh\u1eadn l\u1ea1i s\u1ea3n ph\u1ea9m mu\u1ed1n \u0111\u1ed5i t\u1ea1i \u0111\u1ecba ch\u1ec9 c\u1ee7a Kh\u00e1ch h\u00e0ng theo th\u1eddi gian \u0111\u00e3 h\u1eb9n. T\u1ea1i c\u00e1c t\u1ec9nh th\u00e0nh kh\u00e1c, Kh\u00e1ch h\u00e0ng g\u1eedi s\u1ea3n ph\u1ea9m v\u1ec1 \u0111\u1ecba ch\u1ec9 c\u1ee7a <b>Korea.com.vn\u00a0<\/b>t\u1ea1i Th\u00e0nh ph\u1ed1 HCM<\/div><\/div>[\/vc_column][vc_column width=&#8221;1\/3&#8243;]<div class=\"vc_widget_woo_products wpb_content_element\"><div class=\"widget woocommerce widget_products\"><h2 class=\"widgettitle\">B\u00c1N CH\u1ea0Y<\/h2><ul class=\"product_list_widget\">\r\n<li>\r\n    \r\n\t<a class=\"product-image\" href=\"https:\/\/korea.com.vn\/shop\/san-pham\/serum-nhuy-hoa-nghe-tay-saffron\/\" title=\"Serum ch\u1ed1ng l\u00e3o h\u00f3a Saffaron GLOW BOOSTER WHITENING AGE DELAY\">\r\n\t\t<div class=\"inner\"><img width=\"85\" height=\"85\" src=\"https:\/\/korea.com.vn\/shop\/wp-content\/uploads\/2020\/11\/SERUM-NHUY-HOA-NGHE-TAY-SAFFRON-85x85.jpg\" class=\" wp-post-image\" alt=\"\" loading=\"lazy\" srcset=\"https:\/\/korea.com.vn\/shop\/wp-content\/uploads\/2020\/11\/SERUM-NHUY-HOA-NGHE-TAY-SAFFRON-85x85.jpg 85w, https:\/\/korea.com.vn\/shop\/wp-content\/uploads\/2020\/11\/SERUM-NHUY-HOA-NGHE-TAY-SAFFRON-150x150.jpg 150w, https:\/\/korea.com.vn\/shop\/wp-content\/uploads\/2020\/11\/SERUM-NHUY-HOA-NGHE-TAY-SAFFRON-300x300.jpg 300w, https:\/\/korea.com.vn\/shop\/wp-content\/uploads\/2020\/11\/SERUM-NHUY-HOA-NGHE-TAY-SAFFRON.jpg 600w, https:\/\/korea.com.vn\/shop\/wp-content\/uploads\/2020\/11\/SERUM-NHUY-HOA-NGHE-TAY-SAFFRON-560x560.jpg 560w, https:\/\/korea.com.vn\/shop\/wp-content\/uploads\/2020\/11\/SERUM-NHUY-HOA-NGHE-TAY-SAFFRON-367x367.jpg 367w, https:\/\/korea.com.vn\/shop\/wp-content\/uploads\/2020\/11\/SERUM-NHUY-HOA-NGHE-TAY-SAFFRON-50x50.jpg 50w\" sizes=\"(max-width: 85px) 100vw, 85px\" \/><\/div>\t<\/a>\r\n\r\n    <div class=\"product-details\">\r\n        <a href=\"https:\/\/korea.com.vn\/shop\/san-pham\/serum-nhuy-hoa-nghe-tay-saffron\/\" title=\"Serum ch\u1ed1ng l\u00e3o h\u00f3a Saffaron GLOW BOOSTER WHITENING AGE DELAY\">\r\n            Serum ch\u1ed1ng l\u00e3o h\u00f3a Saffaron GLOW BOOSTER WHITENING AGE DELAY        <\/a>\r\n\r\n                    <div class=\"star-rating\" title=\"0\"><span style=\"width:0%\"><strong class=\"rating\">0<\/strong> out of 5<\/span><\/div>                <span class=\"woocommerce-Price-amount amount\"><bdi>1.200.000<span class=\"woocommerce-Price-currencySymbol\">&#8363;<\/span><\/bdi><\/span>    <\/div>\r\n\r\n    <\/li>\r\n<li>\r\n    \r\n\t<a class=\"product-image\" href=\"https:\/\/korea.com.vn\/shop\/san-pham\/dong-ho-nu-ms512e-mangosteen-seoul-han-quoc-day-da-xanh-den\/\" title=\"\u0110\u1ed3ng h\u1ed3 n\u1eef MS512E MANGOSTEEN SEOUL H\u00e0n Qu\u1ed1c d\u00e2y da (Xanh \u0111en)\">\r\n\t\t<div class=\"inner\"><img width=\"85\" height=\"85\" src=\"https:\/\/korea.com.vn\/shop\/wp-content\/uploads\/2020\/12\/MS512E-1-85x85.jpg\" class=\" wp-post-image\" alt=\"\" loading=\"lazy\" srcset=\"https:\/\/korea.com.vn\/shop\/wp-content\/uploads\/2020\/12\/MS512E-1-85x85.jpg 85w, https:\/\/korea.com.vn\/shop\/wp-content\/uploads\/2020\/12\/MS512E-1-150x150.jpg 150w, https:\/\/korea.com.vn\/shop\/wp-content\/uploads\/2020\/12\/MS512E-1-367x367.jpg 367w, https:\/\/korea.com.vn\/shop\/wp-content\/uploads\/2020\/12\/MS512E-1-50x50.jpg 50w, https:\/\/korea.com.vn\/shop\/wp-content\/uploads\/2020\/12\/MS512E-1-300x300.jpg 300w\" sizes=\"(max-width: 85px) 100vw, 85px\" \/><\/div>\t<\/a>\r\n\r\n    <div class=\"product-details\">\r\n        <a href=\"https:\/\/korea.com.vn\/shop\/san-pham\/dong-ho-nu-ms512e-mangosteen-seoul-han-quoc-day-da-xanh-den\/\" title=\"\u0110\u1ed3ng h\u1ed3 n\u1eef MS512E MANGOSTEEN SEOUL H\u00e0n Qu\u1ed1c d\u00e2y da (Xanh \u0111en)\">\r\n            \u0110\u1ed3ng h\u1ed3 n\u1eef MS512E MANGOSTEEN SEOUL H\u00e0n Qu\u1ed1c d\u00e2y da (Xanh \u0111en)        <\/a>\r\n\r\n                    <div class=\"star-rating\" title=\"0\"><span style=\"width:0%\"><strong class=\"rating\">0<\/strong> out of 5<\/span><\/div>                <span class=\"woocommerce-Price-amount amount\"><bdi>2.949.000<span class=\"woocommerce-Price-currencySymbol\">&#8363;<\/span><\/bdi><\/span>    <\/div>\r\n\r\n    <\/li>\r\n<li>\r\n    \r\n\t<a class=\"product-image\" href=\"https:\/\/korea.com.vn\/shop\/san-pham\/dong-ho-nu-ms503b-mangosteen-seoul-han-quoc-day-thep-khong-gi-vang\/\" title=\"\u0110\u1ed3ng h\u1ed3 n\u1eef MS503B Mangosteen Seoul H\u00e0n Qu\u1ed1c d\u00e2y th\u00e9p kh\u00f4ng g\u1ec9 (V\u00e0ng)\">\r\n\t\t<div class=\"inner\"><img width=\"85\" height=\"85\" src=\"https:\/\/korea.com.vn\/shop\/wp-content\/uploads\/2020\/12\/MS503B-85x85.jpg\" class=\" wp-post-image\" alt=\"\" loading=\"lazy\" srcset=\"https:\/\/korea.com.vn\/shop\/wp-content\/uploads\/2020\/12\/MS503B-85x85.jpg 85w, https:\/\/korea.com.vn\/shop\/wp-content\/uploads\/2020\/12\/MS503B-150x150.jpg 150w, https:\/\/korea.com.vn\/shop\/wp-content\/uploads\/2020\/12\/MS503B-367x367.jpg 367w, https:\/\/korea.com.vn\/shop\/wp-content\/uploads\/2020\/12\/MS503B-50x50.jpg 50w, https:\/\/korea.com.vn\/shop\/wp-content\/uploads\/2020\/12\/MS503B-300x300.jpg 300w\" sizes=\"(max-width: 85px) 100vw, 85px\" \/><\/div>\t<\/a>\r\n\r\n    <div class=\"product-details\">\r\n        <a href=\"https:\/\/korea.com.vn\/shop\/san-pham\/dong-ho-nu-ms503b-mangosteen-seoul-han-quoc-day-thep-khong-gi-vang\/\" title=\"\u0110\u1ed3ng h\u1ed3 n\u1eef MS503B Mangosteen Seoul H\u00e0n Qu\u1ed1c d\u00e2y th\u00e9p kh\u00f4ng g\u1ec9 (V\u00e0ng)\">\r\n            \u0110\u1ed3ng h\u1ed3 n\u1eef MS503B Mangosteen Seoul H\u00e0n Qu\u1ed1c d\u00e2y th\u00e9p kh\u00f4ng g\u1ec9 (V\u00e0ng)        <\/a>\r\n\r\n                    <div class=\"star-rating\" title=\"0\"><span style=\"width:0%\"><strong class=\"rating\">0<\/strong> out of 5<\/span><\/div>                <span class=\"woocommerce-Price-amount amount\"><bdi>2.859.000<span class=\"woocommerce-Price-currencySymbol\">&#8363;<\/span><\/bdi><\/span>    <\/div>\r\n\r\n    <\/li>\r\n<li>\r\n    \r\n\t<a class=\"product-image\" href=\"https:\/\/korea.com.vn\/shop\/san-pham\/set-5-gel-rua-tay-kho-genie\/\" title=\"Set Gel r\u1eeda tay 5 chai 5 m\u00f9i GENIE\">\r\n\t\t<div class=\"inner\"><img width=\"85\" height=\"85\" src=\"https:\/\/korea.com.vn\/shop\/wp-content\/uploads\/2020\/11\/SET-5-GEL-RUA-TAY-KHO-GENIE-85x85.jpg\" class=\" wp-post-image\" alt=\"\" loading=\"lazy\" srcset=\"https:\/\/korea.com.vn\/shop\/wp-content\/uploads\/2020\/11\/SET-5-GEL-RUA-TAY-KHO-GENIE-85x85.jpg 85w, https:\/\/korea.com.vn\/shop\/wp-content\/uploads\/2020\/11\/SET-5-GEL-RUA-TAY-KHO-GENIE-150x150.jpg 150w, https:\/\/korea.com.vn\/shop\/wp-content\/uploads\/2020\/11\/SET-5-GEL-RUA-TAY-KHO-GENIE-300x300.jpg 300w, https:\/\/korea.com.vn\/shop\/wp-content\/uploads\/2020\/11\/SET-5-GEL-RUA-TAY-KHO-GENIE.jpg 600w, https:\/\/korea.com.vn\/shop\/wp-content\/uploads\/2020\/11\/SET-5-GEL-RUA-TAY-KHO-GENIE-560x560.jpg 560w, https:\/\/korea.com.vn\/shop\/wp-content\/uploads\/2020\/11\/SET-5-GEL-RUA-TAY-KHO-GENIE-367x367.jpg 367w, https:\/\/korea.com.vn\/shop\/wp-content\/uploads\/2020\/11\/SET-5-GEL-RUA-TAY-KHO-GENIE-50x50.jpg 50w\" sizes=\"(max-width: 85px) 100vw, 85px\" \/><\/div>\t<\/a>\r\n\r\n    <div class=\"product-details\">\r\n        <a href=\"https:\/\/korea.com.vn\/shop\/san-pham\/set-5-gel-rua-tay-kho-genie\/\" title=\"Set Gel r\u1eeda tay 5 chai 5 m\u00f9i GENIE\">\r\n            Set Gel r\u1eeda tay 5 chai 5 m\u00f9i GENIE        <\/a>\r\n\r\n                    <div class=\"star-rating\" title=\"0\"><span style=\"width:0%\"><strong class=\"rating\">0<\/strong> out of 5<\/span><\/div>                <del><span class=\"woocommerce-Price-amount amount\"><bdi>580.000<span class=\"woocommerce-Price-currencySymbol\">&#8363;<\/span><\/bdi><\/span><\/del> <ins><span class=\"woocommerce-Price-amount amount\"><bdi>174.000<span class=\"woocommerce-Price-currencySymbol\">&#8363;<\/span><\/bdi><\/span><\/ins>    <\/div>\r\n\r\n    <\/li>\r\n<li>\r\n    \r\n\t<a class=\"product-image\" href=\"https:\/\/korea.com.vn\/shop\/san-pham\/dong-ho-nu-ms512a-mangosteen-seoul-han-quoc-day-da-xanh-lam\/\" title=\"\u0110\u1ed3ng h\u1ed3 n\u1eef MS512A MANGOSTEEN SEOUL H\u00e0n Qu\u1ed1c d\u00e2y da (Xanh lam)\">\r\n\t\t<div class=\"inner\"><img width=\"85\" height=\"85\" src=\"https:\/\/korea.com.vn\/shop\/wp-content\/uploads\/2020\/12\/MS512A-1-85x85.jpg\" class=\" wp-post-image\" alt=\"\" loading=\"lazy\" srcset=\"https:\/\/korea.com.vn\/shop\/wp-content\/uploads\/2020\/12\/MS512A-1-85x85.jpg 85w, https:\/\/korea.com.vn\/shop\/wp-content\/uploads\/2020\/12\/MS512A-1-150x150.jpg 150w, https:\/\/korea.com.vn\/shop\/wp-content\/uploads\/2020\/12\/MS512A-1-50x50.jpg 50w, https:\/\/korea.com.vn\/shop\/wp-content\/uploads\/2020\/12\/MS512A-1-300x300.jpg 300w\" sizes=\"(max-width: 85px) 100vw, 85px\" \/><\/div>\t<\/a>\r\n\r\n    <div class=\"product-details\">\r\n        <a href=\"https:\/\/korea.com.vn\/shop\/san-pham\/dong-ho-nu-ms512a-mangosteen-seoul-han-quoc-day-da-xanh-lam\/\" title=\"\u0110\u1ed3ng h\u1ed3 n\u1eef MS512A MANGOSTEEN SEOUL H\u00e0n Qu\u1ed1c d\u00e2y da (Xanh lam)\">\r\n            \u0110\u1ed3ng h\u1ed3 n\u1eef MS512A MANGOSTEEN SEOUL H\u00e0n Qu\u1ed1c d\u00e2y da (Xanh lam)        <\/a>\r\n\r\n                    <div class=\"star-rating\" title=\"0\"><span style=\"width:0%\"><strong class=\"rating\">0<\/strong> out of 5<\/span><\/div>                <span class=\"woocommerce-Price-amount amount\"><bdi>3.259.000<span class=\"woocommerce-Price-currencySymbol\">&#8363;<\/span><\/bdi><\/span>    <\/div>\r\n\r\n    <\/li><\/ul><\/div><\/div>[\/vc_column][\/vc_row][vc_row][vc_column][\/vc_column][\/vc_row]<\/p>\n","protected":false},"excerpt":{"rendered":"<p>[vc_row][vc_column width=&#8221;2\/3&#8243;][\/vc_column][vc_column width=&#8221;1\/3&#8243;][\/vc_column][\/vc_row][vc_row][vc_column][\/vc_column][\/vc_row]<\/p>\n","protected":false},"author":1,"featured_media":0,"parent":0,"menu_order":0,"comment_status":"closed","ping_status":"closed","template":"","meta":[],"_links":{"self":[{"href":"https:\/\/korea.com.vn\/shop\/wp-json\/wp\/v2\/pages\/5034"}],"collection":[{"href":"https:\/\/korea.com.vn\/shop\/wp-json\/wp\/v2\/pages"}],"about":[{"href":"https:\/\/korea.com.vn\/shop\/wp-json\/wp\/v2\/types\/page"}],"author":[{"embeddable":true,"href":"https:\/\/korea.com.vn\/shop\/wp-json\/wp\/v2\/users\/1"}],"replies":[{"embeddable":true,"href":"https:\/\/korea.com.vn\/shop\/wp-json\/wp\/v2\/comments?post=5034"}],"version-history":[{"count":3,"href":"https:\/\/korea.com.vn\/shop\/wp-json\/wp\/v2\/pages\/5034\/revisions"}],"predecessor-version":[{"id":5037,"href":"https:\/\/korea.com.vn\/shop\/wp-json\/wp\/v2\/pages\/5034\/revisions\/5037"}],"wp:attachment":[{"href":"https:\/\/korea.com.vn\/shop\/wp-json\/wp\/v2\/media?parent=5034"}],"curies":[{"name":"wp","href":"https:\/\/api.w.org\/{rel}","templated":true}]}}