{"id":55,"date":"2016-06-13T15:48:45","date_gmt":"2016-06-13T15:48:45","guid":{"rendered":"http:\/\/sw-themes.com\/porto_dummy\/?page_id=55"},"modified":"2018-06-23T11:36:38","modified_gmt":"2018-06-23T04:36:38","slug":"gioi-thieu","status":"publish","type":"page","link":"https:\/\/korea.com.vn\/shop\/gioi-thieu\/","title":{"rendered":"Gi\u1edbi Thi\u1ec7u"},"content":{"rendered":"<p>[vc_row wrap_container=&#8221;yes&#8221; css=&#8221;.vc_custom_1519804692056{padding-top: 30px !important;padding-bottom: 30px !important;}&#8221;][vc_column width=&#8221;2\/3&#8243;]<div class=\"porto-u-heading \" data-hspacer=\"no_spacer\" data-halign=\"left\" style=\"text-align:left\"><div class=\"porto-u-heading-spacer no_spacer\" style=\"\"><\/div><div class=\"porto-u-main-heading\"><h2 style=\"font-weight: 700;color:#21293c;font-size: 19px;\">GI\u1edaI THI\u1ec6U C\u1ed4NG TH\u00d4NG TIN &amp; TH\u01af\u01a0NG M\u1ea0I VI\u1ec6T NAM - H\u00c0N QU\u1ed0C<\/h2><\/div><\/div>[vc_column_text]V\u1edbi <a href=\"https:\/\/www.reuters.com\/article\/us-vietnam-southkorea-moon\/vietnam-south-korea-agree-to-do-100-billion-in-bilateral-trade-by-2020-idUSKBN1GZ0GX\" target=\"_blank\" rel=\"noopener\">cam k\u1ebft t\u1ed5ng giao th\u01b0\u01a1ng gi\u1eefa Vi\u1ec7t Nam &#8211; H\u00e0n Qu\u1ed1c \u0111\u1ebfn n\u0103m 2020 s\u1ebd \u0111\u1ea1t 100 t\u1ec9\u00a0 USD<\/a> v\u00e0 ch\u1ec9 trong t\u1eeb 1\/3\/2018 &#8211; 20\/3\/2018 H\u00e0n Qu\u1ed1c l\u00e0 qu\u1ed1c gia c\u00f3 l\u01b0\u1ee3ng d\u1ef1 \u00e1n v\u00e0 \u0111\u1ea7u t\u01b0 l\u1edbn nh\u1ea5t v\u00e0o VN.<\/p>\n<p>C\u1ed5ng th\u00f4ng tin &amp; Giao Th\u01b0\u01a1ng Vi\u1ec7t Nam &#8211; H\u00e0n Qu\u1ed1c Korea.com.vn ra \u0111\u1eddi v\u1edbi m\u1ee5c ti\u00eau cung c\u1ea5p th\u00f4ng tin v\u00e0 c\u01a1 h\u1ed9i giao th\u01b0\u01a1ng cho ng\u01b0\u1eddi d\u00e2n hai n\u01b0\u1edbc.<\/p>\n<p>B\u1ea1n s\u1ebd t\u00ecm \u0111\u01b0\u1ee3c r\u1ea5t nhi\u1ec1u th\u00f4ng tin b\u1ed5 \u00edch v\u00e0 s\u1ea3n ph\u1ea9m ch\u1ea5t l\u01b0\u1ee3ng t\u1eeb H\u00e0n Qu\u1ed1c, \u0111\u01b0\u1ee3c \u0111\u1ea3m b\u1ea3o ng\u01b0\u1eddi c\u00e1c c\u01a1 quan c\u00f3 th\u1ea9m quy\u1ec1n<\/p>\n<p>Th\u00f4ng tin li\u00ean h\u1ec7:<br \/>\nC\u00f4ng Ty TNHH Truy\u1ec1n Th\u00f4ng FOS<br \/>\n\u0110\u1ecba ch\u1ec9: L\u1ea7u 12, T\u00f2a nh\u00e0 Viettel, 285 CMT8. Qu\u1eadn 10, TPHCM<br \/>\nHotline: 0902882355<br \/>\nEmail: hi@korea.com.vn[\/vc_column_text][\/vc_column][vc_column width=&#8221;1\/3&#8243;][vc_single_image image=&#8221;1662&#8243; img_size=&#8221;medium&#8221; onclick=&#8221;img_link_large&#8221; lightbox=&#8221;yes&#8221;][\/vc_column][\/vc_row][vc_row wrap_container=&#8221;yes&#8221; css=&#8221;.vc_custom_1519805538811{padding-top: 50px !important;padding-bottom: 40px !important;background-color: #f4f4f4 !important;}&#8221;][vc_column]<div class=\"porto-u-heading \" data-hspacer=\"no_spacer\" data-halign=\"left\" style=\"text-align:left\"><div class=\"porto-u-heading-spacer no_spacer\" style=\"\"><\/div><div class=\"porto-u-main-heading\"><h2 style=\"font-weight: 700;color:#21293c;font-size: 19px;\">CH\u00daNG T\u00d4I CUNG C\u1ea4P CHO B\u1ea0N<\/h2><\/div><\/div>[vc_row_inner][vc_column_inner width=&#8221;1\/3&#8243;]<div class=\"porto-sicon-wrapper style_1\"><div class=\"porto-sicon-box top-icon\" style=\"\"  ><div class=\"porto-sicon-top\"><div id=\"porto-icon-201369519869db5af3dfc00\" class=\"porto-just-icon-wrapper  \"><div class=\"align-icon\" style=\"text-align:center;\">\n<div class=\"porto-icon none \"  style=\"color:#e81f61;font-size:55px;display:inline-block;\">\n\t<i class=\"porto-icon-grid\"><\/i>\n<\/div><\/div><\/div><\/div><div class=\"porto-sicon-header\" ><h3 class=\"porto-sicon-title\" style=\"font-weight:600;font-size:18px;line-height:20px;color:#21293c;\">Th\u00f4ng tin<\/h3><\/div> <!-- header --><div class=\"porto-sicon-description\" style=\"font-size:15px;line-height:27px;\">K\u00eanh th\u00f4ng tin v\u0103n h\u00f3a &amp; s\u1ef1 ki\u1ec7n H\u00e0n Qu\u1ed1c t\u1ea1i Vi\u1ec7t Nam<\/div> <!-- description --><\/div> <!-- porto-sicon-box --><\/div>[\/vc_column_inner][vc_column_inner width=&#8221;1\/3&#8243;]<div class=\"porto-sicon-wrapper style_1\"><div class=\"porto-sicon-box top-icon\" style=\"\"  ><div class=\"porto-sicon-top\"><div id=\"porto-icon-203397660069db5af3dfd23\" class=\"porto-just-icon-wrapper  \"><div class=\"align-icon\" style=\"text-align:center;\">\n<div class=\"porto-icon none \"  style=\"color:#e81f61;font-size:55px;display:inline-block;\">\n\t<i class=\"porto-icon-shipped\"><\/i>\n<\/div><\/div><\/div><\/div><div class=\"porto-sicon-header\" ><h3 class=\"porto-sicon-title\" style=\"font-weight:600;font-size:18px;line-height:20px;color:#21293c;\">S\u1ea3n ph\u1ea9m<\/h3><\/div> <!-- header --><div class=\"porto-sicon-description\" style=\"font-size:15px;line-height:27px;\">K\u00eanh cung c\u1ea5p, l\u1ef1a ch\u1ecdn ngu\u1ed3n s\u1ea3n ph\u1ea9m ch\u1ea5t l\u01b0\u1ee3ng \u0111\u1ea3m b\u1ea3o xu\u1ea5t x\u1ee9 t\u1eeb H\u00e0n Qu\u1ed1c<\/div> <!-- description --><\/div> <!-- porto-sicon-box --><\/div>[\/vc_column_inner][vc_column_inner width=&#8221;1\/3&#8243;]<div class=\"porto-sicon-wrapper style_1\"><div class=\"porto-sicon-box top-icon\" style=\"\"  ><div class=\"porto-sicon-top\"><div id=\"porto-icon-102872468769db5af3dfe25\" class=\"porto-just-icon-wrapper  \"><div class=\"align-icon\" style=\"text-align:center;\">\n<div class=\"porto-icon none \"  style=\"color:#e81f61;font-size:55px;display:inline-block;\">\n\t<i class=\"porto-icon-users\"><\/i>\n<\/div><\/div><\/div><\/div><div class=\"porto-sicon-header\" ><h3 class=\"porto-sicon-title\" style=\"font-weight:600;font-size:18px;line-height:20px;color:#21293c;\">Giao th\u01b0\u01a1ng<\/h3><\/div> <!-- header --><div class=\"porto-sicon-description\" style=\"font-size:15px;line-height:27px;\">C\u01a1 h\u1ed9i giao th\u01b0\u01a1ng t\u00ecm ki\u1ebfm \u0111\u1ea1i l\u00fd nh\u00e0 ph\u00e2n ph\u1ed1i s\u1ea3n ph\u1ea9m H\u00e0n Qu\u1ed1c t\u1ea1i Vi\u1ec7t Nam<\/div> <!-- description --><\/div> <!-- porto-sicon-box --><\/div>[\/vc_column_inner][\/vc_row_inner][\/vc_column][\/vc_row][vc_row wrap_container=&#8221;yes&#8221; css=&#8221;.vc_custom_1519806887930{padding-top: 50px !important;padding-bottom: 10px !important;}&#8221;][vc_column][vc_row_inner][vc_column_inner width=&#8221;1\/2&#8243;]<div class=\"porto-testimonial wpb_content_element \"><div class=\"testimonial\"><div class=\"testimonial-author clearfix\"><div class=\"testimonial-author-thumbnail img-thumbnail\"><img src=\"https:\/\/korea.com.vn\/shop\/wp-content\/uploads\/2018\/03\/shop2_about_us_person1.jpg\" alt=\"Ho\u00e0ng L\u00e2m\"><\/div><p><a href=\"#\"><strong style=\"color:#2b2b2d\">Ho\u00e0ng L\u00e2m<\/strong><\/a><span style=\"color:#62615e\">Th\u00e0nh vi\u00ean<\/span><\/p><\/div><div class=\"testimonial-arrow-down\"><\/div><blockquote><p style=\"color:#62615e\">V\u00f4 t\u00ecnh m\u00ecnh search Google v\u00e0 t\u1edbi \u0111\u01b0\u1ee3c Korea.com.vn. Ngo\u00e0i c\u00e1c th\u00f4ng tin v\u00f4 c\u00f9ng h\u1eefu \u00edch v\u1ec1 v\u0103n h\u00f3a x\u00e3 h\u1ed9i H\u00e0n Qu\u1ed1c, t\u00f4i c\u0169ng mua v\u00e0i s\u1ea3n ph\u1ea9m t\u1eeb \u0111\u00e2y. Kh\u00e1 t\u1ed1t<\/p><\/blockquote><\/div><\/div>[\/vc_column_inner][vc_column_inner width=&#8221;1\/2&#8243;]<div class=\"porto-testimonial wpb_content_element \"><div class=\"testimonial\"><div class=\"testimonial-author clearfix\"><div class=\"testimonial-author-thumbnail img-thumbnail\"><img src=\"https:\/\/korea.com.vn\/shop\/wp-content\/uploads\/2018\/03\/shop2_about_us_person2.jpg\" alt=\"Nguy\u1ec5n V\u0103n L\u00e2m\"><\/div><p><a href=\"#\"><strong style=\"color:#2b2b2d\">Nguy\u1ec5n V\u0103n L\u00e2m<\/strong><\/a><span style=\"color:#62615e\">Hara Store<\/span><\/p><\/div><div class=\"testimonial-arrow-down\"><\/div><blockquote><p style=\"color:#62615e\">Hi\u1ec7n \u0111ang ph\u00e2n ph\u1ed1i m\u1ed9t s\u1ed1 m\u1eb7t h\u00e0ng H\u00e0n Qu\u1ed1c t\u1ea1i C\u1ea7n Th\u01a1, \u0111\u00fang l\u00e0 ngu\u1ed3n h\u00e0ng v\u00e0 \u0111\u1ed1i t\u00e1c t\u1eeb Korea.com.vn r\u1ea5t t\u1ed1t v\u00e0 tin c\u1eady<\/p><\/blockquote><\/div><\/div>[\/vc_column_inner][\/vc_row_inner][\/vc_column][\/vc_row][vc_row wrap_container=&#8221;yes&#8221; css=&#8221;.vc_custom_1519807308900{padding-top: 50px !important;padding-bottom: 15px !important;background-color: #f4f4f4 !important;}&#8221;][vc_column]<div class=\"stats-block stats-left  inline-block  vc_custom_1529728833879\"><div class=\"porto-sicon-left\"><div id=\"porto-icon-88369079569db5af3e0997\" class=\"porto-just-icon-wrapper  \"><div class=\"align-icon\" style=\"text-align:center;\"><\/div><\/div><\/div><div class=\"stats-desc\"><div id=\"counter_152416285369db5af3e09c9\" data-id=\"counter_152416285369db5af3e09c9\" class=\"stats-number\" style=\" color:#7b858a; font-weight:800;font-size:32px;line-height:32px;color:#0087cb;\" data-speed=\"3\" data-counter-value=\"350000\" data-separator=\",\" data-decimal=\".\">0<\/div><div class=\"counter_suffix mycust\" style=\" font-weight:800;font-size:32px;line-height:32px;color:#0087cb\">+<\/div><div class=\"stats-text\" style=\" color:#7b858a; font-weight:600;font-size:14px;line-height:25px;\">TRUY C\u1eacP\/TH\u00c1NG<\/div><\/div><\/div><div class=\"stats-block stats-left  inline-block  vc_custom_1529728856968\"><div class=\"porto-sicon-left\"><div id=\"porto-icon-212802273969db5af3e0ae7\" class=\"porto-just-icon-wrapper  \"><div class=\"align-icon\" style=\"text-align:center;\"><\/div><\/div><\/div><div class=\"stats-desc\"><div id=\"counter_44084534769db5af3e0b11\" data-id=\"counter_44084534769db5af3e0b11\" class=\"stats-number\" style=\" color:#7b858a; font-weight:800;font-size:32px;line-height:32px;color:#0087cb;\" data-speed=\"3\" data-counter-value=\"120\" data-separator=\"none\" data-decimal=\".\">0<\/div><div class=\"counter_suffix mycust\" style=\" font-weight:800;font-size:32px;line-height:32px;color:#0087cb\">+<\/div><div class=\"stats-text\" style=\" color:#7b858a; font-weight:600;font-size:14px;line-height:25px;\">NH\u00c0 CUNG C\u1ea4P<\/div><\/div><\/div><div class=\"stats-block stats-left  inline-block  vc_custom_1529728887964\"><div class=\"porto-sicon-left\"><div id=\"porto-icon-104873675569db5af3e0c11\" class=\"porto-just-icon-wrapper  \"><div class=\"align-icon\" style=\"text-align:center;\"><\/div><\/div><\/div><div class=\"stats-desc\"><div id=\"counter_9494375269db5af3e0c39\" data-id=\"counter_9494375269db5af3e0c39\" class=\"stats-number\" style=\" color:#7b858a; font-weight:800;font-size:32px;line-height:32px;color:#0087cb;\" data-speed=\"3\" data-counter-value=\"2500\" data-separator=\"none\" data-decimal=\".\">0<\/div><div class=\"counter_suffix mycust\" style=\" font-weight:800;font-size:19px;line-height:32px;color:#0087cb\">HR<\/div><div class=\"stats-text\" style=\" color:#7b858a; font-weight:600;font-size:14px;line-height:25px;\">TH\u00c0NH VI\u00caN<\/div><\/div><\/div><div class=\"stats-block stats-left  inline-block  vc_custom_1529728904917\"><div class=\"porto-sicon-left\"><div id=\"porto-icon-1769918669db5af3e0d21\" class=\"porto-just-icon-wrapper  \"><div class=\"align-icon\" style=\"text-align:center;\"><\/div><\/div><\/div><div class=\"stats-desc\"><div id=\"counter_118735912169db5af3e0d49\" data-id=\"counter_118735912169db5af3e0d49\" class=\"stats-number\" style=\" color:#7b858a; font-weight:800;font-size:32px;line-height:32px;color:#0087cb;\" data-speed=\"3\" data-counter-value=\"500\" data-separator=\"none\" data-decimal=\".\">0<\/div><div class=\"counter_suffix mycust\" style=\" font-weight:800;font-size:32px;line-height:32px;color:#0087cb\">+<\/div><div class=\"stats-text\" style=\" color:#7b858a; font-weight:600;font-size:14px;line-height:25px;\">S\u1ea2N PH\u1ea8M<\/div><\/div><\/div>[\/vc_column][\/vc_row]<\/p>\n","protected":false},"excerpt":{"rendered":"<p>[vc_row wrap_container=&#8221;yes&#8221; css=&#8221;.vc_custom_1519804692056{padding-top: 30px !important;padding-bottom: 30px !important;}&#8221;][vc_column width=&#8221;2\/3&#8243;][vc_column_text]V\u1edbi cam k\u1ebft t\u1ed5ng giao th\u01b0\u01a1ng gi\u1eefa Vi\u1ec7t Nam &#8211; H\u00e0n Qu\u1ed1c \u0111\u1ebfn n\u0103m 2020 s\u1ebd \u0111\u1ea1t 100 t\u1ec9\u00a0 USD v\u00e0 ch\u1ec9 trong t\u1eeb 1\/3\/2018 &#8211; 20\/3\/2018 H\u00e0n Qu\u1ed1c l\u00e0 qu\u1ed1c gia c\u00f3 l\u01b0\u1ee3ng d\u1ef1 \u00e1n v\u00e0 \u0111\u1ea7u t\u01b0 l\u1edbn nh\u1ea5t v\u00e0o VN. C\u1ed5ng th\u00f4ng tin &amp; Giao [&hellip;]<\/p>\n","protected":false},"author":1,"featured_media":0,"parent":0,"menu_order":0,"comment_status":"closed","ping_status":"closed","template":"","meta":[],"_links":{"self":[{"href":"https:\/\/korea.com.vn\/shop\/wp-json\/wp\/v2\/pages\/55"}],"collection":[{"href":"https:\/\/korea.com.vn\/shop\/wp-json\/wp\/v2\/pages"}],"about":[{"href":"https:\/\/korea.com.vn\/shop\/wp-json\/wp\/v2\/types\/page"}],"author":[{"embeddable":true,"href":"https:\/\/korea.com.vn\/shop\/wp-json\/wp\/v2\/users\/1"}],"replies":[{"embeddable":true,"href":"https:\/\/korea.com.vn\/shop\/wp-json\/wp\/v2\/comments?post=55"}],"version-history":[{"count":12,"href":"https:\/\/korea.com.vn\/shop\/wp-json\/wp\/v2\/pages\/55\/revisions"}],"predecessor-version":[{"id":1671,"href":"https:\/\/korea.com.vn\/shop\/wp-json\/wp\/v2\/pages\/55\/revisions\/1671"}],"wp:attachment":[{"href":"https:\/\/korea.com.vn\/shop\/wp-json\/wp\/v2\/media?parent=55"}],"curies":[{"name":"wp","href":"https:\/\/api.w.org\/{rel}","templated":true}]}}