{"id":4902,"date":"2020-11-30T13:05:43","date_gmt":"2020-11-30T06:05:43","guid":{"rendered":"https:\/\/korea.com.vn\/shop\/san-pham\/import-placeholder-for-4665\/"},"modified":"2020-12-21T10:37:45","modified_gmt":"2020-12-21T03:37:45","slug":"kem-duong-collagen-snow-face-genie","status":"publish","type":"product","link":"https:\/\/korea.com.vn\/shop\/san-pham\/kem-duong-collagen-snow-face-genie\/","title":{"rendered":"Kem d\u01b0\u1ee1ng collagen SNOW FACE WHITE"},"content":{"rendered":"<p>KEM D\u01af\u1ee0NG COLLAGEN SNOW FACE GENIE<br \/>\n_CH\u1ed0NG OXY H\u00d3A V\u00c0 NG\u0102N NG\u1eeaA L\u00c3O H\u00d3A S\u1edaM CHO DA 24+\u00a0v\u1edbi si\u00eau n\u0103ng l\u1ef1c ch\u1ed1ng oxy h\u00f3a tuy\u1ec7t v\u1eddi<br \/>\n+ Chi\u1ebft xu\u1ea5t Collagen t\u1eeb c\u00e1 bi\u1ec3n s\u00e2u v\u1edbi k\u00edch th\u01b0\u1edbc si\u00eau nh\u1ecf, h\u1ea5p th\u1ee5 si\u00eau nhanh ch\u00f3ng v\u00e0 \u0111\u1ea1t hi\u1ec7u qu\u1ea3 t\u0103ng \u0111\u1ed9 \u0111\u00e0n h\u1ed3i cho da g\u1ea5p 7 l\u1ea7n so v\u1edbi Collagen t\u1eeb \u0111\u1ed9ng v\u1eadt<br \/>\n+ Gi\u1ea3m thi\u1ec3u n\u1ebfp nh\u0103n t\u1ed1i \u0111a t\u1eeb collagen t\u1eeb c\u00e1 d\u01b0\u1edbi \u0111\u00e1y bi\u1ec3n s\u00e2u hay c\u00f2n g\u1ecdi l\u00e0 collagen peptide. Th\u1ea9m th\u1ea5u h\u01a1n 1000 l\u1ea7n so v\u1edbi collagen th\u00f4ng th\u01b0\u1eddng.<br \/>\n+ Indebenone \u0111\u01b0\u1ee3c v\u00ed nh\u01b0 ho\u1ea1t ch\u1ea5t v\u00e0ng trong l\u00e0ng ch\u1ed1ng l\u00e3o h\u00f3a l\u00e0m c\u0103ng b\u00f3ng da, cung c\u1ea5p \u0111\u1ed9 \u1ea9m s\u00e2u. H\u1ed7 tr\u1ee3 l\u00e0m m\u1edd \u0111\u1ed1m n\u00e2u<br \/>\n+ 80% d\u1ecbch nh\u1ea7y \u1ed1c s\u00ean \u0111\u01b0\u1ee3c tinh l\u1ecdc, 5000ppm t\u1eeb c\u00e2y rau m\u00e1<br \/>\n<strong>* Xo\u00e1 tan c\u00e1c v\u1ea5n \u0111\u1ec1 v\u1ec1 da ch\u1ec9 sau 14 ng\u00e0y s\u1eed d\u1ee5ng:<\/strong><br \/>\n&#8211; V\u1ebft th\u00e2m, n\u00e1m m\u1edd \u0111i tr\u00f4ng th\u1ea5y<br \/>\n&#8211; V\u1ebft nh\u0103n gi\u1ea3m \u0111\u00e1ng k\u1ec3<br \/>\n&#8211; K\u1ebft c\u1ea5u da \u0111\u01b0\u1ee3c c\u1ea3i thi\u1ec7n to\u00e0n di\u1ec7n<br \/>\n&#8211; L\u00e0n da tr\u1edf n\u00ean s\u0103n ch\u1eafc, \u0111\u00e0n h\u1ed3i t\u1ed1t h\u01a1n<br \/>\n&#8211; Gi\u1ea3m h\u1eafc t\u1ed1 melanin, gi\u00fap da s\u00e1ng l\u00ean nhanh ch\u00f3ng<br \/>\n&#8211; Gi\u00fap da kh\u1ecfe, c\u0103ng m\u1ecdng v\u00e0 t\u01b0\u01a1i nhu\u1eadn tr\u1ebb h\u00f3a da, l\u00e0m ch\u1eadm qu\u00e1 tr\u00ecnh l\u00e3o ho\u00e1.<\/p>\n","protected":false},"excerpt":{"rendered":"<p>CH\u1ed0NG OXY H\u00d3A V\u00c0 NG\u0102N NG\u1eeaA L\u00c3O H\u00d3A S\u1edaM CHO DA 24+ V\u1edaI SI\u00caU N\u0102NG L\u1ef0C CH\u1ed0NG OXY H\u00d3A TUY\u1ec6T V\u1edcI<\/p>\n","protected":false},"featured_media":1789,"comment_status":"closed","ping_status":"closed","template":"","meta":[],"_links":{"self":[{"href":"https:\/\/korea.com.vn\/shop\/wp-json\/wp\/v2\/product\/4902"}],"collection":[{"href":"https:\/\/korea.com.vn\/shop\/wp-json\/wp\/v2\/product"}],"about":[{"href":"https:\/\/korea.com.vn\/shop\/wp-json\/wp\/v2\/types\/product"}],"replies":[{"embeddable":true,"href":"https:\/\/korea.com.vn\/shop\/wp-json\/wp\/v2\/comments?post=4902"}],"wp:featuredmedia":[{"embeddable":true,"href":"https:\/\/korea.com.vn\/shop\/wp-json\/wp\/v2\/media\/1789"}],"wp:attachment":[{"href":"https:\/\/korea.com.vn\/shop\/wp-json\/wp\/v2\/media?parent=4902"}],"curies":[{"name":"wp","href":"https:\/\/api.w.org\/{rel}","templated":true}]}}