{"id":4903,"date":"2020-11-30T13:05:43","date_gmt":"2020-11-30T06:05:43","guid":{"rendered":"https:\/\/korea.com.vn\/shop\/san-pham\/import-placeholder-for-4717\/"},"modified":"2020-12-21T10:40:48","modified_gmt":"2020-12-21T03:40:48","slug":"dd-cream-tone-up-spf-pa-50","status":"publish","type":"product","link":"https:\/\/korea.com.vn\/shop\/san-pham\/dd-cream-tone-up-spf-pa-50\/","title":{"rendered":"Tinh ch\u1ea5t d\u01b0\u1ee1ng ng\u00e0y  DD CREAM TONE UP SPF PA 50+++"},"content":{"rendered":"<p>DD CREAM TONE UP SPF PA 50+++<br \/>\n<em><strong>C\u00f4ng d\u1ee5ng :\u00a0<\/strong><\/em><br \/>\n+ B\u1ed5 sung th\u00e0nh ph\u1ea7n ki\u1ec1m d\u1ea7u v\u00e0 trung ho\u00e0 m\u1ecdi m\u00e0u da<br \/>\n+ Thi\u1ebft k\u1ebf m\u00fat t\u00e1n kem chuy\u00ean d\u1ee5ng ch\u1ec9 c\u1ea7n b\u1ea5m n\u00fat nh\u1eb9 b\u00ean h\u00f4ng cho kem th\u1ea5m ra b\u00f4ng m\u00fat r\u1ed3i t\u00e1n \u0111\u1ec1u l\u00ean m\u1eb7t cho l\u1edbp trang \u0111i\u1ec3m th\u1eadt m\u1ecfng m\u1ecbn v\u00e0 \u0111\u1ec1u m\u00e0u.<br \/>\n+ H\u01a1n th\u1ebf n\u1eefa, DD c\u00f2n c\u00f3 t\u00ednh v\u01b0\u1ee3t tr\u1ed9i h\u01a1n \u1edf kh\u1ea3 n\u0103ng x\u00f3a m\u1edd c\u00e1c n\u1ebfp nh\u0103n, c\u00e2n b\u1eb1ng s\u1eafc t\u1ed1 da v\u00e0 b\u1ea3o v\u1ec7 c\u00e1c v\u00f9ng da nh\u1ea1y c\u1ea3m.<\/p>\n<p><img src=\"https:\/\/vyparisspa.vn\/uploads\/editer\/images\/117297888_631392467791963_3249603758582679483_n.jpg\" alt=\"\" \/><br \/>\nV\u1edbi DD Cream \u2013 \u0110\u01b0\u1ee3c xem l\u00e0 all-in-one, b\u1ea1n kh\u00f4ng c\u1ea7n Moisturizer, Primer, Sun Protector v\u00e0 Foundation. Ch\u1ec9 \u0111\u01a1n gi\u1ea3n 1 tu\u00fdp DD CREAM, thay th\u1ebf cho t\u1ea5t c\u1ea3 c\u00e1c lo\u1ea1i nh\u01b0 kem d\u01b0\u1ee1ng \u1ea9m, ph\u1ea5n n\u1ec1n, ph\u1ea5n ph\u1ee7, kem che khuy\u1ebft \u0111i\u1ec3m, ch\u1ed1ng n\u1eafng lu\u00f4n, t\u1eeb nay ra \u0111\u01b0\u1eddng ch\u1ec9 c\u1ea7n 2 ph\u00fat v\u1edbi DD CREAM<\/p>\n","protected":false},"excerpt":{"rendered":"<p>Thi\u1ebft k\u1ebf m\u00fat t\u00e1n kem chuy\u00ean d\u1ee5ng ch\u1ec9 c\u1ea7n b\u1ea5m n\u00fat nh\u1eb9 b\u00ean h\u00f4ng cho kem th\u1ea5m ra b\u00f4ng m\u00fat r\u1ed3i t\u00e1n \u0111\u1ec1u l\u00ean m\u1eb7t cho l\u1edbp trang \u0111i\u1ec3m th\u1eadt m\u1ecfng m\u1ecbn v\u00e0 \u0111\u1ec1u m\u00e0u.<\/p>\n","protected":false},"featured_media":1791,"comment_status":"closed","ping_status":"closed","template":"","meta":[],"_links":{"self":[{"href":"https:\/\/korea.com.vn\/shop\/wp-json\/wp\/v2\/product\/4903"}],"collection":[{"href":"https:\/\/korea.com.vn\/shop\/wp-json\/wp\/v2\/product"}],"about":[{"href":"https:\/\/korea.com.vn\/shop\/wp-json\/wp\/v2\/types\/product"}],"replies":[{"embeddable":true,"href":"https:\/\/korea.com.vn\/shop\/wp-json\/wp\/v2\/comments?post=4903"}],"wp:featuredmedia":[{"embeddable":true,"href":"https:\/\/korea.com.vn\/shop\/wp-json\/wp\/v2\/media\/1791"}],"wp:attachment":[{"href":"https:\/\/korea.com.vn\/shop\/wp-json\/wp\/v2\/media?parent=4903"}],"curies":[{"name":"wp","href":"https:\/\/api.w.org\/{rel}","templated":true}]}}