{"id":4908,"date":"2020-11-30T13:05:43","date_gmt":"2020-11-30T06:05:43","guid":{"rendered":"https:\/\/korea.com.vn\/shop\/san-pham\/import-placeholder-for-4722\/"},"modified":"2020-12-21T10:33:12","modified_gmt":"2020-12-21T03:33:12","slug":"nuoc-tay-trang-nho","status":"publish","type":"product","link":"https:\/\/korea.com.vn\/shop\/san-pham\/nuoc-tay-trang-nho\/","title":{"rendered":"N\u01b0\u1edbc t\u1ea9y trang d\u1ea7u nho"},"content":{"rendered":"<p><img class=\"_1ift _2560 img\" src=\"https:\/\/static.xx.fbcdn.net\/images\/emoji.php\/v9\/t42\/1\/16\/1f4a7.png\" alt=\"????\" \/><img class=\"_1ift _2560 img\" src=\"https:\/\/static.xx.fbcdn.net\/images\/emoji.php\/v9\/t42\/1\/16\/1f4a7.png\" alt=\"????\" \/><img class=\"_1ift _2560 img\" src=\"https:\/\/static.xx.fbcdn.net\/images\/emoji.php\/v9\/t42\/1\/16\/1f4a7.png\" alt=\"????\" \/>N\u01b0\u1edbc t\u1ea9y trang nho Genie &#8211; KH\u00d4NG c\u1ed3n &#8211; KH\u00d4NG d\u1ea7u kho\u00e1ng &#8211; KH\u00d4NG b\u00e0o m\u00f2n<img class=\"_1ift _2560 img\" src=\"https:\/\/static.xx.fbcdn.net\/images\/emoji.php\/v9\/t42\/1\/16\/1f4a7.png\" alt=\"????\" \/><br \/>\n+ Em n\u00e0y l\u00e0 m\u1ed9t sp c\u1ee7a b\u01b0\u1edbc ti\u1ebfn m\u1edbi t\u1ea1i H\u00e0n nh\u00e9, 2 trong 1 lu\u00f4n, v\u1eeba t\u1ea9y trang v\u1eeba c\u1ea5p \u1ea9m<br \/>\n* Ho\u00e0n to\u00e0n<br \/>\n&#8211; KH\u00d4NG C\u1ed2N<br \/>\n&#8211; KH\u00d4NG PARABENS<br \/>\n&#8211; KH\u00d4NG D\u1ea6U KHO\u00c1NG<br \/>\n&#8211; KH\u00d4NG clog pores n\u00ean kh\u1ea3 n\u0103ng g\u00e2y m\u1ee5n l\u00e0 r\u1ea5t th\u1ea5p, t\u1ea9y d\u1ecbu nh\u1eb9 nh\u01b0ng kh\u00f4ng h\u1ec1 l\u00e0m kh\u00f4 da, c\u1ea3m gi\u00e1c \u0111\u1ec3 l\u1ea1i l\u00e0 v\u00f4 c\u00f9ng m\u1ec1m m\u1ecbn,<br \/>\n<img src=\"https:\/\/vyparisspa.vn\/uploads\/editer\/images\/QLHajwon%20444.jpg\" alt=\"\" \/><br \/>\n<strong>C\u00f4ng d\u1ee5ng<\/strong><\/p>\n<p>\u2713 L\u1ea5y \u0111i c\u00e1c l\u1edbp makeup, c\u1eb7n trang \u0111i\u1ec3m n\u1eb1m s\u00e2u trong l\u1ed7 ch\u00e2n l\u00f4ng.<br \/>\n\u2713 T\u0103ng c\u01b0\u1eddng kh\u1ea3 n\u0103ng h\u1ea5p thu oxy, s\u1ea3n sinh collagen\u00a0gi\u00fap da tr\u1eafng s\u00e1ng kh\u1ecfe m\u1ea1nh.<br \/>\n\u2713 N\u01b0\u1edbc t\u1ea9y trang Genie Makeup Remover Water gi\u00fap da h\u1ea5p thu n\u01b0\u1edbc v\u00e0 c\u00e2n b\u1eb1ng \u0111\u1ed9 PH.<br \/>\n\u2713 Kh\u00f4ng h\u1ec1 g\u00e2y c\u1ea3m gi\u00e1c nh\u1eddn r\u00edt gi\u00fap da lu\u00f4n kh\u00f4 tho\u00e1ng, m\u1ecbn m\u00e0ng.<br \/>\n\u2713 V\u1edbi th\u00e0nh ph\u1ea7n d\u1ecbu nh\u1eb9, kh\u00f4ng kh\u00f4 r\u00e1t, kh\u00f4ng cay m\u1eaft th\u00edch h\u1ee3p cho l\u00e0n da nh\u1ea1y c\u1ea3m d\u1ec5 b\u1ecb k\u00edch \u1ee9ng.<br \/>\n\u2713 H\u1ea1n ch\u1ebf tuy\u1ebfn b\u1ea3 nh\u1eddn ho\u1ea1t \u0111\u1ed9ng m\u1ea1nh tr\u00ean da, ng\u0103n ng\u1eeba m\u1ee5n hi\u1ec7u qu\u1ea3.<br \/>\n\u2713 T\u1ea9y trang s\u1ea1ch da t\u1eeb nh\u1eefng lo\u1ea1i kem n\u1ec1n, ph\u1ea5n m\u1eaft cho \u0111\u1ebfn nh\u1eefng k\u1ebb c\u1ee9ng \u0111\u1ea7u nh\u01b0 son l\u1ef3, ch\u00ec k\u1ebb m\u1eaft.<br \/>\n<img src=\"https:\/\/vyparisspa.vn\/uploads\/editer\/images\/QLHajwon%20443.jpg\" alt=\"\" \/><\/p>\n","protected":false},"excerpt":{"rendered":"<p>N\u01b0\u1edbc t\u1ea9y trang nho Genie &#8211; KH\u00d4NG c\u1ed3n &#8211; KH\u00d4NG d\u1ea7u kho\u00e1ng &#8211; KH\u00d4NG b\u00e0o m\u00f2n + Em n\u00e0y l\u00e0 m\u1ed9t sp c\u1ee7a b\u01b0\u1edbc ti\u1ebfn m\u1edbi t\u1ea1i H\u00e0n nh\u00e9, 2 trong 1 lu\u00f4n, v\u1eeba t\u1ea9y trang v\u1eeba c\u1ea5p \u1ea9m * Ho\u00e0n to\u00e0n &#8211; KH\u00d4NG C\u1ed2N &#8211; KH\u00d4NG PARABENS &#8211; KH\u00d4NG D\u1ea6U KHO\u00c1NG &#8211; KH\u00d4NG clog [&hellip;]<\/p>\n","protected":false},"featured_media":1799,"comment_status":"closed","ping_status":"closed","template":"","meta":[],"_links":{"self":[{"href":"https:\/\/korea.com.vn\/shop\/wp-json\/wp\/v2\/product\/4908"}],"collection":[{"href":"https:\/\/korea.com.vn\/shop\/wp-json\/wp\/v2\/product"}],"about":[{"href":"https:\/\/korea.com.vn\/shop\/wp-json\/wp\/v2\/types\/product"}],"replies":[{"embeddable":true,"href":"https:\/\/korea.com.vn\/shop\/wp-json\/wp\/v2\/comments?post=4908"}],"wp:featuredmedia":[{"embeddable":true,"href":"https:\/\/korea.com.vn\/shop\/wp-json\/wp\/v2\/media\/1799"}],"wp:attachment":[{"href":"https:\/\/korea.com.vn\/shop\/wp-json\/wp\/v2\/media?parent=4908"}],"curies":[{"name":"wp","href":"https:\/\/api.w.org\/{rel}","templated":true}]}}