{"id":4909,"date":"2020-11-30T13:05:43","date_gmt":"2020-11-30T06:05:43","guid":{"rendered":"https:\/\/korea.com.vn\/shop\/san-pham\/import-placeholder-for-4726\/"},"modified":"2020-12-21T10:41:03","modified_gmt":"2020-12-21T03:41:03","slug":"gel-chong-nang-dr-sun-milk-genie","status":"publish","type":"product","link":"https:\/\/korea.com.vn\/shop\/san-pham\/gel-chong-nang-dr-sun-milk-genie\/","title":{"rendered":"Gel ch\u1ed1ng n\u1eafng DR SUN MILK GENIE"},"content":{"rendered":"<p>GEL CH\u1ed0NG N\u1eaeNG DR SUN MILK GENIE<br \/>\n&#8211; H\u00e0ng r\u00e0o b\u1ea3o v\u1ec7 da \u0111\u01b0\u1ee3c c\u1ee7ng c\u1ed1 v\u1eefng ch\u1eafc v\u1edbi ch\u1ec9 s\u1ed1 SPF 50, PA++++\u200b<br \/>\n&#8211; Hyaluronic Acid, Collagen, Chi\u1ebft xu\u1ea5t 7 lo\u1ea1i th\u1ea3o m\u1ed9c gi\u00fap kh\u00f4i ph\u1ee5c l\u1ea1i s\u1ef1 t\u01b0\u01a1i tr\u1ebb cho l\u00e0n da c\u1ee7a b\u1ea1n!<br \/>\n&#8211;Th\u00e0nh ph\u1ea7n v\u00f4 c\u00f9ng an to\u00e0n, k\u1ebft h\u1ee3p v\u1edbi arbutin, collagen, axit hyaluronic v\u00e0 7 lo\u1ea1i chi\u1ebft xu\u1ea5t th\u1ef1c v\u1eadt n\u00ean da kh\u00f4ng nh\u1eefng \u0111\u01b0\u1ee3c b\u1ea3o v\u1ec7 kh\u1ecfi t\u00e1c h\u1ea1i tia c\u1ef1c t\u00edm m\u00e0 c\u00f2n \u0111\u01b0\u1ee3c d\u01b0\u1ee1ng \u1ea9m cho da .<br \/>\n<img src=\"https:\/\/vyparisspa.vn\/uploads\/editer\/images\/111743214_619393272325216_5706250817963272410_o.jpg\" alt=\"\" \/><br \/>\n<em><strong>\u00a0+ C\u00d4NG D\u1ee4NG:<\/strong><\/em><br \/>\n\u2022 S\u1ea3n ph\u1ea9m c\u00f3 kh\u1ea3 n\u0103ng ch\u1ed1ng b\u00f3ng d\u1ea7u c\u1ef1c k\u1ef3 hi\u1ec7u qu\u1ea3.<br \/>\n\u2022 Ch\u1ec9 s\u1ed1 ch\u1ed1ng n\u1eafng cao, gi\u00fap ch\u1ed1ng l\u1ea1i c\u00e1c t\u00e1c h\u1ea1i \u0111\u1ebfn t\u1eeb tia t\u1eed ngo\u1ea1i trong \u00e1nh n\u1eafng m\u1eb7t tr\u1eddi.<br \/>\n\u2022 Th\u00e0nh ph\u1ea7n l\u00e0nh t\u00ednh, d\u1ecbu nh\u1eb9, \u0111\u01b0\u1ee3c ki\u1ec3m nghi\u1ec7m k\u0129, th\u00edch h\u1ee3p v\u1edbi nh\u1eefng l\u00e0n da nh\u1ea1y c\u1ea3m nh\u1ea5t.<br \/>\n\u2022 H\u1ec7 th\u1ed1ng ch\u1ed1ng b\u00f3ng k\u00e9p, h\u1ea5p th\u1ee5 nhanh, kh\u00f4 r\u00e1o, tho\u00e1ng da.<br \/>\n<img src=\"https:\/\/vyparisspa.vn\/uploads\/editer\/images\/110314356_619393255658551_7400982221069054588_o.jpg\" alt=\"\" \/><\/p>\n","protected":false},"excerpt":{"rendered":"<p>GEL CH\u1ed0NG N\u1eaeNG DR SUN MILK GENIE &#8211; H\u00e0ng r\u00e0o b\u1ea3o v\u1ec7 da \u0111\u01b0\u1ee3c c\u1ee7ng c\u1ed1 v\u1eefng ch\u1eafc v\u1edbi ch\u1ec9 s\u1ed1 SPF 50, PA++++\u200b &#8211; Hyaluronic Acid, Collagen, Chi\u1ebft xu\u1ea5t 7 lo\u1ea1i th\u1ea3o m\u1ed9c gi\u00fap kh\u00f4i ph\u1ee5c l\u1ea1i s\u1ef1 t\u01b0\u01a1i tr\u1ebb cho l\u00e0n da c\u1ee7a b\u1ea1n! &#8211;Th\u00e0nh ph\u1ea7n v\u00f4 c\u00f9ng an to\u00e0n, k\u1ebft h\u1ee3p v\u1edbi [&hellip;]<\/p>\n","protected":false},"featured_media":1801,"comment_status":"closed","ping_status":"closed","template":"","meta":[],"_links":{"self":[{"href":"https:\/\/korea.com.vn\/shop\/wp-json\/wp\/v2\/product\/4909"}],"collection":[{"href":"https:\/\/korea.com.vn\/shop\/wp-json\/wp\/v2\/product"}],"about":[{"href":"https:\/\/korea.com.vn\/shop\/wp-json\/wp\/v2\/types\/product"}],"replies":[{"embeddable":true,"href":"https:\/\/korea.com.vn\/shop\/wp-json\/wp\/v2\/comments?post=4909"}],"wp:featuredmedia":[{"embeddable":true,"href":"https:\/\/korea.com.vn\/shop\/wp-json\/wp\/v2\/media\/1801"}],"wp:attachment":[{"href":"https:\/\/korea.com.vn\/shop\/wp-json\/wp\/v2\/media?parent=4909"}],"curies":[{"name":"wp","href":"https:\/\/api.w.org\/{rel}","templated":true}]}}