{"id":4910,"date":"2020-11-30T13:05:44","date_gmt":"2020-11-30T06:05:44","guid":{"rendered":"https:\/\/korea.com.vn\/shop\/san-pham\/import-placeholder-for-4727\/"},"modified":"2020-12-09T15:06:57","modified_gmt":"2020-12-09T08:06:57","slug":"kem-body-tinh-the-nuoc","status":"publish","type":"product","link":"https:\/\/korea.com.vn\/shop\/san-pham\/kem-body-tinh-the-nuoc\/","title":{"rendered":"KEM BODY TINH TH\u1ebe N\u01af\u1edaC"},"content":{"rendered":"<p>&#8216;- B\u1eacT NG\u1eecA V\u1edaI \u0110\u1ed8 B\u1eacT TONE Tr\u1eafng s\u00e1ng b\u1ea5t ng\u1edd<br \/>\n*Tr\u1eafng B\u1ea7n B\u1eadt nh\u01b0 \u0111i truy\u1ec1n tr\u1eafng.<br \/>\n<strong>Cam K\u1ebft <\/strong><br \/>\n&#8211; Kh\u00f4ng V\u00e0ng L\u00f4ng<br \/>\n&#8211; Kh\u00f4ng H\u00f4i H\u1eafc<br \/>\n&#8211; Kh\u00f4ng Ch\u00e2m Ch\u00edt<br \/>\n&#8211; Kh\u00f4ng Tr\u1eafng \u1ea2o<br \/>\n<img src=\"https:\/\/vyparisspa.vn\/uploads\/editer\/images\/107852498_3051804048279718_6873461625758956490_o.jpg\" alt=\"\" \/><br \/>\n<strong>*D\u00e0nh cho c\u00e1c l\u00e0n da<\/strong><br \/>\n&#8211; Da \u0110en L\u00ec , Si\u00eau L\u00ec<br \/>\n&#8211; X\u00e0i Qua Nhi\u1ec1u Lo\u1ea1i Ko N\u00e2ng T\u00f4ng<br \/>\n&#8211; Thoa Kem M\u00e3i Ko Tr\u1eafng<br \/>\n&#8211; Mu\u1ed1n Tr\u1eafng Nhanh &amp; Hi\u1ec7u Qu\u1ea3 Cao<br \/>\n<strong>Th\u00e0nh ph\u1ea7n:<\/strong><br \/>\n+ Chi\u1ebft xu\u1ea5t h\u1ed3ng s\u00e2m, hoa m\u1eabu \u0111\u01a1n, ch\u1ee9a 94% ho\u1eb7c nhi\u1ec1u h\u01a1n c\u00e1c th\u00e0nh ph\u1ea7n c\u00f3 ngu\u1ed3n g\u1ed1c t\u1ef1 nhi\u00ean, T\u1ea5t c\u1ea3 n\u01b0\u1edbc tinh khi\u1ebft Sungbo, glycerin, r\u01b0\u1ee3u cetearyl, diol 1,2-hexane, squalane th\u1ef1c v\u1eadt, t\u1ea3o b\u1eb9, l\u00e1 th\u1ea3o d\u01b0\u1ee3c Trung Qu\u1ed1c, r\u1ec5 c\u00e2y dang th\u1eadt, r\u1ec5 c\u00e2y thi\u00ean l\u00fd, r\u1ec5 c\u00e2y Ho Jang Geun, tr\u00e0 xanh, l\u00e1 h\u01b0\u01a1ng th\u1ea3o, d\u1ea7u h\u1ea1t tr\u00e0 xanh. Ch\u0103m s\u00f3c to\u00e0n th\u00e2n v\u1edbi c\u00e1c th\u00e0nh ph\u1ea7n gi\u00fap c\u1ea3i thi\u1ec7n n\u1ebfp nh\u0103n v\u00e0 l\u00e0m tr\u1eafng da. Gi\u1ea3i ph\u00e1p cho t\u1ea5t c\u1ea3 ch\u1ecb em \u0111ang t\u00ecm ki\u1ebfm m\u1ed9t s\u1ef1 ho\u00e0n h\u1ea3o cho l\u00e0n da<br \/>\n+ Chi\u1ebft xu\u1ea5t t\u1eeb tinh d\u1ea7u h\u1ea1t nho, h\u1ea1t Macadamia k\u1ebft h\u1ee3p c\u00e1c vitamin A, E v\u00e0 C d\u01b0\u1ee1ng \u1ea9m v\u00e0 d\u01b0\u1ee1ng tr\u1eafng to\u00e0n di\u1ec7n. Ch\u01b0a k\u1ec3 v\u1edbi \u0111\u1eb7c tr\u01b0ng mang h\u01b0\u01a1ng n\u01b0\u1edbc hoa c\u00f3 h\u01b0\u01a1ng ph\u1ee9c l\u01b0u h\u01b0\u01a1ng tr\u00ean da l\u00ean t\u1edbi 12 gi\u1edd li\u1ec1n.<br \/>\nn+ Ngo\u00e0i ra, l\u00e0 tinh ch\u1ea5t s\u1eefa d\u01b0\u1ee1ng v\u1edbi \u0111\u1ed9 th\u1ea5m h\u00fat cao, kh\u00f4ng nh\u1eddn, r\u00edt g\u00e2y kh\u00f3 ch\u1ecbu cho da. Khi xoa s\u1eefa d\u01b0\u1ee1ng tr\u00ean da ban \u0111\u1ea7u h\u01a1i b\u00f3ng nh\u01b0ng ngay sau \u0111\u00f3 c\u00e1c tinh ch\u1ea5t s\u1eefa b\u1eaft \u0111\u1ea7u nhanh ch\u00f3ng th\u1ea9m th\u1ea5u v\u00e0o da, l\u00e0m cho da m\u1ec1m m\u1ecbn v\u00e0 c\u0103ng b\u00f3ng h\u01a1n.<br \/>\n<strong>\u0110\u00f3ng g\u00f3i:<\/strong> H\u1ed9p 200 gram<br \/>\n<img src=\"https:\/\/vyparisspa.vn\/uploads\/editer\/images\/115356605_1085712238496225_3985157129163421274_n.jpg\" alt=\"\" \/><\/p>\n","protected":false},"excerpt":{"rendered":"<p>Tinh ch\u1ea5t s\u1eefa d\u01b0\u1ee1ng v\u1edbi \u0111\u1ed9 th\u1ea5m h\u00fat cao, kh\u00f4ng nh\u1eddn, r\u00edt g\u00e2y kh\u00f3 ch\u1ecbu cho da. Khi xoa s\u1eefa d\u01b0\u1ee1ng tr\u00ean da ban \u0111\u1ea7u h\u01a1i b\u00f3ng nh\u01b0ng ngay sau \u0111\u00f3 c\u00e1c tinh ch\u1ea5t s\u1eefa b\u1eaft \u0111\u1ea7u nhanh ch\u00f3ng th\u1ea9m th\u1ea5u v\u00e0o da, l\u00e0m cho da m\u1ec1m m\u1ecbn v\u00e0 c\u0103ng b\u00f3ng h\u01a1n.<\/p>\n","protected":false},"featured_media":1803,"comment_status":"closed","ping_status":"closed","template":"","meta":[],"_links":{"self":[{"href":"https:\/\/korea.com.vn\/shop\/wp-json\/wp\/v2\/product\/4910"}],"collection":[{"href":"https:\/\/korea.com.vn\/shop\/wp-json\/wp\/v2\/product"}],"about":[{"href":"https:\/\/korea.com.vn\/shop\/wp-json\/wp\/v2\/types\/product"}],"replies":[{"embeddable":true,"href":"https:\/\/korea.com.vn\/shop\/wp-json\/wp\/v2\/comments?post=4910"}],"wp:featuredmedia":[{"embeddable":true,"href":"https:\/\/korea.com.vn\/shop\/wp-json\/wp\/v2\/media\/1803"}],"wp:attachment":[{"href":"https:\/\/korea.com.vn\/shop\/wp-json\/wp\/v2\/media?parent=4910"}],"curies":[{"name":"wp","href":"https:\/\/api.w.org\/{rel}","templated":true}]}}