{"id":4911,"date":"2020-11-30T13:05:44","date_gmt":"2020-11-30T06:05:44","guid":{"rendered":"https:\/\/korea.com.vn\/shop\/san-pham\/import-placeholder-for-4728\/"},"modified":"2020-12-21T10:46:39","modified_gmt":"2020-12-21T03:46:39","slug":"dau-goi-xa-duong-toc","status":"publish","type":"product","link":"https:\/\/korea.com.vn\/shop\/san-pham\/dau-goi-xa-duong-toc\/","title":{"rendered":"B\u1ed9 g\u1ed9i x\u00e3 d\u01b0\u1ee1ng t\u00f3c NH\u00c2N S\u00c2M"},"content":{"rendered":"<p>&#8216;- Tr\u1ecdn b\u1ed9 D\u1ea6U G\u1ed8I X\u00c3 D\u01af\u1ee0NG T\u00d3C chu\u1ea9n SALON 5 sao H\u00c0N QU\u1ed0C<br \/>\nCh\u0103m s\u00f3c t\u00f3c chu\u1ea9n nh\u01b0 c\u00e1c sao H\u00e0n ngay t\u1ea1i nh\u00e0 &#8211; chi\u1ebft xu\u1ea5t 100% #NH\u00c2N_S\u00c2M_T\u01af\u01a0I 6 n\u0103m tu\u1ed5i Th\u01b0\u1ee3ng h\u1ea1ng, M\u1ea5y ch\u1ecb bi\u1ebft s\u00e2m th\u00ec t\u1ed1t c\u1ee1 n\u00e0o r\u1ed3i, g\u1ed9i xong m\u00f9i s\u00e2m l\u01b0u h\u01b0\u01a1ng tr\u00ean t\u00f3c 48 gi\u1edd lu\u00f4n \u00ed<br \/>\nD\u00f2ng n\u00e0y d\u00e0nh ri\u00eang cho m\u1ea5y ch\u1ecb r\u1ee5ng t\u00f3c nhi\u1ec1u, h\u00f3i t\u00f3c l\u00e2u n\u0103m he, g\u1ed9i 7 ng\u00e0y t\u00f3c d\u00e0y l\u00ean v\u00e0 m\u1ecdc t\u00f3c con l\u00ean trong th\u1ea5y<br \/>\n&#8211; Tr\u1ecdn b\u1ed9 4 m\u00f3n t\u00ednh ra qu\u00e1 r\u1ebd , \u0111\u01b0\u1ee3c t\u1eb7ng th\u00eam 1 l\u01b0\u1ee3c ch\u1ea3i khi g\u1ed9i, l\u01b0\u1ee3c n\u00e0y s\u1eed d\u1ee5ng khi g\u1ed9i \u0111\u1ea7u thay th\u1ebf m\u00f3ng tay c\u00e0o da \u0111\u1ea7u h\u01b0 m\u00f3ng, l\u01b0\u1ee3c g\u1ed9i silion gi\u00fap m\u00e1u l\u01b0u th\u00f4ng v\u00e0 s\u1ea1ch g\u1ea7u\u00a0, r\u0103ng l\u01b0\u1ee3c r\u1ea5t m\u1ec1m nh\u1eb9 n\u00ean s\u1ebd ch\u1ea3i h\u1ebft c\u00e1c \u0111o\u1ea1n r\u1ed1i m\u00e0 kh\u00f4ng l\u00e0m g\u00e3y nh\u1eefng s\u1ee3i t\u00f3c kh\u1ecfe<br \/>\n&#8211; D\u1ea7u g\u1ed9i 250ml:<br \/>\nNg\u0103n ng\u1eeba t\u00f3c g\u00e3y r\u1ee5ng,Ch\u0103m s\u00f3c da \u0111\u1ea7u kh\u1ecfe m\u1ea1nh, Tr\u1ecb g\u00e0u, k\u00edch m\u1ecdc t\u00f3c, tr\u1ecb t\u00f3c b\u1ea1c s\u1edbm, ch\u0103m s\u00f3c t\u00f3c sau nhu\u1ed9m<br \/>\nTh\u00e0nh ph\u1ea7n: nh\u00e2n s\u00e2m 6 n\u0103m tu\u1ed5i- Tam b\u1ea1ch th\u1ea3o- Di\u1ebfp c\u00e1, Tr\u00e0 xanh, v.v.<br \/>\n<img src=\"https:\/\/vyparisspa.vn\/uploads\/editer\/images\/QLHajwon%20453(1).jpg\" alt=\"\" \/><br \/>\n&#8211; D\u1ea7u x\u1ea3 250ml:<br \/>\nC\u1ea3i thi\u1ec7n s\u1ee3i t\u00f3c ch\u1eafc kh\u1ecfe, L\u00e0m t\u00f3c b\u00f3ng m\u01b0\u1ee3t, gi\u00fap t\u00f3c v\u00e0o n\u1ebfp su\u00f4n m\u01b0\u1ee3t<br \/>\nTh\u00e0nh ph\u1ea7n: : nh\u00e2n s\u00e2m 6 n\u0103m tu\u1ed5i- Tam -b\u1ea1ch th\u1ea3o, \u0111\u01b0\u01a1ng quy, Panthenol, Polyquaternium v.v\u2026<br \/>\n<img src=\"https:\/\/vyparisspa.vn\/uploads\/editer\/images\/QLHajwon%20450.jpg\" alt=\"\" \/><br \/>\n&#8211; Serum D\u01b0\u1ee1ng t\u00f3c HAIR NURSING 20ml:<br \/>\nHi\u1ec7u qu\u1ea3: Ph\u1ee5c h\u1ed3i t\u00f3c kh\u00f4, x\u01a1, h\u01b0 t\u1ed5n, l\u00e0m ph\u1ed3ng t\u00f3c, C\u1ea3i thi\u1ec7n s\u1ee3i t\u00f3c b\u00f3ng m\u01b0\u1ee3t<br \/>\nTh\u00e0nh ph\u1ea7n: D\u1ea7u h\u1ea1t argan, D\u1ea7u h\u1ea1t h\u01b0\u1edbng d\u01b0\u01a1ng v.v..<br \/>\n<img src=\"https:\/\/vyparisspa.vn\/uploads\/editer\/images\/QLHajwon%20446.jpg\" alt=\"\" \/><\/p>\n","protected":false},"excerpt":{"rendered":"<p>D\u00f2ng n\u00e0y d\u00e0nh ri\u00eang cho m\u1ea5y ch\u1ecb r\u1ee5ng t\u00f3c nhi\u1ec1u, h\u00f3i t\u00f3c l\u00e2u n\u0103m he, g\u1ed9i 7 ng\u00e0y t\u00f3c d\u00e0y l\u00ean v\u00e0 m\u1ecdc t\u00f3c con l\u00ean trong th\u1ea5y<\/p>\n","protected":false},"featured_media":1805,"comment_status":"closed","ping_status":"closed","template":"","meta":[],"_links":{"self":[{"href":"https:\/\/korea.com.vn\/shop\/wp-json\/wp\/v2\/product\/4911"}],"collection":[{"href":"https:\/\/korea.com.vn\/shop\/wp-json\/wp\/v2\/product"}],"about":[{"href":"https:\/\/korea.com.vn\/shop\/wp-json\/wp\/v2\/types\/product"}],"replies":[{"embeddable":true,"href":"https:\/\/korea.com.vn\/shop\/wp-json\/wp\/v2\/comments?post=4911"}],"wp:featuredmedia":[{"embeddable":true,"href":"https:\/\/korea.com.vn\/shop\/wp-json\/wp\/v2\/media\/1805"}],"wp:attachment":[{"href":"https:\/\/korea.com.vn\/shop\/wp-json\/wp\/v2\/media?parent=4911"}],"curies":[{"name":"wp","href":"https:\/\/api.w.org\/{rel}","templated":true}]}}