{"id":4912,"date":"2020-11-30T13:05:44","date_gmt":"2020-11-30T06:05:44","guid":{"rendered":"https:\/\/korea.com.vn\/shop\/san-pham\/import-placeholder-for-4729\/"},"modified":"2020-12-21T10:46:54","modified_gmt":"2020-12-21T03:46:54","slug":"huyet-thanh-phuc-hoi-toc-vitamin-protein-for-hair-genie","status":"publish","type":"product","link":"https:\/\/korea.com.vn\/shop\/san-pham\/huyet-thanh-phuc-hoi-toc-vitamin-protein-for-hair-genie\/","title":{"rendered":"Huy\u1ebft thanh ph\u1ee5c h\u1ed3i t\u00f3c VITAMIN &#038; PROTEIN FOR HAIR GENIE"},"content":{"rendered":"<p>B\u00ed quy\u1ebft d\u01b0\u1ee1ng t\u00f3c h\u00e0ng \u0111\u1ea7u c\u1ee7a c\u00e1c sao H\u00e0n<br \/>\nPh\u1ee5c h\u1ed3i ngay c\u1ea3 m\u00e1i t\u00f3c kh\u00f4 n\u00e1t, h\u01b0 t\u1ed5n nh\u1ea5t.<br \/>\n<strong>C\u00f4ng d\u1ee5ng:<\/strong>\u00a0huy\u1ebft thanh d\u01b0\u1ee1ng t\u00f3c Genie\u00a0d\u00e0nh cho c\u00e1c b\u1ea1n g\u00e1i c\u00f3 m\u00e1i t\u00f3c kh\u00f4,ch\u1ebb ng\u1ecdn v\u00e0 b\u1ecb h\u01b0 t\u1ed5n.<br \/>\nHuy\u1ebft thanh \u0111a t\u1ea7ng r\u1ea5t hi\u1ec7u qu\u1ea3 trong vi\u1ec7c thu\u1ea7n h\u00f3a nh\u1eefng s\u1ee3i t\u00f3c kh\u00f4 x\u01a1, c\u1ee9ng \u0111\u1ea7u m\u1ed9t c\u00e1ch nhanh ch\u00f3ng, b\u1ea3o v\u1ec7 t\u00f3c kh\u1ecfi tia UV, ng\u0103n ng\u1eeba b\u00e1m b\u1ee5i. D\u01b0\u1ee1ng ch\u1ea5t ngay l\u1eadp t\u1ee9c th\u1ea5m s\u00e2u v\u00e0o s\u1ee3i t\u00f3c, cho b\u1ea1n m\u1ed9t m\u00e1i t\u00f3c m\u1ec1m m\u01b0\u1ee3t, si\u00eau s\u00e1ng b\u00f3ng m\u00e0 t\u00f3c lu\u00f4n s\u1ed1ng \u0111\u1ed9ng.<br \/>\n<img src=\"https:\/\/vyparisspa.vn\/uploads\/editer\/images\/genie-_-hair-serum.jpg\" alt=\"\" \/>\u200b<br \/>\n<strong>Th\u00e0nh ph\u1ea7n:\u00a0<\/strong>Huy\u1ebft thanh GENIE v\u1edbi th\u00e0nh ph\u1ea7n g\u1ed3m d\u1ea7u Jojoba, s\u1eefa ong ch\u00faa, n\u01b0\u1edbc hoa h\u1ed3ng ngay l\u1eadp t\u1ee9c h\u1ea5p thu v\u00e0o da v\u00e0 ch\u0103m s\u00f3c t\u00f3c b\u1ecb h\u01b0 t\u1ed5n, tr\u1ea3 l\u1ea1i cho b\u1ea1n m\u00e1i t\u00f3c kh\u1ecfe m\u1ea1nh, b\u00f3ng m\u01b0\u1ee3t v\u00e0 tr\u00e0n \u0111\u1ea7y s\u1ee9c s\u1ed1ng. V\u1edbi \u0111\u1ea7y \u0111\u1ee7 th\u00e0nh ph\u1ea7n d\u01b0\u1ee1ng ch\u1ea5t tuy\u1ec7t h\u1ea3o c\u0169ng nh\u01b0 c\u00f4ng th\u1ee9c d\u00e0nh ri\u00eang cho s\u1ea3n ph\u1ea9m s\u1ebd \u0111em l\u1ea1i cho b\u1ea1n m\u1ed9t m\u00e1i t\u00f3c ho\u00e0n h\u1ea3o \u0111\u1ebfn b\u1ea5t ng\u1edd.<br \/>\n<strong>C\u00e1ch s\u1eed d\u1ee5ng :<\/strong>\u00a0G\u1ed9i s\u1ea1ch \u0111\u1ea7u v\u00e0 \u0111\u1ec3 kh\u00f4 kho\u1ea3ng 80%, l\u1ea5y 1 l\u01b0\u1ee3ng v\u1eeba \u0111\u1ee7 huy\u1ebft thanh b\u00f4i l\u00ean t\u00f3c r\u1ed3i \u0111\u1ec3 kh\u00f4 t\u00f3c t\u1ef1 nhi\u00ean ho\u1eb7c c\u00f3 th\u1ec3 d\u00f9ng m\u00e1y s\u1ea5y<br \/>\nDung t\u00edch: 60 vi\u00ean<br \/>\nXu\u1ea5t x\u1ee9: H\u00e0n qu\u1ed1c<\/p>\n","protected":false},"excerpt":{"rendered":"<p>Huy\u1ebft thanh \u0111a t\u1ea7ng r\u1ea5t hi\u1ec7u qu\u1ea3 trong vi\u1ec7c thu\u1ea7n h\u00f3a nh\u1eefng s\u1ee3i t\u00f3c kh\u00f4 x\u01a1, c\u1ee9ng \u0111\u1ea7u m\u1ed9t c\u00e1ch nhanh ch\u00f3ng, b\u1ea3o v\u1ec7 t\u00f3c kh\u1ecfi tia UV, ng\u0103n ng\u1eeba b\u00e1m b\u1ee5i. D\u01b0\u1ee1ng ch\u1ea5t ngay l\u1eadp t\u1ee9c th\u1ea5m s\u00e2u v\u00e0o s\u1ee3i t\u00f3c, cho b\u1ea1n m\u1ed9t m\u00e1i t\u00f3c m\u1ec1m m\u01b0\u1ee3t, si\u00eau s\u00e1ng b\u00f3ng m\u00e0 t\u00f3c lu\u00f4n s\u1ed1ng \u0111\u1ed9ng.<\/p>\n","protected":false},"featured_media":1807,"comment_status":"closed","ping_status":"closed","template":"","meta":[],"_links":{"self":[{"href":"https:\/\/korea.com.vn\/shop\/wp-json\/wp\/v2\/product\/4912"}],"collection":[{"href":"https:\/\/korea.com.vn\/shop\/wp-json\/wp\/v2\/product"}],"about":[{"href":"https:\/\/korea.com.vn\/shop\/wp-json\/wp\/v2\/types\/product"}],"replies":[{"embeddable":true,"href":"https:\/\/korea.com.vn\/shop\/wp-json\/wp\/v2\/comments?post=4912"}],"wp:featuredmedia":[{"embeddable":true,"href":"https:\/\/korea.com.vn\/shop\/wp-json\/wp\/v2\/media\/1807"}],"wp:attachment":[{"href":"https:\/\/korea.com.vn\/shop\/wp-json\/wp\/v2\/media?parent=4912"}],"curies":[{"name":"wp","href":"https:\/\/api.w.org\/{rel}","templated":true}]}}