{"id":4913,"date":"2020-11-30T13:05:44","date_gmt":"2020-11-30T06:05:44","guid":{"rendered":"https:\/\/korea.com.vn\/shop\/san-pham\/import-placeholder-for-4730\/"},"modified":"2020-12-21T11:09:43","modified_gmt":"2020-12-21T04:09:43","slug":"gel-rua-tay-tre-em-genie","status":"publish","type":"product","link":"https:\/\/korea.com.vn\/shop\/san-pham\/gel-rua-tay-tre-em-genie\/","title":{"rendered":"Gel r\u1eeda tay tr\u1ebb em Genie"},"content":{"rendered":"<p>Gel r\u1eeda tay cho tr\u1ebb em GENIE , alcoho free , m\u00f9i t\u00e1o th\u01a1m m\u00e1t m\u1ea5y b\u00e9 th\u00edch l\u1eafm,<br \/>\nAn to\u00e0n tuy\u1ec7t \u0111\u1ed1i cho da tr\u1ebb em v\u1edbi th\u00e0nh ph\u1ea7n 100% organic<br \/>\nXu\u1ea5t x\u1ee9 H\u00e0n Qu\u1ed1c &#8211; \u0111\u1ea3m b\u1ea3o ch\u1ea5t l\u01b0\u1ee3ng<br \/>\nGi\u00fap gi\u1eef b\u00e1m c\u00e1c ho\u1ea1t ch\u1ea5t di\u1ec7t virus l\u00e2u h\u01a1n. Ch\u1ec9 m\u1ea5t 30 gi\u00e2y \u0111\u1ec3 di\u1ec7t t\u1edbi 99,99% virus\/vi khu\u1ea9n<br \/>\nV\u1edbi ti\u00eau ch\u00ed c\u00f9ng chung tay \u0111\u1ea9y l\u00f9i \u0111\u1ea1i d\u1ecbch Corona<\/p>\n<ul>\n<li style=\"list-style-type: none\">\n<ul>\n<li>S\u00e1t khu\u1ea9n 99,99% &#8211; \u0111\u1eb7c bi\u1ec7t virus corona<\/li>\n<\/ul>\n<\/li>\n<\/ul>\n<ul>\n<li style=\"list-style-type: none\">\n<ul>\n<li>M\u00f9i h\u01b0\u01a1ng c\u1ef1c nh\u1eb9 d\u1ecbu kh\u00f4ng h\u00f3a ch\u1ea5t<\/li>\n<\/ul>\n<\/li>\n<\/ul>\n<ul>\n<li style=\"list-style-type: none\">\n<ul>\n<li>Ph\u00f9 h\u1ee3p v\u1edbi l\u00e0n da nh\u1ea1y c\u1ea3m c\u1ee7a tr\u1ebb<\/li>\n<\/ul>\n<\/li>\n<\/ul>\n<p>Gel r\u1eeda tay kh\u00f4 di\u1ec7t khu\u1ea9n cho b\u00e9 c\u00f3 kh\u1ea3 n\u0103ng s\u00e1t khu\u1ea9n c\u1ef1c m\u1ea1nh, ti\u00eau di\u1ec7t 99,99% c\u00e1c vi tr\u00f9ng th\u00f4ng th\u01b0\u1eddng c\u00f3 th\u1ec3 g\u00e2y b\u1ec7nh cho b\u1ea1n v\u00e0 gia \u0111\u00ecnh m\u00e0 kh\u00f4ng l\u00e0m kh\u00f4 da b\u1edfi c\u00f3 ch\u1ee9a th\u00e0nh ph\u1ea7n d\u01b0\u1ee1ng \u1ea9m v\u00e0 Vitamin E gi\u00fap da tay tr\u1edf n\u00ean m\u1ec1m m\u1ea1i h\u01a1n.<br \/>\nS\u1eed d\u1ee5ng: tr\u01b0\u1edbc v\u00e0 sau khi \u0103n, sau khi ho\u1ea1t \u0111\u1ed9ng ngo\u00e0i tr\u1eddi, \u0111i toilet c\u00f4ng c\u1ed9ng, sau khi \u1ea5n thang m\u00e1y<\/p>\n","protected":false},"excerpt":{"rendered":"<p>Gel r\u1eeda tay kh\u00f4 di\u1ec7t khu\u1ea9n cho b\u00e9 c\u00f3 kh\u1ea3 n\u0103ng s\u00e1t khu\u1ea9n c\u1ef1c m\u1ea1nh, ti\u00eau di\u1ec7t 99,99% c\u00e1c vi tr\u00f9ng th\u00f4ng th\u01b0\u1eddng c\u00f3 th\u1ec3 g\u00e2y b\u1ec7nh cho b\u1ea1n v\u00e0 gia \u0111\u00ecnh m\u00e0 kh\u00f4ng l\u00e0m kh\u00f4 da b\u1edfi c\u00f3 ch\u1ee9a th\u00e0nh ph\u1ea7n d\u01b0\u1ee1ng \u1ea9m v\u00e0 Vitamin E gi\u00fap da tay tr\u1edf n\u00ean m\u1ec1m m\u1ea1i h\u01a1n.<\/p>\n","protected":false},"featured_media":1809,"comment_status":"closed","ping_status":"closed","template":"","meta":[],"_links":{"self":[{"href":"https:\/\/korea.com.vn\/shop\/wp-json\/wp\/v2\/product\/4913"}],"collection":[{"href":"https:\/\/korea.com.vn\/shop\/wp-json\/wp\/v2\/product"}],"about":[{"href":"https:\/\/korea.com.vn\/shop\/wp-json\/wp\/v2\/types\/product"}],"replies":[{"embeddable":true,"href":"https:\/\/korea.com.vn\/shop\/wp-json\/wp\/v2\/comments?post=4913"}],"wp:featuredmedia":[{"embeddable":true,"href":"https:\/\/korea.com.vn\/shop\/wp-json\/wp\/v2\/media\/1809"}],"wp:attachment":[{"href":"https:\/\/korea.com.vn\/shop\/wp-json\/wp\/v2\/media?parent=4913"}],"curies":[{"name":"wp","href":"https:\/\/api.w.org\/{rel}","templated":true}]}}