{"id":4915,"date":"2020-11-30T13:05:44","date_gmt":"2020-11-30T06:05:44","guid":{"rendered":"https:\/\/korea.com.vn\/shop\/san-pham\/import-placeholder-for-4733\/"},"modified":"2020-12-21T11:09:24","modified_gmt":"2020-12-21T04:09:24","slug":"gel-rua-tay-kho-lemon-fresh-genie","status":"publish","type":"product","link":"https:\/\/korea.com.vn\/shop\/san-pham\/gel-rua-tay-kho-lemon-fresh-genie\/","title":{"rendered":"Gel r\u1eeda tay chanh LEMON FRESH"},"content":{"rendered":"<p>Gel R\u1eeda Tay Kh\u00f4 LEMON FRESH GENIE- Ch\u1ec9 3s s\u1ea1ch ngay vi khu\u1ea9n<br \/>\nChi\u1ebft xu\u1ea5t chanh \u0111\u1ea3o Jeju organic the m\u00e1t ng\u1eeboi l\u1edbn v\u00e0 tr\u1ebb con \u0111\u1ec1u d\u00f9ng \u0111\u01b0\u1ee3c di\u1ec7t 99,9% vi khu\u1ea9n.<br \/>\nDung d\u1ecbch r\u1eeda tay s\u00e1t khu\u1ea9n hi\u1ec7u qu\u1ea3 v\u00e0 an to\u00e0n, th\u00edch h\u1ee3p r\u1ee7a tay th\u01b0\u1eddng qui.<br \/>\nD\u01b0\u1ee1ng da m\u1ec1m m\u1ea1i , H\u01b0\u01a1ng th\u01a1m t\u1ef1 nhi\u00ean.<\/p>\n<p><img src=\"https:\/\/vyparisspa.vn\/uploads\/editer\/images\/86615308_1282935301890684_3983359722093805568_n.jpg\" alt=\"\" \/>\u200b<br \/>\n<strong>\u0110\u1eb7c \u0111i\u1ec3m n\u1ed5i b\u1eadt<\/strong><br \/>\n&#8211; Ch\u1ee9a 70% alcohol. L\u00e0 th\u00e0nh ph\u1ea7n c\u00f3 t\u00e1c d\u1ee5ng di\u1ec7t khu\u1ea9n t\u1ed1t<br \/>\n&#8211; C\u00f3 ch\u1ee9a h\u00e0m l\u01b0\u1ee3ng vitamin E l\u00e0m m\u1ec1m da<br \/>\n&#8211; Kh\u00f4ng ch\u1ee9a c\u00e1c ch\u1ea5t h\u00f3a h\u1ecdc g\u00e2y h\u1ea1i cho da hay cho s\u1ee9c kh\u1ecfe ng\u01b0\u1eddi s\u1eed d\u1ee5ng<br \/>\n&#8211; H\u01b0\u01a1ng chanh th\u01a1m m\u00e1t d\u1ec5 ch\u1ecbu.<br \/>\n<strong>H\u01b0\u1edbng d\u1eabn s\u1eed d\u1ee5ng:<\/strong><br \/>\ncho kho\u1ea3ng 6ml dung d\u1ecbch v\u00e0o l\u00f2ng b\u00e0n tay, xoa \u0111\u1ec1u b\u00e0n tay theo c\u00e1ch r\u1eeda tay th\u00f4ng th\u01b0\u1eddng, 15-30 gi\u00e2y sau tay s\u1ebd t\u1ef1 kh\u00f4 v\u00e0 s\u1ea1ch khu\u1ea9n, kh\u00f4ng c\u1ea7n r\u1eeda l\u1ea1i v\u1edbi n\u01b0\u1edbc.<\/p>\n","protected":false},"excerpt":{"rendered":"<p>Gel R\u1eeda Tay Kh\u00f4 LEMON FRESH GENIE- Ch\u1ec9 3s s\u1ea1ch ngay vi khu\u1ea9n Chi\u1ebft xu\u1ea5t chanh \u0111\u1ea3o Jeju organic the m\u00e1t ng\u1eeboi l\u1edbn v\u00e0 tr\u1ebb con \u0111\u1ec1u d\u00f9ng \u0111\u01b0\u1ee3c di\u1ec7t 99,9% vi khu\u1ea9n.<\/p>\n","protected":false},"featured_media":1813,"comment_status":"closed","ping_status":"closed","template":"","meta":[],"_links":{"self":[{"href":"https:\/\/korea.com.vn\/shop\/wp-json\/wp\/v2\/product\/4915"}],"collection":[{"href":"https:\/\/korea.com.vn\/shop\/wp-json\/wp\/v2\/product"}],"about":[{"href":"https:\/\/korea.com.vn\/shop\/wp-json\/wp\/v2\/types\/product"}],"replies":[{"embeddable":true,"href":"https:\/\/korea.com.vn\/shop\/wp-json\/wp\/v2\/comments?post=4915"}],"wp:featuredmedia":[{"embeddable":true,"href":"https:\/\/korea.com.vn\/shop\/wp-json\/wp\/v2\/media\/1813"}],"wp:attachment":[{"href":"https:\/\/korea.com.vn\/shop\/wp-json\/wp\/v2\/media?parent=4915"}],"curies":[{"name":"wp","href":"https:\/\/api.w.org\/{rel}","templated":true}]}}