{"id":4916,"date":"2020-11-30T13:05:44","date_gmt":"2020-11-30T06:05:44","guid":{"rendered":"https:\/\/korea.com.vn\/shop\/san-pham\/import-placeholder-for-4734\/"},"modified":"2020-12-21T11:10:29","modified_gmt":"2020-12-21T04:10:29","slug":"set-5-gel-rua-tay-kho-genie","status":"publish","type":"product","link":"https:\/\/korea.com.vn\/shop\/san-pham\/set-5-gel-rua-tay-kho-genie\/","title":{"rendered":"Set Gel r\u1eeda tay 5 chai 5 m\u00f9i GENIE"},"content":{"rendered":"<p>Set\u00a0Gel R\u1eeda Tay Kh\u00f4 Genie 5 m\u00f9i<br \/>\nS\u1ea0CH KHU\u1ea8N DA TAY -D\u1ecaU TH\u01a0M C\u1ea2 NG\u00c0Y Ph\u00f2ng b\u1ec7nh h\u01a1n ch\u1eefa b\u1ec7nh c\u00e1c x\u1ecb em \u01a1iii<br \/>\nK\u1ec3 c\u1ea3 ko c\u00f3 d\u1ecbch th\u00ec vi\u1ec7c b\u1ecf 1 chai n\u01b0\u1edbc r\u1eeda tay kh\u00f4 nh\u1ecf xinh nh\u01b0 n\u00e0y trong t\u00fai x\u00e1ch c\u0169ng l\u00e0 1 vi\u1ec7c v\u00f4 c\u00f9ng c\u1ea7n thi\u1ebft<br \/>\nset Gel r\u1eefa tay Genie l\u00e0 dung d\u1ecbch r\u1eeda tay d\u1ea1ng gel. Khi s\u1eed d\u1ee5ng n\u01b0\u1edbc r\u1eeda tay kh\u00f4 kh\u00f4ng c\u1ea7n r\u1eeda l\u1ea1i v\u1edbi n\u01b0\u1edbc, ch\u1ec9 c\u1ea7n cho v\u00e0i gi\u1ecdt v\u00e0o tay v\u00e0 thoa \u0111\u1ec1u trong v\u00f2ng 30 gi\u00e2y s\u1ebd th\u1ea5y c\u1ea3m gi\u00e1c m\u00e1t l\u1ea1nh \u0111\u00f4i b\u00e0n tay v\u00e0 h\u01b0\u01a1ng th\u01a1m nh\u1eb9 nh\u00e0ng l\u01b0u l\u1ea1i.<br \/>\nGel r\u1eeda tay kh\u00f4 tinh ch\u1ebf t\u1eeb c\u00e1c th\u00e0nh ph\u1ea7n t\u1ef1 nhi\u00ean (hoa, qu\u1ea3, s\u1eefa..) gi\u00fap di\u1ec7t vi khu\u1ea9n m\u1ea1nh m\u1ebd \u0111em l\u1ea1i b\u00e0n tay s\u1ea1ch s\u1ebd v\u1edbi h\u01b0\u01a1ng th\u01a1m quy\u1ebfn r\u0169, gi\u00fap di\u1ec7t khu\u1ea9n cho \u0111\u00f4i b\u00e0n tay c\u1ee7a m\u00ecnh tr\u01b0\u1edbc v\u00e0 sau khi \u0103n n\u1ebfu b\u1ea1n kh\u00f4ng c\u00f3 \u0111i\u1ec1u ki\u1ec7n r\u1eeda tay b\u1eb1ng n\u01b0\u1edbc. di\u1ec7t s\u1ea1ch 99,9% vi khu\u1ea9n kh\u00f4ng c\u1ea7n r\u1eeda l\u1ea1i v\u1edbi n\u01b0\u1edbc.<br \/>\n<img src=\"https:\/\/vyparisspa.vn\/uploads\/editer\/images\/8.jpg\" alt=\"\" \/>\u200b<br \/>\n\u0110\u01b0\u1ee3c nghi\u00ean c\u1ee9u \u0111\u1eb7c bi\u1ec7t \u0111\u1ec3 \u0111\u00e1p \u1ee9ng nhu c\u1ea7u ng\u01b0\u1eddi ti\u00eau d\u00f9ng. V\u1eeba d\u01b0\u1ee1ng \u1ea9m da tay, v\u1eeba di\u1ec7t vi khu\u1ea9n \u0111\u00e3 \u0111\u01b0\u1ee3c c\u1ea5p ph\u00e9p b\u1edfi S\u01a1\u0309 Y T\u1ebf H\u00e0n Qu\u1ed1c<br \/>\nTi\u00eau chu\u1ea9n gel r\u1eeda tay kh\u00f4 Genie \u0111\u01b0\u1ee3c \u0111\u1ea3m b\u1ea3o an to\u00e0n kh\u00f4ng g\u00e2y t\u00e1c d\u1ee5ng ph\u1ee5 hay bi\u1ebfn ch\u1ee9ng v\u1ec1 l\u00e0n da, v\u1edbi c\u00f4ng th\u1ee9c \u0111\u1eb7c bi\u1ec7t v\u00e0 ngu\u1ed3n nguy\u00ean li\u1ec7u cao c\u1ea5p t\u1ea1o ra nh\u1eefng tu\u00fdp gel r\u1eeda tay \u0111\u1ea1t ti\u00eau chu\u1ea9n t\u1ed1t nh\u1ea5t ch\u1ee9 ko ph\u1ea3i lo\u1ea1i th\u01a1m ph\u1ee9c nh\u01b0ng ko di\u1ec7t khu\u1ea9n \u0111\u01b0\u1ee3c nh\u01b0 m\u1ea5y lo\u1ea1i tr\u00ean th\u1ecb tr\u01b0\u1eddng \u0111\u00e2u \u1ea1<br \/>\n1 set c\u00f3 5 m\u00f9i h\u01b0\u01a1ng th\u1ecfa s\u1ee9c l\u1ef1a ch\u1ecdn , m\u1ed7i chai 50ml, ko t\u00e1ch l\u1ebb \u1ea1 cam, chanh, x\u1ea3, g\u1eebng, lavender<br \/>\nnC\u00e1ch s\u1eed d\u1ee5ng v\u00f4 c\u00f9ng \u0111\u01a1n gi\u1ea3n<\/p>\n<ul>\n<li style=\"list-style-type: none\">\n<ul>\n<li>\u00a0B\u01b0\u1edbc 1: Cho m\u1ed9t l\u01b0\u1ee3ng nh\u1ecf v\u1eeba \u0111\u1ee7 gel l\u00ean tay<\/li>\n<\/ul>\n<\/li>\n<\/ul>\n<ul>\n<li style=\"list-style-type: none\">\n<ul>\n<li>\u00a0B\u01b0\u1edbc 2: Thoa \u0111\u1ec1u kh\u1eafp tay trong kho\u1ea3ng 30 gi\u00e2y<\/li>\n<\/ul>\n<\/li>\n<\/ul>\n<ul>\n<li style=\"list-style-type: none\">\n<ul>\n<li>\u00a0B\u01b0\u1edbc 3: C\u1ea3m nh\u1eadn m\u00f9i h\u01b0\u01a1ng nh\u1eb9 nh\u00e0ng t\u1eeb \u0111\u00f4i b\u00e0n tay, ko c\u1ea7n r\u1eefa l\u1ea1i v\u1edbi n\u01b0\u1edbc<\/li>\n<\/ul>\n<\/li>\n<\/ul>\n","protected":false},"excerpt":{"rendered":"<p>Gel r\u1eeda tay kh\u00f4 tinh ch\u1ebf t\u1eeb c\u00e1c th\u00e0nh ph\u1ea7n t\u1ef1 nhi\u00ean (hoa, qu\u1ea3, s\u1eefa..) gi\u00fap di\u1ec7t vi khu\u1ea9n m\u1ea1nh m\u1ebd \u0111em l\u1ea1i b\u00e0n tay s\u1ea1ch s\u1ebd v\u1edbi h\u01b0\u01a1ng th\u01a1m quy\u1ebfn r\u0169, gi\u00fap di\u1ec7t khu\u1ea9n cho \u0111\u00f4i b\u00e0n tay c\u1ee7a m\u00ecnh tr\u01b0\u1edbc v\u00e0 sau khi \u0103n n\u1ebfu b\u1ea1n kh\u00f4ng c\u00f3 \u0111i\u1ec1u ki\u1ec7n r\u1eeda tay b\u1eb1ng n\u01b0\u1edbc. di\u1ec7t s\u1ea1ch 99,9% vi khu\u1ea9n kh\u00f4ng c\u1ea7n r\u1eeda l\u1ea1i v\u1edbi n\u01b0\u1edbc.<\/p>\n","protected":false},"featured_media":1815,"comment_status":"closed","ping_status":"closed","template":"","meta":[],"_links":{"self":[{"href":"https:\/\/korea.com.vn\/shop\/wp-json\/wp\/v2\/product\/4916"}],"collection":[{"href":"https:\/\/korea.com.vn\/shop\/wp-json\/wp\/v2\/product"}],"about":[{"href":"https:\/\/korea.com.vn\/shop\/wp-json\/wp\/v2\/types\/product"}],"replies":[{"embeddable":true,"href":"https:\/\/korea.com.vn\/shop\/wp-json\/wp\/v2\/comments?post=4916"}],"wp:featuredmedia":[{"embeddable":true,"href":"https:\/\/korea.com.vn\/shop\/wp-json\/wp\/v2\/media\/1815"}],"wp:attachment":[{"href":"https:\/\/korea.com.vn\/shop\/wp-json\/wp\/v2\/media?parent=4916"}],"curies":[{"name":"wp","href":"https:\/\/api.w.org\/{rel}","templated":true}]}}