{"id":4917,"date":"2020-11-30T13:05:45","date_gmt":"2020-11-30T06:05:45","guid":{"rendered":"https:\/\/korea.com.vn\/shop\/san-pham\/import-placeholder-for-4735\/"},"modified":"2020-12-21T10:33:44","modified_gmt":"2020-12-21T03:33:44","slug":"thai-doc-da-sunhee-mask","status":"publish","type":"product","link":"https:\/\/korea.com.vn\/shop\/san-pham\/thai-doc-da-sunhee-mask\/","title":{"rendered":"Th\u1ea3i \u0111\u1ed9c da  SUNHEE MASK"},"content":{"rendered":"<p>Detox SUNHEE cho da m\u1ed7i tu\u1ea7n \u0111\u1ec3 s\u1ea1ch m\u1ee5n s\u1ea1ch nh\u1eddn tr\u1eafng da t\u1ee9c th\u00ec sau 5 ph\u00fat<br \/>\nn\u0110\u00e0o th\u1ea3i to\u00e0n b\u1ed9 \u0111\u1ed9c t\u1ed1, t\u1ea1p ch\u1ea5t, d\u1ea7u th\u1eeba t\u00edch t\u1ee5 s\u00e2u d\u01b0\u1edbi da,<br \/>\nnPh\u1ee5c h\u1ed3i l\u00e0n da nh\u1ea1y c\u1ea3m, h\u00fat ch\u00ec, th\u1ee7y ng\u00e2n, tr\u1ecb da nhi\u1ec5m CORTICOID<br \/>\nnCh\u1ecb n\u00e0o da s\u1ea1m n\u00e1m, s\u1ea7n s\u00f9i, s\u1eed d\u1ee5ng qu\u00e1 nhi\u1ec1u m\u1ef9 ph\u1ea9m, s\u1eed d\u1ee5ng ph\u1ea3i kem tr\u1ed9n, m\u1ee5n \u1ea9n, m\u1ee5n \u0111\u1ea7u \u0111en, da l\u1eddn kem&#8230; th\u00ec \u0111\u1eebng bao gi\u1edd b\u1ecf qua tuy\u1ec7t ph\u1ea9m n\u00e0y nh\u00e9.<br \/>\n<img src=\"https:\/\/vyparisspa.vn\/uploads\/editer\/images\/70205973_769138603542076_4708529623917395968_n.jpg\" alt=\"\" \/>\u200b<\/p>\n<p>&#8211; C\u00f4ng th\u1ee9c t\u1ef1 \u0111\u00e0o th\u1ea3i \u0111\u1ed9c t\u1ed1 t\u1eeb carbon v\u00e0 \u0111\u00e1 kho\u00e1ng \u0111\u1ed9c quy\u1ec1n<br \/>\n-gi\u00fap thanh t\u1ea9y t\u1ebf b\u00e0o ch\u1ebft nh\u1eb9 nh\u00e0ng v\u00e0 hi\u1ec7u qu\u1ea3<br \/>\n&#8211; C\u00e1c h\u1ee3p ch\u1ea5t detox li ti ch\u1ee9a ho\u1ea1t t\u00ednh gi\u00fap detox da, l\u00e0m s\u1ea1ch b\u1ee5i b\u1ea9n, d\u1ea7u nh\u1eddn v\u00e0 h\u00f3a ch\u1ea5t t\u00edch t\u1ee5 l\u00e2u ng\u00e0y tr\u00ean da, gi\u00fap da tr\u1eafng m\u1ecbn r\u1ea1ng ng\u1eddi, c\u0103ng m\u1ecbn v\u00e0 t\u01b0\u01a1i s\u00e1ng ngay sau khi s\u1eed d\u1ee5ng.<br \/>\n<img src=\"https:\/\/vyparisspa.vn\/uploads\/editer\/images\/1a(1).jpg\" alt=\"\" \/><\/p>\n<p>&#8211; \u0110\u1ed9c t\u1ed1, b\u1ee5i b\u1ea9n tr\u00ean da c\u00e0ng nhi\u1ec1u, tinh ch\u1ea5t \u201cph\u1ea3n \u1ee9ng\u201d c\u00e0ng m\u1ea1nh v\u1edbi l\u1edbp da ch\u1ebft c\u00e0ng d\u00e0y, sau khi \u0111\u1ec3 5p r\u1eefa l\u1ea1i nh\u01b0 t\u00e1i sinh 1 l\u00e0n da m\u1edbi ho\u00e0n to\u00e0n<br \/>\n<img src=\"https:\/\/vyparisspa.vn\/uploads\/editer\/images\/qcccc.jpg\" alt=\"\" \/><img src=\"https:\/\/vyparisspa.vn\/uploads\/editer\/images\/qeee.jpg\" alt=\"\" \/><\/p>\n","protected":false},"excerpt":{"rendered":"<div class=\"clearfix box\">\n<div class=\"clearfix dcontent pdetail-quote\">\u0110\u00e0o th\u1ea3i to\u00e0n b\u1ed9 \u0111\u1ed9c t\u1ed1, t\u1ea1p ch\u1ea5t, d\u1ea7u th\u1eeba t\u00edch t\u1ee5 s\u00e2u d\u01b0\u1edbi da, Ph\u1ee5c h\u1ed3i l\u00e0n da nh\u1ea1y c\u1ea3m, h\u00fat ch\u00ec, th\u1ee7y ng\u00e2n, tr\u1ecb da nhi\u1ec5m CORTICOID<\/div>\n<\/div>\n","protected":false},"featured_media":1817,"comment_status":"closed","ping_status":"closed","template":"","meta":[],"_links":{"self":[{"href":"https:\/\/korea.com.vn\/shop\/wp-json\/wp\/v2\/product\/4917"}],"collection":[{"href":"https:\/\/korea.com.vn\/shop\/wp-json\/wp\/v2\/product"}],"about":[{"href":"https:\/\/korea.com.vn\/shop\/wp-json\/wp\/v2\/types\/product"}],"replies":[{"embeddable":true,"href":"https:\/\/korea.com.vn\/shop\/wp-json\/wp\/v2\/comments?post=4917"}],"wp:featuredmedia":[{"embeddable":true,"href":"https:\/\/korea.com.vn\/shop\/wp-json\/wp\/v2\/media\/1817"}],"wp:attachment":[{"href":"https:\/\/korea.com.vn\/shop\/wp-json\/wp\/v2\/media?parent=4917"}],"curies":[{"name":"wp","href":"https:\/\/api.w.org\/{rel}","templated":true}]}}