{"id":4919,"date":"2020-11-30T13:05:45","date_gmt":"2020-11-30T06:05:45","guid":{"rendered":"https:\/\/korea.com.vn\/shop\/san-pham\/import-placeholder-for-4737\/"},"modified":"2020-12-21T10:31:07","modified_gmt":"2020-12-21T03:31:07","slug":"may-day-tinh-chat-colling-bar","status":"publish","type":"product","link":"https:\/\/korea.com.vn\/shop\/san-pham\/may-day-tinh-chat-colling-bar\/","title":{"rendered":"M\u00e1y \u0111i\u1ec7n di l\u1ea1nh  COOLING BAR"},"content":{"rendered":"<p>M\u00e1y \u0111\u1ea9y tinh ch\u1ea5t Cooling bar &#8211; Se kh\u00edt l\u1ed7 ch\u00e2n l\u00f4ng ,Ch\u1ed1ng l\u00e3o ho\u00e1 ,T\u1ea1o m\u1eb7t Vline sau 15 ph\u00fat ngay t\u1ea1i nh\u00e0 ko c\u1ea7n \u0111i spa<\/p>\n<p>Gi\u00fap S\u0103n ch\u1eafc da m\u1eb7t ,\u0110\u1ea9y d\u01b0\u1ee1ng ch\u1ea5t v\u00e0o da g\u1ea5p 50 l\u1ea7n ,T\u0103ng s\u1ea3n sinh collagen ngay l\u1ea7n \u0111\u1ea7u s\u1eef d\u1ee5ng, em n\u00e0y c\u00f2n \u0111\u00e1nh tan b\u1ecdng m\u1eaft, n\u1ecdng c\u1eb1m, da c\u1ed5 ch\u1ea3y x\u1ec7 si\u00eau hay thi\u1ebft k\u1ebf nh\u1ecf g\u1ecdn, c\u1ea7m v\u1eeba tay, b\u1ec1 m\u1eb7t kim lo\u1ea1i cao c\u1ea5p \u00f4m s\u00e1t b\u1ec1 m\u1eb7t khi ti\u1ebfp x\u00fac v\u1edbi \u0111a, d\u1ec5 d\u00e0ng l\u00e0m s\u1ea1ch v\u00e0 v\u1ec7 sinh, \u0111em \u0111i \u0111\u00e2u c\u1ee7ng ti\u1ec7n<\/p>\n<p>C\u00f4ng d\u1ee5ng ch\u00ednh:<br \/>\n&#8211; Gi\u1ea3m s\u01b0ng, gi\u1ea3m \u0111au v\u00e0 l\u00e0m d\u1ecbu da m\u1ec7t m\u1ecfi da t\u1ea1o c\u1ea3m gi\u00e1c mat l\u1ea1nh, tho\u1ea3i m\u00e1i.<br \/>\n&#8211; Gi\u00fap da s\u0103n ch\u1eafc \u0111\u00e0n h\u1ed3i h\u01a1n, n\u0103ng c\u01a1 da, gi\u00fap tr\u1ebb h\u00f3a l\u00e0n da.<br \/>\n&#8211; Ch\u1ed1ng l\u00e3o h\u00f3a da hi\u1ec7u qu\u1ea3, h\u1ea1n ch\u1ebf xu\u1ea5t hi\u1ec7n c\u00e1c n\u1ebfp nh\u0103n hay da ch\u1ea3y x\u1ec7.<br \/>\n&#8211; Th\u01b0 gi\u00e3n t\u1ed1i \u0111a do thanh kim lo\u1ea1i \u0111em l\u1ea1i c\u1ea3m gi\u00e1c m\u00e1t l\u1ea1nh khi l\u0103n tr\u00ean da.<br \/>\n&#8211; Gi\u00fap se kh\u00edt l\u1ed7 ch\u00e2n l\u00f4ng, cho b\u1ec1 m\u1eb7t da l\u00e1ng m\u1ecbn.<\/p>\n","protected":false},"excerpt":{"rendered":"<p>Gi\u00fap S\u0103n ch\u1eafc da m\u1eb7t ,\u0110\u1ea9y d\u01b0\u1ee1ng ch\u1ea5t v\u00e0o da g\u1ea5p 50 l\u1ea7n ,T\u0103ng s\u1ea3n sinh collagen ngay l\u1ea7n \u0111\u1ea7u s\u1eef d\u1ee5ng, em n\u00e0y c\u00f2n \u0111\u00e1nh tan b\u1ecdng m\u1eaft, n\u1ecdng c\u1eb1m, da c\u1ed5 ch\u1ea3y x\u1ec7 si\u00eau hay thi\u1ebft k\u1ebf nh\u1ecf g\u1ecdn, c\u1ea7m v\u1eeba tay, b\u1ec1 m\u1eb7t kim lo\u1ea1i cao c\u1ea5p \u00f4m s\u00e1t b\u1ec1 m\u1eb7t khi ti\u1ebfp x\u00fac v\u1edbi \u0111a, d\u1ec5 d\u00e0ng l\u00e0m s\u1ea1ch v\u00e0 v\u1ec7 sinh, \u0111em \u0111i \u0111\u00e2u c\u1ee7ng ti\u1ec7n<\/p>\n","protected":false},"featured_media":1821,"comment_status":"closed","ping_status":"closed","template":"","meta":[],"_links":{"self":[{"href":"https:\/\/korea.com.vn\/shop\/wp-json\/wp\/v2\/product\/4919"}],"collection":[{"href":"https:\/\/korea.com.vn\/shop\/wp-json\/wp\/v2\/product"}],"about":[{"href":"https:\/\/korea.com.vn\/shop\/wp-json\/wp\/v2\/types\/product"}],"replies":[{"embeddable":true,"href":"https:\/\/korea.com.vn\/shop\/wp-json\/wp\/v2\/comments?post=4919"}],"wp:featuredmedia":[{"embeddable":true,"href":"https:\/\/korea.com.vn\/shop\/wp-json\/wp\/v2\/media\/1821"}],"wp:attachment":[{"href":"https:\/\/korea.com.vn\/shop\/wp-json\/wp\/v2\/media?parent=4919"}],"curies":[{"name":"wp","href":"https:\/\/api.w.org\/{rel}","templated":true}]}}