{"id":4920,"date":"2020-11-30T13:05:45","date_gmt":"2020-11-30T06:05:45","guid":{"rendered":"https:\/\/korea.com.vn\/shop\/san-pham\/import-placeholder-for-4738\/"},"modified":"2020-12-21T10:42:21","modified_gmt":"2020-12-21T03:42:21","slug":"mat-na-mat-genie","status":"publish","type":"product","link":"https:\/\/korea.com.vn\/shop\/san-pham\/mat-na-mat-genie\/","title":{"rendered":"Mask m\u1eaft  HYDROGEL EYE PATCH"},"content":{"rendered":"<p>Xu\u1ea5t x\u1ee9 c\u1ee7a M\u1eb7t n\u1ea1 tr\u1ecb qu\u1ea7ng th\u00e2m m\u1eaft Genie Demar87 Cell Hydrogel Eye Patch.<br \/>\nM\u1eb7t n\u1ea1 tr\u1ecb qu\u1ea7ng th\u00e2m m\u1eaft Genie Demar87 Cell Hydrogel Eye Patch h\u1ed9p 60 mi\u1ebfng l\u00e0 m\u1ed9t s\u1ea3n ph\u1ea9m c\u1ee7a h\u00e3ng m\u1ef9 ph\u1ea9m Genie c\u1ee7a H\u00e0n Qu\u1ed1c. Genie l\u00e0 h\u00e3ng m\u1ef9 ph\u1ea9m h\u00e0ng \u0111\u1ea7u H\u00e0n Qu\u1ed1c chuy\u00ean s\u1ea3n xu\u1ea5t c\u00e1c lo\u1ea1i m\u1ef9 ph\u1ea9m trong \u0111\u00f3 c\u00f3 m\u1eb7t n\u1ea1 tr\u1ecb qu\u1ea7ng th\u00e2m m\u1eaft. M\u1eb7t n\u1ea1 tr\u1ecb qu\u1ea7ng th\u00e2m m\u1eaft Genie h\u1ed9p 60 mi\u1ebfng \u0111\u01b0\u1ee3c s\u1ea3n xu\u1ea5t t\u1ea1i H\u00e0n Qu\u1ed1c Nh\u01b0 \u0111\u00e3 bi\u1ebft, \u0111\u1ea5t n\u01b0\u1edbc H\u00e0n Qu\u1ed1c c\u00f3 n\u1ec1n c\u00f4ng nghi\u1ec7p s\u1ea3n xu\u1ea5t m\u1ef9 ph\u1ea9m r\u1ea5t ph\u00e1t tri\u1ec3n.<br \/>\nTrong \u0111\u00f3 th\u00ec h\u00e3ng Genie l\u1ea1i l\u00e0 h\u00e3ng c\u00f3 \u0111\u1ea7u t\u01b0 r\u1ea5t l\u1edbn v\u00e0o nh\u1eefng s\u1ea3n ph\u1ea9m m\u1ef9 ph\u1ea9m c\u00f3 ngu\u1ed3n g\u1ed1c th\u1ea3o d\u01b0\u1ee3c an to\u00e0n cho s\u1ee9c kh\u1ecfe. Genie lu\u00f4n ch\u00fa tr\u1ecdng \u0111\u1ea7u t\u01b0 v\u00e0o d\u00e2y truy\u1ec1n c\u00f4ng ngh\u1ec7 s\u1ea3n xu\u1ea5t hi\u1ec7n \u0111\u1ea1i, \u1ee9ng d\u1ee5ng nh\u1eefng ti\u1ebfn b\u1ed9 khoa h\u1ecdc k\u1ef9 thu\u1eadt m\u1edbi nh\u1ea5t v\u00e0o s\u1ea3n xu\u1ea5t. C\u00e1c chuy\u00ean gia c\u1ee7a genie lu\u00f4n nghi\u00ean c\u1ee9u m\u1ed9t c\u00e1ch nghi\u00eam t\u00fac, c\u1ea9n tr\u1ecdng \u0111\u1ec3 t\u1ea1o ra nh\u1eefng s\u1ea3n ph\u1ea9m mang l\u1ea1i ch\u1ea5t l\u01b0\u1ee3ng cao cho ng\u01b0\u1eddi ti\u00eau d\u00f9ng. S\u1ea3n ph\u1ea9m m\u1eb7t n\u1ea1 tr\u1ecb qu\u1ea7ng th\u00e2m m\u1eaft Genie h\u1ed9p 60 mi\u1ebfng c\u1ee7a Genie hi\u1ec7n \u0111ang \u0111\u01b0\u1ee3c s\u0103n l\u00f9ng b\u1edfi c\u00e1c qu\u00fd c\u00f4 s\u00e0nh \u0111i\u1ec7u. Kh\u00f4ng ch\u1ec9 \u1edf H\u00e0n Qu\u1ed1c m\u00e0 \u1edf c\u00e1c qu\u1ed1c gia kh\u00e1c tr\u00ean th\u1ebf gi\u1edbi th\u00ec s\u1ea3n ph\u1ea9m n\u00e0y \u0111\u1ec1u lu\u00f4n \u0111\u01b0\u1ee3c \u0111\u00f3n nh\u1eadn nhi\u1ec7t t\u00ecnh. \u1ede Vi\u1ec7t Nam c\u0169ng v\u1eady, s\u1ed1 l\u01b0\u1ee3ng qu\u00fd c\u00f4 t\u00ecm \u0111\u1ebfn v\u1edbi d\u00f2ng s\u1ea3n ph\u1ea9m m\u1eb7t n\u1ea1 tr\u1ecb qu\u1ea7ng th\u00e2m m\u1eaft Genie h\u1ed9p 60 mi\u1ebfng c\u00e0ng ng\u00e0y c\u00e0ng nhi\u1ec1u.<\/p>\n<p><strong>TH\u00c0NH PH\u1ea6N:<\/strong><br \/>\nM\u1eb7t n\u1ea1 tr\u1ecb qu\u1ea7ng th\u00e2m m\u1eaft Genie Demar87 Cell Hydrogel Eye Patch h\u1ed9p 60 mi\u1ebfng \u0111\u01b0\u1ee3c t\u1ea1o n\u00ean t\u1eeb c\u00e1c th\u00e0nh ph\u1ea7n sau:<br \/>\n+ Tinh ch\u1ea5t Collagen. \u0110\u00e2y l\u00e0 th\u00e0nh ph\u1ea7n chi\u1ebfm t\u1ec9 l\u1ec7 l\u1edbn trong m\u1eb7t n\u1ea1 tr\u1ecb qu\u1ea7ng th\u00e2m m\u1eaft Genie h\u1ed9p 60 mi\u1ebfng. Tinh ch\u1ea5t Collagen c\u00f3 trong m\u1eb7t n\u1ea1i tr\u1ecb qu\u1ea7ng th\u00e2m Genie c\u0169ng gi\u1ed1ng nh\u01b0 Collagen th\u00f4ng th\u01b0\u1eddng nh\u01b0ng h\u00e0m l\u01b0\u1ee3ng Collagen nhi\u1ec1u h\u01a1n, \u0111\u1eadm \u0111\u1eb7c h\u01a1n. Tinh ch\u1ea5t n\u00e0y gi\u00fap cho v\u00f9ng da quanh m\u1eaft \u0111\u00e0n h\u1ed3i t\u1ed1t h\u01a1n, c\u0103ng m\u1ecbn h\u01a1n, s\u0103n ch\u1eafc h\u01a1n.<br \/>\n+ Rong bi\u1ec3n. Trong rong bi\u1ec3n ch\u1ee9a nhi\u1ec1u Vitamin nh\u01b0 Vitamin A, Vitamin B, Vitamin C, Vitamin E\u2026 \u0110\u00e2y \u0111\u1ec1u l\u00e0 nh\u1eefng ch\u1ea5t r\u1ea5t t\u1ed1t cho vi\u1ec7c nu\u00f4i d\u01b0\u1ee1ng v\u00e0 ch\u0103m s\u00f3c da m\u1eb7t c\u0169ng nh\u01b0 \u0111\u00e0o th\u1ea3i ch\u1ea5t \u0111\u1ed9c. Vitamin A gi\u00fap cho \u0111\u00f4i m\u1eaft s\u00e1ng th\u00eam kh\u1ecfe m\u1ea1nh. Vitamin B gi\u00fap cho vi\u1ec7c \u0111\u00e0o th\u1ea3i ch\u1ea5t \u0111\u1ed9c \u0111\u01b0\u1ee3c t\u1ed1t h\u01a1n, x\u00f3a \u0111i c\u00e1c v\u1ebft th\u00e2m n\u00e1m, s\u1ea1m quanh m\u1eaft. V\u1edbi Vitamin C, l\u01b0\u1ee3ng h\u1eafc t\u1ed1 da melanin s\u1ebd \u0111\u01b0\u1ee3c \u1ed5n \u0111\u1ecbnh gi\u00fap cho da s\u00e1ng h\u01a1n, \u0111\u1ec1u m\u00e0u h\u01a1n.<br \/>\n+ Vitamin E. Vitamin E c\u00f3 t\u00e1c d\u1ee5ng r\u1ea5t t\u1ed1t \u0111\u1ed1i v\u1edbi l\u00e0n da. \u0110\u00f3 l\u00e0 t\u00e1c d\u1ee5ng ch\u1ed1ng l\u00e3o h\u00f3a, tr\u1ecb th\u00e2m, l\u00e0m tr\u1eafng da, d\u01b0\u1ee1ng \u1ea9m cho da, b\u1ea3o v\u1ec7 v\u00e0 ph\u1ee5c h\u1ed3i da L\u00f4 h\u1ed9i v\u00e0 Glycerin. \u0110\u00e2y l\u00e0 hai th\u00e0nh ph\u1ea7n \u0111\u1ea3m nhi\u1ec7m tr\u1ecdng tr\u00e1ch quan tr\u1ecdng \u0111\u1ed1i v\u1edbi l\u00e0n da c\u00f3 trong m\u1eb7t n\u1ea1 tr\u1ecb qu\u1ea7ng th\u00e2m m\u1eaft Genie. \u0110\u00f3 l\u00e0 nhi\u1ec7m v\u1ee5 cung c\u1ea5p \u0111\u1ed9 \u1ea9m c\u1ea7n thi\u1ebft cho v\u00f9ng da quanh m\u1eaft, gi\u00fap cho v\u00f9ng da n\u00e0y lu\u00f4n m\u1ec1m m\u1ecbn, m\u01b0\u1edbt m\u00e1t. Hyaluronic Acid. Lo\u1ea1i Acid n\u00e0y c\u00f3 t\u00e1c d\u1ee5ng c\u00e2n b\u1eb1ng c\u00e1c th\u00e0nh ph\u1ea7n c\u00f3 trong m\u1eb7t n\u1ea1 tr\u1ecb qu\u1ea7ng th\u00e2m m\u1eaft Genie, gi\u00fap cho c\u00e1c th\u00e0nh ph\u1ea7n n\u00e0y ph\u00e1t huy t\u00e1c d\u1ee5ng t\u1ed1i \u0111a.<\/p>\n<p><strong>C\u00d4NG D\u1ee4NG:<\/strong><br \/>\nC\u00f4ng d\u1ee5ng M\u1eb7t n\u1ea1 tr\u1ecb qu\u1ea7ng th\u00e2m m\u1eaft Genie Demar87 Cell. M\u1eb7t n\u1ea1 tr\u1ecb qu\u1ea7ng th\u00e2m m\u1eaft Genie h\u1ed9p 60 mi\u1ebfng c\u00f3 c\u00e1c c\u00f4ng d\u1ee5ng sau:<br \/>\n+ Tr\u1ecb qu\u1ea7ng th\u00e2m m\u1eaft. \u0110\u00e2y l\u00e0 c\u00f4ng d\u1ee5ng ch\u00ednh m\u00e0 m\u1eb7t n\u1ea1 tr\u1ecb qu\u1ea7ng th\u00e2m m\u1eaft Genie h\u1ed9p 60 mi\u1ebfng mang l\u1ea1i cho ph\u00e1i \u0111\u1eb9p. C\u00e1c nguy\u00ean nh\u00e2n c\u1ee7a qu\u1ea7ng th\u00e2m d\u00f9 l\u00e0 kh\u00e1c nhau, \u0111\u1ed9 th\u00e2m kh\u00e1c nhau nh\u01b0ng khi s\u1eed d\u1ee5ng m\u1eb7t n\u1ea1 tr\u1ecb qu\u1ea7ng th\u00e2m m\u1eaft Genie h\u1ed9p 60 mi\u1ebfng \u0111\u1ec1u c\u00f3 hi\u1ec7u qu\u1ea3. M\u1eb7t n\u1ea1 tr\u1ecb qu\u1ea7ng th\u00e2m m\u1eaft Genie s\u1ebd \u0111\u00e1nh bay qu\u1ea7ng th\u00e2m \u0111\u00f3 \u0111\u1ec3 tr\u1ea3 l\u1ea1i cho qu\u00fd c\u00f4 m\u1ed9t v\u00f9ng da quanh m\u1eaft s\u00e1ng \u0111\u1eb9p m\u1ecbn m\u00e0ng.<br \/>\n+ X\u00f3a tan n\u1ebfp nh\u0103n quanh m\u1eaft. Nh\u1eefng n\u1ebfp nh\u0103n, v\u1ebft ch\u00e2n chim n\u01a1i \u0111u\u00f4i m\u1eaft h\u00ecnh th\u00e0nh do th\u1eddi gian s\u1ebd \u0111\u01b0\u1ee3c m\u1eb7t n\u1ea1 tr\u1ecb qu\u1ea7ng th\u00e2m m\u1eaft Genie h\u1ed9p 60 mi\u1ebfng \u201cl\u00e0\u201d ph\u1eb3ng. Collagen c\u00f3 trong m\u1eb7t n\u1ea1 tr\u1ecb qu\u1ea7ng th\u00e2m m\u1eaft Genie gi\u00fap ch\u1ed1ng l\u1ea1i c\u00e1c d\u1ea5u hi\u1ec7u l\u00e3o h\u00f3a nh\u01b0 n\u1ebfp nh\u0103n, v\u1ebft ch\u00e2n chim. V\u00f9ng da quanh m\u1eaft s\u1ebd tr\u1edf n\u00ean s\u0103n ch\u1eafc h\u01a1n, m\u1ecbn m\u00e0ng h\u01a1n, t\u01b0\u01a1i tr\u1ebb h\u01a1n r\u1ea5t nhi\u1ec1u. Tr\u1ebb h\u00f3a v\u1edbi c\u00e1c th\u00e0nh ph\u1ea7n t\u1eeb Collagen v\u00e0 Vitamin E lu\u00f4n l\u00e0 c\u00e1ch th\u00f4ng minh v\u00e0 hi\u1ec7u qu\u1ea3 nh\u1ea5t m\u00e0 ph\u00e1i \u0111\u1eb9p tin d\u00f9ng.<br \/>\n+ \u201cL\u00e0\u201d ph\u1eb3ng b\u1ecdng m\u1eaft. V\u1edbi nh\u1eefng b\u1ecdng m\u1eaft h\u00ecnh th\u00e0nh \u1edf v\u00f9ng da d\u01b0\u1edbi m\u1eaft m\u1eb7t n\u1ea1 tr\u1ecb qu\u1ea7ng th\u00e2m m\u1eaft Genie h\u1ed9p 60 mi\u1ebfng c\u0169ng c\u00f3 th\u1ec3 \u201cl\u00e0\u201d ph\u1eb3ng, \u0111\u00e1nh bay. \u0110\u00e2y l\u00e0 c\u00f4ng d\u1ee5ng m\u00e0 c\u00e1c th\u00e0nh ph\u1ea7n nh\u01b0 Collagen, Vitamin E c\u00f3 h\u00e0m l\u01b0\u1ee3ng cao trong m\u1eb7t n\u1ea1 tr\u1ecb qu\u1ea7ng th\u00e2m m\u1eaft Genie mang l\u1ea1i. Gi\u00fap da tr\u1eafng s\u00e1ng v\u00e0 \u0111\u1ec1u m\u00e0u. M\u1eb7t n\u1ea1 tr\u1ecb qu\u1ea7ng th\u00e2m m\u1eaft Genie h\u1ed9p 60 mi\u1ebfng c\u00f3 t\u00e1c d\u1ee5ng gi\u00fap cho v\u00f9ng da quanh m\u1eaft \u0111\u01b0\u1ee3c c\u1ea3i thi\u1ec7n r\u00f5 r\u1ec7t, tr\u1eafng s\u00e1ng h\u01a1n v\u00e0 \u0111\u1ec1u m\u00e0u h\u01a1n.<\/p>\n<p><strong>H\u01af\u1edaNG D\u1eaaN S\u1eec D\u1ee4NG:<\/strong><br \/>\nH\u01b0\u1edbng d\u1eabn s\u1eed d\u1ee5ng v\u00e0 b\u1ea3o qu\u1ea3n M\u1eb7t n\u1ea1 tr\u1ecb qu\u1ea7ng th\u00e2m m\u1eaft Genie Demar87 Cell Hydrogel Eye Patch.<br \/>\n\u0110\u1ec3 s\u1ea3n ph\u1ea9m M\u1eb7t n\u1ea1 tr\u1ecb qu\u1ea7ng th\u00e2m m\u1eaft Genie h\u1ed9p 60 mi\u1ebfng \u0111\u1ea1t hi\u1ec7u qu\u1ea3 cao c\u1ea7n th\u1ef1c hi\u1ec7n \u0111\u1eafp m\u1eb7t n\u1ea1 v\u00e0o bu\u1ed5i t\u1ed1i. N\u00ean s\u1eed d\u1ee5ng s\u1ea3n ph\u1ea9m theo h\u01b0\u1edbng d\u1eabn, theo \u0111\u00fang quy tr\u00ecnh nh\u01b0 sau: R\u1eeda s\u1ea1ch m\u1eb7t v\u00e0 v\u00f9ng da quanh m\u1eaft. Ch\u00fa \u00fd v\u1edbi v\u00f9ng da quanh m\u1eaft l\u00e0 v\u00f9ng da m\u1ecfng v\u00e0 nh\u1ea1y c\u1ea3m v\u00ec v\u1eady n\u00ean s\u1eed d\u1ee5ng nh\u1eefng lo\u1ea1i s\u1eefa r\u1eeda m\u1eb7t kh\u00f4ng ch\u1ee9a c\u1ed3n \u0111\u1ec3 b\u1ea3o v\u1ec7 v\u00f9ng da \u0111\u00f3. \u0110\u1eafp m\u1eb7t n\u1ea1 tr\u1ecb qu\u1ea7ng th\u00e2m m\u1eaft Genie h\u1ed9p 60 mi\u1ebfng v\u1eeba \u0111\u1ee7 l\u00ean v\u00f9ng da quanh m\u1eaft. Sau \u0111\u00f3 massage nh\u1eb9 nh\u00e0ng v\u00f9ng da quanh m\u1eaft, \u0111\u1eb7c bi\u1ec7t l\u00e0 ph\u1ea7n \u0111u\u00f4i m\u1eaft v\u00e0 b\u1ecdng m\u1eaft. \u0110\u1ec3 y\u00ean kho\u1ea3ng 30 ph\u00fat cho c\u00e1c tinh ch\u1ea5t c\u00f3 trong m\u1eb7t n\u1ea1 tr\u1ecb qu\u1ea7ng th\u00e2m th\u1ea5m s\u00e2u v\u00e0o c\u00e1c t\u1ebf b\u00e0o. Sau c\u00f9ng n\u00ean thoa m\u1ed9t l\u1edbp kem d\u01b0\u1ee1ng da d\u00e0nh ri\u00eang cho m\u1eaft \u0111\u1ec3 ch\u0103m s\u00f3c \u0111\u00f4i m\u1eaft m\u1ed9t c\u00e1ch to\u00e0n di\u1ec7n. H\u01b0\u1edbng d\u1eabn b\u1ea3o qu\u1ea3n H\u01b0\u1edbng d\u1eabn b\u1ea3o qu\u1ea3n M\u1eb7t n\u1ea1 tr\u1ecb qu\u1ea7ng th\u00e2m m\u1eaft Genie Demar87 Cell Hydrogel Eye Patch c\u1ea7n \u0111\u01b0\u1ee3c \u0111\u1ec3 \u1edf n\u01a1i kh\u00f4 r\u00e1o tho\u00e1ng m\u00e1t. Tr\u00e1nh \u00e1nh n\u1eafng chi\u1ebfu tr\u1ef1c ti\u1ebfp v\u00e0o s\u1ea3n ph\u1ea9m c\u0169ng nh\u01b0 \u0111\u1ed9 \u1ea9m qu\u00e1 cao s\u1ebd khi\u1ebfn s\u1ea3n ph\u1ea9m k\u00e9m ch\u1ea5t l\u01b0\u1ee3ng. Sau m\u1ed7i l\u1ea7n s\u1eed d\u1ee5ng c\u1ea7n \u0111\u1eady n\u1eafp s\u1ea3n ph\u1ea9m c\u1ea9n th\u1eadn, tr\u00e1nh h\u1edf n\u1eafp d\u1ec5 l\u00e0m \u1ea3nh h\u01b0\u1edfng \u0111\u1ebfn ch\u1ea5t l\u01b0\u1ee3ng s\u1ea3n ph\u1ea9m.<br \/>\n\u0110\u1ec3 xa t\u1ea7m tay tr\u1ebb em. Tr\u00e1nh kh\u00f4ng \u0111\u01b0\u1ee3c \u0111\u1ec3 tr\u1ebb em ti\u1ebfp x\u00fac v\u1edbi s\u1ea3n ph\u1ea9m b\u1edfi c\u00e1c b\u00e9 c\u00f2n nh\u1ecf ch\u01b0a \u00fd th\u1ee9c \u0111\u01b0\u1ee3c h\u1ebft nh\u1eefng nguy hi\u1ec3m c\u00f3 th\u1ec3 x\u1ea3y ra.<br \/>\n\u0110\u00f4i m\u1eaft l\u00e0 c\u1eeda s\u1ed5 c\u1ee7a t\u00e2m h\u1ed3n, l\u00e0 n\u01a1i \u0111\u1ec3 nh\u00ecn v\u00e0 c\u1ea3m nh\u1eadn th\u1ebf gi\u1edbi xung quanh t\u01b0\u01a1i \u0111\u1eb9p. V\u00ec v\u1eady m\u00e0 c\u1ea7n ch\u0103m s\u00f3c \u0111\u00f4i m\u1eaft v\u00e0 v\u00f9ng da quanh m\u1eaft th\u1eadt k\u1ef9 \u0111\u1ec3 c\u00f3 m\u1ed9t \u0111\u00f4i m\u1eaft kh\u1ecfe, \u0111\u1eb9p, c\u00f3 m\u1ed9t cu\u1ed9c s\u1ed1ng h\u1ea1nh ph\u00fac, vui t\u01b0\u01a1i. S\u1eed d\u1ee5ng s\u1ea3n ph\u1ea9m m\u1eb7t n\u1ea1 tr\u1ecb qu\u1ea7ng th\u00e2m m\u1eaft Genie h\u1ed9p 60 mi\u1ebfng \u0111\u1ec3 v\u00f9ng da quanh m\u1eaft \u0111\u01b0\u1ee3c s\u0103n ch\u1eafc c\u0103ng m\u1ecbn, tr\u1eafng s\u00e1ng v\u00e0 \u0111\u1ec1u m\u00e0u. T\u00e1c d\u1ee5ng t\u00f9y thu\u1ed9c v\u00e0o c\u01a1 \u0111\u1ecba t\u1eebng ng\u01b0\u1eddi<\/p>\n","protected":false},"excerpt":{"rendered":"<div class=\"clearfix box\">S\u1ea3n ph\u1ea9m m\u1eb7t n\u1ea1 tr\u1ecb qu\u1ea7ng th\u00e2m m\u1eaft Genie h\u1ed9p 60 mi\u1ebfng c\u1ee7a Genie hi\u1ec7n \u0111ang \u0111\u01b0\u1ee3c s\u0103n l\u00f9ng b\u1edfi c\u00e1c qu\u00fd c\u00f4 s\u00e0nh \u0111i\u1ec7u. Kh\u00f4ng ch\u1ec9 \u1edf H\u00e0n Qu\u1ed1c m\u00e0 \u1edf c\u00e1c qu\u1ed1c gia kh\u00e1c tr\u00ean th\u1ebf gi\u1edbi th\u00ec s\u1ea3n ph\u1ea9m n\u00e0y \u0111\u1ec1u lu\u00f4n \u0111\u01b0\u1ee3c \u0111\u00f3n nh\u1eadn nhi\u1ec7t t\u00ecnh. \u1ede Vi\u1ec7t Nam c\u0169ng v\u1eady, s\u1ed1 l\u01b0\u1ee3ng qu\u00fd c\u00f4 t\u00ecm \u0111\u1ebfn v\u1edbi d\u00f2ng s\u1ea3n ph\u1ea9m m\u1eb7t n\u1ea1 tr\u1ecb qu\u1ea7ng th\u00e2m m\u1eaft Genie h\u1ed9p 60 mi\u1ebfng c\u00e0ng ng\u00e0y c\u00e0ng nhi\u1ec1u.<\/div>\n","protected":false},"featured_media":1823,"comment_status":"closed","ping_status":"closed","template":"","meta":[],"_links":{"self":[{"href":"https:\/\/korea.com.vn\/shop\/wp-json\/wp\/v2\/product\/4920"}],"collection":[{"href":"https:\/\/korea.com.vn\/shop\/wp-json\/wp\/v2\/product"}],"about":[{"href":"https:\/\/korea.com.vn\/shop\/wp-json\/wp\/v2\/types\/product"}],"replies":[{"embeddable":true,"href":"https:\/\/korea.com.vn\/shop\/wp-json\/wp\/v2\/comments?post=4920"}],"wp:featuredmedia":[{"embeddable":true,"href":"https:\/\/korea.com.vn\/shop\/wp-json\/wp\/v2\/media\/1823"}],"wp:attachment":[{"href":"https:\/\/korea.com.vn\/shop\/wp-json\/wp\/v2\/media?parent=4920"}],"curies":[{"name":"wp","href":"https:\/\/api.w.org\/{rel}","templated":true}]}}