{"id":4923,"date":"2020-11-30T13:05:58","date_gmt":"2020-11-30T06:05:58","guid":{"rendered":"https:\/\/korea.com.vn\/shop\/san-pham\/import-placeholder-for-4740\/"},"modified":"2020-12-21T10:54:18","modified_gmt":"2020-12-21T03:54:18","slug":"vien-uong-no-nguc-genie-boom-fat-yline-plus","status":"publish","type":"product","link":"https:\/\/korea.com.vn\/shop\/san-pham\/vien-uong-no-nguc-genie-boom-fat-yline-plus\/","title":{"rendered":"Vi\u00ean u\u1ed1ng n\u1edf ng\u1ef1c Genie  BOOM FAT YLINE PLUS"},"content":{"rendered":"<p><strong>Vi\u00ean u\u1ed1ng n\u1edf ng\u1ef1c Genie Boom Fat Yline Plus 60 vi\u00ean H\u00e0n Qu\u1ed1c<\/strong><br \/>\n&#8211; Nu\u00f4i d\u01b0\u1ee1ng b\u1ea7u ng\u1ef1c c\u0103ng tr\u00f2n.<br \/>\n&#8211; Mang l\u1ea1i b\u1ea7u ng\u1ef1c s\u0103n ch\u1eafc v\u1edbi \u0111\u01b0\u1eddng r\u00e3nh t\u1ef1 nhi\u00ean.<br \/>\n&#8211; S\u1ea3n ph\u1ea9m an to\u00e0n cho s\u1ee9c kh\u1ecfe \u0111\u00e3 \u0111\u01b0\u1ee3c x\u00e1c nh\u1eadn b\u1edfi b\u1ed9 Y t\u1ebf H\u00e0n Qu\u1ed1c v\u00e0 FDA Hoa K\u1ef3.<\/p>\n<p><em><strong>GI\u1edaI THI\u1ec6U VI\u00caN U\u1ed0NG N\u1ede NG\u1ef0C GENIE BOOM FAT YLINE 60 VI\u00caN H\u00c0N QU\u1ed0C<\/strong><\/em><br \/>\n&#8211; Ch\u1eafc c\u00f3 l\u1ebd c\u00e1c ch\u1ecb em ph\u1ee5 n\u1eef ai c\u0169ng bi\u1ebft m\u1ed9t \u0111i\u1ec1u r\u1eb1ng, khi s\u1edf h\u1eefu v\u00f2ng 1 c\u0103ng tr\u00f2n h\u1ecd s\u1ebd lu\u00f4n c\u1ea3m th\u1ea5y t\u1ef1 tin h\u01a1n v\u00e0 cu\u1ed1n h\u00fatv\u1edbi ng\u01b0\u1eddi \u0111\u1ed1i di\u1ec7n. \u0110i\u1ec1u n\u00e0y n\u00f3 kh\u00f4ng ho\u00e0n to\u00e0n t\u1ef1 nhi\u00ean v\u1edbi nhi\u1ec1u ng\u01b0\u1eddi b\u1edfi l\u1ebd ch\u1eb3ng ph\u1ea3i ai sinh ra \u0111\u00e3 mang trong m\u00ecnh l\u1ee3i th\u1ebf \u0111\u00f3.<br \/>\n&#8211; Vi\u00ean u\u1ed1ng n\u1edf ng\u1ef1c Genie Boom Fat Yline 60 vi\u00ean c\u1ee7a H\u00e0n Qu\u1ed1c chi\u1ebft xu\u1ea5t t\u1eeb th\u00e0nh ph\u1ea7n thi\u00ean nhi\u00ean, k\u00edch th\u00edch b\u1ea7u ng\u1ef1c ph\u00e1t tri\u1ec3n t\u1ef1 nhi\u00ean, c\u0103ng tr\u00f2n, s\u0103n ch\u1eafc. S\u1ea3n ph\u1ea9m gi\u00fap t\u0103ng k\u00edch th\u01b0\u1edbc v\u00f2ng 1, \u0111\u1ed3ng th\u1eddi ph\u1ee5c h\u1ed3i \u0111\u1ed9 s\u0103n ch\u1eafc cho ph\u1ee5 n\u1eef sau sinh, \u1ed5n \u0111\u1ecbnh n\u1ed9i ti\u1ebft, \u0111i\u1ec1u h\u00f2a kinh nguy\u1ec7t l\u00e0m \u0111\u1eb9p da.<\/p>\n<p><em><strong>C\u00d4NG D\u1ee4NG C\u1ee6A VI\u00caN U\u1ed0NG N\u1ede NG\u1ef0C GENIE BOOM FAT YLINE 60 VI\u00caN H\u00c0N QU\u1ed0C<\/strong><\/em><br \/>\nNh\u1edd s\u1ef1 k\u1ebft h\u1ee3p ho\u00e0n h\u1ea3o t\u1eeb c\u00e1c th\u00e0nh ph\u1ea7n \u0111\u00e3 mang l\u1ea1i s\u1ef1 \u0111a d\u1ea1ng trong t\u00e1c d\u1ee5ng c\u1ee7a s\u1ea3n ph\u1ea9m. C\u00f3 th\u1ec3 \u0111i\u1ec3m qua nh\u01b0:<br \/>\n&#8211; Gi\u00fap h\u1ed7 tr\u1ee3 k\u00edch th\u00edch t\u1ebf b\u00e0o v\u00f9ng ng\u1ef1c c\u00f3 th\u1ec3 ph\u00e1t tri\u1ec3n \u0111\u1ec1u \u0111\u1eb7n h\u01a1n.<br \/>\n&#8211; C\u00f3 th\u1ec3 c\u1ea3i thi\u1ec7n k\u00edch th\u01b0\u1edbc v\u00f9ng ng\u1ef1c s\u0103n ch\u1eafc h\u01a1n ch\u1ec9 sau 2 tu\u1ea7n.<br \/>\n&#8211; Gi\u00fap v\u00f9ng da quanh ng\u1ef1c tr\u1edf n\u00ean m\u1ecbn m\u00e0ng, c\u0103ng tr\u00f2n v\u00e0 s\u0103n ch\u1eafc h\u01a1n.<br \/>\n&#8211; C\u1ea3i thi\u1ec7n t\u00ecnh tr\u1ea1ng ng\u1ef1c b\u1ecb ch\u1ea3y x\u1ec7 do sinh con.<br \/>\n&#8211; Gi\u1ea3m nguy c\u01a1 ung th\u01b0 v\u00fa v\u00e0 gi\u00fap \u0111i\u1ec1u h\u00f2a kinh nguy\u1ec7t.<br \/>\n&#8211; L\u00e0m s\u00e1ng m\u00e0u nh\u0169 hoa v\u00e0 \u0111\u1ed3ng th\u1eddi gi\u00fap l\u00e0m t\u0103ng s\u1eafc t\u00f4 s\u00e1ng m\u00e0u v\u00f9ng th\u00e2m.<br \/>\n&#8211; Lo\u1ea1i b\u1ecf m\u1ea1nh m\u1ebd c\u00e1c v\u1ebft r\u1ea1n n\u1ee9t \u1edf da.<\/p>\n<p><u><em>Vi\u00ean u\u1ed1ng n\u1edf ng\u1ef1c Genie Boom Fat Yline\u00a0c\u00f3 t\u1ed1t kh\u00f4ng?<\/em><\/u><\/p>\n<p>&#8211; \u0110\u00e3 c\u00f3 r\u1ea5t nhi\u1ec1u review \u0111\u00e1nh gi\u00e1 t\u00edch c\u1ef1c v\u1ec1 vi\u00ean n\u1edf ng\u1ef1c c\u1ee7a Genie, s\u1ea3n ph\u1ea9m th\u1ef1c s\u1ef1 c\u00f3 hi\u1ec7u qu\u1ea3 t\u1eeb sau 2 tu\u1ea7n v\u00e0 l\u00e2u d\u00e0i, kh\u00f4ng nhanh ch\u00f3ng b\u1ecb x\u1eb9p, ch\u1ea3y x\u1ec7 nh\u01b0 c\u00e1c s\u1ea3n ph\u1ea9m n\u1edf ng\u1ef1c kh\u00e1c, kh\u00f4ng g\u00e2y t\u0103ng c\u00e2n, kh\u00f4ng t\u00edch n\u01b0\u1edbc.<br \/>\n\u201cTr\u1ecbnh Kim Chi (Nh\u00e2n vi\u00ean H\u00e0ng kh\u00f4ng, TP. HCM): M\u00ecnh b\u1ecb g\u1ecdi l\u00e0 \u201chai l\u01b0ng\u201d su\u1ed1t t\u1eeb c\u1ea5p 3, \u0111\u00f4i khi c\u0169ng ng\u1ea1i l\u1eafm, ch\u1eb3ng d\u00e1m m\u1eb7c \u0111\u1ed3 sexy, \u00e1o hai d\u00e2y, c\u00fap ng\u1ef1c ph\u1ea3i g\u1ecdi l\u00e0 xa x\u1ec9. Nh\u01b0ng, ngay t\u1eeb sau 20 ng\u00e0y s\u1eed d\u1ee5ng Genie (v\u1eabn ch\u01b0a h\u1ebft h\u1ed9p nha), m\u00ecnh th\u1ea5y size ng\u1ef1c t\u0103ng l\u00ean kh\u00e1 r\u00f5, \u00e1o ng\u1ef1c ch\u1eadt h\u01a1n, da v\u00f9ng ng\u1ef1c m\u1ecbn, h\u1ed3ng h\u00e0o, ch\u1ee9 kh\u00f4ng ph\u1ea3i b\u1ecb kh\u00f4 s\u1ea7n, r\u1ea1n n\u1ee9t. H\u1ea1nh ph\u00fac v\u00f4 c\u00f9ng, s\u1ebd c\u1ed1 g\u1eafng d\u00f9ng th\u00eam 1 h\u1ed9p n\u1eefa \u0111\u1ec3 c\u00f3 v\u00f2ng 1 nh\u01b0 mong mu\u1ed1n.\u201d<br \/>\n&#8211; Vi\u00ean u\u1ed1ng n\u1edf ng\u1ef1c Genie Boom Fat Yline \u0111\u01b0\u1ee3c ch\u1ee9ng nh\u1eadn b\u1edfi B\u1ed9 y t\u1ebf H\u00e0n qu\u1ed1c v\u00e0 FDA Hoa K\u1ef3 v\u1ec1 ch\u1ea5t l\u01b0\u1ee3ng.\u00a0S\u1ea3n ph\u1ea9m \u0111i\u1ec1u ch\u1ebf t\u1eeb th\u00e0nh ph\u1ea7n th\u1ea3o d\u01b0\u1ee3c thi\u00ean nhi\u00ean n\u00ean an to\u00e0n khi s\u1eed d\u1ee5ng, \u0111\u1ed3ng th\u1eddi h\u1ea5p thu t\u1ed1t v\u00e0o c\u01a1 th\u1ec3, kh\u00f4ng g\u00e2y t\u00e1c d\u1ee5ng ph\u1ee5.<\/p>\n<p><em><strong>TH\u00c0NH PH\u1ea6N TRONG VI\u00caN U\u1ed0NG N\u1ede NG\u1ef0C GENIE BOOM FAT YLINE 60 VI\u00caN H\u00c0N QU\u1ed0C<\/strong><\/em><br \/>\n&#8211; Phytoestrogen h\u00e0m l\u01b0\u1ee3ng cao.<br \/>\n&#8211; Vitamin A, E.<br \/>\n&#8211; Vitamin B1, B6, B12<br \/>\n&#8211; D\u01b0\u1ee1ng ch\u1ea5t thanh l\u1ecdc t\u1eeb \u0111\u1eadu n\u00e0nh<br \/>\n&#8211; Protein nguy\u00ean ch\u1ea5t.<br \/>\n&#8211; B\u1ed9t maca, Enzyme, h\u1ea1t pueraria.<br \/>\n&#8211; Chondroitin s\u1ee5n c\u00e1 m\u1eadp.<br \/>\n&#8211; Canxi c\u1ecf bi\u1ec3n.<\/p>\n<p><strong><em>H\u01af\u1edaNG D\u1eaaN S\u1eec D\u1ee4NG<\/em><\/strong><br \/>\n&#8211; U\u1ed1ng ng\u00e0y 2 vi\u00ean, chia l\u00e0m 2 l\u1ea7n, 1 vi\u00ean bu\u1ed5i s\u00e1ng v\u00e0 1 vi\u00ean bu\u1ed5i t\u1ed1i.<br \/>\n&#8211; N\u00ean u\u1ed1ng sau b\u1eefa \u0103n 30 ph\u00fat.<br \/>\n&#8211; S\u1ea3n ph\u1ea9m kh\u00f4ng d\u00e0nh cho tr\u1ebb em d\u01b0\u1edbi 15 tu\u1ed5i. Ph\u1ee5 n\u1eef mang thai ho\u1eb7c \u0111ang cho con b\u00fa kh\u00f4ng n\u00ean s\u1eed d\u1ee5ng.<br \/>\n&#8211; V\u1edbi nh\u1eefng ng\u01b0\u1eddi c\u00f3 v\u1ea5n \u0111\u1ec1 v\u1ec1 s\u1ee9c kh\u1ecfe, tham kh\u1ea3o \u00fd ki\u1ebfn chuy\u00ean gia tr\u01b0\u1edbc khi s\u1eed d\u1ee5ng.<\/p>\n","protected":false},"excerpt":{"rendered":"<div class=\"clearfix box\">Vi\u00ean u\u1ed1ng n\u1edf ng\u1ef1c Genie Boom Fat Yline 60 vi\u00ean c\u1ee7a H\u00e0n Qu\u1ed1c chi\u1ebft xu\u1ea5t t\u1eeb th\u00e0nh ph\u1ea7n thi\u00ean nhi\u00ean, k\u00edch th\u00edch b\u1ea7u ng\u1ef1c ph\u00e1t tri\u1ec3n t\u1ef1 nhi\u00ean, c\u0103ng tr\u00f2n, s\u0103n ch\u1eafc. S\u1ea3n ph\u1ea9m gi\u00fap t\u0103ng k\u00edch th\u01b0\u1edbc v\u00f2ng 1, \u0111\u1ed3ng th\u1eddi ph\u1ee5c h\u1ed3i \u0111\u1ed9 s\u0103n ch\u1eafc cho ph\u1ee5 n\u1eef sau sinh, \u1ed5n \u0111\u1ecbnh n\u1ed9i ti\u1ebft, \u0111i\u1ec1u h\u00f2a kinh nguy\u1ec7t l\u00e0m \u0111\u1eb9p da.<\/div>\n","protected":false},"featured_media":1827,"comment_status":"closed","ping_status":"closed","template":"","meta":[],"_links":{"self":[{"href":"https:\/\/korea.com.vn\/shop\/wp-json\/wp\/v2\/product\/4923"}],"collection":[{"href":"https:\/\/korea.com.vn\/shop\/wp-json\/wp\/v2\/product"}],"about":[{"href":"https:\/\/korea.com.vn\/shop\/wp-json\/wp\/v2\/types\/product"}],"replies":[{"embeddable":true,"href":"https:\/\/korea.com.vn\/shop\/wp-json\/wp\/v2\/comments?post=4923"}],"wp:featuredmedia":[{"embeddable":true,"href":"https:\/\/korea.com.vn\/shop\/wp-json\/wp\/v2\/media\/1827"}],"wp:attachment":[{"href":"https:\/\/korea.com.vn\/shop\/wp-json\/wp\/v2\/media?parent=4923"}],"curies":[{"name":"wp","href":"https:\/\/api.w.org\/{rel}","templated":true}]}}