{"id":4926,"date":"2020-11-30T13:05:58","date_gmt":"2020-11-30T06:05:58","guid":{"rendered":"https:\/\/korea.com.vn\/shop\/san-pham\/import-placeholder-for-4743\/"},"modified":"2020-12-21T10:44:18","modified_gmt":"2020-12-21T03:44:18","slug":"gel-tan-mo-sauna-belly-hot","status":"publish","type":"product","link":"https:\/\/korea.com.vn\/shop\/san-pham\/gel-tan-mo-sauna-belly-hot\/","title":{"rendered":"Gel tan m\u1ee1  SAUNA BELLY HOT"},"content":{"rendered":"<p>GEL TAN M\u1ee0 SAUNA BELLY HOT<br \/>\n* Gi\u00fap s\u0103n ch\u1eafc, ph\u00e1 v\u1ee1 c\u1ea5u tr\u00fac m\u1ee1 sau 15 ph\u00fat. \u0110\u1ecbnh h\u00ecnh v\u00f9ng b\u1ee5ng, \u0111\u00f9i, b\u1eafp tay, b\u1eafp ch\u00e2n.<br \/>\n* \u0110\u00e1nh tan m\u1ecdi lo\u1ea1i m\u1ee1 c\u1ee9ng \u0111\u1ea7u, tinh ch\u1ea5t g\u1eebng t\u01b0\u01a1i , \u0111\u1ed1t ch\u00e1y c\u00e1c m\u00f4 m\u1ee1 l\u00e2u n\u0103m, m\u00f4 m\u1ee1 c\u1ee9ng \u0111\u1ea7u.<br \/>\n* Gel c\u00f3 vitamin E gi\u00fap l\u00e0m m\u1ecbn da, l\u00e0m c\u0103ng v\u00f9ng da nh\u1eafn sau khi gel \u0111\u1ed1t ch\u00e1y l\u01b0\u1ee3ng m\u1ee1 th\u1eeba.<\/p>\n<p><strong>+ C\u00e1ch s\u1eed d\u1ee5ng<\/strong><br \/>\n&#8211; \u0110\u1ea7u ti\u00ean x\u00e1c \u0111\u1ecbnh khu v\u1ef1c c\u1ea7n gi\u1ea3m m\u1ee1<br \/>\n&#8211; L\u00e0m s\u1ea1ch v\u00e0 lau kh\u00f4 v\u00f9ng c\u1ea7n gi\u1ea3m<br \/>\n&#8211; Thoa 1 l\u01b0\u1ee3ng v\u1eeba \u0111\u1ee7, massge nh\u1eb9 nh\u00e0ng theo chi\u1ec1u kim \u0111\u1ed3ng h\u1ed3. \u0110\u1ed1i v\u1edbi v\u00f9ng b\u1ee5ng, thoa 2 b\u00ean eo v\u00e0 massge t\u1eeb sau ra tr\u01b0\u1edbc. \u0110\u1ed1i v\u1edbi \u0111\u00f9i thoa t\u1eeb tr\u00ean vu\u1ed1t xu\u1ed1ng \u0111\u1ea7u g\u1ed1i. \u0110\u1ed1i v\u1edbi m\u00f4ng , b\u1eafp tay thoa t\u1eeb d\u01b0\u1edbi l\u00ean tr\u00ean.<br \/>\n&#8211; Sau 10-20 ph\u00fat b\u1ea1n s\u1ebd c\u1ea3m nh\u1eadn \u0111\u01b0\u1ee3c \u0111\u1ed9 n\u00f3ng l\u00e0 gel ph\u00e1t huy t\u00e1c d\u1ee5ng.<br \/>\n&#8211; Khi gel th\u1ea9m th\u1ea5u . B\u1ea1n n\u00ean d\u00f9ng k\u00e8m \u0111ai n\u1ecbt b\u1ee5ng \u0111\u1ecbnh h\u00ecnh Ho\u1eb7c m\u00e1y massage hu\u1ef9 m\u1ee1 \u0111i k\u00e8m<\/p>\n","protected":false},"excerpt":{"rendered":"<div class=\"clearfix box\">Gi\u00fap s\u0103n ch\u1eafc, ph\u00e1 v\u1ee1 c\u1ea5u tr\u00fac m\u1ee1 sau 15 ph\u00fat. \u0110\u1ecbnh h\u00ecnh v\u00f9ng b\u1ee5ng, \u0111\u00f9i, b\u1eafp tay, b\u1eafp ch\u00e2n. \u0110\u00e1nh tan m\u1ecdi lo\u1ea1i m\u1ee1 c\u1ee9ng \u0111\u1ea7u, tinh ch\u1ea5t g\u1eebng t\u01b0\u01a1i , \u0111\u1ed1t ch\u00e1y c\u00e1c m\u00f4 m\u1ee1 l\u00e2u n\u0103m, m\u00f4 m\u1ee1 c\u1ee9ng \u0111\u1ea7u. Gel c\u00f3 vitamin E gi\u00fap l\u00e0m m\u1ecbn da, l\u00e0m c\u0103ng v\u00f9ng da nh\u1eafn sau khi gel \u0111\u1ed1t ch\u00e1y l\u01b0\u1ee3ng m\u1ee1 th\u1eeba.<\/div>\n","protected":false},"featured_media":1833,"comment_status":"closed","ping_status":"closed","template":"","meta":[],"_links":{"self":[{"href":"https:\/\/korea.com.vn\/shop\/wp-json\/wp\/v2\/product\/4926"}],"collection":[{"href":"https:\/\/korea.com.vn\/shop\/wp-json\/wp\/v2\/product"}],"about":[{"href":"https:\/\/korea.com.vn\/shop\/wp-json\/wp\/v2\/types\/product"}],"replies":[{"embeddable":true,"href":"https:\/\/korea.com.vn\/shop\/wp-json\/wp\/v2\/comments?post=4926"}],"wp:featuredmedia":[{"embeddable":true,"href":"https:\/\/korea.com.vn\/shop\/wp-json\/wp\/v2\/media\/1833"}],"wp:attachment":[{"href":"https:\/\/korea.com.vn\/shop\/wp-json\/wp\/v2\/media?parent=4926"}],"curies":[{"name":"wp","href":"https:\/\/api.w.org\/{rel}","templated":true}]}}