{"id":4927,"date":"2020-11-30T13:05:58","date_gmt":"2020-11-30T06:05:58","guid":{"rendered":"https:\/\/korea.com.vn\/shop\/san-pham\/import-placeholder-for-4744\/"},"modified":"2020-12-21T10:53:26","modified_gmt":"2020-12-21T03:53:26","slug":"vien-uong-trang-da-max-white-plus","status":"publish","type":"product","link":"https:\/\/korea.com.vn\/shop\/san-pham\/vien-uong-trang-da-max-white-plus\/","title":{"rendered":"Vi\u00ean u\u1ed1ng tr\u1eafng da  MAX WHITE PLUS Cam"},"content":{"rendered":"<p>&#8216;- \u0110\u00c3 TR\u1eaeNG NAY L\u1ea0I TR\u1eaeNG H\u01a0N<br \/>\n+ C\u01a0 H\u1ed8I CU\u1ed0I C\u00d9NG CHO NH\u1eeeNG AI #\u0110EN_L\u00c2U_N\u0102M D\u01af\u1ee0NG HO\u00c0I KO TR\u1eaeNG<br \/>\nVi\u00ean tr\u1eafng da #MAX_WHITE_PLUS Tr\u1eafng g\u1ea5p \u0111\u00f4i, b\u1ed5 sung th\u00eam th\u00e0nh ph\u1ea7n s\u1eefa ong ch\u00faa v\u00e0 Borage Oil D\u1ea7u c\u00e2y l\u01b0u ly- D\u1ea7u v\u00f2i voi (Oenothera), t\u1ea1o ra Hydrat h\u00f3a (\u1ea9m) v\u00e0 th\u1ea3i \u0111\u1ed9c cho l\u00e0n da<\/p>\n<p><strong>C\u00f4ng d\u1ee5ng:\u00a0<\/strong><br \/>\n+ B\u1ed5 sung c\u00e1c d\u01b0\u1ee1ng ch\u1ea5t c\u00f3 l\u1ee3i cho da, gi\u00fap nu\u00f4i d\u01b0\u1ee1ng l\u00e0n da tr\u1eafng h\u1ed3ng, m\u1ecbn m\u00e0ng t\u1eeb s\u00e2u b\u00ean trong.<br \/>\n+ Ng\u0103n ng\u1eeba qu\u00e1 tr\u00ecnh h\u00ecnh th\u00e0nh v\u00e0 ph\u00e1t tri\u1ec3n c\u1ee7a c\u00e1c h\u1eafc s\u1eafc t\u1ed1 g\u00e2y th\u00e2m n\u00e1m, t\u00e0n nhang; t\u1eeb \u0111\u00f3 gi\u00fap c\u1ea3i thi\u1ec7n t\u00ecnh tr\u1ea1ng th\u00e2m n\u00e1m, t\u00e0n nhang tr\u00ean da.<br \/>\n+ Ng\u0103n ch\u1eb7n s\u1ef1 k\u1ebft t\u1ee5 h\u1eafc t\u1ed1 melanin t\u1eeb s\u00e2u b\u00ean trong l\u1edbp bi\u1ec3u b\u00ec da, b\u1ea3o v\u1ec7 da kh\u1ecfi t\u00e1c \u0111\u1ed9ng t\u1eeb c\u00e1c t\u00e1c nh\u00e2n m\u00f4i tr\u01b0\u1eddng nh\u01b0: h\u00f3a ch\u1ea5t, b\u1ee5i b\u1ea9n, tia UV,\u2026<br \/>\n+ Th\u00fac \u0111\u1ea9y qu\u00e1 tr\u00ecnh trao \u0111\u1ed5i ch\u1ea5t c\u1ee7a t\u1ebf b\u00e0o da, gi\u00fap da kh\u1ecfe m\u1ea1nh \u0111\u1ea7y s\u1ee9c s\u1ed1ng.<br \/>\n+ H\u1ed7 tr\u1ee3 l\u00e0m m\u1edd c\u00e1c \u0111\u1ed1m \u0111en, \u0111\u1ed1m n\u00e2u, th\u00e2m n\u00e1m, s\u1ea1m da, s\u1ea1m n\u1eafng tr\u00ean da.<br \/>\n+ H\u1ed7 tr\u1ee3 l\u00e0m m\u1edd c\u00e1c n\u1ebfp nh\u0103n tr\u00ean da, ch\u1ed1ng ch\u1ea3y x\u1ec7 da do l\u00e3o h\u00f3a.<\/p>\n","protected":false},"excerpt":{"rendered":"<div class=\"clearfix box\">Tr\u1eafng g\u1ea5p \u0111\u00f4i, b\u1ed5 sung th\u00eam th\u00e0nh ph\u1ea7n s\u1eefa ong ch\u00faa v\u00e0 Borage Oil D\u1ea7u c\u00e2y l\u01b0u ly- D\u1ea7u v\u00f2i voi (Oenothera), t\u1ea1o ra Hydrat h\u00f3a (\u1ea9m) v\u00e0 th\u1ea3i \u0111\u1ed9c cho l\u00e0n da<\/div>\n","protected":false},"featured_media":1835,"comment_status":"closed","ping_status":"closed","template":"","meta":[],"_links":{"self":[{"href":"https:\/\/korea.com.vn\/shop\/wp-json\/wp\/v2\/product\/4927"}],"collection":[{"href":"https:\/\/korea.com.vn\/shop\/wp-json\/wp\/v2\/product"}],"about":[{"href":"https:\/\/korea.com.vn\/shop\/wp-json\/wp\/v2\/types\/product"}],"replies":[{"embeddable":true,"href":"https:\/\/korea.com.vn\/shop\/wp-json\/wp\/v2\/comments?post=4927"}],"wp:featuredmedia":[{"embeddable":true,"href":"https:\/\/korea.com.vn\/shop\/wp-json\/wp\/v2\/media\/1835"}],"wp:attachment":[{"href":"https:\/\/korea.com.vn\/shop\/wp-json\/wp\/v2\/media?parent=4927"}],"curies":[{"name":"wp","href":"https:\/\/api.w.org\/{rel}","templated":true}]}}