{"id":4928,"date":"2020-11-30T13:05:58","date_gmt":"2020-11-30T06:05:58","guid":{"rendered":"https:\/\/korea.com.vn\/shop\/san-pham\/import-placeholder-for-4745\/"},"modified":"2020-12-21T10:51:39","modified_gmt":"2020-12-21T03:51:39","slug":"vien-thai-mo-bung-genie","status":"publish","type":"product","link":"https:\/\/korea.com.vn\/shop\/san-pham\/vien-thai-mo-bung-genie\/","title":{"rendered":"Vi\u00ean gi\u1ea3m m\u1ee1 b\u1ee5ng BELLY BALANCE"},"content":{"rendered":"<h2>C\u00f4ng d\u1ee5ng vi\u00ean gi\u1ea3m m\u1ee1 b\u1ee5ng genie:<\/h2>\n<p>1. Gi\u1ea3m l\u01b0\u1ee3ng m\u1ee1 th\u1eeba, Gi\u1ea3m s\u1ed1 \u0111o v\u00f2ng eo, Gi\u1ea3m c\u00e2n n\u1eb7ng<br \/>\nTh\u00e0nh ph\u1ea7n c\u00e2y n\u1ee5 gi\u00fap ng\u0103n ch\u1eb7n s\u1ef1 t\u1ed5ng h\u1ee3p ch\u1ea5t b\u00e9o t\u1eeb cacbohydrat<br \/>\n\u201cChi\u1ebft xu\u1ea5t c\u00e2y n\u1ee5\u201d \u0111\u01b0\u1ee3c l\u1ea5y t\u1eeb ph\u1ea7n v\u1ecf c\u1ee7a lo\u00e0i c\u00e2y n\u1ee5 &#8211; 1 th\u1ef1c v\u1eadt nhi\u1ec7t \u0111\u1edbi t\u1ef1 m\u1ecdc \u1edf khu v\u1ef1c T\u00e2y Nam \u1ea4n \u0110\u1ed9, ph\u1ea7n v\u1ecf c\u00e2y ch\u1ee9a 10~30% Hydroxy Citric Acid (vi\u1ebft t\u1eaft l\u00e0 HCA) \u2013 th\u00e0nh ph\u1ea7n ho\u1ea1t t\u00ednh gi\u00fap ng\u0103n ch\u1eb7n vi\u1ec7c t\u00edch tr\u1eef ch\u1ea5t b\u00e9o trong c\u01a1 th\u1ec3.<br \/>\nN\u0103m 1969, \u201cChi\u1ebft xu\u1ea5t c\u00e2y n\u1ee5\u201d b\u1eaft \u0111\u1ea7u \u0111\u01b0\u1ee3c tr\u01b0\u1eddng \u0111\u1ea1i h\u1ecdc Brandeis c\u1ee7a M\u1ef9 ti\u1ebfn h\u00e0nh nghi\u00ean c\u1ee9u nh\u1edd c\u00f4ng d\u1ee5ng l\u00e0m gi\u1ea3m s\u1ef1 t\u1ed5ng h\u1ee3p ch\u1ea5t b\u00e9o t\u1eeb cacbohydrat b\u00ean trong c\u01a1 th\u1ec3.<br \/>\n2. Gi\u1ea3m c\u00e2n n\u1eb7ng &amp; m\u1ee1 th\u1eeba, T\u0103ng l\u01b0\u1ee3ng c\u01a1<br \/>\nTh\u00e0nh ph\u1ea7n h\u00fang chanh \u1ea4n \u0110\u1ed9 gi\u00fap gi\u1ea3m l\u01b0\u1ee3ng m\u1ee1 th\u1eeba b\u00ean trong c\u01a1 th\u1ec3<br \/>\n\u201cH\u00fang chanh \u1ea4n \u0110\u1ed9 (c\u00f2n g\u1ecdi l\u00e0 t\u00eda t\u00f4 t\u00e2y)\u201d l\u00e0 1 lo\u00e0i th\u1ef1c v\u1eadt nhi\u1ec7t \u0111\u1edbi t\u1ef1 m\u1ecdc ch\u1ee7 y\u1ebfu \u1edf T\u00e2y Nam ch\u00e2u \u00c1. \u0110\u00e2y l\u00e0 1 lo\u1ea1i th\u1ea3o d\u01b0\u1ee3c \u0111\u01b0\u1ee3c s\u1eed d\u1ee5ng th\u01b0\u1eddng xuy\u00ean trong h\u1ec7 th\u1ed1ng y h\u1ecdc Ayurveda c\u1ee7a \u1ea4n \u0110\u1ed9 v\u00e0 \u0111ang d\u1ea7n tr\u1edf n\u00ean ph\u1ed5 bi\u1ebfn trong x\u00e3 h\u1ed9i ng\u00e0y nay<br \/>\nTh\u00e0nh ph\u1ea7n:<br \/>\nNguy\u00ean li\u1ec7u ch\u00ednh: C\u00e2y n\u1ee5, H\u00fang chanh \u1ea4n \u0110\u1ed9<br \/>\nNguy\u00ean li\u1ec7u ph\u1ee5: Vitamin C, Chi\u1ebft xu\u1ea5t tr\u00e0 xanh, T\u00f4m, Chitosan, Vitamin E<\/p>\n<p>\u0110\u1ed1i t\u01b0\u1ee3ng n\u00ean s\u1eed d\u1ee5ng:<br \/>\n&#8211; Ng\u01b0\u1eddi th\u01b0\u1eddng xuy\u00ean h\u1ea5p th\u1ee5 cacbohydrat<br \/>\n&#8211;\u00a0Ng\u01b0\u1eddi mu\u1ed1n s\u1edf h\u1eefu th\u00e2n h\u00ecnh c\u00e2n \u0111\u1ed1i<br \/>\n&#8211;\u00a0Ng\u01b0\u1eddi mu\u1ed1n gi\u1ea3m c\u00e2n m\u1ed9t c\u00e1ch hi\u1ec7u qu\u1ea3<br \/>\n&#8211;\u00a0Ng\u01b0\u1eddi ph\u1ea3i th\u01b0\u1eddng xuy\u00ean tham gia ti\u1ec7c t\u00f9ng<br \/>\n&#8211;\u00a0Ng\u01b0\u1eddi mu\u1ed1n c\u1ea3i thi\u1ec7n s\u1ee9c kh\u1ecfe b\u1eb1ng vi\u1ec7c gi\u1ea3m l\u01b0\u1ee3ng m\u1ee1 th\u1eeba trong c\u01a1 th\u1ec3<br \/>\n&#8211;\u00a0Ng\u01b0\u1eddi mu\u1ed1n \u0103n ki\u00eang m\u1ed9t c\u00e1ch kh\u1ecfe m\u1ea1nh v\u00e0 khoa h\u1ecdc<\/p>\n<p>Li\u1ec1u d\u00f9ng:<br \/>\n&#8211; 2 l\u1ea7n\/ng\u00e0y, 2 vi\u00ean\/l\u1ea7n<br \/>\n&#8211; N\u00ean u\u1ed1ng 2 vi\u00ean tr\u01b0\u1edbc b\u1eefa \u0103n<br \/>\n&#8211; C\u00f3 th\u1ec3 u\u1ed1ng khi b\u1ee5ng \u0111\u00f3i<br \/>\n&#8211; C\u00f3 th\u1ec3 u\u1ed1ng tr\u01b0\u1edbc v\u00e0 sau b\u1eefa \u0103n<br \/>\n&#8211; Tr\u01b0\u1eddng h\u1ee3p c\u00f3 v\u1ea5n \u0111\u1ec1 v\u1ec1 d\u1ea1 d\u00e0y, n\u00ean u\u1ed1ng sau b\u1eefa \u0103n<br \/>\n&#8211; N\u00ean u\u1ed1ng v\u1edbi m\u1ed9t l\u01b0\u1ee3ng n\u01b0\u1edbc v\u1eeba \u0111\u1ee7<br \/>\n&#8211;\u00a0Khuy\u1ebfn c\u00e1o n\u00ean k\u1ebft h\u1ee3p v\u1edbi v\u1eadn \u0111\u1ed9ng v\u1eeba ph\u1ea3i &amp; \u0111i\u1ec1u ch\u1ec9nh kh\u1ea9u ph\u1ea7n \u0103n \u0111\u1ec3 \u0111\u1ea1t k\u1ebft qu\u1ea3 t\u1ed1t nh\u1ea5t<br \/>\nL\u01b0u \u00fd khi s\u1eed d\u1ee5ng thu\u1ed1c<br \/>\n&#8211; S\u1ea3n ph\u1ea9m n\u00e0y c\u00f3 th\u1ec3 g\u00e2y ra ph\u1ea3n \u1ee9ng t\u00f9y v\u00e0o t\u00ecnh tr\u1ea1ng s\u1ee9c kh\u1ecfe c\u1ee7a ng\u01b0\u1eddi s\u1eed d\u1ee5ng.<br \/>\n&#8211;\u00a0Ng\u01b0\u1eddi c\u00f3 th\u1ec3 tr\u1ea1ng d\u1ec5 d\u1ecb \u1ee9ng n\u00ean \u0111\u1ecdc k\u1ef9 th\u00e0nh ph\u1ea7n tr\u01b0\u1edbc khi quy\u1ebft \u0111\u1ecbnh s\u1eed d\u1ee5ng.<br \/>\n&#8211;\u00a0Kh\u00f4ng s\u1eed d\u1ee5ng s\u1ea3n ph\u1ea9m qu\u00e1 h\u1ea1n s\u1eed d\u1ee5ng<br \/>\n&#8211; Ph\u1ee5 n\u1eef mang thai, cho con b\u00fa, tr\u1ebb em, ng\u01b0\u1eddi \u0111ang u\u1ed1ng ch\u1ea5t kh\u00e1ng \u0111\u00f4ng ho\u1eb7c thu\u1ed1c \u0111i\u1ec1u h\u00f2a huy\u1ebft \u00e1p, ng\u01b0\u1eddi huy\u1ebft \u00e1p th\u1ea5p n\u00ean l\u01b0u \u00fd khi s\u1eed d\u1ee5ng<br \/>\n&#8211;\u00a0\u0110\u1ec3 xa t\u1ea7m tay tr\u1ebb em<br \/>\n&#8211; Tr\u00e1nh s\u1eed d\u1ee5ng sai li\u1ec1u l\u01b0\u1ee3ng. \u0110\u1ec3 \u0111\u1ea3m b\u1ea3o &amp; duy tr\u00ec ch\u1ea5t l\u01b0\u1ee3ng s\u1ea3n ph\u1ea9m, kh\u00f4ng \u0111\u01b0\u1ee3c \u0111\u1ef1ng thu\u1ed1c trong chai l\u1ecd kh\u00e1c.<\/p>\n<p>Li\u1ec1u d\u00f9ng trong 1 ng\u00e0y: 4 vi\u00ean (2.6g)<br \/>\nTheo li\u1ec1u d\u00f9ng trong 1 ng\u00e0y<br \/>\nH\u00e0m l\u01b0\u1ee3ng<br \/>\nTi\u00eau chu\u1ea9n % th\u00e0nh ph\u1ea7n dinh d\u01b0\u1ee1ng<br \/>\nN\u0103ng l\u01b0\u1ee3ng 10 kcal<br \/>\nCacbohydrat 2 g 1%<br \/>\nProtein 0 g 0%<br \/>\nCh\u1ea5t b\u00e9o 0 g 0%<br \/>\nNatri 5 mg 0%<\/p>\n<p>Th\u00e0nh ph\u1ea7n ch\u1ee9c n\u0103ng\/ti\u00eau chu\u1ea9n<br \/>\n-Hydroxycitric acid<br \/>\n-Hydroxycitric acid 750 mg<br \/>\nForskolin 50 mg<\/p>\n<p>Ti\u00eau chu\u1ea9n % th\u00e0nh ph\u1ea7n dinh d\u01b0\u1ee1ng: T\u1ef7 l\u1ec7 d\u1ef1a tr\u00ean ti\u00eau chu\u1ea9n th\u00e0nh ph\u1ea7n dinh d\u01b0\u1ee1ng trong 1 ng\u00e0y<br \/>\n*S\u1ea3n ph\u1ea9m n\u00e0y \u0111\u01b0\u1ee3c s\u1ea3n xu\u1ea5t trong \u0111i\u1ec1u ki\u1ec7n s\u1ea3n xu\u1ea5t gi\u1ed1ng v\u1edbi s\u1ea3n ph\u1ea9m l\u00e0m t\u1eeb c\u00e1c nguy\u00ean li\u1ec7u: gia c\u1ea7m, s\u1eefa, l\u00faa m\u1ea1ch \u0111en, \u0111\u1eadu ph\u1ed9ng, \u0111\u1eadu n\u00e0nh, l\u00faa m\u00ec, c\u00e1 thu, th\u1ecbt heo, \u0111\u00e0o, c\u00e0 chua, qu\u1ea3 \u00f3c ch\u00f3, th\u1ecbt g\u00e0, th\u1ecbt b\u00f2, m\u1ef1c, c\u00e1c lo\u1ea1i s\u00f2 c\u00f3 v\u1ecf (bao g\u1ed3m h\u00e0o, b\u00e0o ng\u01b0, chem ch\u00e9p)<\/p>\n","protected":false},"excerpt":{"rendered":"<div class=\"clearfix box\">Vi\u00ean th\u1ea3i m\u1ee1 b\u1ee5ng genie gi\u00fap Gi\u1ea3m l\u01b0\u1ee3ng m\u1ee1 th\u1eeba, Gi\u1ea3m s\u1ed1 \u0111o v\u00f2ng eo, Gi\u1ea3m c\u00e2n n\u1eb7ng Th\u00e0nh ph\u1ea7n c\u00e2y n\u1ee5 gi\u00fap ng\u0103n ch\u1eb7n s\u1ef1 t\u1ed5ng h\u1ee3p ch\u1ea5t b\u00e9o t\u1eeb cacbohydrat \u201cChi\u1ebft xu\u1ea5t c\u00e2y n\u1ee5\u201d \u0111\u01b0\u1ee3c l\u1ea5y t\u1eeb ph\u1ea7n v\u1ecf c\u1ee7a lo\u00e0i c\u00e2y n\u1ee5 &#8211; 1 th\u1ef1c v\u1eadt nhi\u1ec7t \u0111\u1edbi t\u1ef1 m\u1ecdc \u1edf khu v\u1ef1c T\u00e2y Nam \u1ea4n \u0110\u1ed9, ph\u1ea7n v\u1ecf c\u00e2y ch\u1ee9a 10~30% Hydroxy Citric Acid (vi\u1ebft t\u1eaft l\u00e0 HCA) \u2013 th\u00e0nh ph\u1ea7n ho\u1ea1t t\u00ednh gi\u00fap ng\u0103n ch\u1eb7n vi\u1ec7c t\u00edch tr\u1eef ch\u1ea5t b\u00e9o trong c\u01a1 th\u1ec3. N\u0103m 1969, \u201cChi\u1ebft xu\u1ea5t c\u00e2y n\u1ee5\u201d b\u1eaft \u0111\u1ea7u \u0111\u01b0\u1ee3c tr\u01b0\u1eddng \u0111\u1ea1i h\u1ecdc Brandeis c\u1ee7a M\u1ef9 ti\u1ebfn h\u00e0nh nghi\u00ean c\u1ee9u nh\u1edd c\u00f4ng d\u1ee5ng l\u00e0m gi\u1ea3m s\u1ef1 t\u1ed5ng h\u1ee3p ch\u1ea5t b\u00e9o t\u1eeb cacbohydrat b\u00ean trong c\u01a1 th\u1ec3. Gi\u1ea3m c\u00e2n n\u1eb7ng &amp; m\u1ee1 th\u1eeba, T\u0103ng l\u01b0\u1ee3ng c\u01a1 Th\u00e0nh ph\u1ea7n h\u00fang chanh \u1ea4n \u0110\u1ed9 gi\u00fap gi\u1ea3m l\u01b0\u1ee3ng m\u1ee1 th\u1eeba b\u00ean trong c\u01a1 th\u1ec3 \u201cH\u00fang chanh \u1ea4n \u0110\u1ed9 (c\u00f2n g\u1ecdi l\u00e0 t\u00eda t\u00f4 t\u00e2y)\u201d l\u00e0 1 lo\u00e0i th\u1ef1c v\u1eadt nhi\u1ec7t \u0111\u1edbi t\u1ef1 m\u1ecdc ch\u1ee7 y\u1ebfu \u1edf T\u00e2y Nam ch\u00e2u \u00c1. \u0110\u00e2y l\u00e0 1 lo\u1ea1i th\u1ea3o d\u01b0\u1ee3c \u0111\u01b0\u1ee3c s\u1eed d\u1ee5ng th\u01b0\u1eddng xuy\u00ean trong h\u1ec7 th\u1ed1ng y h\u1ecdc Ayurveda c\u1ee7a \u1ea4n \u0110\u1ed9 v\u00e0 \u0111ang d\u1ea7n tr\u1edf n\u00ean ph\u1ed5 bi\u1ebfn trong x\u00e3 h\u1ed9i ng\u00e0y nay<\/div>\n","protected":false},"featured_media":1837,"comment_status":"closed","ping_status":"closed","template":"","meta":[],"_links":{"self":[{"href":"https:\/\/korea.com.vn\/shop\/wp-json\/wp\/v2\/product\/4928"}],"collection":[{"href":"https:\/\/korea.com.vn\/shop\/wp-json\/wp\/v2\/product"}],"about":[{"href":"https:\/\/korea.com.vn\/shop\/wp-json\/wp\/v2\/types\/product"}],"replies":[{"embeddable":true,"href":"https:\/\/korea.com.vn\/shop\/wp-json\/wp\/v2\/comments?post=4928"}],"wp:featuredmedia":[{"embeddable":true,"href":"https:\/\/korea.com.vn\/shop\/wp-json\/wp\/v2\/media\/1837"}],"wp:attachment":[{"href":"https:\/\/korea.com.vn\/shop\/wp-json\/wp\/v2\/media?parent=4928"}],"curies":[{"name":"wp","href":"https:\/\/api.w.org\/{rel}","templated":true}]}}