{"id":4929,"date":"2020-11-30T13:05:59","date_gmt":"2020-11-30T06:05:59","guid":{"rendered":"https:\/\/korea.com.vn\/shop\/san-pham\/import-placeholder-for-4746\/"},"modified":"2020-12-21T10:48:47","modified_gmt":"2020-12-21T03:48:47","slug":"vien-uong-giam-can-tao-xoan-plus","status":"publish","type":"product","link":"https:\/\/korea.com.vn\/shop\/san-pham\/vien-uong-giam-can-tao-xoan-plus\/","title":{"rendered":"Vi\u00ean gi\u1ea3m c\u00e2n to\u00e0n th\u00e2n t\u1ea3o xo\u1eafn SLIM RECIPE PLUS +"},"content":{"rendered":"<p>VI\u00caN U\u1ed0NG GI\u1ea2M C\u00c2N GENIE SLIM RECIPE<br \/>\nThay \u0111\u1ed5i th\u00e0nh ph\u1ea7n m\u1edbi t\u1eeb th\u1ea3o m\u1ed9c v\u00e0 b\u1ed5 sung nhi\u1ec1u lo\u1ea1i Vitamin ch\u1ed1ng m\u1ec7t trong qu\u00e1 tr\u00ecnh u\u1ed1ng<br \/>\n&#8211; C\u00e1i hay \u1edf \u0111\u00e2y c\u1ee7a SLIM RECIPE l\u00e0 t\u1eadp trung 2 v\u1ea5n \u0111\u1ec1 ch\u00ednh m\u00e0 c\u00e1c ch\u1ecb em tr\u0103n tr\u1edf nh\u1ea5t<br \/>\n+ M\u1ed9t g\u00f3i u\u1ed1ng g\u1ed3m 2 vi\u00ean<br \/>\n<img class=\"_1ift _2560 img\" src=\"https:\/\/static.xx.fbcdn.net\/images\/emoji.php\/v9\/t51\/1\/16\/2714.png\" alt=\"\u2714\ufe0f\" \/>1 vi\u00ean xu\u1ed1ng k\u00fd to\u00e0n th\u00e2n + 1 vi\u00ean t\u1eadp trung th\u00e3i m\u1edf b\u1ee5ng 14 ng\u00e0y cho th\u00e2n h\u00ecnh chu\u1ea9n nh\u01b0 si\u00eau m\u1eabu nha<br \/>\n+ Vi\u00ean u\u1ed1ng th\u1ea3o m\u1ed9c gi\u1ea3m c\u00e2n Genie Slim Recipe &#8211; th\u1ea7n d\u01b0\u1ee3c cho nh\u1eefng ai \u0111\u00e3 t\u1eebng gi\u1ea3m c\u00e2n th\u1ea5t b\u1ea1i<br \/>\n+ Ch\u1ee9a th\u00e0nh ph\u1ea7n HCA, 6 lo\u1ea1i vitamin &amp; 5 lo\u1ea1i kho\u00e1ng ch\u1ea5t gi\u00fap gi\u1ea3m l\u01b0\u1ee3ng m\u1ee1 hi\u1ec7u qu\u1ea3, \u0111\u1ed3ng th\u1eddi t\u0103ng c\u01b0\u1eddng n\u0103ng l\u01b0\u1ee3ng cho c\u01a1 th\u1ec3, ch\u1ed1ng l\u1ea1i s\u1ef1 m\u1ec7t m\u1ecfi trong qu\u00e1 tr\u00ecnh gi\u1ea3m c\u00e2n th\u00f4ng qua vi\u1ec7c b\u1ed5 sung 12 lo\u1ea1i vitamin &amp; kho\u00e1ng ch\u1ea5t, mang \u0111\u1ebfn cho b\u1ea1n m\u1ed9t c\u01a1 th\u1ec3 thon th\u1ea3 tr\u00e0n \u0111\u1ea7y s\u1ee9c s\u1ed1ng<br \/>\n+ Ngo\u00e0i ra T\u1ea3o xo\u1eafn ng\u0103n ng\u1eeba nguy c\u01a1 g\u00e2y ung th\u01b0, ch\u1ed1ng l\u00e3o ho\u00e1, l\u00e0m \u0111\u1eb9p da, gi\u1ea3m cholesterol, th\u1ea3i l\u1ecdc ch\u1ea5t \u0111\u1ed9c trong c\u01a1 th\u1ec3 v\u00e0 gi\u1ea3m b\u00e9o.<br \/>\n<strong>&#8211; T\u00e1c d\u1ee5ng c\u1ee7a vi\u00ean gi\u1ea3m c\u00e2n t\u1ea3o xo\u1eafn<\/strong><br \/>\n* Gi\u1ea3i \u0111\u1ed9c v\u00e0 thanh l\u1ecdc c\u01a1 th\u1ec3, b\u1ed5 sung c\u00e1c ch\u1ea5t ch\u1ed1ng oxy h\u00f3a, l\u00e0m gi\u1ea3m qu\u00e1 tr\u00ecnh l\u00e3o ho\u00e1, gi\u00fap \u0111\u1ed9c t\u1ed1 v\u00e0 n\u0103ng l\u01b0\u1ee3ng th\u1eeba \u0111\u01b0\u1ee3c ph\u00e2n hu\u1ef7 nhanh ch\u00f3ng<br \/>\n* T\u1ea3o xo\u1eafn gi\u00fap gi\u1ea3m c\u00e2n, \u0111\u00e0o th\u1ea3i c\u00e1c m\u1ee1 l\u00e2u n\u0103m t\u00edch t\u1ee5 trong v\u00e0nh c\u01a1 th\u1ec3<br \/>\n* B\u1ed5 sung protein, vitamin B v\u00e0 s\u1eaft m\u1ed9t c\u00e1ch t\u1ef1 nhi\u00ean, t\u1ed1t v\u1edbi ng\u01b0\u1eddi b\u1ecb ti\u1ec3u \u0111\u01b0\u1eddng, gi\u00fap cholesterol \u1ed5n \u0111\u1ecbnh, lo\u1ea1i b\u1ecf m\u1ee1 n\u1ed9i t\u1ea1ng l\u00e2u n\u0103m<br \/>\n* Gi\u1ea3m c\u00e1c hi\u1ec7n t\u01b0\u1ee3ng m\u1ec7t m\u1ecfi (stress, lo \u00e2u, tr\u1ea7m c\u1ea3m, h\u1ed9i ch\u1ee9ng ti\u1ec1n kinh nguy\u1ec7t \u2013 PMS, c\u00e1c tri\u1ec7u ch\u1ee9ng ti\u1ec1n m\u00e3n kinh.<br \/>\n* Th\u00e0nh ph\u1ea7n &amp; H\u00e0m l\u01b0\u1ee3ng ch\u00ednh chi\u1ebft xu\u1ea5t Garcinia Cambogia (C\u00e2y n\u1ee5)Chi\u1ebft xu\u1ea5t men (Crom), Chi\u1ebft xu\u1ea5t men (Selen), K\u1ebdm oxit, Vitamin E b\u1ed9t h\u1ed7n h\u1ee3p,, B\u1ed9t chi\u1ebft xu\u1ea5t c\u00e0 ph\u00ea xanh, B\u1ed9t chi\u1ebft xu\u1ea5t tr\u00e0 xanh, Collagen c\u00e1, Vi khu\u1ea9n axit lactic h\u1ed7n h\u1ee3p&#8230;<\/p>\n<p><strong>&#8211; H\u01b0\u1edbng d\u1eabn s\u1eed d\u1ee5ng:<\/strong><br \/>\nS\u1eed d\u1ee5ng 1 l\u1ea7n\/ng\u00e0y. U\u1ed1ng 1 g\u00f3i (2 vi\u00ean) v\u00e0o bu\u1ed5i s\u00e1ng tr\u01b0\u1edbc khi \u0103n<br \/>\n<strong>* Xu\u1ea5t x\u1ee9 : H\u00e0n qu\u1ed1c<\/strong><\/p>\n","protected":false},"excerpt":{"rendered":"<div class=\"clearfix box\">\n<div class=\"clearfix dcontent pdetail-quote\">Vi\u00ean u\u1ed1ng t\u1ea3o xo\u1eafn gi\u1ea3m c\u00e2n gi\u00fap gi\u1ea3m l\u01b0\u1ee3ng m\u1ee1 hi\u1ec7u qu\u1ea3, \u0111\u1ed3ng th\u1eddi t\u0103ng c\u01b0\u1eddng n\u0103ng l\u01b0\u1ee3ng cho c\u01a1 th\u1ec3, ch\u1ed1ng l\u1ea1i s\u1ef1 m\u1ec7t m\u1ecfi trong qu\u00e1 tr\u00ecnh gi\u1ea3m c\u00e2n mang \u0111\u1ebfn cho b\u1ea1n m\u1ed9t c\u01a1 th\u1ec3 thon th\u1ea3 tr\u00e0n \u0111\u1ea7y s\u1ee9c s\u1ed1ng<\/div>\n<\/div>\n","protected":false},"featured_media":1839,"comment_status":"closed","ping_status":"closed","template":"","meta":[],"_links":{"self":[{"href":"https:\/\/korea.com.vn\/shop\/wp-json\/wp\/v2\/product\/4929"}],"collection":[{"href":"https:\/\/korea.com.vn\/shop\/wp-json\/wp\/v2\/product"}],"about":[{"href":"https:\/\/korea.com.vn\/shop\/wp-json\/wp\/v2\/types\/product"}],"replies":[{"embeddable":true,"href":"https:\/\/korea.com.vn\/shop\/wp-json\/wp\/v2\/comments?post=4929"}],"wp:featuredmedia":[{"embeddable":true,"href":"https:\/\/korea.com.vn\/shop\/wp-json\/wp\/v2\/media\/1839"}],"wp:attachment":[{"href":"https:\/\/korea.com.vn\/shop\/wp-json\/wp\/v2\/media?parent=4929"}],"curies":[{"name":"wp","href":"https:\/\/api.w.org\/{rel}","templated":true}]}}