{"id":4932,"date":"2020-11-30T13:05:59","date_gmt":"2020-11-30T06:05:59","guid":{"rendered":"https:\/\/korea.com.vn\/shop\/san-pham\/import-placeholder-for-4749\/"},"modified":"2020-12-09T15:06:58","modified_gmt":"2020-12-09T08:06:58","slug":"tinh-dau-sa-chanh-genie","status":"publish","type":"product","link":"https:\/\/korea.com.vn\/shop\/san-pham\/tinh-dau-sa-chanh-genie\/","title":{"rendered":"TINH D\u1ea6U S\u1ea2 CHANH GENIE"},"content":{"rendered":"<p>Kh\u00f4ng nh\u01b0 nhi\u1ec1u ng\u01b0\u1eddi l\u1ea7m t\u01b0\u1edfng th\u00ec tinh d\u1ea7u s\u1ea3 chanh \u0111\u01b0\u1ee3c chi\u1ebft xu\u1ea5t t\u1eeb l\u00e1 v\u00e0 v\u00e0 th\u00e2n c\u00e2y s\u1ea3 chanh &#8211; lo\u1ea1i th\u1ea3o d\u01b0\u1ee3c thu\u1ed9c h\u1ecd c\u1ecf Poaceae. Tinh ch\u1ea5t t\u1eeb c\u00e2y s\u1ea3 chanh ch\u1ee9a r\u1ea5t nhi\u1ec1u lo\u1ea1i vitamin l\u00e0 A, B2, B2, B3, B5, C, Folate. Ngo\u00e0i ra c\u00f2n c\u00f3 c\u00e1c lo\u1ea1i kho\u00e1ng ch\u1ea5t magie, mangan, kali, k\u1ebdm, s\u1eaft\u2026<br \/>\nV\u1edbi c\u00e1c th\u00e0nh ph\u1ea7n n\u00e0y m\u00e0 tinh d\u1ea7u s\u1ea3 chanh mang \u0111\u1ebfn r\u1ea5t nhi\u1ec1u c\u00f4ng d\u1ee5ng kh\u00e1c nhau cho s\u1ee9c kh\u1ecfe, m\u00f4i tr\u01b0\u1eddng s\u1ed1ng. H\u00e0m l\u01b0\u1ee3ng Citral cao trong lo\u1ea1i tinh d\u1ea7u n\u00e0y c\u00f3 kh\u1ea3 n\u0103ng kh\u00e1ng khu\u1ea9n, kh\u00e1ng n\u1ea5m c\u1ef1c k\u1ef3 m\u1ea1nh. Do \u0111\u00f3 tinh d\u1ea7u s\u1ea3 chanh s\u1ebd gi\u00fap l\u00e0m s\u1ea1ch kh\u00f4ng kh\u00ed, kh\u1eed m\u00f9i hi\u1ec7u qu\u1ea3, gi\u1ea3m thi\u1ec3u vi khu\u1ea9n v\u00e0 virut. X\u00f4ng tinh d\u1ea7u chanh x\u00e3 trong ph\u00f2ng \u0111\u1ec3 thanh l\u1ecdc kh\u00f4ng kh\u00ed, di\u1ec7t khu\u1ea9n v\u00e0 t\u0103ng s\u1ee9c \u0111\u1ec1 kh\u00e1ng cho th\u00e0nh vi\u00ean trong gia \u0111\u00ecnh.\u00a0\u200b<br \/>\n<strong>C\u00d4NG D\u1ee4NG TINH D\u1ea6U S\u1ea2 CHANH:<\/strong><\/p>\n<ul>\n<li style=\"list-style-type: none\">\n<ul>\n<li>Thanh l\u1ecdc kh\u00f4ng kh\u00ed<\/li>\n<\/ul>\n<\/li>\n<\/ul>\n<ul>\n<li style=\"list-style-type: none\">\n<ul>\n<li>Gi\u1ea3i \u0111\u1ed9c, gi\u00fap t\u00e1i t\u1ea1o n\u0103ng l\u01b0\u1ee3ng c\u01a1 th\u1ec3<\/li>\n<\/ul>\n<\/li>\n<\/ul>\n<ul>\n<li style=\"list-style-type: none\">\n<ul>\n<li>Ch\u1ed1ng m\u1ec7t m\u1ecfi, c\u0103ng th\u1eb3ng th\u1ea7n kinh<\/li>\n<\/ul>\n<\/li>\n<\/ul>\n<ul>\n<li style=\"list-style-type: none\">\n<ul>\n<li>Tr\u1ecb c\u1ea3m c\u00fam, nh\u1ee9c m\u1ecfi<\/li>\n<\/ul>\n<\/li>\n<\/ul>\n<ul>\n<li style=\"list-style-type: none\">\n<ul>\n<li>Ch\u1ed1ng \u0111\u1ea7y h\u01a1i, kh\u00f3 ti\u00eau t\u1ed1t cho ng\u01b0\u1eddi vi\u00eam \u0111\u1ea1i tr\u00e0ng<\/li>\n<\/ul>\n<\/li>\n<\/ul>\n<ul>\n<li style=\"list-style-type: none\">\n<ul>\n<li>C\u00e2n b\u1eb1ng \u0111\u1ed9 nh\u1eddn, \u0111\u1ed9 \u1ea9m c\u1ee7a da, ng\u1eeba v\u00e0 tr\u1ecb m\u1ee5n tr\u1ee9ng c\u00e1<\/li>\n<\/ul>\n<\/li>\n<\/ul>\n<ul>\n<li style=\"list-style-type: none\">\n<ul>\n<li>Kh\u1eed m\u00f9i h\u00f4i, \u1ea9m m\u1ed1c<\/li>\n<\/ul>\n<\/li>\n<\/ul>\n<ul>\n<li style=\"list-style-type: none\">\n<ul>\n<li>Ch\u1ed1ng n\u1ea5m, ch\u1ed1ng mu\u1ed7i, ch\u1ed1ng vi\u00eam &#8230;..<\/li>\n<\/ul>\n<\/li>\n<\/ul>\n","protected":false},"excerpt":{"rendered":"<div class=\"clearfix box\">V\u1edbi c\u00e1c th\u00e0nh ph\u1ea7n n\u00e0y m\u00e0 tinh d\u1ea7u s\u1ea3 chanh mang \u0111\u1ebfn r\u1ea5t nhi\u1ec1u c\u00f4ng d\u1ee5ng kh\u00e1c nhau cho s\u1ee9c kh\u1ecfe, m\u00f4i tr\u01b0\u1eddng s\u1ed1ng. H\u00e0m l\u01b0\u1ee3ng Citral cao trong lo\u1ea1i tinh d\u1ea7u n\u00e0y c\u00f3 kh\u1ea3 n\u0103ng kh\u00e1ng khu\u1ea9n, kh\u00e1ng n\u1ea5m c\u1ef1c k\u1ef3 m\u1ea1nh. Do \u0111\u00f3 tinh d\u1ea7u s\u1ea3 chanh s\u1ebd gi\u00fap l\u00e0m s\u1ea1ch kh\u00f4ng kh\u00ed, kh\u1eed m\u00f9i hi\u1ec7u qu\u1ea3, gi\u1ea3m thi\u1ec3u vi khu\u1ea9n v\u00e0 virut.<\/div>\n","protected":false},"featured_media":1843,"comment_status":"closed","ping_status":"closed","template":"","meta":[],"_links":{"self":[{"href":"https:\/\/korea.com.vn\/shop\/wp-json\/wp\/v2\/product\/4932"}],"collection":[{"href":"https:\/\/korea.com.vn\/shop\/wp-json\/wp\/v2\/product"}],"about":[{"href":"https:\/\/korea.com.vn\/shop\/wp-json\/wp\/v2\/types\/product"}],"replies":[{"embeddable":true,"href":"https:\/\/korea.com.vn\/shop\/wp-json\/wp\/v2\/comments?post=4932"}],"wp:featuredmedia":[{"embeddable":true,"href":"https:\/\/korea.com.vn\/shop\/wp-json\/wp\/v2\/media\/1843"}],"wp:attachment":[{"href":"https:\/\/korea.com.vn\/shop\/wp-json\/wp\/v2\/media?parent=4932"}],"curies":[{"name":"wp","href":"https:\/\/api.w.org\/{rel}","templated":true}]}}