{"id":4933,"date":"2020-11-30T13:05:59","date_gmt":"2020-11-30T06:05:59","guid":{"rendered":"https:\/\/korea.com.vn\/shop\/san-pham\/import-placeholder-for-4750\/"},"modified":"2020-12-21T10:37:17","modified_gmt":"2020-12-21T03:37:17","slug":"set-5-loai-cham-soc-da-genie","status":"publish","type":"product","link":"https:\/\/korea.com.vn\/shop\/san-pham\/set-5-loai-cham-soc-da-genie\/","title":{"rendered":"Set 5 lo\u1ea1i ch\u0103m s\u00f3c da Genie"},"content":{"rendered":"<p>&#8216;- Nguy\u00ean set g\u1ed3m 5 m\u00f3n<br \/>\n+S\u1eefa r\u1eefa m\u1eb7t ALASKA 02 CLEASING (10ml) L\u00e0m s\u1ea1ch da L\u1ed1c Xo\u00e1y Si\u00eau T\u1ed1c t\u1eeb nh\u1eefng tinh th\u1ec3 l\u00e0m s\u1ea1ch the m\u00e1t &#8211; lo\u1ea1i b\u1ecf \u0111i b\u1ee5i b\u1ea9n, vi khu\u1ea9n, l\u00e0m s\u1ea1ch s\u00e2u cho da, t\u1ea1o s\u1ef1 tho\u00e1ng m\u00e1t, nh\u1eb9 nh\u00e0ng cho da, tr\u00e1nh \u0111\u01b0\u1ee3c c\u00e1c t\u00ecnh tr\u1ea1ng g\u00e2y b\u00ed l\u1ed7 ch\u00e2n l\u00f4ng \u2013 nguy\u00ean nh\u00e2n h\u00ecnh th\u00e0nh m\u1ee5n ng\u1ee9a, m\u1ee5n nh\u1ecdt tr\u00ean da.<br \/>\n+ N\u01b0\u1edbc th\u1ea7n TONER SUPPER SHINE (10ml) Sau khi B\u00d9 N\u01af\u1edaC TH\u1ea6N CHO DA ko ngh\u0129 c\u00f3 ng\u00e0y da m\u00ecnh b\u00f3ng l\u1ecdng nh\u01b0 v\u1ea1i N\u01b0\u1edbc th\u1ea7n c\u0103ng b\u00f3ng da #mulgwang Nh\u1ea1y c\u1ea3m c\u1ee1 kh\u00f3 t\u00ednh c\u1ee1 n\u00e0o c\u0169ng chi\u1ec1u \u0111\u01b0\u1ee3c h\u1ebft<br \/>\nC\u00f4ng d\u1ee5ng th\u00ec tuy\u1ec7t d\u1eddi nha:<br \/>\nCh\u1ed1ng oxy h\u00f3a, ch\u1ed1ng l\u00e3o h\u00f3a.<br \/>\nB\u1ed5 sung v\u00e0 duy tr\u00ec \u0111\u1ed9 \u1ea9m cho da.<br \/>\nL\u00e0m cho da kh\u1ecfe m\u1ea1nh v\u1edbi k\u1ebft c\u1ea5u s\u0103n ch\u1eafc v\u00e0 l\u1ed7 ch\u00e2n l\u00f4ng \u0111\u01b0\u1ee3c se kh\u00edt.<br \/>\n\u0110i\u1ec1u ti\u1ebft l\u01b0\u1ee3ng b\u00e3 nh\u1eddn.<br \/>\n+\u00a0SERUM HA + VOLUME SKIN UP L\u00e0 serum ch\u1ed1ng oxy h\u00f3a c\u1ea5p \u1ea9m si\u00eau m\u1ea1nh t\u1eeb t\u1ef1 nhi\u00ean. \u0110\u00e2y ch\u00ednh l\u00e0 serum c\u0103ng b\u00f3ng da, si\u00eau c\u1ea5p n\u01b0\u1edbc, ch\u1ee9a 1 l\u01b0\u1ee3ng l\u1edbn Hyaluronic Acid gi\u00fap da l\u00fac n\u00e0o c\u0169ng \u1ea9m m\u01b0\u1ee3t nh\u01b0 \u0111\u01b0\u1ee3c ng\u1eadm 1 l\u1edbp n\u01b0\u1edbc d\u01b0\u1edbi da. 1 gi\u1ecdt serum HA+ t\u01b0\u01a1ng \u0111\u01b0\u01a1ng v\u1edbi 1L n\u01b0\u1edbc n\u00ean ch\u1ec9 c\u1ea7n 3-5 gi\u1ecdt serum c\u0169ng gi\u00fap da \u0111\u1ea7y s\u1ee9c s\u1ed1ng c\u1ea5p k\u00ec<br \/>\nC\u00d4NG D\u1ee4NG: -c\u1ea5p \u1ea9m s\u00e2u li\u00ean t\u1ee5c trong 72h -Nu\u00f4i d\u01b0\u1ee1ng v\u00e0 \u0111i\u1ec1u tr\u1ecb h\u00e0ng ng\u00e0y cho da ti\u1ebfp x\u00fac v\u1edbi y\u1ebfu t\u1ed1 g\u00e2y h\u1ea1i cho da: m\u00f4i tr\u01b0\u1eddng, gi\u00f3 kh\u00f4 \/ kh\u00f4ng kh\u00ed, r\u1eeda qu\u00e1 nhi\u1ec1u hay th\u00e0nh ph\u1ea7n t\u1ea9y r\u1eeda kh\u1eafc nghi\u1ec7t, \u00e1nh n\u1eafng m\u1eb7t tr\u1eddi v\u00e0 sau s\u1eed d\u1ee5ng cortisone\u2026. &#8211; L\u00e0m d\u1ecbu k\u00edch \u1ee9ng, t\u1ea5y \u0111\u1ecf v\u00e0 s\u1eeda ch\u1eefa c\u00e1c t\u1ed5n th\u01b0\u01a1ng da.<br \/>\n+\u00a0YOGURT ESSENCE NATURAL GLOW L\u00e0 tinh ch\u1ea5t ch\u1ed1ng l\u00e3o h\u00f3a d\u01b0\u1ee1ng tr\u1eafng V\u01b0\u1ee3t tr\u1ed9i nh\u1ea5t hi\u1ec7n nay, chi\u1ebft xu\u1ea5t s\u1eefa chua cho l\u00e0n da s\u1ee9c m\u1ea1nh t\u1ef1 sinh tr\u01b0\u1edfng v\u00e0 kh\u1ea3 n\u0103ng t\u1ef1 t\u1ecfa s\u00e1ng t\u1eeb b\u00ean trong, mang l\u1ea1i l\u00e0n da \u1ea9m m\u1ecbn s\u00e1ng m\u01b0\u1ee3t<br \/>\n+\u00a0DD CREAM TONE UP SPF 50Pa+++ S\u1eefa d\u01b0\u1ee1ng ng\u00e0y ch\u1ed1ng n\u1eafng l\u1ea1nh m\u1ecfng nh\u1eb9 nh\u1ea5t th\u1ebf gi\u1edbi SPF 50Pa+++ v\u1edbi c\u00f4ng ngh\u00ea\u0323 \u0111\u1ed9t ph\u00e1 m\u00e0ng l\u1ecdc MEXOPLEX\u00ae \u0111\u1ed9c quy\u1ec1n, gi\u00fap che ph\u1ee7 nh\u1eb9, ch\u1ed1ng n\u1eafng, ng\u0103n ng\u1eeba tia UVB &amp; UVA g\u00e2y t\u00e1c ha\u0323i l\u00ean da v\u1edbi K\u1ebft c\u1ea5u l\u1ecfng nh\u1eb9, kh\u00f4ng nh\u1eddn r\u00edt, kh\u00f4ng \u0111\u1ec3 l\u1ea1i v\u1ec7t tr\u1eafng.D\u00e0nh cho da m\u1eb7t nh\u1ea1y c\u1ea3m v\u00e0 d\u1ec5 k\u00edch \u1ee9ng v\u1edbi \u00e1nh n\u1eafng<\/p>\n","protected":false},"excerpt":{"rendered":"<div class=\"clearfix box\">Nu\u00f4i d\u01b0\u1ee1ng v\u00e0 \u0111i\u1ec1u tr\u1ecb h\u00e0ng ng\u00e0y cho da ti\u1ebfp x\u00fac v\u1edbi y\u1ebfu t\u1ed1 g\u00e2y h\u1ea1i cho da<\/div>\n","protected":false},"featured_media":1845,"comment_status":"closed","ping_status":"closed","template":"","meta":[],"_links":{"self":[{"href":"https:\/\/korea.com.vn\/shop\/wp-json\/wp\/v2\/product\/4933"}],"collection":[{"href":"https:\/\/korea.com.vn\/shop\/wp-json\/wp\/v2\/product"}],"about":[{"href":"https:\/\/korea.com.vn\/shop\/wp-json\/wp\/v2\/types\/product"}],"replies":[{"embeddable":true,"href":"https:\/\/korea.com.vn\/shop\/wp-json\/wp\/v2\/comments?post=4933"}],"wp:featuredmedia":[{"embeddable":true,"href":"https:\/\/korea.com.vn\/shop\/wp-json\/wp\/v2\/media\/1845"}],"wp:attachment":[{"href":"https:\/\/korea.com.vn\/shop\/wp-json\/wp\/v2\/media?parent=4933"}],"curies":[{"name":"wp","href":"https:\/\/api.w.org\/{rel}","templated":true}]}}