{"id":4934,"date":"2020-11-30T13:05:59","date_gmt":"2020-11-30T06:05:59","guid":{"rendered":"https:\/\/korea.com.vn\/shop\/san-pham\/import-placeholder-for-4751\/"},"modified":"2020-12-21T10:36:01","modified_gmt":"2020-12-21T03:36:01","slug":"tinh-chat-ngoc-trai-trung-ca-tam-caviar-pearl","status":"publish","type":"product","link":"https:\/\/korea.com.vn\/shop\/san-pham\/tinh-chat-ngoc-trai-trung-ca-tam-caviar-pearl\/","title":{"rendered":"Tinh ch\u1ea5t ng\u1ecdc trai tr\u1ee9ng c\u00e1 t\u1ea7m CAVIAR PEARL"},"content":{"rendered":"<p>Tr\u1ebb ho\u00e1 l\u00e0n da t\u1ee9c th\u00ec ch\u1ec9 sau 1 \u0111\u00eam ng\u1ee7<br \/>\nnSerum N\u00e0y V\u1eadt b\u1ea5t ly th\u00e2n c\u1ee7a c\u00e1c Ph\u1ee5 N\u1eef H\u00e0n Nh\u1ea5t L\u00e0 c\u00e1c sao n\u1eef, B\u1edfi C\u00f3 kh\u1ea3 n\u0103ng t\u1ea1o l\u1edbp b\u1ecdc ch\u1ed1ng l\u1ea1i s\u1ef1 thay \u0111\u1ed5i m\u00f4i tr\u01b0\u1eddng, V\u1eabn b\u1ed5 dung \u0111\u1ee7 ch\u1ea5t cho da, C\u00e1c \u0110i\u1ec3m M\u00e0 ko 1 Serum n\u00e0o l\u00e0m \u0111\u01b0\u1ee3c \u0111\u00f3 l\u00e0 c\u00f4ng ngh\u1ec7 chi\u1ebft t\u00e1ch ph\u00e2n lu\u1ed3ng, Th\u1ea9m th\u1ea5u qua bi\u1ec3u b\u00ec r\u1ed3i t\u00e1i sinh d\u01b0\u1ee1ng ti\u1ebfp Trung b\u00ec v\u00e0 h\u1ea1 b\u00ec.<br \/>\nnS\u1eef D\u1ee5ng ch\u1ec9 2 l\u1ea7n s\u00e1ng t\u1ed1i, M\u00e0 m\u1ed7i l\u1ea7n tr\u00edch ra ch\u1eebng h\u1ea1t \u0111\u00e2u xanh \u0111\u1ee7 thoa c\u1ea3 m\u1eb7t r\u1ed3i nha m\u1ea5y ch\u1ecb, ph\u1ea3i th\u1ea9m th\u1ea5u t\u1eeb t\u1eeb \u0111\u1eebng ham l\u00e0m nhi\u1ec1u da th\u1ea9m th\u1ea5u kh\u00f4ng k\u1ecbp nha m\u1ea5y ch\u1ecb.\u200b<br \/>\nnHi\u1ec7n S\u1ea3n Ph\u1ea9m \u0110\u01b0\u1ee3c S\u1eed d\u1ee5ng Cho c\u00e1c Th\u1ea9m M\u1ef9 vi\u1ec7n cao c\u1ea5p trong d\u1ecbch v\u1ee5 ph\u1ee5c h\u1ed3i da chuy\u00ean s\u00e2u ( H\u01a1i b\u1ecb m\u1eafc ti\u1ec1n \u1edf H\u00e0n ) v\u00e0 H\u1ed7 Tr\u1ee3 Nu\u00f4i da trong B\u1ec7nh Vi\u1ec7n Da li\u1ec5u Seoul. c\u00f4ng d\u1ee5ng<\/p>\n<ul>\n<li style=\"list-style-type: none\">\n<ul>\n<li>L\u00e0m tr\u1eafng v\u01b0\u1ee3t tr\u1ed9i<\/li>\n<\/ul>\n<\/li>\n<\/ul>\n<ul>\n<li style=\"list-style-type: none\">\n<ul>\n<li>Ch\u1ed1ng nh\u0103n<\/li>\n<\/ul>\n<\/li>\n<\/ul>\n<ul>\n<li style=\"list-style-type: none\">\n<ul>\n<li>T\u0103ng \u0111\u1ed9 d\u00e0n h\u1ed3i<\/li>\n<\/ul>\n<\/li>\n<\/ul>\n<ul>\n<li style=\"list-style-type: none\">\n<ul>\n<li>Thu nh\u1ecf l\u1ed7 ch\u00e2n l\u00f4ng<\/li>\n<\/ul>\n<\/li>\n<\/ul>\n<ul>\n<li style=\"list-style-type: none\">\n<ul>\n<li>L\u00e0m s\u1ea1ch t\u1ebf b\u00e0o ch\u1ebft v\u00e0 b\u1ee5i b\u1ea9n<\/li>\n<\/ul>\n<\/li>\n<\/ul>\n<ul>\n<li style=\"list-style-type: none\">\n<ul>\n<li>Ch\u1ed1ng s\u01b0ng t\u1ea5y, l\u00e0m kho\u1ebb l\u1edbp m\u00e0ng b\u1ea3o v\u1ec7 da, c\u1ea3i thi\u1ec7n \u0111\u1ed9 \u0111\u00e0n h\u1ed3i cho da<\/li>\n<\/ul>\n<\/li>\n<\/ul>\n<ul>\n<li style=\"list-style-type: none\">\n<ul>\n<li>Gi\u00fap da c\u0103ng b\u00f3ng v\u00e0 m\u1ecbn m\u00e0ng<\/li>\n<\/ul>\n<\/li>\n<\/ul>\n<ul>\n<li style=\"list-style-type: none\">\n<ul>\n<li>L\u00e0m m\u1edd c\u00e1c v\u1ebft th\u00e2m n\u00e1m \u0111\u1ed1m m\u1ee5n v\u00e0 \u0111\u1ed1m n\u00e2u<\/li>\n<\/ul>\n<\/li>\n<\/ul>\n<ul>\n<li style=\"list-style-type: none\">\n<ul>\n<li>Ki\u1ec1m d\u1ea7u, cung c\u1ea5p n\u01b0\u1edbc cho da lu\u00f4n m\u1ec1m m\u01b0\u1ee3t<\/li>\n<\/ul>\n<\/li>\n<\/ul>\n","protected":false},"excerpt":{"rendered":"<div class=\"clearfix box\">L\u00e0m tr\u1eafng v\u01b0\u1ee3t tr\u1ed9i Ch\u1ed1ng nh\u0103n T\u0103ng \u0111\u1ed9 d\u00e0n h\u1ed3i Thu nh\u1ecf l\u1ed7 ch\u00e2n l\u00f4ng L\u00e0m s\u1ea1ch t\u1ebf b\u00e0o ch\u1ebft v\u00e0 b\u1ee5i b\u1ea9n<\/div>\n","protected":false},"featured_media":1847,"comment_status":"closed","ping_status":"closed","template":"","meta":[],"_links":{"self":[{"href":"https:\/\/korea.com.vn\/shop\/wp-json\/wp\/v2\/product\/4934"}],"collection":[{"href":"https:\/\/korea.com.vn\/shop\/wp-json\/wp\/v2\/product"}],"about":[{"href":"https:\/\/korea.com.vn\/shop\/wp-json\/wp\/v2\/types\/product"}],"replies":[{"embeddable":true,"href":"https:\/\/korea.com.vn\/shop\/wp-json\/wp\/v2\/comments?post=4934"}],"wp:featuredmedia":[{"embeddable":true,"href":"https:\/\/korea.com.vn\/shop\/wp-json\/wp\/v2\/media\/1847"}],"wp:attachment":[{"href":"https:\/\/korea.com.vn\/shop\/wp-json\/wp\/v2\/media?parent=4934"}],"curies":[{"name":"wp","href":"https:\/\/api.w.org\/{rel}","templated":true}]}}