{"id":4935,"date":"2020-11-30T13:06:00","date_gmt":"2020-11-30T06:06:00","guid":{"rendered":"https:\/\/korea.com.vn\/shop\/san-pham\/import-placeholder-for-4752\/"},"modified":"2020-12-21T10:42:07","modified_gmt":"2020-12-21T03:42:07","slug":"thay-da-mang-te-bao-hut-nam-derma-matrix","status":"publish","type":"product","link":"https:\/\/korea.com.vn\/shop\/san-pham\/thay-da-mang-te-bao-hut-nam-derma-matrix\/","title":{"rendered":"Thay da m\u00e0ng t\u1ebf b\u00e0o h\u00fat n\u00e1m DERMA MATRIX"},"content":{"rendered":"<p>Thay da m\u00e0ng t\u1ebf b\u00e0o h\u00fat n\u00e1m t\u00e0n nhang<br \/>\nCh\u1ee9a th\u00e0nh ph\u1ea7n c\u00e1nh hoa c\u00fac Calendula &amp; c\u00e1c chi\u1ebft xu\u1ea5t ho\u00e0n to\u00e0n t\u1eeb thi\u00ean nhi\u00ean nh\u01b0 : C\u00e0 chua, Tam b\u1ea1ch th\u1ea3o vv gi\u00fap nh\u1eb9 nh\u00e0ng l\u00e0m s\u1ea1ch s\u00e2u nh\u1eefng b\u1ee5i b\u1ea9n, b\u1ee5i m\u1ecbn\u200b<\/p>\n<p><strong>C\u00f4ng d\u1ee5ng:<\/strong>\u00a0M\u1edd n\u00e1m, tr\u1eafng da, se l\u1ed7 ch\u00e2n l\u00f4ng, ki\u1ec1m d\u1ea7u, c\u0103ng m\u1ecbn, t\u00e1i t\u1ea1o collagen h\u01b0 t\u1ed5n, n\u00e2ng c\u01a1 m\u1eb7t ch\u1ed1ng ch\u1ea3y s\u1ec7, gi\u1ea3m n\u1ebfp nh\u0103n, h\u00fat n\u00e1m v\u00e0 th\u1ea3i \u0111\u1ed9c t\u1ed1 trong da&#8230; L\u00e0m s\u1ea1ch s\u00e2u, Se kh\u00edt l\u1ed7 ch\u00e2n l\u00f4ng, T\u1ea9y da ch\u1ebft, Gi\u1ea3m m\u1ee5n \u0111\u1ea7u \u0111en<\/p>\n<p><strong>Th\u00e0nh ph\u1ea7n:<\/strong>\u00a0C\u00e1nh hoa c\u00fac Calendula, chi\u1ebft xu\u1ea5t tam b\u1ea1ch th\u1ea3o, chi\u1ebft xu\u1ea5t di\u1ebfp c\u00e1, k\u00e9 \u0111\u1ea7u ng\u1ef1a, \u0111\u01b0\u01a1ng quy H\u00e0n Qu\u1ed1c<br \/>\nH\u01b0\u1edbng d\u1eabn s\u1eef d\u1ee5ng: b\u00f4i \u0111\u1ec1u l\u00ean m\u1eb7t m\u1ed9t l\u01b0\u1ee3ng v\u1eeba \u0111\u1ee7<br \/>\n+ Sau 30 ph\u00fat m\u00e0ng c\u00f3 d\u1ea5u hi\u1ec7u s\u1ea1m l\u1ea1i, \u0111\u1ed9c t\u1ed1 \u0111\u00e3 dc h\u00fat ra.<br \/>\n+ L\u1ed9t nh\u1eb9 theo chi\u1ec1u t\u1eeb d\u01b0\u1edbi l\u00ean s\u1ebd c\u1ea3m nh\u1eadn dc l\u00e0n da c\u0103ng m\u1ecbn m\u01b0\u1edbt ngay t\u1ee9c th\u00ec.<\/p>\n","protected":false},"excerpt":{"rendered":"<div class=\"clearfix box\">\n<div class=\"clearfix dcontent pdetail-quote\">M\u1edd n\u00e1m, tr\u1eafng da, se l\u1ed7 ch\u00e2n l\u00f4ng, ki\u1ec1m d\u1ea7u, c\u0103ng m\u1ecbn, t\u00e1i t\u1ea1o collagen h\u01b0 t\u1ed5n, n\u00e2ng c\u01a1 m\u1eb7t ch\u1ed1ng ch\u1ea3y s\u1ec7, gi\u1ea3m n\u1ebfp nh\u0103n, h\u00fat n\u00e1m v\u00e0 th\u1ea3i \u0111\u1ed9c t\u1ed1 trong da&#8230; L\u00e0m s\u1ea1ch s\u00e2u, Se kh\u00edt l\u1ed7 ch\u00e2n l\u00f4ng, T\u1ea9y da ch\u1ebft, Gi\u1ea3m m\u1ee5n \u0111\u1ea7u \u0111en<\/div>\n<\/div>\n","protected":false},"featured_media":1849,"comment_status":"closed","ping_status":"closed","template":"","meta":[],"_links":{"self":[{"href":"https:\/\/korea.com.vn\/shop\/wp-json\/wp\/v2\/product\/4935"}],"collection":[{"href":"https:\/\/korea.com.vn\/shop\/wp-json\/wp\/v2\/product"}],"about":[{"href":"https:\/\/korea.com.vn\/shop\/wp-json\/wp\/v2\/types\/product"}],"replies":[{"embeddable":true,"href":"https:\/\/korea.com.vn\/shop\/wp-json\/wp\/v2\/comments?post=4935"}],"wp:featuredmedia":[{"embeddable":true,"href":"https:\/\/korea.com.vn\/shop\/wp-json\/wp\/v2\/media\/1849"}],"wp:attachment":[{"href":"https:\/\/korea.com.vn\/shop\/wp-json\/wp\/v2\/media?parent=4935"}],"curies":[{"name":"wp","href":"https:\/\/api.w.org\/{rel}","templated":true}]}}