{"id":4937,"date":"2020-11-30T13:06:00","date_gmt":"2020-11-30T06:06:00","guid":{"rendered":"https:\/\/korea.com.vn\/shop\/san-pham\/import-placeholder-for-4773\/"},"modified":"2020-12-21T10:37:31","modified_gmt":"2020-12-21T03:37:31","slug":"kem-face-sua-chua-len-men","status":"publish","type":"product","link":"https:\/\/korea.com.vn\/shop\/san-pham\/kem-face-sua-chua-len-men\/","title":{"rendered":"Tinh ch\u1ea5t tr\u1eafng da YOGURT ESSENCE"},"content":{"rendered":"<p>&#8211; Kem Face s\u1eefa chua t\u01b0\u01a1i GENIE D\u01b0\u1ee1ng Tr\u1eafng Tr\u1ecb s\u1eafc T\u1ed1 th\u00e2m n\u00e1m s\u1ed1 1 lu\u00f4n , x\u00e0i sau b\u01b0\u1edbc serum hay t\u1ebf b\u00e0o g\u1ed1c \u0111\u1ec3 kho\u00e1 d\u01b0\u1ee1ng ch\u1ea5t.<br \/>\n&#8211; 1 l\u1ea7n thoa kem= \u0111\u1eafp 1 h\u0169 s\u1eefa chua m\u1ed7i ng\u00e0y b\u1ea3o sao ko tr\u1eafng ko m\u1ecbn cho \u0111\u01b0\u1ee3c.<br \/>\n&#8211; V\u00ec l\u00e0 d\u1ea1ng kem tinh ch\u1ea5t s\u1eefa chua &#8211; th\u1ea5m nhanh sau khi thoa mau ch\u00f3ng th\u1ea9m th\u1ea5u v\u00e0o b\u00ean trong c\u00e1c t\u1ebf b\u00e0o da h\u01a1n so v\u1edbi c\u00e1c d\u1ea1ng kem n\u00e9n \u0111\u1ea1i tr\u00e0 tr\u00ean th\u1ecb tr\u01b0\u1eddng, Ph\u00f9 h\u1ee3p v\u1edbi t\u1ea5t c\u1ea3 m\u1ecdi lo\u1ea1i da k\u1ec3 c\u1ea3 da nh\u1ea1y c\u1ea3m nh\u1ea5t.<\/p>\n<p><strong>TH\u00c0NH PH\u1ea6N:<\/strong><br \/>\n+ Th\u00e0nh ph\u1ea7n chi\u1ebft xu\u1ea5t s\u1eefa chua t\u01b0\u01a1i l\u00ean men, gi\u00fap l\u00e0m tr\u1eafng da c\u1ea5p t\u1ed1c, nu\u00f4i d\u01b0\u1ee1ng l\u00e0n da m\u1ecbn m\u00e0ng<br \/>\n+ CHI\u1ebeT XU\u1ea4T R\u1ec4 CAM TH\u1ea2O (Licorice Root Extract) ch\u1ed1ng oxi h\u00f3a v\u00e0 kh\u00e1ng vi\u00eam m\u1ea1nh, c\u00f3 t\u00e1c d\u1ee5ng h\u1ed7 tr\u1ee3 \u0111i\u1ec1u tr\u1ecb v\u1ebft n\u00e1m tr\u00ean da.<br \/>\n+ CHI\u1ebeT XU\u1ea4T V\u1ece C\u00c2Y PINUS (Pinus Pinaster Bark Extract)Ch\u1ea5t ch\u1ed1ng oxy h\u00f3a m\u1ea1nh nh\u1ea5t trong c\u00e1c chi\u1ebft xu\u1ea5t thi\u00ean nhi\u00ean (g\u1ea5p \u0111\u00f4i vitamin E v\u00e0 Resveratrol). Kh\u1ea3 n\u0103ng l\u00e0m tr\u1eafng g\u1ea5p 5 l\u1ea7n Kojic Acid. T\u0103ng collagen g\u1ea5p 6 l\u1ea7n vitamin C. T\u0103ng 55% kh\u1ea3 n\u0103ng ch\u1ecbu \u0111\u1ef1ng c\u1ee7a t\u1ebf b\u00e0o. Purified Water, Stearic Acid, GMS 60, Cutina CP, Talc Powder, Vaseline, Bee Wax, SPAN 60, BHT, Shea Butter, Paraffin, Polysorbate 20, Polyethylene Glycol (PEG) 400, Glycerin, Titan Dioxide, Jojoba Oil \u200b\u200b\u200b\u200b\u200b\u200b\u200b\u200b<\/p>\n<p><strong>C\u00d4NG D\u1ee4NG:<\/strong><br \/>\n&#8211; Gi\u00fap d\u01b0\u1ee1ng \u1ea9m l\u00e0m m\u1ecbn da.<br \/>\n&#8211; Nu\u00f4i d\u01b0\u1ee1ng da kh\u1ecfe m\u1ea1nh, gi\u1ea3m thi\u1ec3u c\u00e1c t\u00e1c \u0111\u1ed9ng l\u00e3o h\u00f3a t\u1eeb b\u00ean ngo\u00e0i<br \/>\n-Th\u1ea9m th\u1ea5u s\u00e2u v\u00e0o b\u00ean trong l\u00e0m c\u00e2n b\u1eb1ng s\u1eafc t\u1ed1, m\u1edd v\u1ebft th\u00e2m, d\u01b0\u1ee1ng da \u0111\u1ec1u m\u00e0u, tr\u1eafng s\u00e1ng.<br \/>\n-C\u00e2n b\u1eb1ng b\u00e3 nh\u1eddn, t\u0103ng c\u01b0\u1eddng tu\u1ea7n ho\u00e0n m\u00e1u, th\u00fac \u0111\u1ea9y h\u00ecnh th\u00e0nh collagen ng\u1eeba l\u00e3o ho\u00e1<\/p>\n","protected":false},"excerpt":{"rendered":"<div class=\"clearfix box\">\n<div class=\"clearfix dcontent pdetail-quote\">\n<div class=\"clearfix box\">\n<div class=\"clearfix dcontent pdetail-quote\">L\u00e0 d\u1ea1ng kem tinh ch\u1ea5t s\u1eefa chua &#8211; th\u1ea5m nhanh sau khi thoa mau ch\u00f3ng th\u1ea9m th\u1ea5u v\u00e0o b\u00ean trong c\u00e1c t\u1ebf b\u00e0o da h\u01a1n so v\u1edbi c\u00e1c d\u1ea1ng kem n\u00e9n \u0111\u1ea1i tr\u00e0 tr\u00ean th\u1ecb tr\u01b0\u1eddng. S\u1ea3n ph\u1ea9m ph\u00f9 h\u1ee3p v\u1edbi t\u1ea5t c\u1ea3 m\u1ecdi lo\u1ea1i da k\u1ec3 c\u1ea3 da nh\u1ea1y c\u1ea3m nh\u1ea5t.<\/div>\n<\/div>\n<\/div>\n<\/div>\n","protected":false},"featured_media":1853,"comment_status":"closed","ping_status":"closed","template":"","meta":[],"_links":{"self":[{"href":"https:\/\/korea.com.vn\/shop\/wp-json\/wp\/v2\/product\/4937"}],"collection":[{"href":"https:\/\/korea.com.vn\/shop\/wp-json\/wp\/v2\/product"}],"about":[{"href":"https:\/\/korea.com.vn\/shop\/wp-json\/wp\/v2\/types\/product"}],"replies":[{"embeddable":true,"href":"https:\/\/korea.com.vn\/shop\/wp-json\/wp\/v2\/comments?post=4937"}],"wp:featuredmedia":[{"embeddable":true,"href":"https:\/\/korea.com.vn\/shop\/wp-json\/wp\/v2\/media\/1853"}],"wp:attachment":[{"href":"https:\/\/korea.com.vn\/shop\/wp-json\/wp\/v2\/media?parent=4937"}],"curies":[{"name":"wp","href":"https:\/\/api.w.org\/{rel}","templated":true}]}}