{"id":4939,"date":"2020-11-30T13:06:00","date_gmt":"2020-11-30T06:06:00","guid":{"rendered":"https:\/\/korea.com.vn\/shop\/san-pham\/import-placeholder-for-4775\/"},"modified":"2020-12-21T10:58:28","modified_gmt":"2020-12-21T03:58:28","slug":"sam-nghe-mat-ong-mama-chue","status":"publish","type":"product","link":"https:\/\/korea.com.vn\/shop\/san-pham\/sam-nghe-mat-ong-mama-chue\/","title":{"rendered":"S\u00e2m m\u1eadt ong ngh\u1ec7 r\u1eebng"},"content":{"rendered":"<p>S\u00e2m ngh\u1ec7 m\u1eadt ong Mama Chue 100% s\u00e2m t\u01b0\u01a1i Geumsan H\u00e0n Qu\u1ed1c \u2013 n\u01a1i chuy\u00ean tr\u1ed3ng s\u00e2m ch\u1ea5t l\u01b0\u1ee3ng th\u1ebf gi\u1edbi.<br \/>\n&#8211; M\u1eadt ong l\u00e0 t\u1eeb ong r\u1eebng hoa h\u1ea1t d\u1ebb t\u1eeb \u0110\u1ea3o Jeju.<br \/>\n&#8211; V\u1ecb m\u1eadt ong th\u01a1m v\u00e0 thanh, kh\u00f4ng b\u1ecb g\u1eaft c\u1ed5 hay ng\u1ecdt ng\u1ea5y nh\u01b0 m\u1ed9t s\u1ed1 lo\u1ea1i m\u1eadt ong kh\u00e1c.<br \/>\n&#8211; H\u1ee7 nh\u00e2n s\u00e2m ng\u00e2m ngh\u1ec7 m\u1eadt ong MamaChue n\u00e0y d\u00f9ng \u0111\u01b0\u1ee3c cho c\u1ea3 nh\u00e0 t\u1eeb \u00f4ng b\u00e0, b\u1ed1 m\u1eb9, b\u00e9 tr\u00ean 10 tu\u1ed5i, ph\u1ee5 n\u1eef sau sinh v\u00e0 cho con b\u00fa\u2026<br \/>\n+ Trong 1 h\u0169 500mg bao g\u1ed3m 10 k\u00ed ngh\u1ec7 s\u1ebb t\u01b0\u01a1i, 50gr nh\u00e2n s\u00e2m Geumsan H\u00e0n Qu\u1ed1c, s\u00e2m c\u1ee7a mamachue l\u00e0 s\u00e2m t\u01b0\u01a1i nguy\u00ean ch\u1ea5t n\u00ean b\u1ed5 l\u1eafm \u1ea1<\/p>\n<p>C\u00d4NG D\u1ee4NG NH\u00c2N S\u00c2M T\u01af\u01a0I NG\u00c2M M\u1eacT ONG NGH\u1ec6 MAMA CHU\u00ca H\u00c0N QU\u1ed0C<br \/>\n<img class=\"_1ift _2560 img\" src=\"https:\/\/static.xx.fbcdn.net\/images\/emoji.php\/v9\/t77\/1\/16\/1f44d_1f3fb.png\" alt=\"????????\" \/> \u0110i\u1ec1u ho\u00e0 n\u1ed9i ti\u1ebft, gi\u00fap \u00edch r\u1ea5t nhi\u1ec1u khi hay b\u1ecb m\u1ee5n n\u1ed9i ti\u1ebft ho\u1eb7c \u0111au b\u1ee5ng t\u1edbi th\u00e1ng.<br \/>\n<img class=\"_1ift _2560 img\" src=\"https:\/\/static.xx.fbcdn.net\/images\/emoji.php\/v9\/t77\/1\/16\/1f44d_1f3fb.png\" alt=\"????????\" \/> Detox c\u01a1 th\u1ec3 hi\u1ec7u qu\u1ea3, h\u1ed7 tr\u1ee3 GI\u1ea2M C\u00c2N v\u00e0 th\u1ea3i \u0111\u1ed9c, b\u1ed5 sung vitamin A d\u1ed3i d\u00e0o v\u00e0 ngu\u1ed3n B5 t\u1ef1 nhi\u00ean gi\u00fap s\u00e1ng m\u1eaft v\u00e0 t\u0103ng kh\u1ea3 n\u0103ng t\u1ef1 ph\u1ee5c h\u1ed3i.<br \/>\n<img class=\"_1ift _2560 img\" src=\"https:\/\/static.xx.fbcdn.net\/images\/emoji.php\/v9\/t77\/1\/16\/1f44d_1f3fb.png\" alt=\"????????\" \/> H\u1ed7 tr\u1ee3 \u0111i\u1ec1u tr\u1ecb th\u00e2m n\u00e1m s\u1ea1m da, l\u00e0m da tr\u1eafng h\u1ed3ng h\u00e0o, lo\u1ea1i b\u1ecf nguy c\u01a1 m\u1ee5n \u1ea9n.<br \/>\n<img class=\"_1ift _2560 img\" src=\"https:\/\/static.xx.fbcdn.net\/images\/emoji.php\/v9\/t77\/1\/16\/1f44d_1f3fb.png\" alt=\"????????\" \/> \u1ee8c ch\u1ebf \u0111\u1ed1m n\u00e2u m\u1edbi h\u00ecnh th\u00e0nh.<br \/>\n<img class=\"_1ift _2560 img\" src=\"https:\/\/static.xx.fbcdn.net\/images\/emoji.php\/v9\/t77\/1\/16\/1f44d_1f3fb.png\" alt=\"????????\" \/> L\u00e0m m\u1edd v\u1ebft th\u00e2m, s\u1eb9o do m\u1ee5n, tr\u1ecb m\u1ee5n<br \/>\n<img class=\"_1ift _2560 img\" src=\"https:\/\/static.xx.fbcdn.net\/images\/emoji.php\/v9\/t77\/1\/16\/1f44d_1f3fb.png\" alt=\"????????\" \/> Ng\u0103n ng\u1eeba r\u1ea1n da<br \/>\n<img class=\"_1ift _2560 img\" src=\"https:\/\/static.xx.fbcdn.net\/images\/emoji.php\/v9\/t77\/1\/16\/1f44d_1f3fb.png\" alt=\"????????\" \/> D\u01b0\u1ee1ng s\u00e1ng da, gi\u00fap da \u0111\u1ec1u m\u00e0u h\u01a1n<br \/>\n<img class=\"_1ift _2560 img\" src=\"https:\/\/static.xx.fbcdn.net\/images\/emoji.php\/v9\/t77\/1\/16\/1f44d_1f3fb.png\" alt=\"????????\" \/> B\u00f4i tr\u01a1n c\u00e1c kh\u1edbp v\u1edbi m\u00e0ng liquip gi\u00fap t\u00f3c m\u1ecdc d\u00e0i v\u00e0 ko b\u1ecb r\u1ee5ng n\u1eefa<br \/>\n<img class=\"_1ift _2560 img\" src=\"https:\/\/static.xx.fbcdn.net\/images\/emoji.php\/v9\/t77\/1\/16\/1f44d_1f3fb.png\" alt=\"????????\" \/> T\u0103ng sinh colagen t\u1ef1 nhi\u00ean c\u1ee7a c\u01a1 th\u1ec3<br \/>\n<img class=\"_1ift _2560 img\" src=\"https:\/\/static.xx.fbcdn.net\/images\/emoji.php\/v9\/t77\/1\/16\/1f44d_1f3fb.png\" alt=\"????????\" \/> T\u00e1i t\u1ea1o v\u00e0 h\u1ed7 tr\u1ee3 th\u00e0nh m\u00e0ng d\u1ea1 d\u00e0y, t\u1ed1t cho ng\u01b0\u1eddi b\u1ecb \u0111au d\u1ea1 d\u00e0y, hay u\u1ed1ng r\u01b0\u1ee3u bia<br \/>\n<img class=\"_1ift _2560 img\" src=\"https:\/\/static.xx.fbcdn.net\/images\/emoji.php\/v9\/t77\/1\/16\/1f44d_1f3fb.png\" alt=\"????????\" \/> Gi\u1ea3i \u0111\u1ed9c gan, thanh l\u1ecdc th\u1eadn, d\u00f9ng \u0111\u1ec3 gi\u1ea3i r\u01b0\u1ee3u v\u00e0 c\u00e1c ch\u1ebf ph\u1ea9m alcohol.<br \/>\n<img class=\"_1ift _2560 img\" src=\"https:\/\/static.xx.fbcdn.net\/images\/emoji.php\/v9\/t77\/1\/16\/1f44d_1f3fb.png\" alt=\"????????\" \/> C\u00f3 th\u1ec3 \u01b0\u1edbp c\u00f9ng m\u00f3n \u0103n \u0111\u1ec3 c\u00f3 m\u00e0u s\u1eafc \u0111\u1eb9p v\u00e0 t\u1ed1t cho s\u1ee9c kh\u1ecfe.<br \/>\n<img class=\"_1ift _2560 img\" src=\"https:\/\/static.xx.fbcdn.net\/images\/emoji.php\/v9\/t51\/1\/16\/1f449.png\" alt=\"????\" \/> Do \u0111\u01b0\u1ee3c tinh ch\u1ebf v\u1edbi c\u00f4ng ngh\u1ec7 nano n\u00ean \u0111\u00e3 b\u00e0i tr\u1eeb h\u1ebft c\u00e1c t\u00e1c d\u1ee5ng x\u1ea5u c\u1ee7a ngh\u1ec7, ko m\u00f9i, ko v\u1ecb, u\u1ed1ng ch\u1ec9 th\u1ea5y th\u01a1m th\u01a1m \u0111\u1ea7u l\u01b0\u1ee1i m\u00e0 h\u1ea5p th\u1ee5 si\u00eau nhanh<br \/>\n<img class=\"_1ift _2560 img\" src=\"https:\/\/static.xx.fbcdn.net\/images\/emoji.php\/v9\/t51\/1\/16\/1f449.png\" alt=\"????\" \/> Sp d\u00f9ng r\u1ea5t t\u1ed1t cho ng\u01b0\u1eddi gi\u00e0, tr\u1ebb nh\u1ecf, ph\u1ee5 n\u1eef sau sinh v\u00e0 cho con b\u00fa&#8230;<br \/>\n* C\u00c1CH D\u00d9NG:<br \/>\n&#8211; N\u00ean s\u1eed d\u1ee5ng v\u00e0o m\u1ed7i bu\u1ed5i s\u00e1ng<br \/>\n&#8211; Pha lo\u00e3ng v\u1edbi n\u01b0\u1edbc \u0111\u1ec3 u\u1ed1ng ho\u1eb7c c\u00f3 th\u1ec3 d\u00f9ng tr\u1ef1c ti\u1ebfp kh\u00f4ng c\u1ea7n pha<br \/>\n* S\u1eed d\u1ee5ng 2 \u2013 3 th\u00eca c\u00e0 ph\u00ea pha lo\u00e3ng v\u1edbi 250 \u2013 300ml \u0111\u1ec3 u\u1ed1ng m\u1ed7i ng\u00e0y<\/p>\n","protected":false},"excerpt":{"rendered":"<p>S\u00e2m ngh\u1ec7 m\u1eadt ong Mama Chue 100% s\u00e2m t\u01b0\u01a1i Geumsan H\u00e0n Qu\u1ed1c \u2013 n\u01a1i chuy\u00ean tr\u1ed3ng s\u00e2m ch\u1ea5t l\u01b0\u1ee3ng th\u1ebf gi\u1edbi.<\/p>\n","protected":false},"featured_media":1857,"comment_status":"closed","ping_status":"closed","template":"","meta":[],"_links":{"self":[{"href":"https:\/\/korea.com.vn\/shop\/wp-json\/wp\/v2\/product\/4939"}],"collection":[{"href":"https:\/\/korea.com.vn\/shop\/wp-json\/wp\/v2\/product"}],"about":[{"href":"https:\/\/korea.com.vn\/shop\/wp-json\/wp\/v2\/types\/product"}],"replies":[{"embeddable":true,"href":"https:\/\/korea.com.vn\/shop\/wp-json\/wp\/v2\/comments?post=4939"}],"wp:featuredmedia":[{"embeddable":true,"href":"https:\/\/korea.com.vn\/shop\/wp-json\/wp\/v2\/media\/1857"}],"wp:attachment":[{"href":"https:\/\/korea.com.vn\/shop\/wp-json\/wp\/v2\/media?parent=4939"}],"curies":[{"name":"wp","href":"https:\/\/api.w.org\/{rel}","templated":true}]}}