{"id":4940,"date":"2020-11-30T13:06:00","date_gmt":"2020-11-30T06:06:00","guid":{"rendered":"https:\/\/korea.com.vn\/shop\/san-pham\/import-placeholder-for-4776\/"},"modified":"2020-12-21T11:00:08","modified_gmt":"2020-12-21T04:00:08","slug":"sam-saffron-mat-ong-mama-chue","status":"publish","type":"product","link":"https:\/\/korea.com.vn\/shop\/san-pham\/sam-saffron-mat-ong-mama-chue\/","title":{"rendered":"S\u00e2m m\u1eadt ong nh\u1ee5y hoa saffron"},"content":{"rendered":"<p>S\u00e2m safron m\u1eadt ong &#8211; th\u1ea7n d\u01b0\u1ee3c \u0111\u1eb9p da tr\u1ecb m\u1ea5t ng\u1ee7<br \/>\nT\u1eebng l\u00e1t s\u00e2m ng\u1ea5m \u0111\u1eabm m\u1eadt ong r\u1eebng, h\u01b0\u01a1ng th\u01a1m d\u1ecbu t\u1eeb saffron nhu\u1ef5 hoa ngh\u1ec7 t\u00e2y v\u00f9ng Iran \u0111\u01b0\u1ee3c m\u1ec7nh danh l\u00e0 kim c\u01b0\u01a1ng \u0111\u1ecf v\u00f4 gi\u00e1 cho s\u1ee9c kho\u1ebb<br \/>\nTh\u1eddi s\u1ef1 n\u00f3i , b\u00e1c s\u0129 n\u00f3i ng\u01b0\u1eddi ng\u01b0\u1eddi, nh\u00e0 nh\u00e0 , \u0103n S\u00e2m , u\u1ed1ng S\u00c2M . Ch\u1ec9 c\u00f3 S\u00e2m m\u1edbi c\u00f3 kh\u1ea3 n\u0103ng Mi\u1ec5n D\u1ecbch t\u1ef1 nhi\u00ean Cao nh\u1ea5t<br \/>\nC\u00d4NG D\u1ee4NG S\u00c2M M\u1eacT ONG SAFFARON H\u00c0N QU\u1ed0C MAMA CHUE<br \/>\n&#8211; \u0110\u1ed1i v\u1edbi nam gi\u1edbi: Th\u00e0nh ph\u1ea7n c\u00f3 trong s\u00e2m ngh\u1ec7 m\u1eadt ong H\u00e0n Qu\u1ed1c Mama Chu\u00ea \u0111em \u0111\u1ebfn c\u00f4ng d\u1ee5ng tuy\u1ec7t v\u1eddi trong qu\u00e1 tr\u00ecnh t\u0103ng c\u01b0\u1eddng sinh l\u00fd, gi\u00fap \u0111i\u1ec1u h\u00f2a ho\u1ea1t \u0111\u1ed9ng c\u1ee7a tim m\u1ea1ch, \u0111\u1ed3ng th\u1eddi n\u00e2ng cao hi\u1ec7u qu\u1ea3 qu\u00e1 tr\u00ecnh ho\u1ea1t \u0111\u1ed9ng c\u1ee7a tr\u00ed \u00f3c v\u00e0 s\u1ee9c kh\u1ecfe t\u1ed1t khi lao \u0111\u1ed9ng ch\u00e2n tay \u0111\u1ed1i v\u1edbi nam gi\u1edbi<br \/>\n&#8211; \u0110\u1ed1i v\u1edbi ch\u1ecb em ph\u1ee5 n\u1eef: V\u1edbi th\u00e0nh ph\u1ea7n nh\u00e2n s\u00e2m, m\u1eadt ong, c\u00f3 trong s\u1ea3n ph\u1ea9m gi\u00fap \u0111\u1ea9y l\u00f9i hi\u1ec7u qu\u1ea3 qu\u00e1 tr\u00ecnh l\u00e3o h\u00f3a tr\u00ean da, ng\u0103n ng\u1eeba h\u00ecnh th\u00e0nh c\u00e1c n\u1ebfp nh\u0103n v\u00e0 x\u00f3a m\u1edd c\u00e1c v\u1ebft n\u00e1m t\u00e0n nhang ch\u1ec9 sau m\u1ed9t th\u1eddi gian ng\u1eafn s\u1eed d\u1ee5ng. Gi\u00fap ch\u1ecb em ph\u1ee5 n\u1eef k\u00e9o d\u00e0i tu\u1ed5i thanh xu\u00e2n, \u0111em \u0111\u1ebfn m\u1ed9t l\u00e0n da t\u01b0\u01a1i t\u1eafn r\u1ea1ng ng\u1eddi. \u0110\u1ed3ng th\u1eddi c\u00f2n cung c\u1ea5p cho c\u01a1 th\u1ec3 nh\u1eefng d\u01b0\u1ee1ng ch\u1ea5t c\u1ea7n thi\u1ebft nh\u01b0: protein v\u00e0 vitamin gi\u00fap t\u0103ng hi\u1ec7u qu\u1ea3 l\u00e0m vi\u1ec7c. S\u00e2m m\u1eadt ong H\u00e0n Qu\u1ed1c Mama chu\u1ed1i c\u00f2n ph\u00f9 h\u1ee3p v\u1edbi ch\u1ecb em ph\u1ee5 n\u1eef sau sinh v\u00e0 trong qu\u00e1 tr\u00ecnh cho con b\u00fa.<br \/>\n&#8211; \u0110\u1ed1i v\u1edbi ng\u01b0\u1eddi gi\u00e0: \u0110em \u0111\u1ebfn c\u00f4ng d\u1ee5ng hi\u1ec7u qu\u1ea3 trong qu\u00e1 tr\u00ecnh \u0111i\u1ec1u tr\u1ecb v\u00e0 ng\u0103n ng\u1eeba c\u00e1c v\u1ea5n \u0111\u1ec1 v\u1ec1 x\u01b0\u01a1ng kh\u1edbp nh\u01b0: tho\u00e1i h\u00f3a c\u1ed9t s\u1ed1ng, lo\u00e3ng x\u01b0\u01a1ng,\u2026Ngo\u00e0i ra s\u1ea3n ph\u1ea9m n\u00e0y c\u00f2n ch\u00fac cho ng\u01b0\u1eddi gi\u00e0 t\u0103ng c\u01b0\u1eddng s\u1ee9c kh\u1ecfe cho c\u01a1 th\u1ec3, h\u1ed7 tr\u1ee3 nghe, nh\u00ecn v\u00e0 ho\u1ea1t \u0111\u1ed9ng hi\u1ec7u qu\u1ea3, \u0111em \u0111\u1ebfn c\u1ea3m gi\u00e1c ngon mi\u1ec7ng h\u01a1n, ng\u1ee7 s\u00e2u gi\u1ea5c h\u01a1n cho ng\u01b0\u1eddi gi\u00e0* C\u00c1CH D\u00d9NG:<br \/>\n&#8211; N\u00ean s\u1eed d\u1ee5ng v\u00e0o m\u1ed7i bu\u1ed5i s\u00e1ng<br \/>\n&#8211; Pha lo\u00e3ng v\u1edbi n\u01b0\u1edbc \u0111\u1ec3 u\u1ed1ng ho\u1eb7c c\u00f3 th\u1ec3 d\u00f9ng tr\u1ef1c ti\u1ebfp kh\u00f4ng c\u1ea7n pha<br \/>\n* S\u1eed d\u1ee5ng 2 \u2013 3 th\u00eca c\u00e0 ph\u00ea pha lo\u00e3ng v\u1edbi 250 \u2013 300ml \u0111\u1ec3 u\u1ed1ng m\u1ed7i ng\u00e0y<br \/>\nnh\u1ed9p 500g<\/p>\n","protected":false},"excerpt":{"rendered":"<p>S\u00e2m safron m\u1eadt ong &#8211; th\u1ea7n d\u01b0\u1ee3c \u0111\u1eb9p da tr\u1ecb m\u1ea5t ng\u1ee7 T\u1eebng l\u00e1t s\u00e2m ng\u1ea5m \u0111\u1eabm m\u1eadt ong r\u1eebng, h\u01b0\u01a1ng th\u01a1m d\u1ecbu t\u1eeb saffron nhu\u1ef5 hoa ngh\u1ec7 t\u00e2y v\u00f9ng Iran \u0111\u01b0\u1ee3c m\u1ec7nh danh l\u00e0 kim c\u01b0\u01a1ng \u0111\u1ecf v\u00f4 gi\u00e1 cho s\u1ee9c kho\u1ebb Th\u1eddi s\u1ef1 n\u00f3i , b\u00e1c s\u0129 n\u00f3i ng\u01b0\u1eddi ng\u01b0\u1eddi, nh\u00e0 nh\u00e0 , [&hellip;]<\/p>\n","protected":false},"featured_media":1859,"comment_status":"closed","ping_status":"closed","template":"","meta":[],"_links":{"self":[{"href":"https:\/\/korea.com.vn\/shop\/wp-json\/wp\/v2\/product\/4940"}],"collection":[{"href":"https:\/\/korea.com.vn\/shop\/wp-json\/wp\/v2\/product"}],"about":[{"href":"https:\/\/korea.com.vn\/shop\/wp-json\/wp\/v2\/types\/product"}],"replies":[{"embeddable":true,"href":"https:\/\/korea.com.vn\/shop\/wp-json\/wp\/v2\/comments?post=4940"}],"wp:featuredmedia":[{"embeddable":true,"href":"https:\/\/korea.com.vn\/shop\/wp-json\/wp\/v2\/media\/1859"}],"wp:attachment":[{"href":"https:\/\/korea.com.vn\/shop\/wp-json\/wp\/v2\/media?parent=4940"}],"curies":[{"name":"wp","href":"https:\/\/api.w.org\/{rel}","templated":true}]}}