{"id":4941,"date":"2020-11-30T13:06:01","date_gmt":"2020-11-30T06:06:01","guid":{"rendered":"https:\/\/korea.com.vn\/shop\/san-pham\/import-placeholder-for-4777\/"},"modified":"2020-12-21T10:42:35","modified_gmt":"2020-12-21T03:42:35","slug":"tinh-chat-dac-tri-quang-tham-mat-genie-anti-dark-circles-eye-cream","status":"publish","type":"product","link":"https:\/\/korea.com.vn\/shop\/san-pham\/tinh-chat-dac-tri-quang-tham-mat-genie-anti-dark-circles-eye-cream\/","title":{"rendered":"Tinh ch\u1ea5t tr\u1ecb th\u00e2m m\u1eaft  ANTI DARK CIRCLES"},"content":{"rendered":"<p>Tinh ch\u1ea5t \u0111\u1eb7c tr\u1ecb qu\u1ea7ng th\u00e2m m\u1eaft Genie Anti-Dark Circles Eye Cream<br \/>\nTR\u1eca TH\u00c2M SAU 1 N\u1ed0T NH\u1ea0C<br \/>\nT\u1ea1m bi\u1ec7t \u0111\u00f4i m\u1eaft thi\u1ebfu s\u1ee9c s\u1ed1ng v\u00ec gi\u1edd \u0111\u00e3 c\u00f3 tinh ch\u1ea5t \u0111\u1eb7c tr\u1ecb qu\u1ea7ng th\u00e2m m\u1eaft #Genie Anti-Dark Circles Eye Cream. Si\u00eau ph\u1ea9m d\u00e0nh ri\u00eang cho c\u00e1c c\u00f4 n\u00e0ng c\u00f3 \u0111\u00f4i m\u1eaft &#8220;g\u1ea5u tr\u00fac&#8221;.<br \/>\nQu\u1ea7ng m\u1eaft, b\u1ecdng m\u1eaft, n\u1ebfp nh\u0103n ch\u00ednh l\u00e0 k\u1ebb th\u00f9 s\u1eafc \u0111\u1eb9p khi\u1ebfn ch\u00fang ta tr\u00f4ng gi\u00e0 nua, m\u1ec7t m\u1ecfi, thi\u1ebfu s\u1ee9c s\u1ed1ng<br \/>\nKem tr\u1ecb th\u00e2m m\u1eaft Genie Anti-Dark Circles Eye Cream ch\u1ee9c n\u0103ng k\u00e9p gi\u00fap l\u00e0m tr\u1eafng &amp; c\u1ea3i thi\u1ec7n n\u1ebfp nh\u0103n, ch\u1ee9a th\u00e0nh ph\u1ea7n c\u00e1c lo\u1ea1i vitamin v\u00e0 ho\u1ea1t ch\u1ea5t glutathione \u00e1p d\u1ee5ng c\u00f4ng th\u1ee9c Luminous Network (M\u1ea1ng l\u01b0\u1edbi ph\u00e1t s\u00e1ng) t\u0103ng c\u01b0\u1eddng \u0111\u1ed9 \u0111\u00e0n h\u1ed3i, mang \u0111\u1ebfn cho b\u1ea1n v\u00f9ng da quanh m\u1eaft t\u01b0\u01a1i s\u00e1ng v\u00e0 m\u1ecbn m\u00e0ng.<\/p>\n<p>C\u00f4ng d\u1ee5ng: L\u00e0m tr\u1eafng &amp; C\u1ea3i thi\u1ec7n n\u1ebfp nh\u0103n<br \/>\n[M\u1ef9 ph\u1ea9m ch\u1ee9c n\u0103ng k\u00e9p]<br \/>\nChi\u1ebft xu\u1ea5t t\u1eeb v\u1ecf chanh citrus gi\u00fap b\u1ed5 sung, t\u0103ng c\u01b0\u1eddng \u0111\u1ed9 \u1ea9m cho da, ng\u0103n ng\u1eeba c\u00e1c d\u1ea5u hi\u1ec7u l\u00e3o h\u00f3a do t\u00e1c \u0111\u1ed9ng c\u1ee7a m\u00f4i tr\u01b0\u1eddng (\u00e1nh n\u1eafng, \u00f4 nhi\u1ec5m\u2026) g\u00e2y ra \u1edf v\u00f9ng m\u1eaft.<br \/>\nnChi\u1ebft xu\u1ea5t d\u01b0a leo ch\u1ee9a h\u00e0m l\u01b0\u1ee3ng vitamin E cao gi\u00fap t\u1ebf b\u00e0o da ng\u0103n ng\u1eeba c\u00e1c nguy c\u01a1 oxy h\u00f3a, h\u1ed7 tr\u1ee3 l\u00e0m gi\u1ea3m c\u00e1c n\u1ebfp nh\u0103n v\u00f9ng m\u1eaft t\u1eeb \u0111\u00f3 gi\u00fap v\u00f9ng m\u1eaft m\u1ec1m m\u1ea1i, t\u01b0\u01a1i tr\u1ebb.<br \/>\nChi\u1ebft xu\u1ea5t tinh d\u1ea7u h\u1ea1t h\u1ed3ng hoa ch\u1ee9a nhi\u1ec1u Anthocyanin, \u0111\u00e2y l\u00e0 th\u00e0nh ph\u1ea7n c\u00f3 kh\u1ea3 n\u0103ng b\u1ea3o v\u1ec7 r\u1ea5t cao v\u00ec v\u1eady th\u00e0nh ph\u1ea7n n\u00e0y s\u1ebd gi\u00fap v\u00f9ng da m\u1ecfng manh quanh m\u1eaft kh\u1ecfe m\u1ea1nh h\u01a1n, h\u1ea1n ch\u1ebf \u0111\u01b0\u1ee3c l\u00e3o h\u00f3a da v\u00f9ng m\u1eaft hi\u1ec7u qu\u1ea3.<br \/>\nChi\u1ebft xu\u1ea5t lipid-s\u1eefa c\u00f3 kh\u1ea3 n\u0103ng ph\u00f2ng ch\u1ed1ng s\u1ef1 l\u00e3o h\u00f3a v\u00f9ng da m\u1eaft b\u1ecb g\u00e2y ra b\u1edfi tia c\u1ef1c t\u00edm.<br \/>\nNu\u00f4i d\u01b0\u1ee1ng b\u1ed5 sung ngu\u1ed3n dinh d\u01b0\u1ee1ng c\u1ea7n thi\u1ebft cho c\u00e1c t\u1ebf b\u00e0o da xung quanh v\u00f9ng m\u1eaft, gi\u00fap \u0111\u00f4i m\u1eaft lu\u00f4n tr\u1ebb trung ch\u1ec9 sau 28 ng\u00e0y s\u1eed d\u1ee5ng.<br \/>\n[C\u00e1ch s\u1eed d\u1ee5ng]<br \/>\n\u1ede b\u01b0\u1edbc d\u01b0\u1ee1ng da cu\u1ed1i c\u00f9ng, thoa \u0111\u1ec1u m\u1ed9t l\u01b0\u1ee3ng v\u1eeba \u0111\u1ee7 nh\u1eb9 nh\u00e0ng l\u00ean v\u00f9ng da quanh m\u1eaft, v\u1ed7 nh\u1eb9 \u0111\u1ec3 d\u01b0\u1ee1ng ch\u1ea5t th\u1ea9m th\u1ea5u<\/p>\n","protected":false},"excerpt":{"rendered":"<div class=\"clearfix box\">\n<div class=\"clearfix dcontent pdetail-quote\">TR\u1eca TH\u00c2M SAU 1 N\u1ed0T NH\u1ea0C T\u1ea1m bi\u1ec7t \u0111\u00f4i m\u1eaft thi\u1ebfu s\u1ee9c s\u1ed1ng v\u00ec gi\u1edd \u0111\u00e3 c\u00f3 tinh ch\u1ea5t \u0111\u1eb7c tr\u1ecb qu\u1ea7ng th\u00e2m m\u1eaft #Genie Anti-Dark Circles Eye Cream. Si\u00eau ph\u1ea9m d\u00e0nh ri\u00eang cho c\u00e1c c\u00f4 n\u00e0ng c\u00f3 \u0111\u00f4i m\u1eaft &#8220;g\u1ea5u tr\u00fac&#8221;. Qu\u1ea7ng m\u1eaft, b\u1ecdng m\u1eaft, n\u1ebfp nh\u0103n ch\u00ednh l\u00e0 k\u1ebb th\u00f9 s\u1eafc \u0111\u1eb9p khi\u1ebfn ch\u00fang ta tr\u00f4ng gi\u00e0 nua, m\u1ec7t m\u1ecfi, thi\u1ebfu s\u1ee9c s\u1ed1ng<\/div>\n<\/div>\n","protected":false},"featured_media":1861,"comment_status":"closed","ping_status":"closed","template":"","meta":[],"_links":{"self":[{"href":"https:\/\/korea.com.vn\/shop\/wp-json\/wp\/v2\/product\/4941"}],"collection":[{"href":"https:\/\/korea.com.vn\/shop\/wp-json\/wp\/v2\/product"}],"about":[{"href":"https:\/\/korea.com.vn\/shop\/wp-json\/wp\/v2\/types\/product"}],"replies":[{"embeddable":true,"href":"https:\/\/korea.com.vn\/shop\/wp-json\/wp\/v2\/comments?post=4941"}],"wp:featuredmedia":[{"embeddable":true,"href":"https:\/\/korea.com.vn\/shop\/wp-json\/wp\/v2\/media\/1861"}],"wp:attachment":[{"href":"https:\/\/korea.com.vn\/shop\/wp-json\/wp\/v2\/media?parent=4941"}],"curies":[{"name":"wp","href":"https:\/\/api.w.org\/{rel}","templated":true}]}}