{"id":4942,"date":"2020-11-30T13:06:01","date_gmt":"2020-11-30T06:06:01","guid":{"rendered":"https:\/\/korea.com.vn\/shop\/san-pham\/import-placeholder-for-4778\/"},"modified":"2020-12-21T10:47:45","modified_gmt":"2020-12-21T03:47:45","slug":"nuoc-hoa-vung-kin-genie-han-quoc","status":"publish","type":"product","link":"https:\/\/korea.com.vn\/shop\/san-pham\/nuoc-hoa-vung-kin-genie-han-quoc\/","title":{"rendered":"N\u01b0\u1edbc hoa v\u00f9ng k\u00edn  PARIS CHOI"},"content":{"rendered":"<p>\u0110\u00e2y l\u00e0 lo\u1ea1i n\u01b0\u1edbc hoa v\u00f9ng k\u00edn duy nh\u1ea5t tr\u00ean th\u1ecb tr\u01b0\u1eddng chi\u1ebft xu\u1ea5t 100% c\u00e1c lo\u1ea1i tinh d\u1ea7u hoa th\u1ea3o m\u1ed9c , t\u1ea1o n\u00ean m\u00f9i th\u01a1m v\u00e0 d\u1ec5 ch\u1ecbu<\/p>\n<p>C\u00f3 3 m\u00f9i\u00a0l\u1ef1a ch\u1ecdn:<br \/>\nDEAR DARLING : la\u0300 s\u01b0\u0323 k\u00ea\u0301t h\u01a1\u0323p ngo\u0323t nga\u0300o cu\u0309a h\u01b0\u01a1ng hoa cam, ng\u1ecdc lan t\u00e2y, h\u1ed5 ph\u00e1ch va\u0300 s\u01b0\u0323 quy\u00ea\u0301n ru\u0303 cu\u0309a vani, \u0110\u00e2y l\u00e0 h\u01b0\u01a1ng \u0111\u01b0\u1ee3c nhi\u1ec1u ng\u01b0\u1eddi ch\u1ecdn nh\u1ea5t v\u00ec nghe \u0111\u00e2u n\u00f3 r\u1ea5t quy\u1ebfn r\u0169 v\u00e0 huy\u1ec1n b\u00ed.<br \/>\nFUSION GIRL: h\u01b0\u01a1ng th\u01a1m FRESH, m\u1ecbn m\u00e0ng v\u00e0 s\u00e2u l\u1eafng cu\u0309a c\u1ecf h\u01b0\u01a1ng b\u00e0i, hoa phong l\u1eef cu\u0300ng s\u01b0\u0323 pha\u0309ng ph\u00e2\u0301t v\u01b0\u0300a nhe\u0323 nha\u0300ng v\u01b0\u0300a s\u0103\u0301c sa\u0309o cu\u0309a \u0111\u00e0n h\u01b0\u01a1ng. L\u00e0 m\u00f9i h\u01b0\u01a1ng c\u1ee7a s\u1ef1 tr\u01b0\u1edfng th\u00e0nh, ng\u1ecdt ng\u00e0o v\u00e0 thanh nh\u00e3<br \/>\nNUCA SEXY: \u0110\u00e2y l\u00e0 m\u00f9i h\u01b0\u01a1ng c\u1ee7a s\u1ef1 tinh khi\u1ebft, ng\u1ecdt ng\u00e0o v\u00e0 nh\u1eb9 nh\u00e0ng c\u1ee7a h\u01b0\u01a1ng th\u1ea3o ,tr\u00e0 xanh v\u00e0 hoa linh lan \u2013 c\u00e1i n\u00e0y th\u00ec c\u1ef1c th\u00edch h\u1ee3p cho m\u1ea5y ch\u1ecb ng\u00e0y \u0111\u00e8n \u0111\u1ecf nh\u00e9.<br \/>\n<strong>C\u00f4ng d\u1ee5ng<\/strong>: Ti\u00eau di\u1ec7t v\u00e0 ng\u0103n ch\u1eb7n c\u00e1c lo\u1ea1i khu\u1ea9n g\u00e2y h\u1ea1i cho ph\u1ee5 n\u1eef: Khu\u1ea9n Ryan Candida g\u00e2y tri\u1ec7u tr\u1ee9ng ti\u1ebft d\u1ecbch \u00e2m \u0111\u1ea1o, m\u00f9i h\u00f4i. Khu\u1ea9n Ecoli g\u00e2y vi\u00eam ph\u00fac m\u1ea1c.<br \/>\nKhu\u1ea9n Pseudomonas earuginosa g\u00e2y nhi\u1ec5m tr\u00f9ng huy\u1ebft&#8230; Ph\u1ee5 n\u1eef ti\u1ec1n m\u00e3n kinh, ph\u1ee5 n\u1eef sau sinh b\u00e1c s\u0129 khuy\u00ean d\u00f9ng n\u01b0\u1edbc hoa v\u00f9ng k\u00edn paris choi gi\u00fap gi\u1eef c\u00f4 b\u00e9 an to\u00e0n v\u00e0 tr\u1ebb trung v\u1edbi cu\u1ed9c s\u1ed1ng t\u00ecnh d\u1ee5c&#8230;<br \/>\nGi\u00fap t\u0103ng h\u01b0ng ph\u1ea5n trong c\u00e1c cu\u1ed9c t\u00ecnh. Gi\u00fap b\u1ea1n quy\u1ebfn r\u0169 v\u00e0 ng\u1ecdt ng\u00e0o h\u01a1n.<\/p>\n<p><strong>C\u00c1CH S\u1eee D\u1ee4NG<\/strong><\/p>\n<p>Nh\u1ecf 3-4 gi\u1ecdt v\u00e0o n\u01b0\u1edbc. M\u00f9i h\u01b0\u01a1ng d\u1ec5 ch\u1ecbu c\u1ee7a n\u01b0\u1edbc hoa s\u1ebd lan t\u1ecfa gi\u00fap b\u1ea1n th\u01b0 th\u00e1i, gi\u00fap kh\u1eed m\u00f9i kh\u00f3 ch\u1ecbu v\u00e0 c\u00e2n b\u1eb1ng \u0111\u1ed9 PH<br \/>\nNh\u1ecf 1-2 gi\u1ecdt l\u00ean qu\u1ea7n l\u00f3t, c\u1ed5 tay, c\u1ed5, g\u00e1y. M\u00f9i h\u01b0\u01a1ng c\u1ee7a N\u01b0\u1edbc hoa c\u00f4 b\u00e9 Genie s\u1ebd t\u1ea1o cho b\u1ea1n m\u1ed9t b\u1ea7u kh\u00f4ng kh\u00ed l\u00e3ng m\u1ea1n, ng\u1ecdt ng\u00e0o<br \/>\nNh\u1ecf 1-2 gi\u1ecdt v\u00e0o qu\u1ea7n l\u00f3t m\u1ed7i ng\u00e0y, dung d\u1ecbch s\u1ebd h\u00fat \u0111i m\u00f9i kh\u00f3 ch\u1ecbu v\u00e0 t\u1ecfa ra h\u01b0\u01a1ng d\u1ec5 ch\u1ecbu m\u1ed9t c\u00e1ch nhanh ch\u00f3ng<br \/>\nS\u1eed d\u1ee5ng tr\u1ef1c ti\u1ebfp trong qu\u1ea7n l\u00f3t, gi\u1ea3m ho\u00e0n to\u00e0n m\u00f9i h\u00f4i v\u00e0 t\u1ea1o h\u01b0\u01a1ng th\u01a1m ri\u00eang bi\u1ec7t.<\/p>\n","protected":false},"excerpt":{"rendered":"<div class=\"clearfix box\">\n<div class=\"clearfix dcontent pdetail-quote\">\u0110\u00e2y l\u00e0 lo\u1ea1i n\u01b0\u1edbc hoa v\u00f9ng k\u00edn duy nh\u1ea5t tr\u00ean th\u1ecb tr\u01b0\u1eddng chi\u1ebft xu\u1ea5t 100% c\u00e1c lo\u1ea1i tinh d\u1ea7u hoa th\u1ea3o m\u1ed9c , t\u1ea1o n\u00ean m\u00f9i th\u01a1m v\u00e0 c\u1ea3m gi\u00e1c d\u1ec5 ch\u1ecbu<\/div>\n<\/div>\n","protected":false},"featured_media":1863,"comment_status":"closed","ping_status":"closed","template":"","meta":[],"_links":{"self":[{"href":"https:\/\/korea.com.vn\/shop\/wp-json\/wp\/v2\/product\/4942"}],"collection":[{"href":"https:\/\/korea.com.vn\/shop\/wp-json\/wp\/v2\/product"}],"about":[{"href":"https:\/\/korea.com.vn\/shop\/wp-json\/wp\/v2\/types\/product"}],"replies":[{"embeddable":true,"href":"https:\/\/korea.com.vn\/shop\/wp-json\/wp\/v2\/comments?post=4942"}],"wp:featuredmedia":[{"embeddable":true,"href":"https:\/\/korea.com.vn\/shop\/wp-json\/wp\/v2\/media\/1863"}],"wp:attachment":[{"href":"https:\/\/korea.com.vn\/shop\/wp-json\/wp\/v2\/media?parent=4942"}],"curies":[{"name":"wp","href":"https:\/\/api.w.org\/{rel}","templated":true}]}}