{"id":4943,"date":"2020-11-30T13:06:01","date_gmt":"2020-11-30T06:06:01","guid":{"rendered":"https:\/\/korea.com.vn\/shop\/san-pham\/import-placeholder-for-4780\/"},"modified":"2020-12-21T10:45:35","modified_gmt":"2020-12-21T03:45:35","slug":"sua-chong-nang-lanh-body-genie-spf-50","status":"publish","type":"product","link":"https:\/\/korea.com.vn\/shop\/san-pham\/sua-chong-nang-lanh-body-genie-spf-50\/","title":{"rendered":"S\u1eefa ch\u1ed1ng n\u1eafng l\u1ea1nh Body 7:30 AM SPF 50"},"content":{"rendered":"<p>B\u01b0\u1edbc ra kh\u1ecfi nh\u00e0 l\u1eadp t\u1ee9c ph\u1ea3i ch\u1ed1ng n\u1eafng ngay ko thui h\u1ecfng da m\u1ea5t<br \/>\nH\u1ea7u h\u1ebft ph\u1ee5 n\u1eef \u1edf Vi\u1ec7t Nam ch\u1ec9 ngh\u0129 \u0111\u1ebfn d\u01b0\u1ee1ng da m\u00e0 kh\u00f4ng ngh\u0129 \u0111\u1ebfn kem ch\u1ed1ng n\u1eafng,qu\u00ean d\u00f9ng kem ch\u1ed1ng n\u1eafng h\u00e0ng ng\u00e0y.<br \/>\nCh\u1ed1ng n\u1eafng kh\u00f4ng bao gi\u1edd l\u00e0 th\u1eeba. D\u00f9 th\u1eddi ti\u1ebft c\u00f3 d\u1ecbu m\u00e1t\u00a0hay se l\u1ea1nh th\u00ec c\u0169ng \u0111\u1eebng qu\u00ean b\u00f4i Kem ch\u1ed1ng n\u1eafng.<br \/>\nTrong t\u1ea5t c\u1ea3 c\u00e1c b\u01b0\u1edbc ch\u0103m s\u00f3c da c\u00f3 th\u1ec3 n\u00f3i s\u1eed d\u1ee5ng kem ch\u1ed1ng n\u1eafng h\u1eb1ng ng\u00e0y l\u00e0 b\u01b0\u1edbc v\u00f4 c\u00f9ng quan tr\u1ecdng, ch\u00ednh n\u00f3 s\u1ebd b\u1ea3o v\u1ec7 da b\u1ea1n kh\u1ecfi t\u00e1c h\u1ea1i x\u1ea5u t\u1eeb m\u00f4i tr\u01b0\u1eddng, v\u00e0 s\u1ebd l\u00e0 b\u01b0\u1edbcquan tr\u1ecdng trong qu\u00e1 tr\u00ecnh d\u01b0\u1ee1ng da ban ng\u00e0y v\u00e0 ban \u0111\u00eam !<br \/>\nS\u1eefa ch\u1ed1ng n\u1eafng l\u1ea1nh 7:30Am k b\u1ebft d\u00ednh mang l\u1ea1i c\u1ea3m gi\u00e1c m\u00e1t l\u1ea1nh love lu\u00f4n b\u1ecf t\u00fai m\u1ed7i khi ra \u0111\u01b0\u1eddng c\u00e1c ch\u1ecb s\u1eafm m\u00ecnh 1 l\u1ecd nh\u00e9 k th\u1ec3 thi\u1ebfu \u0111\u01b0\u1ee3c \u0111\u00e2u B\u1ea3o v\u1ec7 da hi\u1ec7u qu\u1ea3 kh\u1ecfi t\u00e1c h\u1ea1i c\u1ee7a tia UV, ph\u00f2ng tr\u00e1nh nguy c\u01a1 ung th\u01b0 da: SPF50+ ng\u0103n tia UVB (g\u00e2y r\u00e1t da, ch\u00e1y n\u1eafng,\u2026) PA++ ++ t\u0103ng c\u01b0\u1eddng ch\u1ed1ng m\u1ecdi lo\u1ea1i tia UVA (g\u00e2y s\u1ea1m da, n\u00e1m da, t\u00e0n nhang, n\u1ebfp nh\u0103n,\u2026)\u200b<br \/>\nT\u1ea1o n\u1ec1n v\u00e0 d\u01b0\u1ee1ng tr\u1eafng m\u1ecbn: K\u1ebft c\u1ea5u m\u00e0ng n\u01b0\u1edbc nh\u1eb9 t\u00eanh gi\u00fap che ph\u1ee7 khuy\u1ebft \u0111i\u1ec3m, t\u1ea1o l\u1edbp n\u1ec1n tr\u1eafng m\u1ecbn, t\u1ef1 nhi\u00ean v\u00e0 \u0111\u1ec1u m\u00e0u. Vitamin C &amp; B3 gi\u00fap l\u00e0m m\u1edd v\u00f9ng da s\u1ea1m m\u00e0u, cho hi\u1ec7u qu\u1ea3 d\u01b0\u1ee1ng tr\u1eafng m\u1ecbn t\u1ed1i \u01b0u.<br \/>\nKi\u1ec3m so\u00e1t d\u1ea7u v\u00e0 gi\u1eef \u1ea9m da: C\u00e1c h\u1ea1t ph\u1ea5n c\u1ef1c m\u1ecbn gi\u00fap ki\u1ec3m so\u00e1t d\u1ea7u hi\u1ec7u qu\u1ea3, gi\u1eef cho b\u1ec1 m\u1eb7t da lu\u00f4n tho\u00e1ng m\u1ecbn. H\u1ec7 d\u01b0\u1ee1ng \u01b0u vi\u1ec7t ch\u1ee9a Collagen, Hyaluronic Acid, Amino Acid d\u01b0\u1ee1ng da s\u0103n ch\u1eafc, ng\u1eeba l\u00e3o h\u00f3a da s\u1edbm v\u00e0 l\u01b0u gi\u1eef \u0111\u1ed9 \u1ea9m t\u1ed1i \u0111a. &#8211; Ph\u00f9 h\u1ee3p v\u1edbi m\u1ecdi t\u00f4ng m\u00e0u da<\/p>\n","protected":false},"excerpt":{"rendered":"<div class=\"clearfix box\">\n<div class=\"clearfix dcontent pdetail-quote\">B\u01b0\u1edbc ra kh\u1ecfi nh\u00e0 l\u1eadp t\u1ee9c ph\u1ea3i ch\u1ed1ng n\u1eafng ngay ko thui h\u1ecfng da m\u1ea5t<\/div>\n<\/div>\n","protected":false},"featured_media":1865,"comment_status":"closed","ping_status":"closed","template":"","meta":[],"_links":{"self":[{"href":"https:\/\/korea.com.vn\/shop\/wp-json\/wp\/v2\/product\/4943"}],"collection":[{"href":"https:\/\/korea.com.vn\/shop\/wp-json\/wp\/v2\/product"}],"about":[{"href":"https:\/\/korea.com.vn\/shop\/wp-json\/wp\/v2\/types\/product"}],"replies":[{"embeddable":true,"href":"https:\/\/korea.com.vn\/shop\/wp-json\/wp\/v2\/comments?post=4943"}],"wp:featuredmedia":[{"embeddable":true,"href":"https:\/\/korea.com.vn\/shop\/wp-json\/wp\/v2\/media\/1865"}],"wp:attachment":[{"href":"https:\/\/korea.com.vn\/shop\/wp-json\/wp\/v2\/media?parent=4943"}],"curies":[{"name":"wp","href":"https:\/\/api.w.org\/{rel}","templated":true}]}}