{"id":4945,"date":"2020-11-30T13:06:02","date_gmt":"2020-11-30T06:06:02","guid":{"rendered":"https:\/\/korea.com.vn\/shop\/san-pham\/import-placeholder-for-4782\/"},"modified":"2020-12-21T10:43:18","modified_gmt":"2020-12-21T03:43:18","slug":"mask-hoa-dao-tuoi-genie","status":"publish","type":"product","link":"https:\/\/korea.com.vn\/shop\/san-pham\/mask-hoa-dao-tuoi-genie\/","title":{"rendered":"Mask hoa \u0111\u00e0o t\u01b0\u01a1i Genie"},"content":{"rendered":"<p>m\u1eb7t n\u1ea1 tr\u1eafng da c\u1ea5p \u1ea9m qu\u1ed1c d\u00e2n \u0111\u01b0\u1ee3c \u00e9p t\u1eeb 100% c\u00e1nh hoa \u0111\u00e0o t\u01b0oi n\u00ean gi\u00e0 tr\u1ebb g\u00e1i trai l\u1edbn b\u00e9 \u0111\u1ec1u d\u00f9ng \u0111\u01b0\u1ee3c trong 1 mi\u1ebfng mi\u1ebfng g\u1ed3m 12 mi\u1ebfng hoa \u0111\u00e0o \u0111\u01b0\u1ee3c \u00e9p v\u00e0 5ml si\u00eau tinh ch\u1ea5t 1 tu\u1ea7n s\u1eed d\u1ee5ng 1 \u0111\u1ebfn 2 l\u1ea7n<br \/>\n1 mi\u1ebfng mask Hoa \u0110\u00e0o = 10 mi\u1ebfng mask th\u01b0\u1eddng<br \/>\n1 \u0111\u00eam \u0111\u1eafp mask hoa \u0111\u00e0o Genie = thoa d\u01b0\u1ee1ng c\u1ea3 tu\u1ea7n<\/p>\n<ul>\n<li style=\"list-style-type: none\">\n<ul>\n<li>C\u0103ng b\u00f3ng da<\/li>\n<\/ul>\n<\/li>\n<\/ul>\n<ul>\n<li style=\"list-style-type: none\">\n<ul>\n<li>Se kh\u00edt l\u1ed7 ch\u00e2n l\u00f4ng<\/li>\n<\/ul>\n<\/li>\n<\/ul>\n<ul>\n<li style=\"list-style-type: none\">\n<ul>\n<li>Cung c\u1ea5p d\u01b0\u1ee1ng \u1ea9m<\/li>\n<\/ul>\n<\/li>\n<\/ul>\n<ul>\n<li style=\"list-style-type: none\">\n<ul>\n<li>L\u00e0m tr\u1eafng s\u00e1ng h\u00f4ng h\u00e0o da m\u1eb7t<\/li>\n<\/ul>\n<\/li>\n<\/ul>\n<ul>\n<li style=\"list-style-type: none\">\n<ul>\n<li>\u200b\u00a0Ph\u1ee5c h\u1ed3i da h\u01b0 t\u1ed5n. xu\u1ea5t x\u1ee9 : H\u00e0n qu\u1ed1c<\/li>\n<\/ul>\n<\/li>\n<\/ul>\n","protected":false},"excerpt":{"rendered":"<div class=\"clearfix box\">\n<div class=\"clearfix dcontent pdetail-quote\">C\u0103ng b\u00f3ng da Se kh\u00edt l\u1ed7 ch\u00e2n l\u00f4ng Cung c\u1ea5p d\u01b0\u1ee1ng \u1ea9m L\u00e0m tr\u1eafng s\u00e1ng h\u00f4ng h\u00e0o da m\u1eb7t\u200b Ph\u1ee5c h\u1ed3i da h\u01b0 t\u1ed5n. xu\u1ea5t x\u1ee9 : H\u00e0n qu\u1ed1c<\/div>\n<\/div>\n","protected":false},"featured_media":1869,"comment_status":"closed","ping_status":"closed","template":"","meta":[],"_links":{"self":[{"href":"https:\/\/korea.com.vn\/shop\/wp-json\/wp\/v2\/product\/4945"}],"collection":[{"href":"https:\/\/korea.com.vn\/shop\/wp-json\/wp\/v2\/product"}],"about":[{"href":"https:\/\/korea.com.vn\/shop\/wp-json\/wp\/v2\/types\/product"}],"replies":[{"embeddable":true,"href":"https:\/\/korea.com.vn\/shop\/wp-json\/wp\/v2\/comments?post=4945"}],"wp:featuredmedia":[{"embeddable":true,"href":"https:\/\/korea.com.vn\/shop\/wp-json\/wp\/v2\/media\/1869"}],"wp:attachment":[{"href":"https:\/\/korea.com.vn\/shop\/wp-json\/wp\/v2\/media?parent=4945"}],"curies":[{"name":"wp","href":"https:\/\/api.w.org\/{rel}","templated":true}]}}