{"id":4946,"date":"2020-11-30T13:06:02","date_gmt":"2020-11-30T06:06:02","guid":{"rendered":"https:\/\/korea.com.vn\/shop\/san-pham\/import-placeholder-for-4783\/"},"modified":"2020-12-21T10:32:39","modified_gmt":"2020-12-21T03:32:39","slug":"may-rua-mat-diva-facial-cleasing","status":"publish","type":"product","link":"https:\/\/korea.com.vn\/shop\/san-pham\/may-rua-mat-diva-facial-cleasing\/","title":{"rendered":"M\u00e1y r\u1eeda m\u1eb7t  DIVA FACIAL CLEASING"},"content":{"rendered":"<p>M\u00e1y r\u1eeda m\u1eb7t th\u00f4ng minh #DIVA FACIAL CLEASING \u0111\u01b0\u1ee3c l\u00e0m b\u1eb1ng silicone kh\u00e1ng khu\u1ea9n kh\u00f4ng th\u1ea5m n\u01b0\u1edbc, d\u1ec5 d\u00e0ng v\u1ec7 sinh sau m\u1ed7i l\u1ea7n s\u1eed d\u1ee5ng<br \/>\nEm n\u00e0y c\u00f3 2 lo\u1ea1i \u0111\u1ea7u c\u1ecd: Lo\u1ea1i to h\u01a1n n\u1eb1m g\u00f3c tr\u00ean, d\u00f9ng cho ph\u1ea7n da d\u1ea7u v\u00e0 c\u1ea7n l\u00e0m s\u1ea1ch s\u00e2u. Lo\u1ea1i nh\u1ecf v\u1edbi b\u1ec1 m\u1eb7t r\u1ed9ng h\u01a1n d\u00f9ng cho v\u00f9ng da th\u01b0\u1eddng, da nh\u1ea1y c\u1ea3m h\u01a1n.<br \/>\n\u0110i\u1ec3m c\u1ed9ng c\u1ee7a em n\u00e0y l\u00e0 ph\u1ea7n \u0111\u1ea7u c\u1ecd c\u1ef1c k\u00ec m\u1ec1m m\u1ea1i v\u00e0 d\u1ecbu nh\u1eb9, gi\u00fap t\u1ea9y t\u1ebf b\u00e0o ch\u1ebft, l\u00e0m th\u00f4ng tho\u00e1ng l\u1ed7 ch\u00e2n l\u00f4ng nh\u1edd vi\u1ec7c l\u00e0m s\u1ea1ch t\u1edbi 99,5% b\u1ee5i b\u1ea9n, d\u1ea7u v\u00e0 98,5% t\u00e0n d\u01b0 trang \u0111i\u1ec3m<br \/>\n<strong>\u0110\u1ea6U C\u1ecc TH\u1ebe H\u1ec6 M\u1edaI, THI\u1ebeT K\u1ebe HO\u00c0N TO\u00c0N T\u1ed0I \u01afU<\/strong><br \/>\n\u2013 \u0110\u1ea7u silicon l\u1edbn h\u01a1n 50% gi\u00fap l\u00e0m s\u1ea1ch hi\u1ec7u qu\u1ea3 h\u01a1n<br \/>\n\u2013 Di\u1ec7n t\u00edch ti\u1ebfp x\u00fac m\u1edf r\u1ed9ng v\u00e0 n\u00e2ng cao \u0111\u1ed9 m\u1ec1m m\u1ea1i<br \/>\n\u2013 Th\u00e2n silicon d\u00e0y h\u01a1n \u0111\u1ec3 t\u0103ng c\u01b0\u1eddng s\u1ef1 tho\u1ea3i m\u00e1i v\u00e0 hi\u1ec7u su\u1ea5t l\u00e0m vi\u1ec7c Ngo\u00e0i ra, c\u00e1c \u0111\u1ea7u silicone nh\u1ecf c\u00f2n c\u00f3 t\u00e1c d\u1ee5ng massage b\u1ec1 m\u1eb7t da, gi\u00fap k\u00edch th\u00edch l\u01b0u th\u00f4ng m\u00e1u, gi\u1ea3m qu\u00e1 tr\u00ecnh h\u00ecnh th\u00e0nh n\u1ebfp nh\u0103n n\u1eefa \u0111\u00f3\u263a\ufe0f<br \/>\nnV\u1edbi nh\u1eefng \u01b0u \u0111i\u1ec3m tr\u00ean th\u00ec l n\u00ean s\u1eafm ngay cho m\u00ecnh m\u00e1y r\u1eeda m\u1eb7t #GENIE \u0111\u1ec3 c\u00f3 l\u00e0m da th\u1eadt kho\u1ebb th\u1eadt \u0111\u1eb9p nha<\/p>\n<p><strong>H\u01b0\u1edbng d\u1eabn s\u1eed d\u1ee5ng:<\/strong><br \/>\n\u2013 T\u1ea9y trang to\u00e0n b\u1ed9 m\u1eb7t.<br \/>\n\u2013 Cho 1 \u00edt s\u1eefa r\u1eeda m\u1eb7t l\u00ean m\u1eb7t silicone \u0111\u00e3 \u0111\u01b0\u1ee3c l\u00e0m \u01b0\u1edbt ho\u1eb7c b\u00f4i tr\u1ef1c ti\u1ebfp s\u1eefa r\u1eeda m\u1eb7t l\u00ean m\u1eb7t.<br \/>\n\u2013 D\u00f9ng m\u00e1y di chuy\u1ec3n nh\u1eb9 nh\u00e0ng th\u00e0nh nh\u1eefng \u0111\u01b0\u1eddng tr\u00f2n kh\u1eafp b\u1ec1 m\u1eb7t da.<br \/>\n\u2013 Kh\u00f4ng d\u00f9ng qu\u00e1 2 ph\u00fat cho to\u00e0n b\u1ed9 m\u1eb7t nh\u00e9. \u2013 V\u1ec7 sinh m\u00e1y d\u01b0\u1edbi v\u00f2i n\u01b0\u1edbc cho s\u1ea1ch h\u1ebft x\u00e0 ph\u00f2ng tr\u00ean m\u00e1y, sau \u0111\u00f3 \u0111\u1ec3 n\u01a1i kh\u00f4 r\u00e1o<\/p>\n","protected":false},"excerpt":{"rendered":"<div class=\"clearfix box\">\n<div class=\"clearfix dcontent pdetail-quote\">\u0110\u1ea6U C\u1ecc TH\u1ebe H\u1ec6 M\u1edaI, THI\u1ebeT K\u1ebe HO\u00c0N TO\u00c0N T\u1ed0I \u01afU \u2013 \u0110\u1ea7u silicon l\u1edbn h\u01a1n 50% gi\u00fap l\u00e0m s\u1ea1ch hi\u1ec7u qu\u1ea3 h\u01a1n \u2013 Di\u1ec7n t\u00edch ti\u1ebfp x\u00fac m\u1edf r\u1ed9ng v\u00e0 n\u00e2ng cao \u0111\u1ed9 m\u1ec1m m\u1ea1i \u2013 Th\u00e2n silicon d\u00e0y h\u01a1n \u0111\u1ec3 t\u0103ng c\u01b0\u1eddng s\u1ef1 tho\u1ea3i m\u00e1i v\u00e0 hi\u1ec7u su\u1ea5t l\u00e0m vi\u1ec7c Ngo\u00e0i ra, c\u00e1c \u0111\u1ea7u silicone nh\u1ecf c\u00f2n c\u00f3 t\u00e1c d\u1ee5ng massage b\u1ec1 m\u1eb7t da, gi\u00fap k\u00edch th\u00edch l\u01b0u th\u00f4ng m\u00e1u, gi\u1ea3m qu\u00e1 tr\u00ecnh h\u00ecnh th\u00e0nh n\u1ebfp nh\u0103n n\u1eefa \u0111\u00f3\u263a\ufe0f V\u1edbi nh\u1eefng \u01b0u \u0111i\u1ec3m tr\u00ean th\u00ec l n\u00ean s\u1eafm ngay cho m\u00ecnh m\u00e1y r\u1eeda m\u1eb7t #GENIE \u0111\u1ec3 c\u00f3 l\u00e0m da th\u1eadt kho\u1ebb th\u1eadt \u0111\u1eb9p nha<\/div>\n<\/div>\n","protected":false},"featured_media":1871,"comment_status":"closed","ping_status":"closed","template":"","meta":[],"_links":{"self":[{"href":"https:\/\/korea.com.vn\/shop\/wp-json\/wp\/v2\/product\/4946"}],"collection":[{"href":"https:\/\/korea.com.vn\/shop\/wp-json\/wp\/v2\/product"}],"about":[{"href":"https:\/\/korea.com.vn\/shop\/wp-json\/wp\/v2\/types\/product"}],"replies":[{"embeddable":true,"href":"https:\/\/korea.com.vn\/shop\/wp-json\/wp\/v2\/comments?post=4946"}],"wp:featuredmedia":[{"embeddable":true,"href":"https:\/\/korea.com.vn\/shop\/wp-json\/wp\/v2\/media\/1871"}],"wp:attachment":[{"href":"https:\/\/korea.com.vn\/shop\/wp-json\/wp\/v2\/media?parent=4946"}],"curies":[{"name":"wp","href":"https:\/\/api.w.org\/{rel}","templated":true}]}}