{"id":4947,"date":"2020-11-30T13:06:02","date_gmt":"2020-11-30T06:06:02","guid":{"rendered":"https:\/\/korea.com.vn\/shop\/san-pham\/import-placeholder-for-4784\/"},"modified":"2020-12-21T10:37:04","modified_gmt":"2020-12-21T03:37:04","slug":"serum-glutathione-sieu-pham-trang-da","status":"publish","type":"product","link":"https:\/\/korea.com.vn\/shop\/san-pham\/serum-glutathione-sieu-pham-trang-da\/","title":{"rendered":"Serum truy\u1ec1n tr\u1eafng GLUTHATIONE DEMAR 87CELL"},"content":{"rendered":"<p><cite><span dir=\"ltr\"><big><strong>Si\u00eau ph\u1ea9m Ampoule tr\u1eafng da sau 7 ng\u00e0y <\/strong><\/big><\/span><\/cite><br \/>\n<big>Dung t\u00edch: 33ml <\/big><\/p>\n<p><cite><span dir=\"ltr\"><big>\u0110\u01b0\u1ee3c chi\u1ebft xu\u1ea5t t\u1eeb d\u1ea7u h\u1ea1t nho v\u00e0 Glutathione k\u1ebft h\u1ee3p v\u1edbi th\u00e0nh ph\u1ea7n t\u1ed1t nh\u1ea5t hi\u1ec7n nay l\u00e0 Acid Ascorbic, serum k\u00edch tr\u1eafng glu gi\u00fap d\u01b0\u1ee1ng tr\u1eafng s\u00e1ng da, h\u1ed7 tr\u1ee3 ng\u0103n ng\u1eeba c\u00e1c n\u00e1m, t\u00e0n nhang, \u0111\u1ed3i m\u1ed3i, t\u0103ng c\u01b0\u1eddng s\u1ea3n sinh collagen, l\u00e0m s\u0103n ch\u1eafc da, gi\u1ea3m thi\u1ec3u v\u00e0 x\u00f3a m\u1edd n\u1ebfp nh\u0103n, ph\u1ee5c h\u1ed3i c\u00e1c v\u1ea5n \u0111\u1ec1 v\u1ec1 da h\u01b0 t\u1ed5n, ng\u0103n ng\u1eeba m\u1ee5n, hi\u1ec7u qu\u1ea3 k\u1ec3 c\u1ea3 da nh\u1ea1y c\u1ea3m v\u00e0 da m\u1ee5n \u0111\u1ec1u mang l\u1ea1i cho b\u1ea1n l\u00e0m da \u0111\u1eb9p <\/big><\/span><\/cite>serum k\u00edch tr\u1eafng glu<cite><span dir=\"ltr\"><big> lu\u00f4n t\u01b0\u01a1i tr\u1ebb m\u1ecbn m\u00e0ng. <\/big><\/span><\/cite><\/p>\n<p><cite><span dir=\"ltr\"><big>Glutathione l\u00e0m tr\u1eafng da to\u00e0n th\u00e2n th\u00f4ng qua c\u01a1 ch\u1ebf t\u0103ng c\u01b0\u1eddng t\u1ea1o ra s\u1eafc t\u1ed1 melanin s\u00e1ng v\u00e0 ng\u0103n ch\u1eb7n t\u1ea1o ra h\u1eafc t\u1ed1 melanin (melanin \u0111en), b\u1eb1ng c\u00e1ch can thi\u1ec7p v\u00e0o qu\u00e1 tr\u00ecnh chuy\u1ec3n h\u00f3a v\u00e0 ng\u0103n ng\u1eeba ho\u1ea1t \u0111\u1ed9ng c\u1ee7a enzyme tyrosinase, gi\u00fap l\u00e0m \u0111\u1ea3o ng\u01b0\u1ee3c ti\u1ebfn tr\u00ecnh t\u1ed5ng h\u1ee3p s\u1eafc t\u1ed1 melanin s\u00e1ng thay v\u00ec t\u1ed5ng h\u1ee3p c\u00e1c s\u1eafc t\u1ed1 melanin t\u1ed1i, k\u1ebft qu\u1ea3 l\u00e0 da d\u1ea7n tr\u1eafng s\u00e1ng v\u00e0 \u0111\u1ec1u m\u00e0u h\u01a1n. <\/big><\/span><\/cite><\/p>\n<p><cite><span dir=\"ltr\"><big>\u0110\u1eb7c bi\u1ec7t serum k\u00edch tr\u1eafng glu l\u00e0 1 s\u1ea3n ph\u1ea9m thay th\u1ebf \u0111\u01b0\u1ee3c tr\u1ecdn c\u00e1c b\u01b0\u1edbc ch\u0103m s\u00f3c da c\u01a1 b\u1ea3n t\u1ea1i nh\u00e0, kh\u00f4ng c\u1ea7n ph\u1ea3i serum, essence hay kem kho\u00e1 \u1ea9m n\u1eefa, t\u1ea5t c\u1ea3 v\u00e0o 1 s\u1ea3n ph\u1ea9m d\u00e0nh cho c\u00f4 n\u00e0ng n\u00e0o nghi\u1ec7n l\u00e0m \u0111\u1eb9p m\u00e0 l\u01b0\u1eddi b\u00f4i c\u1ea3 \u0111\u1ed1ng th\u1ee9 l\u00ean m\u1eb7t <\/big><\/span><\/cite><\/p>\n<h2><cite><span dir=\"ltr\"><big>\u01afu \u0111i\u1ec3m v\u01b0\u1ee3t tr\u1ed9i c\u1ee7a serum k\u00edch tr\u1eafng glu: <\/big><\/span><\/cite><\/h2>\n<p><cite><span dir=\"ltr\"><big>&#8211; D\u01b0\u1ee1ng tr\u1eafng h\u1ed3ng da, gi\u00fap da lu\u00f4n lu\u00f4n m\u1ecbn m\u00e0ng. <\/big><\/span><\/cite><br \/>\n<cite><span dir=\"ltr\"><big>&#8211; Ph\u1ee5c h\u1ed3i, s\u1eeda ch\u1eefa c\u00e1c t\u1ebf b\u00e0o b\u1ecb h\u01b0 t\u1ed5n, x\u00f3a h\u1eb3n n\u1ebfp nh\u0103n. <\/big><\/span><\/cite><br \/>\n<cite><span dir=\"ltr\"><big>&#8211; L\u00e0m gi\u1ea3m n\u00e1m, s\u1ea1m, t\u00e0n nhang, th\u00e2m do m\u1ee5n \u0111\u1ec3 l\u1ea1i, ng\u0103n ng\u1eeba m\u1ee5n. <\/big><\/span><\/cite><br \/>\n<cite><span dir=\"ltr\"><big>&#8211; B\u1ed5 sung collagen l\u00e0m t\u0103ng \u0111\u1ed9 \u0111\u00e0n h\u1ed3i da t\u1ed1t h\u01a1n, se kh\u00edt l\u1ed7 ch\u00e2n l\u00f4ng. <\/big><\/span><\/cite><br \/>\n<cite><span dir=\"ltr\"><big>&#8211; H\u1ed7 tr\u1ee3 ch\u1ed1ng oxy h\u00f3a m\u1ea1nh, ch\u1ed1ng l\u1ea1i g\u1ed1c t\u1ef1 do, ng\u0103n ng\u1eeba d\u1ea5u hi\u1ec7u l\u00e3o h\u00f3a da. <\/big><\/span><\/cite><br \/>\n<cite><span dir=\"ltr\"><big>&#8211; Gi\u00fap l\u00e0n da \u0111\u01b0\u1ee3c ph\u1ee5c h\u1ed3i t\u01b0\u01a1i tr\u1ebb, tr\u1eafng h\u1ed3ng r\u1ea1ng ng\u1eddi ch\u1ec9 trong th\u1eddi gian ng\u1eafn. <\/big><\/span><\/cite><br \/>\n<cite><span dir=\"ltr\"><big>\u25baC\u00e1ch s\u1eed d\u1ee5ng Ampoule: <\/big><\/span><\/cite><br \/>\n<cite><span dir=\"ltr\"><big>&#8211; R\u1eeda m\u1eb7t s\u1ea1ch v\u1edbi n\u01b0\u1edbc <\/big><\/span><\/cite><br \/>\n<cite><span dir=\"ltr\"><big>&#8211; Nh\u1ecf v\u00e0i gi\u1ecdt <\/big><\/span><\/cite>serum k\u00edch tr\u1eafng glu <cite><span dir=\"ltr\"><big>ra tay r\u1ed3i massage \u0111\u1ec1u l\u00ean m\u1eb7t cho tinh ch\u1ea5t th\u1ea9m th\u1ea5u v\u00e0o da. <\/big><\/span><\/cite><br \/>\n<cite><span dir=\"ltr\"><big>&#8211; D\u00f9ng ng\u00e0y 2 l\u1ea7n v\u00e0o bu\u1ed5i s\u00e1ng v\u00e0 bu\u1ed5i t\u1ed1i tr\u01b0\u1edbc khi \u0111i ng\u1ee7<\/big><\/span><\/cite><\/p>\n","protected":false},"excerpt":{"rendered":"<div class=\"clearfix box\">\n<div class=\"clearfix dcontent pdetail-quote\">\u0110\u01b0\u1ee3c chi\u1ebft xu\u1ea5t t\u1eeb d\u1ea7u h\u1ea1t nho v\u00e0 Glutathione k\u1ebft h\u1ee3p v\u1edbi th\u00e0nh ph\u1ea7n t\u1ed1t nh\u1ea5t hi\u1ec7n nay l\u00e0 Acid Ascorbic gi\u00fap d\u01b0\u1ee1ng tr\u1eafng s\u00e1ng da, h\u1ed7 tr\u1ee3 ng\u0103n ng\u1eeba c\u00e1c n\u00e1m, t\u00e0n nhang, \u0111\u1ed3i m\u1ed3i, t\u0103ng c\u01b0\u1eddng s\u1ea3n sinh collagen, l\u00e0m s\u0103n ch\u1eafc da, gi\u1ea3m thi\u1ec3u v\u00e0 x\u00f3a m\u1edd n\u1ebfp nh\u0103n, ph\u1ee5c h\u1ed3i c\u00e1c v\u1ea5n \u0111\u1ec1 v\u1ec1 da h\u01b0 t\u1ed5n, ng\u0103n ng\u1eeba m\u1ee5n, hi\u1ec7u qu\u1ea3 k\u1ec3 c\u1ea3 da nh\u1ea1y c\u1ea3m v\u00e0 da m\u1ee5n \u0111\u1ec1u mang l\u1ea1i cho b\u1ea1n l\u00e0m da \u0111\u1eb9p, lu\u00f4n t\u01b0\u01a1i tr\u1ebb m\u1ecbn m\u00e0ng.<\/div>\n<\/div>\n","protected":false},"featured_media":1873,"comment_status":"closed","ping_status":"closed","template":"","meta":[],"_links":{"self":[{"href":"https:\/\/korea.com.vn\/shop\/wp-json\/wp\/v2\/product\/4947"}],"collection":[{"href":"https:\/\/korea.com.vn\/shop\/wp-json\/wp\/v2\/product"}],"about":[{"href":"https:\/\/korea.com.vn\/shop\/wp-json\/wp\/v2\/types\/product"}],"replies":[{"embeddable":true,"href":"https:\/\/korea.com.vn\/shop\/wp-json\/wp\/v2\/comments?post=4947"}],"wp:featuredmedia":[{"embeddable":true,"href":"https:\/\/korea.com.vn\/shop\/wp-json\/wp\/v2\/media\/1873"}],"wp:attachment":[{"href":"https:\/\/korea.com.vn\/shop\/wp-json\/wp\/v2\/media?parent=4947"}],"curies":[{"name":"wp","href":"https:\/\/api.w.org\/{rel}","templated":true}]}}