{"id":4950,"date":"2020-11-30T13:06:03","date_gmt":"2020-11-30T06:06:03","guid":{"rendered":"https:\/\/korea.com.vn\/shop\/san-pham\/import-placeholder-for-4787\/"},"modified":"2020-12-21T10:52:35","modified_gmt":"2020-12-21T03:52:35","slug":"vien-uong-trang-da-max-white","status":"publish","type":"product","link":"https:\/\/korea.com.vn\/shop\/san-pham\/vien-uong-trang-da-max-white\/","title":{"rendered":"Vi\u00ean u\u1ed1ng tr\u1eafng  PREMIUM MAX WHITE Xanh  (Tr\u1eafng da-Tr\u1ecb th\u00e2m n\u00e1m-Ch\u1ed1ng l\u00e3o h\u00f3a)"},"content":{"rendered":"<p>Vi\u00ean u\u1ed1ng truy\u1ec1n tr\u1eafng da #PREMIUM_MAX_WHITE_GENIE\u00a0 &#8211; tr\u1eafng nh\u01b0 truy\u1ec1n tr\u1eafng &#8211; tr\u1eafng nh\u01b0 B\u00d4NG B\u01af\u1edeI<br \/>\n\u0110\u00e2y l\u00e0 lo\u1ea1i Chuy\u00ean d\u00e0nh cho nh\u1eefng ng\u01b0\u1eddi da \u0111en l\u00ec l\u00e2u n\u0103m, da th\u00e2m do m\u1ee5n, ch\u00e1y n\u1eafng&#8230;. \u0111\u1eb7c bi\u1ec7t l\u00e0 L\u00e0m tr\u1eafng, s\u00e1ng da \u0111\u1ec1u m\u00e0u \u1edf nh\u01b0ng v\u00f9ng kh\u00f3 tr\u1eafng nh\u1ea5t m\u00e0 thoa kem kh\u00f4ng \u0111\u01b0\u1ee3c (\u0111\u1ea7u g\u1ed1i, \u0111\u00f9i, n\u00e1ch, b\u1eb9n, v\u00f9ng k\u00edn..)<br \/>\n\u2705Th\u00e0nh ph\u1ea7n t\u1eeb t\u1ebf b\u00e0o g\u1ed1c NG\u1ef0A EGF \u0111\u01b0\u1ee3c chi\u1ebft xu\u1ea5t t\u1eeb nhau thai ng\u1ef1a v\u00e0 h\u00e0m l\u01b0\u1ee3ng l\u1edbn glutathione(1850mg) gi\u00fap c\u1ea3i thi\u1ec7n t\u00ecnh tr\u1ea1ng l\u00e3o h\u00f3a v\u00e0 l\u00e0m tr\u1eafng da m\u1ed9t c\u00e1ch t\u1ef1 nhi\u00ean.<br \/>\n\u2705Th\u00e0nh ph\u1ea7n ALPHA LIPOIC ACID (ALA) ch\u1ed1ng oxy ho\u00e1 v\u1ea1n n\u0103ng, gi\u00fap b\u1ea3o v\u1ec7 c\u1ea5u tr\u00fac t\u1ebf b\u00e0o, \u0111i\u1ec1u ho\u00e1 qu\u00e1 tr\u00ecnh t\u00e1i t\u1ea1o da v\u00e0 ho\u1ea1t \u0111\u1ed9ng c\u1ee7a tuy\u1ebfn d\u1ea7u, ng\u1eeba t\u1eafc ngh\u1ebdn l\u1ed7 ch\u00e2n l\u00f4ng, t\u0103ng \u0111\u1ed9 \u1ea9m cho da gi\u00fap l\u00e0n da lu\u00f4n gi\u1eef \u0111\u01b0\u1ee3c v\u1ebb \u0111\u1eb9p c\u0103ng m\u1ecbn, t\u01b0\u01a1i tr\u1ebb r\u1ea1ng r\u1ee1.<\/p>\n<p>TR\u1eaeNG S\u00c1NG M\u1ecaN M\u00c0NG &#8211; DETOX T\u1eea TRONG RA NGO\u00c0I<br \/>\n\u2618\ufe0fCh\u1ee9a c\u00e1c th\u00e0nh ph\u1ea7n ch\u1ed1ng oxy h\u00f3a c\u1ef1c m\u1ea1nh, ch\u1ed1ng g\u1ed1c t\u1ef1 do h\u1ed7 tr\u1ee3 \u0111i\u1ec1u tr\u1ecb n\u00e1m, t\u00e0n nhang gi\u00fap t\u00e1i t\u1ea1o t\u1ebf b\u00e0o, nh\u1ea5t l\u00e0 t\u1ebf b\u00e0o da t\u1eeb b\u00ean trong<br \/>\n\u2618\ufe0f\u0110i\u1ec1u tr\u1ecb, l\u00e0m gi\u1ea3m s\u1ea1m n\u00e1m, da th\u00e2m, t\u00e0n nhang, \u0111\u1ed1m n\u00e2u ho\u1eb7c r\u1ed1i lo\u1ea1n v\u1ec1 s\u1eafc t\u1ed1 da.<br \/>\n\u2618\ufe0fT\u1ebf b\u00e0o g\u1ed1c EGF t\u1eeb Ng\u1ef1a gi\u00fap t\u00e1i sinh v\u00e0 ph\u1ee5c h\u1ed3i da l\u00e3o h\u00f3a, t\u0103ng c\u01b0\u1eddng tr\u1eafng da<br \/>\n\u2618\ufe0fK\u00edch ho\u1ea1t c\u00e1c t\u1ebf b\u00e0o li\u00ean t\u1ee5c v\u1eadn \u0111\u1ed9ng \u0111\u1ec3 duy tr\u00ec s\u1ef1 tr\u1ebb trung, kh\u1ecfe m\u1ea1nh v\u00e0 b\u1ea3o v\u1ec7 \u0111\u1ed9 s\u00e1ng m\u1ecbn cho l\u00e0n da.<br \/>\nL\u1ecd 60 vi\u00ean, u\u1ed1ng m\u1ed7i ng\u00e0y 2 vi\u00ean sau khi \u0103n<\/p>\n","protected":false},"excerpt":{"rendered":"<div class=\"clearfix box\">Vi\u00ean u\u1ed1ng truy\u1ec1n tr\u1eafng da #PREMIUM_MAX_WHITE_GENIE &#8211; tr\u1eafng nh\u01b0 truy\u1ec1n tr\u1eafng &#8211; tr\u1eafng nh\u01b0 B\u00d4NG B\u01af\u1edeI<\/div>\n<div class=\"clearfix box\">\u0110\u00e2y l\u00e0 lo\u1ea1i Chuy\u00ean d\u00e0nh cho nh\u1eefng ng\u01b0\u1eddi da \u0111en l\u00ec l\u00e2u n\u0103m, da th\u00e2m do m\u1ee5n, ch\u00e1y n\u1eafng&#8230;. \u0111\u1eb7c bi\u1ec7t l\u00e0 L\u00e0m tr\u1eafng, s\u00e1ng da \u0111\u1ec1u m\u00e0u \u1edf nh\u01b0ng v\u00f9ng kh\u00f3 tr\u1eafng nh\u1ea5t m\u00e0 thoa kem kh\u00f4ng \u0111\u01b0\u1ee3c (\u0111\u1ea7u g\u1ed1i, \u0111\u00f9i, n\u00e1ch, b\u1eb9n, v\u00f9ng k\u00edn..)<\/div>\n","protected":false},"featured_media":1879,"comment_status":"closed","ping_status":"closed","template":"","meta":[],"_links":{"self":[{"href":"https:\/\/korea.com.vn\/shop\/wp-json\/wp\/v2\/product\/4950"}],"collection":[{"href":"https:\/\/korea.com.vn\/shop\/wp-json\/wp\/v2\/product"}],"about":[{"href":"https:\/\/korea.com.vn\/shop\/wp-json\/wp\/v2\/types\/product"}],"replies":[{"embeddable":true,"href":"https:\/\/korea.com.vn\/shop\/wp-json\/wp\/v2\/comments?post=4950"}],"wp:featuredmedia":[{"embeddable":true,"href":"https:\/\/korea.com.vn\/shop\/wp-json\/wp\/v2\/media\/1879"}],"wp:attachment":[{"href":"https:\/\/korea.com.vn\/shop\/wp-json\/wp\/v2\/media?parent=4950"}],"curies":[{"name":"wp","href":"https:\/\/api.w.org\/{rel}","templated":true}]}}