{"id":4953,"date":"2020-11-30T13:06:09","date_gmt":"2020-11-30T06:06:09","guid":{"rendered":"https:\/\/korea.com.vn\/shop\/san-pham\/import-placeholder-for-4789\/"},"modified":"2020-12-21T10:45:17","modified_gmt":"2020-12-21T03:45:17","slug":"tam-trang-te-bao-goc-gluthation-genie","status":"publish","type":"product","link":"https:\/\/korea.com.vn\/shop\/san-pham\/tam-trang-te-bao-goc-gluthation-genie\/","title":{"rendered":"T\u1eafm tr\u1eafng glutathione BODY MAX WHITE 1800mg"},"content":{"rendered":"<p>T\u1eafm tr\u1eafng t\u1ebf b\u00e0o g\u1ed1c ch\u1ee9a h\u00e0m l\u01b0\u1ee3ng GLUTATHIONE 1850mg, gi\u00fap l\u00e0n da tr\u1eafng s\u00e1ng h\u1ed3ng h\u00e0o, gi\u00fap ch\u1ecb em c\u00f3 \u0111\u01b0\u1ee3c m\u1ed9t l\u00e0n da tr\u1eafng s\u00e1ng m\u1ecbn m\u00e0ng.<\/p>\n<p>Tr\u1eafng h\u01a1n \u0111i spa m\u00e0 kh\u1ecfi b\u01b0\u1edbc ra kh\u1ecfi nh\u00e0, t\u1eafm 1 l\u1ea7n tr\u1eafng l\u00ean 1 l\u1ea7n, h\u1ee3p ch\u1ea5t dinh d\u01b0\u1ee1ng SUPPER VITAC v\u00e0 GLUTATIONE \u0111\u01b0\u1ee3c c\u1ea5y tr\u1ef1c ti\u1ebfp l\u00ean bi\u1ec3u b\u00ec da, cho da ng\u1eadm tr\u1eafng v\u00e0 l\u00e0m m\u1edd c\u00e1c s\u1eafc t\u1ed1 melanin s\u1ea1m n\u00e1m B\u1ea1n kh\u00f4ng c\u1ea7n ph\u1ea3i m\u1ea5t th\u1eddi gian c\u1ef1c kh\u1ed5 thoa kem d\u01b0\u1ee1ng kem n\u1eefa, t\u1eafm m\u1ed9t ph\u00e1t Tr\u1eafng Tinh<\/p>\n<p><strong>C\u00e1ch s\u1eed d\u1ee5ng:<\/strong>\u00a0Ch\u1ec9 c\u1ea7n m\u1edf h\u1ee7 t\u1eafm t\u1ebf b\u00e0o g\u1ed1c Tr\u1eafng ra v\u00e0 thoa \u0111\u1ec1u l\u00ean da nh\u01b0 thoa kem body t\u1ea7m 20p-30p v\u00e0 \u0111i t\u1eafm s\u1ea1ch l\u1ea1i l\u00e0 \u0111\u00e3 th\u1ea5y da b\u1eadt 50-60% so v\u1edbi da ban \u0111\u1ea7u S\u1ea3n ph\u1ea9m c\u00f3 m\u00f9i r\u1ea5t l\u00e0 th\u01a1m, kh\u00f4ng ch\u1ee9a ho\u00e1 ch\u1ea5t l\u1ed9t t\u1ea9y, kh\u00f4ng g\u00e2y b\u00e0o m\u00f2n da, kh\u00f4ng g\u00e2y k\u00edch \u1ee9ng da, kh\u00f4ng v\u00e0ng l\u00f4ng kh\u00f4ng ng\u1ee9a v\u00e0 kh\u00f3 ch\u1ecbu nh\u01b0 t\u1eafm tr\u1eafng th\u00f4ng th\u01b0\u1eddng.<\/p>\n","protected":false},"excerpt":{"rendered":"<div class=\"clearfix box\">\n<div class=\"clearfix dcontent pdetail-quote\">T\u1eafm tr\u1eafng t\u1ebf b\u00e0o g\u1ed1c ch\u1ee9a h\u00e0m l\u01b0\u1ee3ng GLUTATHIONE 1850mg, gi\u00fap l\u00e0n da tr\u1eafng s\u00e1ng h\u1ed3ng h\u00e0o, gi\u00fap ch\u1ecb em c\u00f3 \u0111\u01b0\u1ee3c m\u1ed9t l\u00e0n da tr\u1eafng s\u00e1ng m\u1ecbn m\u00e0ng.<\/div>\n<\/div>\n","protected":false},"featured_media":1883,"comment_status":"closed","ping_status":"closed","template":"","meta":[],"_links":{"self":[{"href":"https:\/\/korea.com.vn\/shop\/wp-json\/wp\/v2\/product\/4953"}],"collection":[{"href":"https:\/\/korea.com.vn\/shop\/wp-json\/wp\/v2\/product"}],"about":[{"href":"https:\/\/korea.com.vn\/shop\/wp-json\/wp\/v2\/types\/product"}],"replies":[{"embeddable":true,"href":"https:\/\/korea.com.vn\/shop\/wp-json\/wp\/v2\/comments?post=4953"}],"wp:featuredmedia":[{"embeddable":true,"href":"https:\/\/korea.com.vn\/shop\/wp-json\/wp\/v2\/media\/1883"}],"wp:attachment":[{"href":"https:\/\/korea.com.vn\/shop\/wp-json\/wp\/v2\/media?parent=4953"}],"curies":[{"name":"wp","href":"https:\/\/api.w.org\/{rel}","templated":true}]}}