{"id":4955,"date":"2020-11-30T13:06:09","date_gmt":"2020-11-30T06:06:09","guid":{"rendered":"https:\/\/korea.com.vn\/shop\/san-pham\/import-placeholder-for-4827\/"},"modified":"2020-12-09T15:07:02","modified_gmt":"2020-12-09T08:07:02","slug":"kem-tri-mun-s-o-s-acnes","status":"publish","type":"product","link":"https:\/\/korea.com.vn\/shop\/san-pham\/kem-tri-mun-s-o-s-acnes\/","title":{"rendered":"KEM TR\u1eca M\u1ee4N S.O.S ACNES"},"content":{"rendered":"<p><em><strong>\u0110\u00e1nh bay c\u00e1c lo\u1ea1i m\u1ee5n c\u1ee9ng \u0111\u1ea7u, x\u00f3a th\u00e2m n\u00e1m, ki\u1ec3m so\u00e1t d\u1ea7u nh\u1eddn, se kh\u00edt l\u1ed7 ch\u00e2n l\u00f4ng,\u2026\u201csi\u00eau\u201d kem h\u1ed7 tr\u1ee3 \u0111i\u1ec1u tr\u1ecb<\/strong><\/em><em><strong>\u00a0m\u1ee5n S.O.S ACNES c\u00f3 t\u1ea5t c\u1ea3.<\/strong><\/em><\/p>\n<h2><img loading=\"lazy\" class=\"aligncenter wp-image-4170\" src=\"http:\/\/vyparisspa.vn\/wp-content\/uploads\/2017\/05\/san-pham-tri-mun-sos-acnes.jpg\" alt=\"kem tr\u1ecb m\u1ee5n S.O.S ACNES\" width=\"600\" height=\"600\" \/><\/h2>\n<h2>H\u1ed7 tr\u1ee3 \u0111i\u1ec1u tr\u1ecb\u00a0m\u1ee5n\u00a0kh\u00f4ng kh\u00f3 kh\u00f4ng l\u00e2u, kh\u00f4ng t\u1ed1n k\u00e9m nh\u01b0 b\u1ea1n ngh\u0129 khi t\u00ecm \u0111\u01b0\u1ee3c b\u00ed k\u00edp t\u1eeb S.O.S Acnes<\/h2>\n<p><img loading=\"lazy\" class=\"alignnone wp-image-4171\" src=\"http:\/\/vyparisspa.vn\/wp-content\/uploads\/2017\/05\/arrowr-300x300.png\" alt=\"arrowr\" width=\"20\" height=\"20\" \/>\u00a0B\u1ea1n \u0111\u00e3 t\u1ed1n bi\u1ebft bao ti\u1ec1n c\u1ee7a, th\u1eddi gian \u0111\u1ec3 \u0111i b\u00e1c s\u1ef9 da li\u1ec5u, t\u00ecm \u0111\u1ebfn c\u00e1c Spa ch\u0103m s\u00f3c da uy t\u00edn hay ch\u0103m ch\u1ec9 \u00e1p d\u1ee5ng c\u1ea3 nh\u1eefng \u201c b\u00ed k\u00edp\u201d \u0111i\u1ec1u tr\u1ecb\u00a0m\u1ee5n \u0111\u01b0\u1ee3c d\u00e2n t\u00ecnh g\u1ecdi l\u00e0 \u201cth\u1ea7n th\u00e1nh\u201d t\u1eeb \u00c1 \u00c2u sang T\u00e2y T\u00e0u nh\u01b0ng r\u1ed3i m\u1ee5n v\u1eabn dai d\u1eb3ng b\u00e1m l\u1ea5y b\u1ea1n?<br \/>\n<img loading=\"lazy\" class=\"alignnone wp-image-4171\" src=\"http:\/\/vyparisspa.vn\/wp-content\/uploads\/2017\/05\/arrowr-300x300.png\" alt=\"arrowr\" width=\"20\" height=\"20\" \/>\u00a0B\u1ea1n lo l\u1eafng khi \u0111\u1ebfn m\u00f9a h\u00e8 n\u1eafng n\u00f3ng, l\u01b0\u1ee3ng d\u1ea7u nh\u1eddn ti\u1ebft nhi\u1ec1u h\u01a1n l\u1ea1i khi\u1ebfn cho t\u00ecnh tr\u1ea1ng m\u1ee5n sinh s\u00f4i n\u1eb7ng n\u1ec1 h\u01a1n?<br \/>\n<img loading=\"lazy\" class=\"alignnone wp-image-4171\" src=\"http:\/\/vyparisspa.vn\/wp-content\/uploads\/2017\/05\/arrowr-300x300.png\" alt=\"arrowr\" width=\"20\" height=\"20\" \/>\u00a0B\u1ea1n ph\u1ea3i l\u00e0m vi\u1ec7c tr\u00ean m\u00e1y t\u00ednh 24\/24 gi\u1edd, b\u1ea1n l\u00e0m vi\u1ec7c trong m\u00f4i tr\u01b0\u1eddng m\u00e1y l\u1ea1nh, \u0111\u1eb7c th\u00f9 c\u00f4ng vi\u1ec7c b\u1ea1n ph\u1ea3i l\u00e0m v\u1ec1 \u0111\u00eam, tr\u00e1i m\u00fai gi\u1edd d\u00f9 bi\u1ebft r\u1ea5t r\u00f5 \u0111\u00f3 l\u00e0 nh\u1eefng nguy\u00ean nh\u00e2n h\u00e0ng \u0111\u1ea7u sinh m\u1ee5n nh\u01b0ng b\u1ea1n kh\u00f4ng c\u00f2n s\u1ef1 l\u1ef1a ch\u1ecdn n\u00e0o kh\u00e1c.<\/p>\n<p><strong><em>Kh\u1ed5 s\u1edf, m\u1ec7t m\u1ecfi r\u1ed3i \u0111\u00fang kh\u00f4ng? B\u1ea1n cam ch\u1ecbu s\u1ed1ng v\u1edbi ch\u00fang c\u1ea3 \u0111\u1eddi n\u00e0y ph\u1ea3i kh\u00f4ng?<\/em><\/strong>\u00a0<img loading=\"lazy\" class=\"alignnone size-full wp-image-4447 aligncenter\" src=\"http:\/\/vyparisspa.vn\/wp-content\/uploads\/2017\/05\/sos.jpg\" alt=\"sos\" width=\"488\" height=\"650\" \/><\/p>\n<p><strong>\u0110\u1eebng tuy\u1ec7t v\u1ecdng! \u201cTh\u1ee7 \u0111o\u1ea1n\u201d c\u1ee7a con ng\u01b0\u1eddi l\u00e0 v\u00f4 h\u1ea1n. Nh\u1ea5t l\u00e0 v\u1edbi s\u1eafc \u0111\u1eb9p, h\u1ecd s\u1ebd ch\u1eb3ng ch\u1ecbu d\u1eebng tay \u0111\u1ea7u h\u00e0ng v\u1edbi nh\u1eefng \u201ck\u1ebb th\u00f9\u201d l\u00e0m m\u00ecnh tr\u1edf n\u00ean x\u1ea5u x\u00ed \u0111\u00e2u.<\/strong>\u00a0Minh ch\u1ee9ng cho \u0111i\u1ec1u \u0111\u00f3 ch\u00ednh l\u00e0 s\u1ea3n ph\u1ea9m h\u1ed7 tr\u1ee3 \u0111i\u1ec1u tr\u1ecb m\u1ee5n th\u00e2m S.O.S ACNES. T\u1eebng tinh ch\u1ea5t \u0111\u1eadm \u0111\u1eb7c trong chai S.O.S ACNES s\u1ebd l\u00e0 m\u1ed9t ph\u00e9p m\u00e0u cho nh\u1eefng ai lu\u00f4n \u01b0\u1edbc ao c\u00f3 \u0111\u01b0\u1ee3c m\u1ed9t l\u00e0n da l\u00e1ng m\u1ecbn, s\u1ea1ch m\u1ee5n v\u00e0 c\u0103ng m\u01b0\u1edbt nh\u01b0 nh\u1eefng ng\u00f4i sao h\u1ea1ng A H\u00e0n Qu\u1ed1c.\u00a0<img loading=\"lazy\" class=\"aligncenter wp-image-4173\" src=\"http:\/\/vyparisspa.vn\/wp-content\/uploads\/2017\/05\/san-pham-tri-mun-sos-acnes-cua-vyparis-academy-tri-mun-hieu-qua.jpg\" alt=\"S\u1ea3n ph\u1ea9m tr\u1ecb m\u1ecbn SOS Acnes tr\u1ecb m\u1ee5n hi\u1ec7u qu\u1ea3, tri\u1ec7t \u0111\u1ec3\" width=\"600\" height=\"600\" \/><\/p>\n<p>S.O.S ACNES c\u00f3 m\u1eb7t t\u1ea1i Vy Paris \u2013 m\u1ed9t \u0111\u1ecba ch\u1ec9 n\u1ed5i ti\u1ebfng t\u1eeb x\u01b0a nay v\u1edbi nh\u1eefng s\u1ea3n ph\u1ea9m, ph\u01b0\u01a1ng ph\u00e1p\u00a0 h\u1ed7 tr\u1ee3 \u0111i\u1ec1u tr\u1ecb m\u1ee5n hi\u1ec7u qu\u1ea3, an to\u00e0n. V\u1edbi\u00a0<em><strong>kem h\u1ed7 tr\u1ee3 \u0111i\u1ec1u tr\u1ecb<\/strong><\/em><em><strong>\u00a0m\u1ee5n S.O.S ACNES<\/strong><\/em>\u00a0c\u00e1c d\u00f2ng h\u1ecd nh\u00e0 m\u1ee5n, t\u1eeb gi\u00e0 \u0111\u1ebfn tr\u1ebb \u0111\u1ee7 th\u1ec3 lo\u1ea1i nh\u01b0 m\u1ee5n b\u1ecdc, m\u1ee5n m\u1ee7, m\u1ee5n s\u01b0ng \u0111\u1ecf, m\u1ee5n c\u00e1m, m\u1ee5n \u0111\u1ea7u \u0111en, m\u1ee5n li ti, m\u1ee5n d\u01b0\u1edbi da,&#8230;d\u00f9 c\u1ee9ng \u0111\u1ea7u th\u1ebf n\u00e0o c\u0169ng s\u1ebd \u0111\u01b0\u1ee3c \u0111\u00e1nh b\u1eadt th\u1ea7n t\u1ed1c trong v\u00e0i m\u01b0\u01a1i ph\u00fat.<\/p>\n<h2>C\u00f4ng d\u1ee5ng th\u1ea7n t\u1ed1c c\u1ee7a\u00a0<em><strong>kem h\u1ed7 tr\u1ee3 \u0111i\u1ec1u tr\u1ecb<\/strong><\/em><em><strong>\u00a0m\u1ee5n S.O.S ACNES<\/strong><\/em><\/h2>\n<ul>\n<li style=\"list-style-type: none\">\n<ul>\n<li>\u0110\u00e1nh bay m\u1ee5n b\u1ecdc, m\u1ee5n m\u1ee7, m\u1ee5n s\u01b0ng \u0111\u1ecf, m\u1ee5n c\u00e1m, m\u1ee5n \u0111\u1ea7u \u0111en, m\u1ee5n li ti&#8230;<\/li>\n<\/ul>\n<\/li>\n<\/ul>\n<ul>\n<li style=\"list-style-type: none\">\n<ul>\n<li>H\u1ed7 tr\u1ee3 \u0111i\u1ec1u tr\u1ecb t\u1eadn g\u1ed1c g\u00e1c m\u1ee5n d\u01b0\u1edbi da, kh\u00f4ng g\u00e2y t\u00e1i ph\u00e1t tr\u1edf l\u1ea1i<\/li>\n<\/ul>\n<\/li>\n<\/ul>\n<ul>\n<li style=\"list-style-type: none\">\n<ul>\n<li>Ng\u1eeba m\u1ee5n c\u1ef1c t\u1ed1t m\u00e0 c\u00f2n c\u00f3 th\u1ec3 \u0103n u\u1ed1ng tho\u1ea3i m\u00e1i n\u1eefa, k\u1ec3 c\u1ea3 m\u1ea5y m\u00f3n \u0103n cay n\u00f3ng<\/li>\n<\/ul>\n<\/li>\n<\/ul>\n<ul>\n<li style=\"list-style-type: none\">\n<ul>\n<li>Gi\u00fap ki\u1ec1m d\u1ea7u kh\u00f3a \u1ea9m, se kh\u00edt l\u1ed7 ch\u00e2n l\u00f4ng<\/li>\n<\/ul>\n<\/li>\n<\/ul>\n<ul>\n<li style=\"list-style-type: none\">\n<ul>\n<li>H\u1ed7 tr\u1ee3 \u0111i\u1ec1u tr\u1ecb c\u00e1c v\u1ebft s\u01b0ng t\u1ea5y, da kh\u00f4, s\u1ea7n, l\u00e1c, ng\u1ee9a, d\u1ecb \u1ee9ng m\u1eabn \u0111\u1ecf\u2026<\/li>\n<\/ul>\n<\/li>\n<\/ul>\n<ul>\n<li style=\"list-style-type: none\">\n<ul>\n<li>Gi\u1ea3m v\u1ebft nh\u0103n kh\u00f4 da<\/li>\n<\/ul>\n<\/li>\n<\/ul>\n<ul>\n<li style=\"list-style-type: none\">\n<ul>\n<li>Xo\u00e1 m\u1edd v\u1ebft th\u00e2m do m\u1ee5n, x\u00f3a b\u1ecf c\u00e1c v\u00f9ng da x\u1ec9n m\u00e0u, s\u1eeda ch\u1eefa v\u00e0 t\u00e1i t\u1ea1o v\u00f9ng da t\u1ed5n th\u01b0\u01a1ng<\/li>\n<\/ul>\n<\/li>\n<\/ul>\n<p><center><img loading=\"lazy\" class=\"alignnone size-full wp-image-4429\" src=\"http:\/\/vyparisspa.vn\/wp-content\/uploads\/2017\/05\/19222773_1552116354829609_1081938434003676659_o-e1503646133769.jpg\" alt=\"19222773_1552116354829609_1081938434003676659_o\" width=\"650\" height=\"433\" \/><\/center>S.O.S ACNES c\u00f3 th\u1ec3 s\u1eed d\u1ee5ng l\u00e2u d\u00e0i \u0111\u1ec3 d\u01b0\u1ee1ng da h\u00e0ng ng\u00e0y, ng\u0103n ng\u1eeba m\u1ee5n n\u00e1m v\u00e0 duy tr\u00ec l\u00e0n da kh\u1ecfe m\u1ea1nh, c\u0103ng m\u1ecbn, tr\u1eafng h\u1ed3ng t\u1ef1 nhi\u00ean sau khi h\u1ebft m\u1ee5n. S.O.S ACNES ph\u00f9 h\u1ee3p m\u1ecdi lo\u1ea1i da,\u0111\u1eb7c bi\u1ec7t l\u00e0 da d\u1ea7u v\u00e0 m\u1eabn c\u1ea3m.<br \/>\n<img loading=\"lazy\" class=\"wp-image-4174 aligncenter\" src=\"http:\/\/vyparisspa.vn\/wp-content\/uploads\/2017\/05\/san-pham-tri-mun-sos-acnes-tac-dung-nhanh-tri-mun-tan-goc.jpg\" alt=\"Kem tr\u1ecb m\u1ee5n S.O.S ACNES SOS Acnes t\u00e1c d\u1ee5ng nhanh tr\u1ecb m\u1ee5n t\u1eadn g\u1ed1c\" width=\"600\" height=\"600\" \/><br \/>\nKem tr\u1ecb m\u1ee5n S.O.S ACNES SOS Acnes t\u00e1c d\u1ee5ng nhanh h\u1ed7 tr\u1ee3 \u0111i\u1ec1u tr\u1ecb m\u1ee5n t\u1eadn g\u1ed1c<\/p>\n<h2>Nh\u1eefng th\u00e0nh ph\u1ea7n l\u00e0m n\u00ean &#8220;si\u00eau&#8221; ph\u1ea9m\u00a0S.O.S<\/h2>\n<ul>\n<li style=\"list-style-type: none\">\n<ul>\n<li>Thu\u1ed1c \u0111\u00f4ng y b\u00ed truy\u1ec1n t\u1eeb ho\u00e0ng cung H\u00e0n Qu\u1ed1c<\/li>\n<\/ul>\n<\/li>\n<\/ul>\n<ul>\n<li style=\"list-style-type: none\">\n<ul>\n<li>100% th\u00e0nh ph\u1ea7n t\u1ef1 nhi\u00ean l\u00e0 tinh ch\u1ea5t tr\u00e0 xanh Nh\u1eadt B\u1ea3n l\u00e0nh t\u00ednh, kh\u00f4ng \u0111\u1ec3 l\u1ea1i t\u00e1c d\u1ee5ng ph\u1ee5.<\/li>\n<\/ul>\n<\/li>\n<\/ul>\n<ul>\n<li style=\"list-style-type: none\">\n<ul>\n<li>Ho\u1ea1t ch\u1ea5t Accutane gi\u00fap ki\u1ec1m d\u1ea7u tuy\u1ec7t \u0111\u1ed1i v\u00e0 ki\u1ec3m so\u00e1t tuy\u1ebfn b\u00e3 nh\u1eddn tr\u00ean da<\/li>\n<\/ul>\n<\/li>\n<\/ul>\n<p>V\u1edbi nh\u1eefng t\u00e1c d\u1ee5ng tuy\u1ec7t v\u1eddi m\u00e0 c\u00e1c chuy\u00ean gia ng\u00e0nh th\u1ea9m m\u1ef9 d\u00e0nh t\u00e2m huy\u1ebft cho\u00a0<em><strong>kem h\u1ed7 tr\u1ee3 \u0111i\u1ec1u tr\u1ecb<\/strong><\/em><em><strong>\u00a0m\u1ee5n S.O.S ACNES\u00a0<\/strong><\/em>s\u1ebd l\u00e0m nh\u00e2n m\u1ee5n \u0111\u01b0\u1ee3c \u0111\u00e1nh bay t\u1ee9c t\u1ed1c sau 30 ph\u00fat khi \u0111\u01b0\u1ee3c CH\u1ea4M t\u1eebng gi\u1ecdt tinh ch\u1ea5t \u0111\u00f3 l\u00ean \u0111\u1ed1m m\u1ee5n m\u00e0\u00a0<strong>KH\u00d4NG T\u00c1I PH\u00c1T, KH\u00d4NG T\u00c1C D\u1ee4NG PH\u1ee4 &amp; KH\u00d4NG C\u1ea6N \u0110\u1ebeN SPA.<\/strong><\/p>\n<p><center><img loading=\"lazy\" class=\"alignnone size-full wp-image-4431\" src=\"http:\/\/vyparisspa.vn\/wp-content\/uploads\/2017\/05\/19399179_1552116364829608_4737099914574422508_n-e1503646165135.jpg\" alt=\"19399179_1552116364829608_4737099914574422508_n\" width=\"650\" height=\"748\" \/><\/center><em>*Hi\u1ec7u qu\u1ea3 t\u00f9y theo c\u01a1 \u0111\u1ecba c\u1ee7a m\u1ed7i ng\u01b0\u1eddi, v\u00e0 th\u1ef1c hi\u1ec7n \u0111\u00fang theo h\u01b0\u1edbng d\u1eabn<\/em><\/p>\n<h2>T\u1ea1i sao S.O.S l\u1ea1i \u0111\u1ee9ng top \u0111\u1ea7u trong ng\u00e0nh \u0111i\u1ec1u tr\u1ecb m\u1ee5n hi\u1ec7n t\u1ea1i<\/h2>\n<ul>\n<li style=\"list-style-type: none\">\n<ul>\n<li>Nh\u1edd c\u1ea5u tr\u00fac ph\u00e2n t\u1eed c\u1ef1c nh\u1ecf d\u1ea1ng l\u1ecfng, t\u1eebng gi\u1ecdt tinh ch\u1ea5t S.O.S ACNES cho kh\u1ea3 n\u0103ng th\u1ea9m th\u1ea5u si\u00eau nhanh, si\u00eau s\u00e2u v\u00e0o t\u1eebng g\u1ed1c m\u1ee5n, t\u00e1c \u0111\u1ed9ng tr\u1ef1c ti\u1ebfp l\u00e0m c\u1ed3i m\u1ee5n t\u1ef1 ph\u00e2n h\u00f3a, t\u1ef1 tr\u1ed3i l\u00ean v\u00e0 bi\u1ebfn m\u1ea5t nhanh h\u01a1n, hi\u1ec7u qu\u1ea3 h\u01a1n G\u1ea4P NHI\u1ec0U\u00a0L\u1ea6N so v\u1edbi c\u00e1c s\u1ea3n ph\u1ea9m\u00a0 d\u1ea1ng kem th\u00f4ng th\u01b0\u1eddng.<\/li>\n<\/ul>\n<\/li>\n<\/ul>\n<ul>\n<li style=\"list-style-type: none\">\n<ul>\n<li>\u0110\u01b0\u1ee3c chi\u1ebft xu\u1ea5t t\u1eeb 100% l\u00e1 tr\u00e0 xanh nguy\u00ean ch\u1ea5t l\u00e0nh t\u00ednh v\u00e0 c\u1ef1c k\u1ef3 an to\u00e0n v\u1edbi nh\u1eefng l\u00e0n da m\u1eabn c\u1ea3m v\u00e0 b\u1ecb t\u1ed5n th\u01b0\u01a1ng sau m\u1ee5n. \u0111\u00e2y c\u0169ng l\u00e0 l\u00fd do v\u00ec sao tinh ch\u1ea5t \u0111\u1eb7c tr\u1ecb c\u1ee7a S.O.S ACNES c\u00f3 m\u00e0u xanh nh\u1ea1t.<\/li>\n<\/ul>\n<\/li>\n<\/ul>\n<ul>\n<li style=\"list-style-type: none\">\n<ul>\n<li>Accutane c\u00f3 t\u00e1c d\u1ee5ng ki\u1ec3m so\u00e1t d\u1ea7u nh\u1eddn, KI\u1ec0M D\u1ea6U KH\u00d3A \u1ea8M cho da, nh\u1edd v\u1eady m\u00e0 s\u1eed d\u1ee5ng S.O.S ACNES \u0111\u1ec3 h\u1ed7 tr\u1ee3 \u0111i\u1ec1u tr\u1ecb\u00a0m\u1ee5n s\u1ebd kh\u00f4ng g\u00e2y ra t\u00ecnh tr\u1ea1ng kh\u00f4 r\u00e1p, bong tr\u00f3c, n\u1ee9t n\u1ebb nh\u01b0 c\u00e1c lo\u1ea1i kem h\u1ed7 tr\u1ee3 \u0111i\u1ec1u tr\u1ecb m\u1ee5n kh\u00e1c.<\/li>\n<\/ul>\n<\/li>\n<\/ul>\n<p><img loading=\"lazy\" class=\"wp-image-4175 aligncenter\" src=\"http:\/\/vyparisspa.vn\/wp-content\/uploads\/2017\/05\/san-pham-tri-mun-sos-acnes-san-pham-tri-mun-hang-dau-hien-nay.jpg\" alt=\"kem tr\u1ecb m\u1ee5n S.O.S ACNES S.O.S Acnes s\u1ea3n ph\u1ea9m tr\u1ecb m\u1ee5n h\u00e0ng \u0111\u1ea7u \" width=\"600\" height=\"600\" \/>Kem h\u1ed7 tr\u1ee3 \u0111i\u1ec1u tr\u1ecb m\u1ee5n S.O.S ACNES S.O.S Acnes m\u1ed9t trong nh\u1eefng s\u1ea3n ph\u1ea9m tr\u1ecb m\u1ee5n h\u00e0ng \u0111\u1ea7u hi\u1ec7n nay<br \/>\nGi\u1edd \u0111\u00e2y b\u1ea1n kh\u00f4ng ph\u1ea3i lo l\u1eafng ti\u1ebft tr\u1eddi n\u1eafng n\u00f3ng v\u00e0o h\u00e8, kh\u00f4ng kh\u1ed5 s\u1edf \u00e9p m\u00ecnh nh\u1ecbn \u0103n u\u1ed1ng nh\u1eefng m\u00f3n cay n\u00f3ng, kh\u00f4ng ph\u1ea3i lo nh\u1eefng m\u1eabn c\u1ea3m khi 24\/24 \u1edf trong m\u00f4i tr\u01b0\u1eddng m\u00e1y \u0111i\u1ec1u h\u00f2a. C\u00f3 S.O.S ACNES, m\u1ecdi nh\u00e2n t\u1ed1 g\u00e2y n\u00ean m\u1ee5n c\u0169ng \u0111\u1ec1u quay l\u01b0ng \u0111\u1ea7u h\u00e0ng. M\u1ed9t l\u00e0n da \u0111\u1eb9p, kh\u1ecfe l\u00e0 l\u00e0n da kh\u00f4ng c\u00f3 m\u1ee5n, kh\u00f4ng, s\u1eb9o th\u00e2m, kh\u00f4ng th\u1ea5y l\u1ed7 ch\u00e2n l\u00f4ng. M\u1ed9t \u0111\u1ed1m m\u1ee5n xu\u1ea5t hi\u1ec7n, c\u1ea7n ph\u1ea3i \u0111i\u1ec1u tr\u1ecb li\u1ec1n tay \u0111\u00fang c\u00e1ch, kh\u00f4ng th\u00ec nguy cho c\u1ea3 d\u00f2ng h\u1ecd nh\u00e0 \u201cxinh \u0111\u1eb9p\u201d \u0111\u1ea5y nh\u00e9. KH\u00d4NG C\u1ea6N \u0110\u1ebeN SPA, kh\u00f4ng s\u1eed d\u1ee5ng m\u1ef9 ph\u1ea9m linh tinh, ch\u1ec9 c\u1ea7n 520 ng\u00e0n \u0111\u1ed3ng rinh m\u1ed9t l\u1ecd S.O.S ACNES v\u1ec1 CH\u1ea4M, CH\u1ea4M t\u1edbi \u0111\u00e2u, m\u1ee5n x\u1eb9p t\u1edbi \u0111\u00f3 m\u00e0 kh\u00f4ng c\u1ea7n lo l\u1eafng, m\u1ea5t ng\u1ee7 v\u00ec m\u1ee5n n\u1eefa. Nhanh tay\u00a0<strong>\u0111\u1eb7t<\/strong>\u00a0<strong>mua\u00a0<em>kem h\u1ed7 tr\u1ee3 \u0111i\u1ec1u tr\u1ecb<\/em><\/strong><strong><em>\u00a0m\u1ee5n S.O.S ACNES\u00a0<\/em><\/strong>\u0111\u1ec3 nh\u1eadn \u0111\u01b0\u1ee3c nh\u1eefng \u01b0u \u0111\u00e3i h\u1ea5p d\u1eabn t\u1eeb Vy Paris v\u00e0 s\u1edf h\u1eefu ngay l\u00e0n da m\u1ecbn m\u00e0ng s\u1ea1ch m\u1ee5n, t\u01b0\u01a1i tr\u1ebb v\u00e0 c\u0103ng b\u00f3ng.<\/p>\n","protected":false},"excerpt":{"rendered":"<p>\u0110\u00e1nh bay c\u00e1c lo\u1ea1i m\u1ee5n c\u1ee9ng \u0111\u1ea7u, x\u00f3a th\u00e2m n\u00e1m, ki\u1ec3m so\u00e1t d\u1ea7u nh\u1eddn, se kh\u00edt l\u1ed7 ch\u00e2n l\u00f4ng,\u2026\u201csi\u00eau\u201d s\u1ea3n ph\u1ea9m h\u1ed7 tr\u1ee3 \u0111i\u1ec1u tr\u1ecb m\u1ee5n S.O.S ACNES c\u00f3 t\u1ea5t c\u1ea3. T\u1eebng tinh ch\u1ea5t \u0111\u1eadm \u0111\u1eb7c trong chai S.O.S ACNES s\u1ebd l\u00e0 m\u1ed9t ph\u00e9p m\u00e0u cho nh\u1eefng ai lu\u00f4n \u01b0\u1edbc ao c\u00f3 \u0111\u01b0\u1ee3c m\u1ed9t l\u00e0n da l\u00e1ng m\u1ecbn, s\u1ea1ch m\u1ee5n v\u00e0 c\u0103ng m\u01b0\u1edbt nh\u01b0 nh\u1eefng ng\u00f4i sao h\u1ea1ng A H\u00e0n Qu\u1ed1c.<\/p>\n","protected":false},"featured_media":1887,"comment_status":"closed","ping_status":"closed","template":"","meta":[],"_links":{"self":[{"href":"https:\/\/korea.com.vn\/shop\/wp-json\/wp\/v2\/product\/4955"}],"collection":[{"href":"https:\/\/korea.com.vn\/shop\/wp-json\/wp\/v2\/product"}],"about":[{"href":"https:\/\/korea.com.vn\/shop\/wp-json\/wp\/v2\/types\/product"}],"replies":[{"embeddable":true,"href":"https:\/\/korea.com.vn\/shop\/wp-json\/wp\/v2\/comments?post=4955"}],"wp:featuredmedia":[{"embeddable":true,"href":"https:\/\/korea.com.vn\/shop\/wp-json\/wp\/v2\/media\/1887"}],"wp:attachment":[{"href":"https:\/\/korea.com.vn\/shop\/wp-json\/wp\/v2\/media?parent=4955"}],"curies":[{"name":"wp","href":"https:\/\/api.w.org\/{rel}","templated":true}]}}