{"id":4956,"date":"2020-11-30T13:06:10","date_gmt":"2020-11-30T06:06:10","guid":{"rendered":"https:\/\/korea.com.vn\/shop\/san-pham\/import-placeholder-for-4828\/"},"modified":"2020-12-21T10:33:28","modified_gmt":"2020-12-21T03:33:28","slug":"mat-na-5-in-1-green-mask","status":"publish","type":"product","link":"https:\/\/korea.com.vn\/shop\/san-pham\/mat-na-5-in-1-green-mask\/","title":{"rendered":"M\u1eb7t n\u1ea1 th\u00f4ng minh  GREEN MASK 5 IN 1"},"content":{"rendered":"<p>T\u1ea9y t\u1ebf b\u00e0o ch\u1ebft l\u00e0m s\u1ea1ch s\u00e2u, gi\u00fap b\u1ed5 sung d\u01b0\u1ee1ng ch\u1ea5t cho da, h\u1ed7 tr\u1ee3 \u0111i\u1ec1u tr\u1ecb\u00a0m\u1ee5n c\u00e1m, m\u1ee5n \u0111\u1ea7u \u0111en<br \/>\nN\u1ebfu quan t\u00e2m \u0111\u1ebfn vi\u1ec7c l\u00e0m \u0111\u1eb9p b\u1ea1n s\u1ebd d\u1ec5 d\u00e0ng nh\u1eadn th\u1ea5y tr\u00ean th\u1ecb tr\u01b0\u1eddng hi\u1ec7n nay, xu h\u01b0\u1edbng l\u00e0m \u0111\u1eb9p theo ph\u01b0\u01a1ng ph\u00e1p t\u1ea9y t\u1ebf b\u00e0o ch\u1ebft v\u00e0 l\u00e0m tr\u1eafng da theo ph\u01b0\u01a1ng ph\u00e1p \u0110\u00f4ng y \u0111ang tr\u1edf th\u00e0nh xu h\u01b0\u1edbng \u0111\u01b0\u1ee3c quan t\u00e2m nh\u1ea5t. Tuy vi\u1ec7c tr\u1ecb li\u1ec7u theo ph\u01b0\u01a1ng ph\u00e1p n\u00e0y kh\u00f4ng mang l\u1ea1i k\u1ebft qu\u1ea3 ngay nh\u01b0 c\u00e1c lo\u1ea1i kem tr\u1ed9n ngo\u00e0i th\u1ecb tr\u01b0\u1eddng. Nh\u01b0ng l\u00fd do khi\u1ebfn Vy Paris spa l\u1ef1a ch\u1ecdn s\u1ea3n ph\u1ea9m n\u00e0y \u0111\u1ec3 ph\u1ee5c v\u1ee5 kh\u00e1ch h\u00e0ng y\u00eau qu\u00fd b\u1edfi \u0111\u00e2y l\u00e0 ph\u01b0\u01a1ng ph\u00e1p t\u1ef1 nhi\u00ean, an to\u00e0n v\u00e0 \u0111\u01b0\u1ee3c tin t\u01b0\u1edfng cao v\u00ec t\u00ednh khoa h\u1ecdc c\u0169ng nh\u01b0 hi\u1ec7u qu\u1ea3 m\u00e0 n\u00f3 mang l\u1ea1i.<\/p>\n<p><img loading=\"lazy\" class=\"alignnone size-large wp-image-4452 aligncenter\" src=\"http:\/\/vyparisspa.vn\/wp-content\/uploads\/2016\/02\/greenmask-768x1024.jpg\" alt=\"greenmask\" width=\"768\" height=\"1024\" \/><br \/>\n<strong>M\u00f4 t\u1ea3 s\u1ea3n ph\u1ea9m t\u1ea9y t\u1ebf b\u00e0o ch\u1ebft v\u00e0 l\u00e0m tr\u1eafng \u0110\u00f4ng y (Green Mask):<\/strong><br \/>\n&#8211; S\u1ea3n ph\u1ea9m t\u1ea9y t\u1ebf b\u00e0o ch\u1ebft v\u00e0 l\u00e0m tr\u1eafng \u0110\u00f4ng y Green Mask \u0111\u01b0\u1ee3c chi\u1ebft xu\u1ea5t t\u1eeb 20 lo\u1ea1i thu\u1ed1c b\u1eafc, nh\u00e2n s\u00e2m, hoa c\u00fac v\u00e0 tr\u00e1i kiwi tr\u1ed9n l\u1ea1i.<br \/>\n&#8211; T\u1ea9y t\u1ebf b\u00e0o ch\u1ebft c\u00f2n c\u00f3 t\u00e1c d\u1ee5ng l\u00e0m s\u1ea1ch s\u00e2u, gi\u00fap b\u1ed5 sung d\u01b0\u1ee1ng ch\u1ea5t cho da, h\u1ed7 tr\u1ee3 \u0111i\u1ec1u tr\u1ecb m\u1ee5n c\u00e1m v\u00e0 m\u1ee5n \u0111\u1ea7u \u0111en hi\u1ec7u qu\u1ea3.<br \/>\n&#8211; Dung t\u00edch: 1 chai \/ 150ml. &#8211; Xu\u1ea5t x\u1ee9: H\u00e0n Qu\u1ed1c. &#8211; Gi\u00e1 b\u00e1n: 800.000 VN\u0110. <img loading=\"lazy\" class=\"alignnone size-full wp-image-4442\" src=\"http:\/\/vyparisspa.vn\/wp-content\/uploads\/2016\/02\/IMG_0686.jpg\" alt=\"IMG_0686\" width=\"960\" height=\"960\" \/><br \/>\n\u0110\u1eb7c \u0111i\u1ec3m n\u1ed5i b\u1eadt c\u1ee7a s\u1ea3n ph\u1ea9m: c\u00e1c d\u01b0\u1ee1ng ch\u1ea5t hoa c\u00fac, nh\u00e2n s\u00e2m v\u00e0 kiwi c\u00f3 trong s\u1ea3n ph\u1ea9m v\u1eeba gi\u00fap l\u00e0m s\u1ea1ch l\u1edbp t\u1ebf b\u00e0o ch\u1ebft v\u1eeba th\u00fac \u0111\u1ea9y qu\u00e1 tr\u00ecnh t\u00e1i t\u1ea1o m\u1edbi khi\u1ebfn cho l\u00e0n da lu\u00f4n tr\u1eafng s\u00e1ng v\u00e0 t\u01b0\u01a1i tr\u1ebb d\u00e0i l\u00e2u. Ngo\u00e0i ra, Green Mask t\u1ea9y t\u1ebf b\u00e0o ch\u1ebft c\u00f2n gi\u00fap b\u1ed5 sung d\u01b0\u1ee1ng ch\u1ea5t cho da, h\u1ed7 tr\u1ee3 \u0111i\u1ec1u tr\u1ecb m\u1ee5n c\u00e1m v\u00e0 c\u00e1c lo\u1ea1i m\u1ee5n \u0111\u1ea7u \u0111en hi\u1ec7u qu\u1ea3. C\u00f4ng d\u1ee5ng ch\u00ednh c\u1ee7a s\u1ea3n ph\u1ea9m: s\u1ea3n ph\u1ea9m t\u1ea9y t\u1ebf b\u00e0o ch\u1ebft v\u00e0 l\u00e0m tr\u1eafng \u0110\u00f4ng y Green Mast gi\u00fap l\u00e0m s\u1ea1ch da, t\u1ea9y t\u1ebf b\u00e0o ch\u1ebft, l\u00e0m tr\u1eafng da v\u00e0 c\u00f3 th\u1ec3 thay th\u1ebf \u0111\u01b0\u1ee3c n\u01b0\u1edbc t\u1ea9y trang, v\u00f4 c\u00f9ng l\u00e0nh t\u00ednh v\u00e0 kh\u00f4ng g\u00e2y k\u00edch \u1ee9ng \u0111\u1ed1i v\u1edbi m\u1ecdi lo\u1ea1i da.<\/p>\n<p><center><img loading=\"lazy\" class=\"alignnone size-full wp-image-4433\" src=\"http:\/\/vyparisspa.vn\/wp-content\/uploads\/2016\/02\/19250772_1552116124829632_5654217748125399279_o-e1503646660621.jpg\" alt=\"19250772_1552116124829632_5654217748125399279_o\" width=\"650\" height=\"452\" \/><\/center><center>\u00a0<\/center><center><img loading=\"lazy\" class=\"alignnone size-large wp-image-4445\" src=\"http:\/\/vyparisspa.vn\/wp-content\/uploads\/2016\/02\/IMG_9609-1024x678.jpg\" alt=\"IMG_9609\" width=\"1024\" height=\"678\" \/><\/center>H\u01b0\u1edbng d\u1eabn s\u1eed d\u1ee5ng s\u1ea3n ph\u1ea9m: l\u1ea5y m\u1ed9t l\u01b0\u1ee3ng v\u1eeba \u0111\u1ee7 thoa \u0111\u1ec1u m\u1eb7t t\u1eeb 5 \u0111\u1ebfn 10 ph\u00fat k\u1ebft h\u1ee3p massage nh\u1eb9 nh\u00e0ng sau \u0111\u00f3 r\u1eeda m\u1eb7t l\u1ea1i v\u1edbi n\u01b0\u1edbc s\u1ea1ch. \u00c1p d\u1ee5ng \u0111\u1ec1u \u0111\u1eb7n h\u00e0ng ng\u00e0y b\u1ea1n s\u1ebd c\u1ea3m nh\u1eadn \u0111\u01b0\u1ee3c s\u1ef1 t\u01b0\u01a1i s\u00e1ng v\u00e0 kh\u1ecfe m\u1ea1nh t\u1eeb b\u00ean trong. L\u01b0u \u00fd: s\u1ea3n ph\u1ea9m ph\u1ea3i \u0111\u01b0\u1ee3c b\u1ea3o qu\u1ea3n n\u01a1i kh\u00f4 r\u00e1o, tho\u00e1ng m\u00e1t, \u0111\u1ec3 \u1edf nhi\u1ec7t \u0111\u1ed9 ph\u00f2ng v\u00e0 \u0111\u1eady n\u1eafp k\u1ef9 ngay sau khi s\u1eed d\u1ee5ng. Ph\u01b0\u01a1ng ph\u00e1p t\u1ea9y t\u1ebf b\u00e0o ch\u1ebft v\u00e0 l\u00e0m tr\u1eafng \u0110\u00f4ng y c\u1ee7a Vy Paris spa ch\u00ednh l\u00e0 l\u1ef1a ch\u1ecdn tuy\u1ec7t v\u1eddi \u0111\u1ed1i v\u1edbi nh\u1eefng b\u1ea1n g\u00e1i qu\u00e1 b\u1eadn r\u1ed9n kh\u00f4ng c\u00f3 \u0111\u1ee7 th\u1eddi gian \u0111\u1ec3 th\u1ef1c hi\u1ec7n c\u00e1c c\u00f4ng th\u1ee9c t\u1ef1 ch\u1ebf ho\u1eb7c th\u1ef1c h\u00e0nh \u0111\u1ed1i v\u1edbi c\u00e1c lo\u1ea1i s\u1ea3n ph\u1ea9m chi\u1ebfm qu\u00e1 nhi\u1ec1u th\u1eddi gian kh\u00e1c. V\u00ec s\u1ea3n ph\u1ea9m l\u00e0m tr\u1eafng da c\u1ee7a ch\u00fang t\u00f4i kh\u00f4ng ch\u1ec9 gi\u00fap da tr\u1eafng an to\u00e0n, hi\u1ec7u qu\u1ea3 m\u00e0 c\u00f2n l\u00e0 ph\u01b0\u01a1ng ph\u00e1p th\u1ef1c h\u00e0nh \u0111\u01a1n gi\u1ea3n v\u00e0 kh\u00f4ng m\u1ea5t nhi\u1ec1u th\u1eddi gian. Sau khi s\u1eed d\u1ee5ng d\u00f2ng s\u1ea3n ph\u1ea9m n\u00e0y Vy Paris spa tin ch\u1eafc b\u1ea1n s\u1ebd d\u1ec5 d\u00e0ng c\u00f3 \u0111\u01b0\u1ee3c l\u00e0n da tr\u1eafng ch\u1eafc kh\u1ecfe v\u00e0 s\u00e1ng h\u1ed3ng nh\u01b0 mong \u0111\u1ee3i.\u00a0<img loading=\"lazy\" class=\"alignnone size-large wp-image-4451 aligncenter\" src=\"http:\/\/vyparisspa.vn\/wp-content\/uploads\/2016\/02\/greenmart-768x1024.jpg\" alt=\"greenmart\" width=\"768\" height=\"1024\" \/><br \/>\n<strong>Review t\u1eeb kh\u00e1ch h\u00e0ng:<\/strong><\/p>\n<p><img loading=\"lazy\" class=\"size-medium wp-image-3145 aligncenter\" src=\"http:\/\/vyparisspa.vn\/wp-content\/uploads\/2016\/02\/12584053_1142483439104457_2135002503_n-169x300.jpg\" alt=\"12584053_1142483439104457_2135002503_n\" width=\"169\" height=\"300\" \/><\/p>\n<p><strong>Clip test s\u1ea3n ph\u1ea9m th\u1ef1c t\u1ebf:<\/strong><\/p>\n<p><iframe src=\"https:\/\/www.youtube.com\/embed\/XCtWEr0A22k\" width=\"420\" height=\"315\" frameborder=\"0\" allowfullscreen=\"allowfullscreen\" data-mce-fragment=\"1\"><\/iframe><br \/>\n<em>* Hi\u1ec7u qu\u1ea3 c\u1ee7a s\u1ea3n ph\u1ea9m t\u00f9y thu\u1ed9c v\u00e0o c\u01a1 \u0111\u1ecba v\u00e0 qu\u00e1 tr\u00ecnh s\u1eed d\u1ee5ng s\u1ea3n ph\u1ea9m \u0111\u00fang theo h\u01b0\u1edbng d\u1eabn.<\/em><\/p>\n","protected":false},"excerpt":{"rendered":"<p>S\u1ea3n ph\u1ea9m t\u1ea9y t\u1ebf b\u00e0o ch\u1ebft v\u00e0 l\u00e0m tr\u1eafng \u0110\u00f4ng y Green Mask \u0111\u01b0\u1ee3c chi\u1ebft xu\u1ea5t t\u1eeb 20 lo\u1ea1i thu\u1ed1c b\u1eafc, nh\u00e2n s\u00e2m, hoa c\u00fac v\u00e0 tr\u00e1i kiwi tr\u1ed9n l\u1ea1i. &#8211; T\u1ea9y t\u1ebf b\u00e0o ch\u1ebft c\u00f2n c\u00f3 t\u00e1c d\u1ee5ng l\u00e0m s\u1ea1ch s\u00e2u, gi\u00fap b\u1ed5 sung d\u01b0\u1ee1ng ch\u1ea5t cho da, h\u1ed7 tr\u1ee3 \u0111i\u1ec1u tr\u1ecb m\u1ee5n c\u00e1m v\u00e0 m\u1ee5n \u0111\u1ea7u \u0111en hi\u1ec7u qu\u1ea3.<\/p>\n","protected":false},"featured_media":1889,"comment_status":"closed","ping_status":"closed","template":"","meta":[],"_links":{"self":[{"href":"https:\/\/korea.com.vn\/shop\/wp-json\/wp\/v2\/product\/4956"}],"collection":[{"href":"https:\/\/korea.com.vn\/shop\/wp-json\/wp\/v2\/product"}],"about":[{"href":"https:\/\/korea.com.vn\/shop\/wp-json\/wp\/v2\/types\/product"}],"replies":[{"embeddable":true,"href":"https:\/\/korea.com.vn\/shop\/wp-json\/wp\/v2\/comments?post=4956"}],"wp:featuredmedia":[{"embeddable":true,"href":"https:\/\/korea.com.vn\/shop\/wp-json\/wp\/v2\/media\/1889"}],"wp:attachment":[{"href":"https:\/\/korea.com.vn\/shop\/wp-json\/wp\/v2\/media?parent=4956"}],"curies":[{"name":"wp","href":"https:\/\/api.w.org\/{rel}","templated":true}]}}