{"id":4957,"date":"2020-11-30T13:06:10","date_gmt":"2020-11-30T06:06:10","guid":{"rendered":"https:\/\/korea.com.vn\/shop\/san-pham\/import-placeholder-for-4829\/"},"modified":"2020-12-22T10:06:55","modified_gmt":"2020-12-22T03:06:55","slug":"gel-rua-tay-kho-paris-choi-250ml","status":"publish","type":"product","link":"https:\/\/korea.com.vn\/shop\/san-pham\/gel-rua-tay-kho-paris-choi-250ml\/","title":{"rendered":"GEL R\u1eecA TAY KH\u00d4 PARIS CHOI 250ML"},"content":{"rendered":"<p>Ti\u00eau di\u1ec7t 99,9% virus, C\u1ef1c c\u1ea7n thi\u1ebft cho th\u1eddi bu\u1ed5i b\u1ec7nh d\u1ecbch tr\u00e0n lan n\u00e0y<br \/>\nDung t\u00edch: 250ml<br \/>\nV\u1ec1 th\u00e0nh ph\u1ea7n : mang th\u00e0nh ph\u1ea7n v\u1edbi c\u00e1c t\u1ec9 l\u1ec7 th\u00edch h\u1ee3p, \u0111\u00fang v\u1edbi c\u00f4ng th\u1ee9c khuy\u1ebfn c\u00e1o c\u1ee7a b\u1ed9 y t\u1ebf v\u1edbi 75% ethanol, chlorhexidin, ngo\u00e0i ra tr\u00e1nh l\u00e0m \u1ea9m da tay c\u00f2n c\u00f3 th\u00eam c\u00e1c th\u00e0nh ph\u1ea7n d\u01b0\u1ee1ng da \u0110\u01b0\u1ee3c nghi\u00ean c\u1ee9u \u0111\u1eb7c bi\u1ec7t \u0111\u1ec3 \u0111\u00e1p \u1ee9ng nhu c\u1ea7u ng\u01b0\u1eddi ti\u00eau d\u00f9ng. V\u1eeba d\u01b0\u1ee1ng \u1ea9m da tay, v\u1eeba di\u1ec7t vi khu\u1ea9n \u0111\u00e3 \u0111\u01b0\u1ee3c c\u1ea5p ph\u00e9p b\u1edfi S\u01a1\u0309 Y T\u1ebf H\u00e0n Qu\u1ed1c<br \/>\n<img src=\"https:\/\/vyparisspa.vn\/uploads\/editer\/images\/as.jpg\" alt=\"\" \/><br \/>\nTi\u00eau chu\u1ea9n gel r\u1eeda tay kh\u00f4 paris choi \u0111\u01b0\u1ee3c \u0111\u1ea3m b\u1ea3o an to\u00e0n kh\u00f4ng g\u00e2y t\u00e1c d\u1ee5ng ph\u1ee5 hay bi\u1ebfn ch\u1ee9ng v\u1ec1 l\u00e0n da, v\u1edbi c\u00f4ng th\u1ee9c \u0111\u1eb7c bi\u1ec7t v\u00e0 ngu\u1ed3n nguy\u00ean li\u1ec7u cao c\u1ea5p t\u1ea1o ra nh\u1eefng tu\u00fdp gel r\u1eeda tay \u0111\u1ea1t ti\u00eau chu\u1ea9n t\u1ed1t nh\u1ea5t<br \/>\nC\u00e1ch s\u1eed d\u1ee5ng v\u00f4 c\u00f9ng \u0111\u01a1n gi\u1ea3n<\/p>\n<ul>\n<li style=\"list-style-type: none\">\n<ul>\n<li>B\u01b0\u1edbc 1: Cho m\u1ed9t l\u01b0\u1ee3ng nh\u1ecf v\u1eeba \u0111\u1ee7 gel l\u00ean tay<\/li>\n<\/ul>\n<\/li>\n<\/ul>\n<ul>\n<li style=\"list-style-type: none\">\n<ul>\n<li>B\u01b0\u1edbc 2: Thoa \u0111\u1ec1u kh\u1eafp tay trong kho\u1ea3ng 30 gi\u00e2y<\/li>\n<\/ul>\n<\/li>\n<\/ul>\n<ul>\n<li style=\"list-style-type: none\">\n<ul>\n<li>B\u01b0\u1edbc 3: C\u1ea3m nh\u1eadn m\u00f9i h\u01b0\u01a1ng nh\u1eb9 nh\u00e0ng t\u1eeb \u0111\u00f4i b\u00e0n tay, ko c\u1ea7n r\u1eefa l\u1ea1i v\u1edbi n\u01b0\u1edbc<\/li>\n<\/ul>\n<\/li>\n<\/ul>\n<p>&nbsp;<\/p>\n","protected":false},"excerpt":{"rendered":"<p>Ti\u00eau di\u1ec7t 99,9% virus, C\u1ef1c c\u1ea7n thi\u1ebft cho th\u1eddi bu\u1ed5i b\u1ec7nh d\u1ecbch tr\u00e0n lan n\u00e0y Dung t\u00edch: 250ml V\u1ec1 th\u00e0nh ph\u1ea7n : mang th\u00e0nh ph\u1ea7n v\u1edbi c\u00e1c t\u1ec9 l\u1ec7 th\u00edch h\u1ee3p, \u0111\u00fang v\u1edbi c\u00f4ng th\u1ee9c khuy\u1ebfn c\u00e1o c\u1ee7a b\u1ed9 y t\u1ebf v\u1edbi 75% ethanol, chlorhexidin, ngo\u00e0i ra tr\u00e1nh l\u00e0m \u1ea9m da tay c\u00f2n c\u00f3 th\u00eam [&hellip;]<\/p>\n","protected":false},"featured_media":5160,"comment_status":"closed","ping_status":"closed","template":"","meta":[],"_links":{"self":[{"href":"https:\/\/korea.com.vn\/shop\/wp-json\/wp\/v2\/product\/4957"}],"collection":[{"href":"https:\/\/korea.com.vn\/shop\/wp-json\/wp\/v2\/product"}],"about":[{"href":"https:\/\/korea.com.vn\/shop\/wp-json\/wp\/v2\/types\/product"}],"replies":[{"embeddable":true,"href":"https:\/\/korea.com.vn\/shop\/wp-json\/wp\/v2\/comments?post=4957"}],"wp:featuredmedia":[{"embeddable":true,"href":"https:\/\/korea.com.vn\/shop\/wp-json\/wp\/v2\/media\/5160"}],"wp:attachment":[{"href":"https:\/\/korea.com.vn\/shop\/wp-json\/wp\/v2\/media?parent=4957"}],"curies":[{"name":"wp","href":"https:\/\/api.w.org\/{rel}","templated":true}]}}