{"id":4958,"date":"2020-11-30T13:06:10","date_gmt":"2020-11-30T06:06:10","guid":{"rendered":"https:\/\/korea.com.vn\/shop\/san-pham\/import-placeholder-for-4830\/"},"modified":"2020-12-21T11:09:02","modified_gmt":"2020-12-21T04:09:02","slug":"xit-khuan-cleanser-air","status":"publish","type":"product","link":"https:\/\/korea.com.vn\/shop\/san-pham\/xit-khuan-cleanser-air\/","title":{"rendered":"Serum x\u1ecbt di\u1ec7t khu\u1ea9n CLEANER AIR"},"content":{"rendered":"<p>&#8211; X\u1ecbt Khu\u1ea9n Cleanser Air Th\u01b0\u01a1ng hi\u1ec7u ParisChoi H\u00e0n Qu\u1ed1c Di\u1ec7t 99,9% th\u1eddi gian di\u1ec7t nhanh 45 gi\u00e2y, \u0110\u01b0\u1ee3c l\u00e0m b\u1edfi 95% c\u1ed3n m\u00eda 90 \u0111\u1ed9, nano ion b\u1ea1c, tinh d\u1ea7u thi\u00ean nhi\u00ean. \u0110\u00e2y l\u00e0 th\u1ee9 kh\u1eed khu\u1ea9n t\u1ed1t nh\u1ea5t m\u00e0 kh\u00f4ng \u1ea3nh h\u01b0\u1edfng g\u00ec \u0111\u1ebfn s\u1ee9c kho\u1ebb.<br \/>\n&#8211; X\u1ecaT T\u1ea4T C\u1ea2 NH\u1eeeNG G\u00cc TI\u1ebeP X\u00daC : KH\u1ea8U TRANG , \u0110\u1ed2 V\u1eacT , QU\u1ea6N \u00c1O , C\u01a0 TH\u1ec2 , KH\u00d4NG KH\u00cd ,&#8230;. t\u1ea5t c\u1ea3 nh\u1eefng th\u1ee9 b\u1ea1n ch\u1ea1m v\u00e0o , b\u1ea1n h\u00edt th\u1edf v\u00e0o \u0111\u1ec1u c\u1ea7n kh\u00e1ng khu\u1ea9n s\u1ea1ch s\u1ebd v\u00e0 \u0111\u1eb7c bi\u1ec7t l\u00e0 ch\u00e2n tay nha ! g\u1eb7p ng\u01b0\u1eddi \u0111ang b\u1ecb c\u00fam , t\u1edbi ch\u1ed7 \u0111\u00f4ng ng\u01b0\u1eddi .<br \/>\n&#8211; Gi\u00fap\u00a0kh\u00e1ng khu\u1ea9n , ph\u00f2ng ch\u1ed1ng virus l\u00e2y lan qua \u0111\u01b0\u1eddng h\u00f4 h\u1ea5p , kh\u00f4ng kh\u00ed, di\u1ec7t tr\u1eeb nhi\u1ec5m khu\u1ea9n .<br \/>\n&#8211; \u0110\u1eb6C BI\u1ec6T PH\u00d2NG TR\u1eea V\u00c0 \u0110\u1ea8Y L\u00d9I NAN D\u1ecaCH C\u00daM CORONA.<br \/>\n<img src=\"https:\/\/vyparisspa.vn\/uploads\/editer\/images\/ca.jpg\" alt=\"\" \/>\u200b<\/p>\n<p>C\u00d4NG D\u1ee4NG:<\/p>\n<ul>\n<li style=\"list-style-type: none\">\n<ul>\n<li>X\u1ecbt quanh kh\u00f4ng gian ph\u00f2ng (\u0111\u1eb7c bi\u1ec7t l\u00e0 nh\u00e0 m\u1edbi s\u01a1n s\u1eeda, nh\u00e0 ngh\u1ec9, kh\u00e1ch s\u1ea1n\u2026), quanh khu v\u1ef1c gi\u01b0\u1eddng ng\u1ee7, g\u1ea7m b\u00e0n.<\/li>\n<\/ul>\n<\/li>\n<\/ul>\n<ul>\n<li style=\"list-style-type: none\">\n<ul>\n<li>\u00a0X\u1ecbt khu\u1ea9n \u0111\u1ed3 ch\u01a1i , \u0111\u1ed3 d\u00f9ng.<\/li>\n<\/ul>\n<\/li>\n<\/ul>\n<ul>\n<li style=\"list-style-type: none\">\n<ul>\n<li>\u00a0X\u1ecbt kh\u1eed m\u00f9i \u1ea9m m\u1ed1c trong t\u1ee7 qu\u1ea7n \u00e1o, khoang m\u00e1y gi\u1eb7t, khoang m\u00e1y s\u1ea5y, l\u00f2 vi s\u00f3ng\u2026<\/li>\n<\/ul>\n<\/li>\n<\/ul>\n<ul>\n<li style=\"list-style-type: none\">\n<ul>\n<li>\u00a0Di\u1ec7t khu\u1ea9n kh\u1ea9u trang tr\u01b0\u1edbc khi s\u1eed d\u1ee5ng.<\/li>\n<\/ul>\n<\/li>\n<\/ul>\n<ul>\n<li style=\"list-style-type: none\">\n<ul>\n<li>\u00a0Kh\u1eed khu\u1ea9n tr\u00ean hoa qu\u1ea3 khi kh\u00f4ng c\u00f3 \u0111i\u1ec1u ki\u1ec7n r\u1eeda b\u1eb1ng n\u01b0\u1edbc.<\/li>\n<\/ul>\n<\/li>\n<\/ul>\n<ul>\n<li style=\"list-style-type: none\">\n<ul>\n<li>Kh\u1eed m\u00f9i h\u00f4i, di\u1ec7t khu\u1ea9n trong \u00f4 t\u00f4 (\u0111\u1eb7c bi\u1ec7t l\u00e0 ph\u1ea7n v\u00f4 l\u0103ng tay l\u00e1i) tr\u01b0\u1edbc khi l\u00e1i xe.<\/li>\n<\/ul>\n<\/li>\n<\/ul>\n<ul>\n<li style=\"list-style-type: none\">\n<ul>\n<li>\u00a0S\u1eed d\u1ee5ng \u0111\u1ec3 lau b\u1ec1 m\u1eb7t, \u1ed1ng nghe v\u00e0 \u1ed1ng n\u00f3i \u0111i\u1ec7n tho\u1ea1i.<\/li>\n<\/ul>\n<\/li>\n<\/ul>\n<ul>\n<li style=\"list-style-type: none\">\n<ul>\n<li>\u00a0Khi b\u00e9 ra ngo\u00e0i ch\u01a1i b\u1ea1n c\u00f3 th\u1ec3 x\u1ecbt quanh ng\u01b0\u1eddi b\u00e9.<\/li>\n<\/ul>\n<\/li>\n<\/ul>\n<ul>\n<li style=\"list-style-type: none\">\n<ul>\n<li>\u00a0X\u1ecbt l\u00ean b\u1ec1 m\u1eb7t toilet c\u00f4ng c\u1ed9ng tr\u01b0\u1edbc khi s\u1eed d\u1ee5ng.<\/li>\n<\/ul>\n<\/li>\n<\/ul>\n<ul>\n<li style=\"list-style-type: none\">\n<ul>\n<li>\u00a0X\u1ecbt l\u00ean tay b\u00e9 tr\u01b0\u1edbc khi b\u00e9 b\u1ed1c th\u1ee9c \u0103n<\/li>\n<\/ul>\n<\/li>\n<\/ul>\n<p><img src=\"https:\/\/vyparisspa.vn\/uploads\/editer\/images\/CAA.jpg\" alt=\"\" \/><img src=\"https:\/\/vyparisspa.vn\/uploads\/editer\/images\/CAAA.jpg\" alt=\"\" \/><\/p>\n<p>&#8211; KH\u00d4NG X\u1ecaT TR\u1ef0C TI\u1ebeP V\u00c0O DA E B\u00c9 D\u01af\u1edaI 1 tu\u1ed5i ( m\u00ecnh c\u00f3 th\u1ec3 x\u1ecbt v\u00e0o qu\u1ea7n \u00e1o tr\u01b0\u1edbc khi m\u1eb7c cho b\u00e9, \u0111\u1ec3 virut kh\u00f4ng x\u00e2m h\u1ea1i )<br \/>\n&#8211; C\u1ee9 t\u1eeb ngo\u00e0i \u0111\u01b0\u1eddng b\u01b0\u1edbc v\u00e0o nh\u00e0 th\u00ec tr\u01b0\u1edbc khi b\u01b0\u1edbc v\u00e0o c\u00e1c b\u1ea1n n\u00ean x\u1ecbt lu\u00f4n .<br \/>\n&#8211; CH\u1ec8 C\u00d3 D\u00d9NG X\u1ecaT KH\u00c1NG KHU\u1ea8N M\u1eccI L\u00daC M\u1eccI N\u01a0I &#8211; S\u1ee8C KHOE L\u00c0 QUAN TR\u1eccNG NH\u1ea4T<br \/>\n&#8211; \u0110i \u0111\u00e2u c\u0169ng ph\u1ea3i th\u0169 s\u0103n em n\u00e0y trong t\u00fai<\/p>\n","protected":false},"excerpt":{"rendered":"<p>X\u1ecbt Khu\u1ea9n Cleanser Air Th\u01b0\u01a1ng hi\u1ec7u ParisChoi H\u00e0n Qu\u1ed1c Di\u1ec7t 99,9% th\u1eddi gian di\u1ec7t nhanh 45 gi\u00e2y, \u0110\u01b0\u1ee3c l\u00e0m b\u1edfi 95% c\u1ed3n m\u00eda 90 \u0111\u1ed9, nano ion b\u1ea1c, tinh d\u1ea7u thi\u00ean nhi\u00ean. \u0110\u00e2y l\u00e0 th\u1ee9 kh\u1eed khu\u1ea9n t\u1ed1t nh\u1ea5t m\u00e0 kh\u00f4ng \u1ea3nh h\u01b0\u1edfng g\u00ec \u0111\u1ebfn s\u1ee9c kho\u1ebb.<\/p>\n","protected":false},"featured_media":1893,"comment_status":"closed","ping_status":"closed","template":"","meta":[],"_links":{"self":[{"href":"https:\/\/korea.com.vn\/shop\/wp-json\/wp\/v2\/product\/4958"}],"collection":[{"href":"https:\/\/korea.com.vn\/shop\/wp-json\/wp\/v2\/product"}],"about":[{"href":"https:\/\/korea.com.vn\/shop\/wp-json\/wp\/v2\/types\/product"}],"replies":[{"embeddable":true,"href":"https:\/\/korea.com.vn\/shop\/wp-json\/wp\/v2\/comments?post=4958"}],"wp:featuredmedia":[{"embeddable":true,"href":"https:\/\/korea.com.vn\/shop\/wp-json\/wp\/v2\/media\/1893"}],"wp:attachment":[{"href":"https:\/\/korea.com.vn\/shop\/wp-json\/wp\/v2\/media?parent=4958"}],"curies":[{"name":"wp","href":"https:\/\/api.w.org\/{rel}","templated":true}]}}