{"id":4959,"date":"2020-11-30T13:06:10","date_gmt":"2020-11-30T06:06:10","guid":{"rendered":"https:\/\/korea.com.vn\/shop\/san-pham\/import-placeholder-for-4831\/"},"modified":"2020-12-09T15:07:02","modified_gmt":"2020-12-09T08:07:02","slug":"phan-nuoc-air-cushion-vs-shinbi-spf50pa","status":"publish","type":"product","link":"https:\/\/korea.com.vn\/shop\/san-pham\/phan-nuoc-air-cushion-vs-shinbi-spf50pa\/","title":{"rendered":"PH\u1ea4N N\u01af\u1edaC AIR CUSHION VS SHINBI SPF50PA+++"},"content":{"rendered":"<p>V\u1edbi t\u00e1c d\u1ee5ng h\u00fat d\u1ea7u, che c\u00e1c khuy\u1ebft \u0111i\u1ec3m nh\u01b0 l\u1ed7 ch\u00e2n l\u00f4ng to, da m\u1ee5n, da kh\u00f4ng \u0111\u1ec1u m\u00e0u, ph\u1ea5n n\u1ec1n Vs Shinbi gi\u00fap b\u1ea1n t\u00f4n l\u00ean v\u1ebb \u0111\u1eb9p d\u01b0\u1edbi \u00e1nh m\u1eb7t tr\u1eddi, v\u00e0 c\u1ea3 \u00e1nh \u0111\u00e8n lung linh bu\u1ed5i t\u1ed1i, \u0111em \u0111\u1ebfn b\u1ea1n l\u00e0n da m\u1ecbn m\u00e0ng kh\u00f4ng b\u00f3ng nh\u1eddn. C\u00f9ng v\u1edbi \u0111\u00f3, b\u1ed9t ph\u1ea5n c\u00f3 k\u1ebft c\u1ea5u ch\u1eb7t ch\u1ebd mang \u0111\u1ebfn b\u1ea1n c\u1ea3m gi\u00e1c s\u0103n ch\u1eafc cho l\u00e0n da, t\u1ea1o n\u00ean v\u1ebb \u0111\u1eb9p h\u00e0i h\u00f2a t\u1ef1 nhi\u00ean, t\u01b0\u01a1i s\u00e1ng.<br \/>\n<img src=\"https:\/\/vyparisspa.vn\/uploads\/editer\/images\/77260767_1023682811363539_2162267947635048448_n(1).jpg\" alt=\"\" \/>\u200b<br \/>\nNgo\u00e0i ra, s\u1ea3n ph\u1ea9m c\u00f2n b\u1ed5 sung tinh ch\u1ea5t collagen, gi\u00fap l\u00e0m s\u00e1ng da v\u00e0 ng\u0103n ng\u1eeba n\u1ebfp nh\u0103n, c\u1ea3i thi\u1ec7n s\u1ee9c s\u1ed1ng cho l\u00e0n da thi\u1ebfu d\u01b0\u1ee1ng ch\u1ea5t, l\u00e0 b\u1ea1n \u0111\u1ed3ng h\u00e0nh kh\u00f4ng th\u1ec3 thi\u1ebfu trong b\u1ed9 trang \u0111i\u1ec3m c\u1ee7a b\u1ea1n.<br \/>\n<img src=\"https:\/\/vyparisspa.vn\/uploads\/editer\/images\/1ss.jpg\" alt=\"\" \/><br \/>\nQuy c\u00e1ch: H\u1ed9p ph\u1ea5n n\u01b0\u1edbc + 1 l\u00f5i refill 15g<br \/>\n<strong>TH\u00c0NH PH\u1ea6N:<\/strong>\u00a0Titanium Dioxide, c\u00e1c lo\u1ea1i th\u1ea3o d\u01b0\u1ee3c qu\u00fd t\u1eeb H\u00e0n Qu\u1ed1c&#8230;<br \/>\n<img src=\"https:\/\/vyparisspa.vn\/uploads\/editer\/images\/77402505_690646728129249_5939940423203028992_o.jpg\" alt=\"\" \/><br \/>\n<strong>C\u00d4NG D\u1ee4NG:<\/strong><br \/>\n* B\u1ea3o v\u1ec7 l\u00e0n da tr\u01b0\u1edbc tia c\u1ef1c t\u00edm v\u00e0 c\u00e1c tia UVA UVB g\u00e2y s\u1ea1m da<br \/>\n* Mang l\u1ea1i cho b\u1ea1n l\u1edbp n\u1ec1n trang \u0111i\u1ec3m trong su\u1ed1t, m\u1ecfng nh\u1eb9<br \/>\n* Kh\u00f4ng g\u00e2y m\u1ea5t n\u01b0\u1edbc, kh\u00f4 da tr\u00ean b\u1ec1 m\u1eb7t da<\/p>\n","protected":false},"excerpt":{"rendered":"<p>V\u1edbi t\u00e1c d\u1ee5ng h\u00fat d\u1ea7u, che c\u00e1c khuy\u1ebft \u0111i\u1ec3m nh\u01b0 l\u1ed7 ch\u00e2n l\u00f4ng to, da m\u1ee5n, da kh\u00f4ng \u0111\u1ec1u m\u00e0u, ph\u1ea5n n\u1ec1n Vs Shinbi gi\u00fap b\u1ea1n t\u00f4n l\u00ean v\u1ebb \u0111\u1eb9p d\u01b0\u1edbi \u00e1nh m\u1eb7t tr\u1eddi, v\u00e0 c\u1ea3 \u00e1nh \u0111\u00e8n lung linh bu\u1ed5i t\u1ed1i, \u0111em \u0111\u1ebfn b\u1ea1n l\u00e0n da m\u1ecbn m\u00e0ng kh\u00f4ng b\u00f3ng nh\u1eddn. C\u00f9ng v\u1edbi \u0111\u00f3, b\u1ed9t ph\u1ea5n c\u00f3 k\u1ebft c\u1ea5u ch\u1eb7t ch\u1ebd mang \u0111\u1ebfn b\u1ea1n c\u1ea3m gi\u00e1c s\u0103n ch\u1eafc cho l\u00e0n da, t\u1ea1o n\u00ean v\u1ebb \u0111\u1eb9p h\u00e0i h\u00f2a t\u1ef1 nhi\u00ean, t\u01b0\u01a1i s\u00e1ng. Ngo\u00e0i ra, s\u1ea3n ph\u1ea9m c\u00f2n b\u1ed5 sung tinh ch\u1ea5t collagen, gi\u00fap l\u00e0m s\u00e1ng da v\u00e0 ng\u0103n ng\u1eeba n\u1ebfp nh\u0103n, c\u1ea3i thi\u1ec7n s\u1ee9c s\u1ed1ng cho l\u00e0n da thi\u1ebfu d\u01b0\u1ee1ng ch\u1ea5t, l\u00e0 b\u1ea1n \u0111\u1ed3ng h\u00e0nh kh\u00f4ng th\u1ec3 thi\u1ebfu trong b\u1ed9 trang \u0111i\u1ec3m c\u1ee7a b\u1ea1n.<\/p>\n","protected":false},"featured_media":1895,"comment_status":"closed","ping_status":"closed","template":"","meta":[],"_links":{"self":[{"href":"https:\/\/korea.com.vn\/shop\/wp-json\/wp\/v2\/product\/4959"}],"collection":[{"href":"https:\/\/korea.com.vn\/shop\/wp-json\/wp\/v2\/product"}],"about":[{"href":"https:\/\/korea.com.vn\/shop\/wp-json\/wp\/v2\/types\/product"}],"replies":[{"embeddable":true,"href":"https:\/\/korea.com.vn\/shop\/wp-json\/wp\/v2\/comments?post=4959"}],"wp:featuredmedia":[{"embeddable":true,"href":"https:\/\/korea.com.vn\/shop\/wp-json\/wp\/v2\/media\/1895"}],"wp:attachment":[{"href":"https:\/\/korea.com.vn\/shop\/wp-json\/wp\/v2\/media?parent=4959"}],"curies":[{"name":"wp","href":"https:\/\/api.w.org\/{rel}","templated":true}]}}