{"id":4962,"date":"2020-11-30T13:06:10","date_gmt":"2020-11-30T06:06:10","guid":{"rendered":"https:\/\/korea.com.vn\/shop\/san-pham\/import-placeholder-for-4835\/"},"modified":"2020-12-09T15:07:03","modified_gmt":"2020-12-09T08:07:03","slug":"giam-can-genie-x5-diet-pro-extra","status":"publish","type":"product","link":"https:\/\/korea.com.vn\/shop\/san-pham\/giam-can-genie-x5-diet-pro-extra\/","title":{"rendered":"GI\u1ea2M C\u00c2N GENIE X5 DIET PRO EXTRA"},"content":{"rendered":"<p>&#8216;- N\u1ebfu nh\u01b0 b\u1ea1n mong mu\u1ed1n gi\u1ea3m c\u00e2n to\u00e0n th\u00e2n v\u00e0 \u0111\u00e3 d\u00f9ng nhi\u1ec1u lo\u1ea1i thu\u1ed1c nh\u01b0ng ch\u01b0a \u0111\u1ea1t hi\u1ec7u qu\u1ea3 nh\u01b0 mong mu\u1ed1n th\u00ec c\u00f3 th\u1ec3 th\u1eed s\u1ea3n ph\u1ea9m n\u00e0y c\u1ee7a Genie!!!<br \/>\n&#8211; Gi\u1ea3m c\u00e2n Genie x5 Diet Pro Extra l\u00e0 thu\u1ed1c gi\u1ea3m c\u00e2n \u0111\u01b0\u1ee3c b\u00e1c s\u0129 H\u00e0n k\u00ea \u0111\u01a1n cho nh\u1eefng ai t\u00ecm nhi\u1ec1u c\u00e1ch m\u00e0 v\u1eabn ch\u01b0a gi\u1ea3m kg. S\u1ea3n ph\u1ea9m v\u1edbi c\u00f4ng th\u1ee9c \u0111\u1ed9c \u0111\u00e1o gi\u1ea3m m\u1ee1 to\u00e0n th\u00e2n, t\u0103ng c\u01b0\u1eddng chuy\u1ec3n h\u00f3a v\u00e0 t\u1ea1o m\u00e0ng ch\u1eafn ng\u0103n ch\u1eb7n t\u00edch t\u1ee5 m\u1ee1.<\/p>\n<p><img class=\"aligncenter\" src=\"https:\/\/vyparisspa.vn\/uploads\/editer\/images\/108159431_4475975269094270_8796779801816528474_n.png\" alt=\"\" \/><br \/>\nPh\u00e1t Minh T\u1eeb Gi\u00e1o S\u01b0 \u0111\u1ea7u Ng\u00e0nh Dinh D\u01b0\u1ee1ng H\u00e0n Qu\u1ed1c Chia L\u00e0m 4 nh\u00f3m trong 1 vi\u00ean X5 Diet Pro Extra<br \/>\n<img class=\"_1ift _2560 img\" src=\"https:\/\/static.xx.fbcdn.net\/images\/emoji.php\/v9\/t7a\/1\/16\/31_20e3.png\" alt=\"1\u20e3\" \/> Nh\u00f3m Hu\u1ef7 M\u1ee1 V\u00e0 Th\u1ea3i M\u1ee1:<br \/>\nnG\u1ed3m 5 h\u1ee3p Ch\u1ea5t D\u01b0\u1ee3c Li\u1ec7u Ph\u1ea3n \u1ee8ng v\u1edbi m\u1ee1, t\u00e1c d\u1ee5ng ph\u00e2n ly m\u1ee1 v\u00e0 \u0111\u00e0o th\u1ea3i ra c\u01a1 th\u1ec3.<br \/>\n<img class=\"_1ift _2560 img\" src=\"https:\/\/static.xx.fbcdn.net\/images\/emoji.php\/v9\/t99\/1\/16\/32_20e3.png\" alt=\"2\u20e3\" \/> Nh\u00f3m Tr\u00e1i C\u00e2y Si\u00eau Rau Xanh<br \/>\nG\u1ed3m 12 H\u1ee3p ch\u1ea5t c\u00f3 trong 12 lo\u1ea1i tr\u00e1i c\u00e2y, \u0111\u1ec3 t\u0103ng c\u01b0\u1eddng \u0111\u1ec1 kh\u00e1ng, cung c\u1ea5p vitamin v\u00e0 cung c\u1ea5p 1 l\u01b0\u1ee3ng rau xanh t\u1ed1t cho s\u1ee9c kho\u1ebb.<br \/>\n<img class=\"_1ift _2560 img\" src=\"https:\/\/static.xx.fbcdn.net\/images\/emoji.php\/v9\/tb8\/1\/16\/33_20e3.png\" alt=\"3\u20e3\" \/> Nh\u00f3m Th\u1ea3o D\u01b0\u1ee3c Qu\u00ed t\u1eeb H\u00e0n Qu\u1ed1c ch\u1ed1ng ung th\u01b0 kh\u00e1ng \u0111\u1ed9c t\u1ed1 :<br \/>\nnG\u1ed3m 8 lo\u1ea1i \u0111\u1ee9ng \u0111\u1ea7u l\u00e0 Linh Chi \u0110\u1ecf v\u00e0 H\u1ed3ng s\u00e2m.<br \/>\n<img class=\"_1ift _2560 img\" src=\"https:\/\/static.xx.fbcdn.net\/images\/emoji.php\/v9\/td7\/1\/16\/34_20e3.png\" alt=\"4\u20e3\" \/> Nh\u00f3m cu\u1ed1i c\u00f9ng g\u1ed3m 4 Lo\u1ea1i r\u1ec5 C\u00e2y c\u00f3 t\u00e1c d\u1ee5ng ng\u0103n ng\u1eeba s\u1ef1 t\u00edch t\u1ee5 m\u1ee1 \u1edf c\u00e1c th\u00e0nh c\u01a1.<br \/>\nX5 DIET PRO EXTRA C\u00d3 BAO NHI\u00caU LO\u1ea0I RAU XANH:<br \/>\nng\u1ed3m 12 lo\u1ea1i Trong 1 vi\u00ean X5 \u0111\u1ee9ng \u0111\u1ea7u l\u00e0 :<br \/>\n+ D\u01b0\u1ee1ng Ch\u1ea5t Vitamin A Equiv c\u1ee7a 2 C\u1ee7 Carot<br \/>\n+ T\u00e1c d\u1ee5ng \u1ee8c ch\u1ebf dinh d\u01b0\u1ee1ng ho\u00e1 M\u1ee1 Th\u1eeba<br \/>\n+ Tinh Ch\u1ea5t lycopene c\u1ee7a 2 qu\u1ea3 c\u00e0 chua cung c\u1ea5p vitamin \u0111\u1eb9p Da s\u00e1ng m\u1eaft di\u1ec7t tr\u1eeb g\u1ed1c \u01b0ng th\u01b0 t\u1ef1 do<br \/>\n+ N\u00e9n 1\/2 qu\u1ea3 cam 160% vitamin C<br \/>\n+ Cung c\u1ea5p vitamin t\u0103ng \u0111\u1ec1 kh\u00e1ng gi\u1ea3m m\u1ec7t m\u1ecfi<br \/>\n+ Axit nicotic c\u1ee7a 1 c\u00e2y C\u1ea3i B\u1eb9 xanh<br \/>\n+ T\u0103ng C\u01b0\u1eddng h\u1ec7 mi\u1ec5n d\u1ecbch v\u00e0 bao b\u1ecdc th\u00e0nh m\u1ee1 gi\u1ea3m t\u00edch t\u1ee5<br \/>\nC\u00f2n 8 lo\u1ea1i c\u1ee7 qu\u1ea3 n\u1eefa \u0111\u1ec1u c\u00f3 c\u00f4ng d\u1ee5ng t\u0103ng kh\u1ea3 n\u0103ng trao \u0111\u1ed5i ch\u1ea5t \u0111\u1ec3 kh\u00f4ng ph\u00e1t tri\u1ec3n m\u1ee1 th\u1eeba.<\/p>\n<p>Ph\u1ea3i K\u1ebft Lu\u1eadn l\u00e0 X5 Diet Pro Extra l\u00e0 d\u00f2ng s\u1ea3n ph\u1ea9m \u0111\u1ec9nh cao Gi\u1ea3m C\u00e2n Qu\u00ed T\u1ed9c v\u1edbi t\u00e1c d\u1ee5ng gi\u1ea3m c\u00e2n nh\u01b0ng \u0111\u1ed3ng th\u1eddi c\u1ea3i thi\u1ec7n da v\u00e0 ch\u1ed1ng lu\u00f4n c\u00e1c ph\u1ea7n t\u1eed g\u00e2y ung th\u01b0.<\/p>\n<p><img src=\"https:\/\/vyparisspa.vn\/uploads\/editer\/images\/107699575_201277714635559_4968239456016097259_n.png\" alt=\"\" \/><br \/>\n<strong>C\u00f4ng d\u1ee5ng:<\/strong><br \/>\n&#8211; Gi\u1ea3m c\u00e2n hi\u1ec7u qu\u1ea3 cho ng\u01b0\u1eddi kh\u00f3 xu\u1ed1ng c\u00e2n &amp; ng\u01b0\u1eddi l\u1eddn thu\u1ed1c<br \/>\n&#8211; Th\u00fac \u0111\u1ea9y chuy\u1ec3n h\u00f3a m\u1ee1 th\u1eeba th\u00e0nh n\u0103ng l\u01b0\u1ee3ng<br \/>\n&#8211; Ng\u0103n ch\u1eb7n s\u1ef1 t\u00edch t\u1ee5 ch\u1ea5t b\u00e9o \u1edf c\u00e1c c\u01a1 quan n\u1ed9i t\u1ea1ng<br \/>\n&#8211; T\u0103ng qu\u00e1 tr\u00ecnh ph\u00e2n h\u1ee7y ch\u1ea5t b\u00e9o, \u1ee9c ch\u1ebf enzyme s\u1ea3n xu\u1ea5t ch\u1ea5t b\u00e9o<br \/>\n&#8211; T\u0103ng c\u01b0\u1eddng trao \u0111\u1ed5i ch\u1ea5t, \u0111\u00e0o th\u1ea3i m\u1ee1 to\u00e0n th\u00e2n, l\u1ea5y l\u1ea1i v\u00f3c d\u00e1ng thon g\u1ecdn<br \/>\n&#8211; B\u1ed5 sung rau xanh, gi\u1ea3m s\u1ef1 dung n\u1ea1p ch\u1ea5t b\u00e9o, n\u0103ng l\u01b0\u1ee3ng<br \/>\n<strong>H\u01b0\u1edbng d\u1eabn s\u1eed d\u1ee5ng:<\/strong><br \/>\n&#8211; U\u1ed1ng 1 ng\u00e0y 1 vi\u00ean sau \u0103n s\u00e1ng.<br \/>\n&#8211; Kh\u00f4ng s\u1eed d\u1ee5ng cho tr\u1ebb em d\u01b0\u1edbi 15 tu\u1ed5i, ph\u1ee5 n\u1eef mang thai, cho con b\u00fa<\/p>\n","protected":false},"excerpt":{"rendered":"<p>Gi\u1ea3m c\u00e2n Genie x5 Diet Pro Extra l\u00e0 thu\u1ed1c gi\u1ea3m c\u00e2n \u0111\u01b0\u1ee3c b\u00e1c s\u0129 H\u00e0n k\u00ea \u0111\u01a1n cho nh\u1eefng ai t\u00ecm nhi\u1ec1u c\u00e1ch m\u00e0 v\u1eabn ch\u01b0a gi\u1ea3m kg. S\u1ea3n ph\u1ea9m v\u1edbi c\u00f4ng th\u1ee9c \u0111\u1ed9c \u0111\u00e1o gi\u1ea3m m\u1ee1 to\u00e0n th\u00e2n, t\u0103ng c\u01b0\u1eddng chuy\u1ec3n h\u00f3a v\u00e0 t\u1ea1o m\u00e0ng ch\u1eafn ng\u0103n ch\u1eb7n t\u00edch t\u1ee5 m\u1ee1.<\/p>\n","protected":false},"featured_media":1901,"comment_status":"closed","ping_status":"closed","template":"","meta":[],"_links":{"self":[{"href":"https:\/\/korea.com.vn\/shop\/wp-json\/wp\/v2\/product\/4962"}],"collection":[{"href":"https:\/\/korea.com.vn\/shop\/wp-json\/wp\/v2\/product"}],"about":[{"href":"https:\/\/korea.com.vn\/shop\/wp-json\/wp\/v2\/types\/product"}],"replies":[{"embeddable":true,"href":"https:\/\/korea.com.vn\/shop\/wp-json\/wp\/v2\/comments?post=4962"}],"wp:featuredmedia":[{"embeddable":true,"href":"https:\/\/korea.com.vn\/shop\/wp-json\/wp\/v2\/media\/1901"}],"wp:attachment":[{"href":"https:\/\/korea.com.vn\/shop\/wp-json\/wp\/v2\/media?parent=4962"}],"curies":[{"name":"wp","href":"https:\/\/api.w.org\/{rel}","templated":true}]}}