{"id":4964,"date":"2020-11-30T13:06:10","date_gmt":"2020-11-30T06:06:10","guid":{"rendered":"https:\/\/korea.com.vn\/shop\/san-pham\/import-placeholder-for-4837\/"},"modified":"2020-12-21T10:34:45","modified_gmt":"2020-12-21T03:34:45","slug":"serum-volume-skin-up-ha","status":"publish","type":"product","link":"https:\/\/korea.com.vn\/shop\/san-pham\/serum-volume-skin-up-ha\/","title":{"rendered":"Serum HA VOLUME  SKIN UP"},"content":{"rendered":"<p><strong>L\u00c0N DA M\u1ecaN \u0110\u1eb8P C\u1ee6A B\u1ea0N S\u1ebc B\u1eca H\u1ee6Y DI\u1ec6T NGAY TRONG M\u1ed8T NG\u00c0Y N\u1ebeU THI\u1ebeU N\u01af\u1edaC<\/strong>\u00a0Chi\u1ebfm h\u01a1n 70% trong th\u00e0nh ph\u1ea7n c\u01a1 th\u1ec3 m\u1ed7i ng\u01b0\u1eddi, n\u01b0\u1edbc kh\u00f4ng ch\u1ec9 \u0111\u00f3ng vai tr\u00f2 c\u1ef1c k\u1ef3 quan tr\u1ecdng \u0111\u1ec3 c\u00e1c c\u01a1 quan trong c\u01a1 th\u1ec3 c\u00f3 th\u1ec3 duy tr\u00ec ho\u1ea1t \u0111\u1ed9ng \u1ed5n \u0111\u1ecbnh cho m\u1ed9t c\u01a1 th\u1ec3 kh\u1ecfe kho\u1eafn, tr\u00e0n \u0111\u1ea7y s\u1ee9c s\u1ed1ng m\u00e0 c\u00f2n kh\u00f4ng th\u1ec3 thi\u1ebfu \u0111\u1ed1i v\u1edbi nh\u1eefng ho\u1ea1t \u0111\u1ed9ng l\u00e0n da m\u1ecbn m\u00e0ng, m\u1ec1m m\u1ea1i. N\u01b0\u1edbc v\u00ec v\u1eady nh\u01b0 th\u1ee9c \u0103n nu\u00f4i s\u1ed1ng h\u00e0ng ng\u00e0y c\u1ee7a c\u01a1 th\u1ec3, m\u1ed7i ng\u01b0\u1eddi c\u1ea7n ph\u1ea3i n\u1ea1p \u0111\u1ee7 l\u01b0\u1ee3ng n\u01b0\u1edbc m\u1ed7i ng\u00e0y kho\u1ea3ng t\u1eeb 2 \u2013 4 l\u00edt. Th\u1ebf nh\u01b0ng v\u00ec m\u1ed9t l\u00fd do kh\u00e1ch quan hay ch\u1ee7 quan n\u00e0o \u0111\u00f3 m\u00e0 l\u01b0\u1ee3ng n\u01b0\u1edbc \u0111\u01b0\u1ee3c c\u1ea5p v\u00e0o c\u01a1 th\u1ec3 m\u1ed7i ng\u00e0y b\u1ecb thi\u1ebfu h\u1ee5t khi\u1ebfn cho m\u1ed9t s\u1ed1 ch\u1ee9c n\u0103ng trong c\u01a1 th\u1ec3 b\u1ecb tr\u00ec tr\u1ec7, trong \u0111\u00f3 c\u00f3 l\u00e0n da. C\u1ee5 th\u1ec3, l\u00e0n da b\u1ea1n s\u1ebd tr\u1edf n\u00ean kh\u00f4 r\u00e1p, bong tr\u00f3c, xu\u1ea5t hi\u1ec7n n\u1ebfp nh\u0103n, s\u1ea1m x\u1ec9n t\u1ed1i m\u00e0u, da t\u0103ng ti\u1ebft d\u1ea7u nh\u1eddn \u0111\u1ec3 duy tr\u00ec \u0111\u1ed9 \u1ea9m, l\u00e2u ng\u00e0y khi\u1ebfn l\u1ed7 ch\u00e2n l\u00f4ng n\u1edf to, v\u1ebb m\u1ecbn m\u00e0ng m\u1ec1m m\u1ea1i tr\u01b0\u1edbc \u0111\u00f3 s\u1ebd bi\u1ebfn m\u1ea5t m\u1ed9t c\u00e1ch nhanh ch\u00f3ng.<br \/>\n<img src=\"https:\/\/vyparisspa.vn\/uploads\/editer\/images\/x1(1).jpg\" alt=\"\" \/><br \/>\n<strong>SERUM VOLUME SKIN UP HA+ &#8211; SI\u00caU PH\u1ea8M B\u00d9 B\u01af\u1edaC &#8211; GI\u1eee \u1ea8M- KI\u1ec0M D\u1ea6U C\u1ea4P T\u1ed0C CHO DA<\/strong>\u00a0Serum Volume Skin Up HA+ l\u00e0 m\u1ed9t s\u1ea3n ph\u1ea9m \u0111\u01b0\u1ee3c tinh ch\u1ebf t\u1eeb 100% n\u01b0\u1edbc Hyaluronic acid v\u00e0 c\u00e1c si\u00eau d\u01b0\u1ee1ng ch\u1ea5t qu\u00fd gi\u00e1 \u0111\u01b0\u1ee3c nghi\u00ean c\u1ee9u cho ra \u0111\u1eddi b\u1edfi VI\u1ec6N NGHI\u00caN C\u1ee8U M\u00d4 DA CON NG\u01af\u1edcI ASIAN h\u1ee3p t\u00e1c v\u1edbi T\u1eacP \u0110O\u00c0N M\u1ef8 PH\u1ea8M DANH TI\u1ebeNG H\u00c0N QU\u1ed0C DB GROUP v\u1edbi nhi\u1ec7m v\u1ee5 B\u00d9 N\u01af\u1edaC C\u1ea4P T\u1ed0C cho nh\u1eefng l\u00e0n da thi\u1ebfu h\u1ee5t n\u01b0\u1edbc, thi\u1ebfu h\u1ee5t ho\u1ea1t ch\u1ea5t gi\u1eef \u1ea9m Hyaluronic Acid v\u00e0 l\u01b0\u1ee3ng d\u1ea7u nh\u1eddn ti\u1ebft ra qu\u00e1 m\u1ee9c, nh\u1eb1m kh\u1eafc ph\u1ee5c m\u1ecdi v\u1ea5n \u0111\u1ec1 v\u1ec1 da m\u00e0 nguy\u00ean nh\u00e2n xu\u1ea5t ph\u00e1t t\u1eeb vi\u1ec7c thi\u1ebfu h\u1ee5t n\u01b0\u1edbc bao g\u1ed3m KH\u00d4 S\u1ea0M, B\u00d3NG D\u1ea6U, S\u1ea6N S\u00d9I, M\u1ee4N, N\u00c1M, \u2026 Duy nh\u1ea5t t\u1ea1i Trung t\u00e2m th\u1ea9m m\u1ef9 H\u00e0n Qu\u1ed1c Hajiwon, d\u00f2ng \u201csi\u00eau\u201d ph\u1ea9m Volume Skin Up HA+ n\u00e0y \u0111\u01b0\u1ee3c nh\u1eadp v\u1ec1 \u0111\u1ed9c quy\u1ec1n ch\u00ednh l\u00e0 gi\u1ea3i ph\u00e1p h\u1eefu hi\u1ec7u cho nh\u1eefng ai l\u01b0\u1eddi u\u1ed1ng n\u01b0\u1edbc, nh\u1eefng ai b\u1eadn r\u1ed9n th\u01b0\u1eddng qu\u00ean u\u1ed1ng n\u01b0\u1edbc hay nh\u1eefng l\u00e0n da sau 25 tu\u1ed5i, \u0111\u1ed9 \u1ea9m v\u00e0 \u0111\u1ed9 \u0111\u00e0n h\u1ed3i c\u1ee7a da b\u1ecb suy gi\u1ea3m\u2026<br \/>\n<img src=\"https:\/\/vyparisspa.vn\/uploads\/editer\/images\/x2.jpg\" alt=\"\" \/><\/p>\n<p><strong><em>Kh\u1ea3 n\u0103ng th\u1ea9m th\u1ea5u \u201csi\u00eau\u201d nhanh c\u1ee7a Serum Volume Skin Up HA<\/em><\/strong>\u00a0Serum HA+ c\u00f3 c\u1ea5u tr\u00fac d\u1ea1ng ph\u00e2n t\u1eed n\u01b0\u1edbc l\u1ecfng si\u00eau nh\u1ecf cho kh\u1ea3 n\u0103ng th\u1ea9m th\u1ea5u c\u1ef1c nhanh v\u00e0o t\u1eadn l\u1edbp trung v\u00e0 h\u1ea1 b\u00ec, cung c\u1ea5p \u201cth\u1ea7n t\u1ed1c cho c\u00e1c t\u1ebf b\u00e0o da \u1edf \u0111\u00e2y m\u1ed9t l\u01b0\u1ee3ng n\u01b0\u1edbc d\u1ed3i d\u00e0o (1 gi\u1ecdt serum HA+ t\u01b0\u01a1ng \u0111\u01b0\u01a1ng 800ml n\u01b0\u1edbc) gi\u00fap da ng\u1eadm n\u01b0\u1edbc m\u1ea1nh m\u1ebd v\u00e0 b\u00f9 l\u1ea1i l\u01b0\u1ee3ng n\u01b0\u1edbc thi\u1ebfu h\u1ee5t. T\u1ea1i \u0111\u00e2y, c\u00e1c si\u00eau d\u01b0\u1ee1ng ch\u1ea5t trong serum HA+ s\u1ebd ti\u1ebfn h\u00e0nh kh\u00f3a \u1ea9m, ki\u1ec3m so\u00e1t l\u01b0\u1ee3ng d\u1ea7u nh\u1eddn, \u0111\u1ed3ng th\u1eddi s\u1eeda ch\u1eefa nh\u1eefng t\u1ed5n th\u01b0\u01a1ng tr\u00ean da v\u00e0 t\u00e1i t\u1ea1o m\u1ed9t l\u00e0n da m\u1edbi m\u1ecbn m\u00e0ng, t\u01b0\u01a1i s\u00e1ng, \u0111\u00e0n h\u1ed3i v\u00e0 kh\u1ecfe m\u1ea1nh s\u0103n ch\u1eafc ch\u1ec9 sau m\u1ed9t \u0111\u00eam ng\u1ee7 d\u1eady m\u00e0 kh\u00f4ng \u0111\u1ec3 l\u1ea1i ch\u00fat d\u1ea5u v\u1ebft nh\u1eddn r\u00edt nh\u01b0 nh\u1eefng d\u00f2ng s\u1ea3n ph\u1ea9m kem d\u01b0\u1ee1ng b\u00f3ng nh\u1eaby kh\u00e1c.<\/p>\n<p><strong>AN TO\u00c0N T\u1eea NH\u1eeeNG TH\u00c0NH PH\u1ea6N SINH H\u1eccC L\u00c0NH T\u00cdNH C\u00d3 TRONG SERUM VOLUME SKIN UP HA+<\/strong>\u00a0B\u1ea1n s\u1ebd ho\u00e0n to\u00e0n y\u00ean t\u00e2m v\u1edbi nh\u1eefng th\u00e0nh ph\u1ea7n d\u01b0\u1ee1ng ch\u1ea5t c\u00f3 trong serum HA+.\u0110\u00f3 ho\u00e0n to\u00e0n l\u00e0 nh\u1eefng th\u00e0nh ph\u1ea7n sinh h\u1ecdc thi\u00ean nhi\u00ean l\u00e0nh t\u00ednh v\u1edbi nh\u1eefng t\u00ednh n\u0103ng d\u01b0\u1ee1ng da v\u01b0\u1ee3t tr\u1ed9i, kh\u00f4ng c\u00f3 c\u1ed3n Acohol, cho hi\u1ec7u qu\u1ea3 \u201c\u0103n n\u01b0\u1edbc\u201d t\u1ee9c th\u00ec m\u00e0 kh\u00f4ng l\u00e0m m\u1ea5t \u0111i \u0111\u1ed9 PH t\u1ef1 nhi\u00ean c\u1ee7a da.<\/p>\n<ul>\n<li style=\"list-style-type: none;\">\n<ul>\n<li><strong><em>Hyaluronic acid<\/em><\/strong>: th\u00e0nh ph\u1ea7n c\u1ea5p \u1ea9m t\u1ee9c th\u00ec, gi\u1eef n\u01b0\u1edbc m\u1ea1nh m\u1ebd cho l\u00e0n da c\u0103ng m\u1ecdng v\u00e0 b\u00f3ng \u1ea9m b\u1ec1n l\u00e2u;<\/li>\n<\/ul>\n<\/li>\n<\/ul>\n<ul>\n<li style=\"list-style-type: none;\">\n<ul>\n<li><strong><em>Dimeprotein t\u1eeb k\u00e9n t\u1eb1m v\u00e0ng<\/em><\/strong>\u00a0: g\u00f3p ph\u1ea7n ki\u1ebfn t\u1ea1o k\u1ebft c\u1ea5u m\u01b0\u1ee3t m\u00e0 cho l\u00e0n da kh\u00f4ng tu\u1ed5i!<\/li>\n<\/ul>\n<\/li>\n<\/ul>\n<ul>\n<li style=\"list-style-type: none;\">\n<ul>\n<li><strong><em>Glycerin\u00a0<\/em><\/strong>kh\u00f3a \u1ea9m cho l\u00e0n da, \u0111\u1ea3m b\u1ea3o n\u01b0\u1edbc v\u00e0 c\u00e1c th\u1ec3 d\u01b0\u1ee1ng kh\u00f4ng b\u1ecb bay h\u01a1i<\/li>\n<\/ul>\n<\/li>\n<\/ul>\n<ul>\n<li style=\"list-style-type: none;\">\n<ul>\n<li><strong><em>T\u1ebf b\u00e0o g\u1ed1c v\u1ea1n n\u0103ng<\/em><\/strong>: t\u00e1i t\u1ea1o l\u00e0n da m\u1edbi v\u00e0 s\u1eefa ch\u1eefa m\u1ecdi m\u00f4 da b\u1ecb t\u1ed5n th\u01b0\u01a1ng<\/li>\n<\/ul>\n<\/li>\n<\/ul>\n<p><strong>\u0110\u1eb6T MUA NGAY SERUM VOLUME SKIN UP HA+ T\u1ea0I HAJIWON \u0110\u1ec2 TR\u1ea2I NGHI\u1ec6M NH\u1eeeNG HI\u1ec6U QU\u1ea2 B\u1ea4T NG\u1edc<\/strong><\/p>\n<ul>\n<li style=\"list-style-type: none;\">\n<ul>\n<li>B\u1ea1n l\u00e0 ng\u01b0\u1eddi l\u01b0\u1eddi ho\u1eb7c \u00edt u\u1ed1ng n\u01b0\u1edbc n\u00ean da d\u1ebb l\u00fac n\u00e0o c\u0169ng tr\u00f4ng kh\u00f4 s\u1ea1m, bong tr\u00f3c v\u00e0 ti\u1ebft nhi\u1ec1u d\u1ea7u nh\u1eddn v\u00e0o m\u00f9a n\u1eafng n\u00f3ng?<\/li>\n<\/ul>\n<\/li>\n<\/ul>\n<ul>\n<li style=\"list-style-type: none;\">\n<ul>\n<li>B\u1ea1n l\u00e0m vi\u1ec7c 8 ti\u1ebfng\/ng\u00e0y trong m\u00f4i tr\u01b0\u1eddng \u0111i\u1ec1u ho\u00e0 khi\u1ebfn da kh\u00f4, bong tr\u00f3c, v\u1ea9y tr\u1eafng?<\/li>\n<\/ul>\n<\/li>\n<\/ul>\n<ul>\n<li style=\"list-style-type: none;\">\n<ul>\n<li>Da m\u1eb7t b\u1ea1n b\u1eaft \u0111\u1ea7u xu\u1ea5t hi\u1ec7n nh\u1eefng n\u1ebfp nh\u0103n li ti \u1edf quanh m\u1eaft, r\u00e3nh m\u00e1, m\u1eaft b\u1ecb th\u00e2m qu\u1ea7ng tr\u00f4ng m\u1ec7t m\u1ecfi, thi\u1ebfu s\u1ee9c s\u1ed1ng v\u00e0 thi\u1ebfu th\u1ea9m m\u1ef9?<\/li>\n<\/ul>\n<\/li>\n<\/ul>\n<ul>\n<li style=\"list-style-type: none;\">\n<ul>\n<li>Da b\u1ea1n tr\u1edf n\u00ean s\u1ea1m \u0111en, x\u1ec9n m\u00e0u,kh\u00f4ng \u0111\u1ec1u m\u00e0u v\u00e0 b\u1eaft \u0111\u1ea7u ch\u00f9ng nh\u00e3o, ch\u1ea3y x\u1ec7, l\u1ed7 ch\u00e2n l\u00f4ng ng\u00e0y c\u00e0ng gi\u00e3n to?<\/li>\n<\/ul>\n<\/li>\n<\/ul>\n<ul>\n<li style=\"list-style-type: none;\">\n<ul>\n<li>Da b\u1ea1n b\u1ecb m\u1ee5n nh\u01b0ng mu\u1ed1n d\u01b0\u1ee1ng tr\u1eafng trong khi c\u00e1c s\u1ea3n ph\u1ea9m l\u00e0m tr\u1eafng d\u1ea1ng kem th\u01b0\u1eddng g\u00e2y b\u00edt l\u1ed7 ch\u00e2n l\u00f4ng khi\u1ebfn t\u00ecnh tr\u1ea1ng m\u1ee5n n\u1eb7ng th\u00eam?<\/li>\n<\/ul>\n<\/li>\n<\/ul>\n<p>S\u1ef1 hi\u1ec7n di\u1ec7n c\u1ee7a Serum Volume Skin Up HA+ t\u1ea1i Hajiwon Korea Clinic ch\u00ednh l\u00e0 ph\u01b0\u01a1ng ph\u00e1p gi\u1ea3i c\u1ee9u t\u1ed1i \u01b0u nh\u1ea5t cho tr\u01b0\u1eddng h\u1ee3p c\u1ee7a b\u1ea1n m\u1ed9t c\u00e1ch ti\u1ebft ki\u1ec7m chi ph\u00ed v\u00e0 th\u1eddi gian so v\u1edbi c\u00e1c c\u00f4ng ngh\u1ec7 th\u1ea9m m\u1ef9 l\u00e0m \u0111\u1eb9p ph\u1eabu thu\u1eadt g\u00e2y \u0111au \u0111\u1edbn, t\u1ed1n k\u00e9m v\u00e0 nhi\u1ec1u bi\u1ebfn ch\u1ee9ng c\u00f3 h\u1ea1i.\u00a0<strong>Ch\u1ec9 c\u1ea7n 5 gi\u1ecdt Serum Volume Skin Up HA+ m\u1ed7i t\u1ed1i tr\u01b0\u1edbc khi ng\u1ee7, b\u1ea1n \u0111\u00e3 cho da u\u1ed1ng t\u1edbi 4000ml n\u01b0\u1edbc thi\u1ebfu h\u1ee5t trong ng\u00e0y v\u00e0 gi\u1ea3i quy\u1ebft nh\u1eefng v\u1ea5n \u0111\u1ec1 \u201ckh\u00f3 \u1edf\u201d c\u1ee7a da r\u1ed3i \u0111\u1ea5y.<\/strong>\u00a0<strong>H\u00e3y h\u00e0nh \u0111\u1ed9ng ngay h\u00f4m nay, ch\u1ec9 m\u1ed9t cu\u1ed9c g\u1ecdi v\u00e0o hotline, m\u1ed9t c\u00fa click chu\u1ed9t mua h\u00e0ng t\u1ea1i \u0111\u00e2y, serum Volume Skin Up HA+ s\u1ebd c\u00f3 m\u1eb7t t\u1ea1i nh\u00e0 b\u1ea1n ngay th\u00f4i.<\/strong><\/p>\n","protected":false},"excerpt":{"rendered":"<p>L\u00c0N DA M\u1ecaN \u0110\u1eb8P C\u1ee6A B\u1ea0N S\u1ebc B\u1eca H\u1ee6Y DI\u1ec6T NGAY TRONG M\u1ed8T NG\u00c0Y N\u1ebeU THI\u1ebeU N\u01af\u1edaC\u00a0Chi\u1ebfm h\u01a1n 70% trong th\u00e0nh ph\u1ea7n c\u01a1 th\u1ec3 m\u1ed7i ng\u01b0\u1eddi, n\u01b0\u1edbc kh\u00f4ng ch\u1ec9 \u0111\u00f3ng vai tr\u00f2 c\u1ef1c k\u1ef3 quan tr\u1ecdng \u0111\u1ec3 c\u00e1c c\u01a1 quan trong c\u01a1 th\u1ec3 c\u00f3 th\u1ec3 duy tr\u00ec ho\u1ea1t \u0111\u1ed9ng \u1ed5n \u0111\u1ecbnh cho m\u1ed9t c\u01a1 th\u1ec3 [&hellip;]<\/p>\n","protected":false},"featured_media":1905,"comment_status":"closed","ping_status":"closed","template":"","meta":[],"_links":{"self":[{"href":"https:\/\/korea.com.vn\/shop\/wp-json\/wp\/v2\/product\/4964"}],"collection":[{"href":"https:\/\/korea.com.vn\/shop\/wp-json\/wp\/v2\/product"}],"about":[{"href":"https:\/\/korea.com.vn\/shop\/wp-json\/wp\/v2\/types\/product"}],"replies":[{"embeddable":true,"href":"https:\/\/korea.com.vn\/shop\/wp-json\/wp\/v2\/comments?post=4964"}],"wp:featuredmedia":[{"embeddable":true,"href":"https:\/\/korea.com.vn\/shop\/wp-json\/wp\/v2\/media\/1905"}],"wp:attachment":[{"href":"https:\/\/korea.com.vn\/shop\/wp-json\/wp\/v2\/media?parent=4964"}],"curies":[{"name":"wp","href":"https:\/\/api.w.org\/{rel}","templated":true}]}}