{"id":4965,"date":"2020-11-30T13:06:10","date_gmt":"2020-11-30T06:06:10","guid":{"rendered":"https:\/\/korea.com.vn\/shop\/san-pham\/import-placeholder-for-4838\/"},"modified":"2020-12-21T10:39:34","modified_gmt":"2020-12-21T03:39:34","slug":"soap-rua-mat-vita-rice","status":"publish","type":"product","link":"https:\/\/korea.com.vn\/shop\/san-pham\/soap-rua-mat-vita-rice\/","title":{"rendered":"Soap r\u1eeda m\u1eb7t tr\u1ecb s\u1eb9o r\u1ed7 VITA RICE"},"content":{"rendered":"<p>K\u00ednh th\u01b0a \u0111\u1ed3ng b\u00e0o 500 a e giang h\u1ed3 ki\u1ebfm hi\u1ec7p , Soap r\u1eeda m\u1eb7t Vitamin RICE \u0111\u00e3 c\u00f3 h\u00e0ng \u1edf Vi\u1ec7t Nam!<br \/>\nCh\u1ecb n\u00e0o DA D\u1ea6U \u0110\u1ed5 b\u00e1nh x\u00e8o \u0111\u01b0\u1ee3c tr\u00ean m\u1eb7t lu\u00f4n th\u00ec kh\u00f4ng th\u1ec3 b\u1ecf qua Si\u00eau T\u1ea1o b\u1ecdt v\u00e0 cung v\u1ea5p vitamin tr\u1ef1c ti\u1ebfp cho da sau m\u1ed7i l\u1ea7n r\u1eeda nha<\/p>\n<p>&#8211; H\u00daT D\u1ea6U &#8211; KI\u1ec2M SO\u00c1T NH\u1edcN- TR\u1eca CH\u00c2N L\u00d4NG TO sau 1 l\u1ea7n r\u1eefa bao ph\u00ea t\u1edbi n\u00f3c<br \/>\nC\u00f4ng d\u1ee5ng ch\u00ednh c\u1ee7a em \u00ed l\u00e0 l\u00e0m s\u1ea1ch b\u00e3 nh\u1eddn v\u00e0 b\u1ee5i b\u1ea9n nh\u01b0ng c\u1ea3m gi\u00e1c s\u1ea1ch s\u1ebd, v\u00e0 tho\u00e1ng da h\u01a1n r\u1ea5t nhi\u1ec1u, m\u00f9i s\u1eefa g\u1ea1o th\u01a1m ph\u1ee9c r\u1eefa m\u00e0 m\u00fan nhai lu\u00f4n c\u1ee5c soap haha sau khi d\u00f9ng da m\u1eb7t s\u1ea1ch boong nh\u01b0ng l\u1ea1i kh\u00f4ng b\u1ecb kh\u00f4 c\u0103ng, v\u00ec th\u00e0nh ph\u1ea7n c\u00f3 ch\u1ee9a m\u1ea7m g\u1ea1o t\u01b0\u01a1i v\u00e0 shea butter d\u01b0\u1ee1ng \u1ea9m cho da. Da n\u00e0o c\u1ef1c k\u00ec nh\u1eddn v\u00e0 nh\u1ea1y c\u1ea3m m\u00e0 x\u00e0i v\u1eabn ngon l\u00e0nh c\u00e0nh \u0111\u00e0o nh\u00e9<\/p>\n<p><img src=\"https:\/\/vyparisspa.vn\/uploads\/editer\/images\/67604042_2403974073171452_2593396455569883136_n.jpg\" alt=\"\" \/><\/p>\n<p>Ngo\u00e0i ra ch\u1ecb n\u00e0o hay n\u1ed5i m\u1ee5n tr\u00ean l\u01b0ng c\u1ed5 D\u00f9ng t\u1eafm gi\u00fap tr\u1ecb m\u1ee5n l\u01b0ng , vi\u00eam l\u1ed7 ch\u00e2n l\u00f4ng ok lu\u00f4n<br \/>\n<strong>C\u00f4ng d\u1ee5ng c\u1ee7a Soap r\u1eeda m\u1eb7t VITA RICE<\/strong><\/p>\n<ul>\n<li style=\"list-style-type: none\">\n<ul>\n<li>Gi\u00fap da \u0111\u01b0\u1ee3c l\u00e0m s\u1ea1ch s\u00e2u mang \u0111\u1ebfn c\u1ea3m gi\u00e1c kh\u00f4 tho\u00e1ng nh\u01b0ng v\u1eabn cung c\u1ea5p \u0111\u1ee7 \u0111\u1ed9 \u1ea9m cho da<\/li>\n<\/ul>\n<\/li>\n<\/ul>\n<ul>\n<li style=\"list-style-type: none\">\n<ul>\n<li>Tr\u1ecb s\u1ea1ch nh\u1eddn , c\u00e2n b\u1eb1ng tuy\u1ebfn d\u1ea7u tr\u00ean da<\/li>\n<\/ul>\n<\/li>\n<\/ul>\n<ul>\n<li style=\"list-style-type: none\">\n<ul>\n<li>Gi\u00fap l\u00e0n da c\u0103ng m\u1ecbn, se kh\u00edt l\u1ed7 ch\u00e2n l\u00f4ng<\/li>\n<\/ul>\n<\/li>\n<\/ul>\n<ul>\n<li style=\"list-style-type: none\">\n<ul>\n<li>C\u1ea3i thi\u1ec7n \u0111\u00e1ng k\u1ec3 t\u00ecnh tr\u1ea1ng m\u1ee5n c\u00e1m, m\u1ee5n \u0111\u1ea7u \u0111en sau 3 tu\u1ea7n s\u1eed d\u1ee5ng.<\/li>\n<\/ul>\n<\/li>\n<\/ul>\n<ul>\n<li style=\"list-style-type: none\">\n<ul>\n<li>T\u1ea9y s\u1ea1ch t\u1ebf b\u00e0o ch\u1ebft, c\u00e2n b\u1eb1ng l\u01b0\u1ee3ng d\u1ea7u th\u1eeba v\u00e0 lo\u1ea1i b\u1ecf b\u1ee5i b\u1ea9n, l\u1edbp make up tr\u00ean da.<\/li>\n<\/ul>\n<\/li>\n<\/ul>\n<ul>\n<li style=\"list-style-type: none\">\n<ul>\n<li>Nu\u00f4i d\u01b0\u1ee1ng da b\u1eb1ng c\u00e1c kho\u00e1ng ch\u1ea5t, tinh d\u1ea7u th\u1ef1c v\u1eadt l\u00e0m da kh\u1ecfe, \u201cm\u1edfn\u201d h\u01a1n, tr\u1eafng s\u00e1ng h\u01a1n.<\/li>\n<\/ul>\n<\/li>\n<\/ul>\n<p><img src=\"https:\/\/vyparisspa.vn\/uploads\/editer\/images\/67681463_2403990136503179_6579303793349885952_n.jpg\" alt=\"\" \/><\/p>\n<p><strong>Th\u00e0nh ph\u1ea7n:<\/strong><\/p>\n<ul>\n<li style=\"list-style-type: none\">\n<ul>\n<li>\u00a0Rice-Glucoside: ch\u1ea5t ho\u1ea1t \u0111\u1ed9ng b\u1ec1 m\u1eb7t chi\u1ebft xu\u1ea5t t\u1eeb s\u1eefa g\u1ea1o<\/li>\n<\/ul>\n<\/li>\n<\/ul>\n<ul>\n<li style=\"list-style-type: none\">\n<ul>\n<li>\u00a0Quillaja Saponaria Bark Extract: chi\u1ebft xu\u1ea5t v\u1ecf c\u00e2y x\u00e0 ph\u00f2ng (soap bark), \u0111\u01b0\u1ee3c xem l\u00e0 m\u1ed9t ch\u1ea5t t\u1ea9y r\u1eeda t\u1ef1 nhi\u00ean gi\u00fap lo\u1ea1i b\u1ecf b\u1ee5i b\u1ea9n v\u00e0 d\u1ea7u d\u01b0 th\u1eeba nh\u01b0 x\u00e0 ph\u00f2ng nh\u00e2n t\u1ea1o nh\u01b0ng l\u00e0nh t\u00ednh h\u01a1n r\u1ea5t nhi\u1ec1u l\u1ea7n.<\/li>\n<\/ul>\n<\/li>\n<\/ul>\n<ul>\n<li style=\"list-style-type: none\">\n<ul>\n<li>\u00a0Witch Hazel Water: n\u01b0\u1edbc c\u00e2y ph\u1ec9 c\u00f3 t\u00e1c d\u1ee5ng kh\u00e1ng khu\u1ea9n, ki\u1ec3m so\u00e1t d\u1ea7u th\u1eeba.<\/li>\n<\/ul>\n<\/li>\n<\/ul>\n<p><img src=\"https:\/\/vyparisspa.vn\/uploads\/editer\/images\/68501597_2403990653169794_2017479209902931968_n.png\" alt=\"\" \/>\u200b<\/p>\n<p><strong>C\u00c1CH S\u1eec D\u1ee4NG<\/strong><\/p>\n<ul>\n<li style=\"list-style-type: none\">\n<ul>\n<li>\u00a0L\u00e0m \u01b0\u1edbt da m\u1eb7t v\u00e0 c\u1ee5c x\u00e0 ph\u00f2ng.<\/li>\n<\/ul>\n<\/li>\n<\/ul>\n<ul>\n<li style=\"list-style-type: none\">\n<ul>\n<li>\u00a0D\u00f9ng tay xoa hai \u0111\u1ebfn 3 l\u1ea7n l\u00ean c\u1ee5c x\u00e0 ph\u00f2ng \u0111\u1ec3 c\u00f3 l\u01b0\u1ee3ng x\u00e0 b\u00f4ng \u0111\u1ee7 d\u00f9ng.<\/li>\n<\/ul>\n<\/li>\n<\/ul>\n<ul>\n<li style=\"list-style-type: none\">\n<ul>\n<li>\u00a0T\u1ea1o b\u1ecdt r\u1ed3i xoa l\u00ean da.<\/li>\n<\/ul>\n<\/li>\n<\/ul>\n<ul>\n<li style=\"list-style-type: none\">\n<ul>\n<li>\u00a0D\u00f9ng tay r\u1eeda m\u1eb7t theo chi\u1ec1u t\u1eeb trong ra \u0111\u1ebfn hai b\u00ean tai( t\u1eadp trung \u1edf tr\u00e1n, v\u00f9ng ch\u1eef T v\u00e0 hai m\u00e1)<\/li>\n<\/ul>\n<\/li>\n<\/ul>\n<ul>\n<li style=\"list-style-type: none\">\n<ul>\n<li>\u00a0R\u1eeda s\u1ea1ch m\u1eb7t v\u1edbi n\u01b0\u1edbc s\u1ea1ch.<\/li>\n<\/ul>\n<\/li>\n<\/ul>\n","protected":false},"excerpt":{"rendered":"<p>C\u00f4ng d\u1ee5ng ch\u00ednh c\u1ee7a em \u00ed l\u00e0 l\u00e0m s\u1ea1ch b\u00e3 nh\u1eddn v\u00e0 b\u1ee5i b\u1ea9n nh\u01b0ng c\u1ea3m gi\u00e1c s\u1ea1ch s\u1ebd, v\u00e0 tho\u00e1ng da h\u01a1n r\u1ea5t nhi\u1ec1u, m\u00f9i s\u1eefa g\u1ea1o th\u01a1m ph\u1ee9c r\u1eefa m\u00e0 m\u00fan nhai lu\u00f4n c\u1ee5c soap haha sau khi d\u00f9ng da m\u1eb7t s\u1ea1ch boong nh\u01b0ng l\u1ea1i kh\u00f4ng b\u1ecb kh\u00f4 c\u0103ng, v\u00ec th\u00e0nh ph\u1ea7n c\u00f3 ch\u1ee9a m\u1ea7m g\u1ea1o t\u01b0\u01a1i v\u00e0 shea butter d\u01b0\u1ee1ng \u1ea9m cho da. Da n\u00e0o c\u1ef1c k\u00ec nh\u1eddn v\u00e0 nh\u1ea1y c\u1ea3m m\u00e0 x\u00e0i v\u1eabn ngon l\u00e0nh c\u00e0nh \u0111\u00e0o nh\u00e9<\/p>\n","protected":false},"featured_media":1907,"comment_status":"closed","ping_status":"closed","template":"","meta":[],"_links":{"self":[{"href":"https:\/\/korea.com.vn\/shop\/wp-json\/wp\/v2\/product\/4965"}],"collection":[{"href":"https:\/\/korea.com.vn\/shop\/wp-json\/wp\/v2\/product"}],"about":[{"href":"https:\/\/korea.com.vn\/shop\/wp-json\/wp\/v2\/types\/product"}],"replies":[{"embeddable":true,"href":"https:\/\/korea.com.vn\/shop\/wp-json\/wp\/v2\/comments?post=4965"}],"wp:featuredmedia":[{"embeddable":true,"href":"https:\/\/korea.com.vn\/shop\/wp-json\/wp\/v2\/media\/1907"}],"wp:attachment":[{"href":"https:\/\/korea.com.vn\/shop\/wp-json\/wp\/v2\/media?parent=4965"}],"curies":[{"name":"wp","href":"https:\/\/api.w.org\/{rel}","templated":true}]}}