{"id":4966,"date":"2020-11-30T13:06:11","date_gmt":"2020-11-30T06:06:11","guid":{"rendered":"https:\/\/korea.com.vn\/shop\/san-pham\/import-placeholder-for-4840\/"},"modified":"2020-12-17T14:57:16","modified_gmt":"2020-12-17T07:57:16","slug":"san-pham-peel-tai-tao-phuc-hoi-da-reborn-skin","status":"publish","type":"product","link":"https:\/\/korea.com.vn\/shop\/san-pham\/san-pham-peel-tai-tao-phuc-hoi-da-reborn-skin\/","title":{"rendered":"Tinh ch\u1ea5t t\u00e1i t\u1ea1o da t\u1ea3o bi\u1ec3n  REBORN SKIN"},"content":{"rendered":"<p>REBORN SKIN &#8211; GENIE H\u00c0N QU\u1ed0C<br \/>\nM\u1ecdi ng\u01b0\u1eddi s\u1ee3 #<span class=\"il\">PEEL<\/span>\u00a0da b\u1ecb bong tr\u00f3c, ng\u1ea1i ph\u1ea3i ki\u00eang khem th\u00ec \u0111\u00e2y \u0111\u00fang l\u00e0 1 s\u1ea3n ph\u1ea9m qu\u00e1 tuy\u1ec7t v\u1eddi cho c\u00e1c n\u00e0ng \u0111\u00e2y \u1ea1. 1 ph\u01b0\u01a1ng ph\u00e1p m\u1edbi ti\u1ec7n l\u1ee3i m\u00e0 l\u1ea1i r\u1ea5t hi\u1ec7u qu\u1ea3 trong v\u1ea5n \u0111\u1ec1 ph\u1ee5c h\u1ed3i v\u00e0 t\u00e1i t\u1ea1o l\u1ea1i nh\u1eefng l\u00e0n da m\u1ee5n &#8211; th\u00e2m &#8211; l\u1ed7 ch\u00e2n l\u00f4ng to &#8211; hay da nhi\u1ec1u khuy\u1ebft \u0111i\u1ec3m<br \/>\nREBORN SKIN l\u00e0 lo\u1ea1i #<span class=\"il\">PEEL<\/span>\u00a0an to\u00e0n v\u00e0 hi\u1ec7u qu\u1ea3 nh\u1ea5t hi\u1ec7n nay, gi\u00fap da s\u1ea3n sinh c\u00e1c t\u1ebf b\u00e0o m\u1edbi v\u00e0 c\u1ea3i thi\u1ec7n b\u1ec1 m\u1eb7t da<br \/>\nNgo\u00e0i ch\u1ee9c n\u0103ng t\u1ea9y t\u1ebf b\u00e0o ch\u1ebft h\u00f3a h\u1ecdc, ch\u00fang c\u00f2n c\u00f3 th\u1ec3 c\u1ea3i thi\u1ec7n t\u00ecnh tr\u1ea1ng m\u1ee5n, h\u1ed7 tr\u1ee3 \u0111i\u1ec1u tr\u1ecb th\u00e2m m\u1ee5n, c\u1ea3i thi\u1ec7n \u0111\u00e1ng k\u1ec3 c\u00e1c n\u1ebfp nh\u0103n li ti v\u00e0 l\u00e0m c\u0103ng m\u1ecbn da.<br \/>\n<img src=\"https:\/\/vyparisspa.vn\/uploads\/editer\/images\/QLHajiwon%20291(1).jpg\" alt=\"\" \/><br \/>\n<strong>C\u00e1c lo\u1ea1i da c\u00f3 th\u1ec3 s\u1eed d\u1ee5ng:<\/strong><br \/>\nDa d\u1ea7u, da b\u1ecb m\u1ee5n ( m\u1ee5n \u0111\u1ea7u \u0111en, m\u1ee5n tr\u1ee9ng c\u00e1, m\u1ee5n b\u1ecdc )<br \/>\nDa th\u00e2m, da s\u1eb9o m\u1ee5n, da c\u00f3 l\u1ed7 ch\u00e2n l\u00f4ng to<br \/>\nDa kh\u00f4, da l\u00e3o h\u00f3a, da s\u1ea1m m\u00e0u, da kh\u00f4ng \u0111\u1ec1u m\u00e0u. .<br \/>\n<strong>T\u00e1c d\u1ee5ng ch\u00ednh:<\/strong><br \/>\nTh\u1ea9m th\u1ea5u qua c\u00e1c l\u1ed7 ch\u00e2n l\u00f4ng ch\u1ee9a \u0111\u1ea7y c\u00e1c b\u00e3 nh\u1eddn, lo\u1ea1i b\u1ecf b\u00e3 nh\u1eddn t\u1eafc ngh\u1ebdn g\u00e2y n\u00ean m\u1ee5n.<br \/>\nKi\u1ec3m so\u00e1t l\u01b0\u1ee3ng d\u1ea7u th\u1eeba<br \/>\nKh\u00e1ng vi\u00eam, gi\u1ea3m s\u01b0ng m\u1ee5n<br \/>\nL\u00e0m m\u1edd v\u1ebft th\u00e2m s\u1eb9o m\u1ee5n<br \/>\nL\u00e0m s\u00e1ng da, \u0111\u1ec1u m\u00e0u da<br \/>\nB\u1ea3o v\u1ec7, t\u0103ng c\u01b0\u1eddng s\u1ef1 ph\u00e1t tri\u1ec3n c\u1ee7a bi\u1ec3u b\u00ec<br \/>\nN\u00e2ng cao ch\u1ea5t l\u01b0\u1ee3ng c\u1ee7a c\u00e1c s\u1ee3i Elastin v\u00e0 collagen.<br \/>\nC\u1ea3m nh\u1eadn da #s\u00e1ng , #c\u0103ng_b\u00f3ng, \u0111\u1ed1i v\u1edbi b\u1ea1n n\u00e0o b\u1ecb m\u1ee5n, s\u1ebd th\u1ea5y nh\u00e2n m\u1ee5n h\u01a1i kh\u00f4 l\u1ea1i v\u00e0i h\u00f4m sau kh\u00f4 h\u1eb3n r\u1ed3i bong ra. B\u1ea1n n\u00e0o l\u1ed7 ch\u00e2n l\u00f4ng to<br \/>\ns\u1ebd th\u1ea5y r\u00f5 l\u1ed7 ch\u00e2n l\u00f4ng #kh\u00edt l\u1ea1i ngayyyy<br \/>\nCAM K\u1ebeT HI\u1ec6U QU\u1ea2 LU\u00d4N<\/p>\n","protected":false},"excerpt":{"rendered":"<p>M\u1ecdi ng\u01b0\u1eddi s\u1ee3 #PEEL da b\u1ecb bong tr\u00f3c, ng\u1ea1i ph\u1ea3i ki\u00eang khem th\u00ec \u0111\u00e2y \u0111\u00fang l\u00e0 1 s\u1ea3n ph\u1ea9m qu\u00e1 tuy\u1ec7t v\u1eddi cho c\u00e1c n\u00e0ng \u0111\u00e2y \u1ea1. 1 ph\u01b0\u01a1ng ph\u00e1p m\u1edbi ti\u1ec7n l\u1ee3i m\u00e0 l\u1ea1i r\u1ea5t hi\u1ec7u qu\u1ea3 trong v\u1ea5n \u0111\u1ec1 ph\u1ee5c h\u1ed3i v\u00e0 t\u00e1i t\u1ea1o l\u1ea1i nh\u1eefng l\u00e0n da m\u1ee5n &#8211; th\u00e2m &#8211; l\u1ed7 ch\u00e2n l\u00f4ng to &#8211; hay da nhi\u1ec1u khuy\u1ebft \u0111i\u1ec3m \u2705REBORN SKIN l\u00e0 lo\u1ea1i #PEEL an to\u00e0n v\u00e0 hi\u1ec7u qu\u1ea3 nh\u1ea5t hi\u1ec7n nay, gi\u00fap da s\u1ea3n sinh c\u00e1c t\u1ebf b\u00e0o m\u1edbi v\u00e0 c\u1ea3i thi\u1ec7n b\u1ec1 m\u1eb7t da \u2705Ngo\u00e0i ch\u1ee9c n\u0103ng t\u1ea9y t\u1ebf b\u00e0o ch\u1ebft h\u00f3a h\u1ecdc, ch\u00fang c\u00f2n c\u00f3 th\u1ec3 c\u1ea3i thi\u1ec7n t\u00ecnh tr\u1ea1ng m\u1ee5n, h\u1ed7 tr\u1ee3 \u0111i\u1ec1u tr\u1ecb th\u00e2m m\u1ee5n, c\u1ea3i thi\u1ec7n \u0111\u00e1ng k\u1ec3 c\u00e1c n\u1ebfp nh\u0103n li ti v\u00e0 l\u00e0m c\u0103ng m\u1ecbn da.<\/p>\n","protected":false},"featured_media":1909,"comment_status":"closed","ping_status":"closed","template":"","meta":[],"_links":{"self":[{"href":"https:\/\/korea.com.vn\/shop\/wp-json\/wp\/v2\/product\/4966"}],"collection":[{"href":"https:\/\/korea.com.vn\/shop\/wp-json\/wp\/v2\/product"}],"about":[{"href":"https:\/\/korea.com.vn\/shop\/wp-json\/wp\/v2\/types\/product"}],"replies":[{"embeddable":true,"href":"https:\/\/korea.com.vn\/shop\/wp-json\/wp\/v2\/comments?post=4966"}],"wp:featuredmedia":[{"embeddable":true,"href":"https:\/\/korea.com.vn\/shop\/wp-json\/wp\/v2\/media\/1909"}],"wp:attachment":[{"href":"https:\/\/korea.com.vn\/shop\/wp-json\/wp\/v2\/media?parent=4966"}],"curies":[{"name":"wp","href":"https:\/\/api.w.org\/{rel}","templated":true}]}}