{"id":4967,"date":"2020-11-30T13:06:11","date_gmt":"2020-11-30T06:06:11","guid":{"rendered":"https:\/\/korea.com.vn\/shop\/san-pham\/import-placeholder-for-4841\/"},"modified":"2020-12-21T10:47:06","modified_gmt":"2020-12-21T03:47:06","slug":"xit-toc-hair-up-genie","status":"publish","type":"product","link":"https:\/\/korea.com.vn\/shop\/san-pham\/xit-toc-hair-up-genie\/","title":{"rendered":"X\u1ecbt m\u1ecdc t\u00f3c ch\u1ed1ng r\u1ee5ng  HAIR UP STORY"},"content":{"rendered":"<p>#HAIR_UP_STORY_GENIE L\u00c0 LO\u1ea0I D\u01af\u1ee0NG T\u00d3C DUY NH\u1ea4T TR\u00caN TH\u1eca TR\u01af\u1edcNG c\u00f3 th\u00eam 1 t\u00e1c d\u1ee5ng r\u1ea5t th\u1ea7n th\u00e1nh \u0111\u00f3 l\u00e0 &#8220;l\u00e0m s\u1ee3i t\u00f3c d\u00e0y l\u00ean, C\u00e1c nang l\u00f4ng tr\u00ean \u0111\u1ea7u th\u00ec ch\u1ec9 c\u00f3 h\u1ea1n , 1 l\u1ed7 ch\u00e2n l\u00f4ng m\u1ecdc 2-3 s\u1ee3i t\u00f3c l\u00e0 c\u00f9ng, \u0111\u00f3 l\u00e0 l\u00ed do v\u00ec sao nhi\u1ec1u ng t\u00f3c tr\u00f4ng r\u1ea5t m\u1ecfng v\u00ec s\u1ee3i t\u00f3c c\u1ee7a h\u1ecd qu\u00e1 m\u1ea3nh (hay c\u00f2n g\u1ecdi l\u00e0 s\u1ee3i t\u00f3c t\u01a1 \u0111\u00f3 \u1ea1)<br \/>\n<img src=\"https:\/\/vyparisspa.vn\/uploads\/editer\/images\/QLHajiwon%20293.jpg\" alt=\"\" \/><br \/>\n\u2764\ufe0fN\u1ebfu s\u1ee3i t\u00f3c d\u00e0y, kho\u1ebb c\u0103ng b\u00f3ng th\u00ec t\u00f3c s\u1ebd d\u00e0y l\u00ean l\u00e0 \u0111i\u1ec1u \u0111\u01b0\u01a1ng nhi\u00ean<br \/>\nC\u00f4ng th\u1ee9c b\u00ed truy\u1ec1n c\u00f3 trong Tinh Ch\u1ea5t k\u00edch th\u00edch t\u00f3c m\u1ecdc, \u0111\u1eb7c tr\u1ecb h\u00f3i \u0111\u1ea7u #HAIR_UP_STORY_GENIE ra \u0111\u1eddi c\u00e1ch \u0111\u00e2y h\u01a1n 1500 n\u0103m tr\u01b0\u1edbc t\u1ea1i cung \u0111\u00ecnh H\u00e0n Qu\u1ed1c n\u01a1i c\u00f3 h\u00e0ng tr\u0103m c\u00e2y th\u1ea3o d\u01b0\u1ee3c qu\u00fd hi\u1ebfm v\u00e0 kh\u00ed h\u1eadu tuy\u1ec7t v\u1eddi cho vi\u1ec7c tr\u1ed3ng v\u00e0 ch\u0103m s\u00f3c c\u00e2y th\u1ea3o d\u01b0\u1ee3c.<br \/>\nTh\u00e0nh ph\u1ea7n<br \/>\n9 lo\u1ea1i t\u1ebf b\u00e0o g\u1ed1c, Chi\u1ebft xu\u1ea5t ch\u00ednh t\u1eeb c\u00e2y b\u1ea1ch ch\u1ec9, h\u00e0 th\u1ee7 \u00f4.Nh\u00e2n s\u00e2m t\u01b0\u01a1i, Cam th\u1ea3o, b\u1ea1c h\u00e0, L\u00e1 c\u00e2y ho\u00e0ng h\u00f4n, hoa c\u00fac, qu\u1ea3 \u1edbt ng\u1ecdt&#8230;.<br \/>\n\u2747\ufe0fC\u00f4ng d\u1ee5ng<br \/>\n&#8211; K\u00edch th\u00edch t\u00f3c con ph\u00e1t tri\u1ec3n ch\u1eafc kh\u1ecfe tr\u1edf l\u1ea1i<br \/>\n&#8211; C\u1ea3i thi\u1ec7n nang t\u00f3c.<br \/>\n&#8211; C\u1ea3i thi\u1ec7n da \u0111\u1ea7u kh\u1ecfe m\u1ea1nh.<br \/>\n&#8211; T\u0103ng t\u00ednh \u0111\u00e0n h\u1ed3i cho m\u00e1i t\u00f3c c\u1ee7a b\u1ea1n.<br \/>\n&#8211; Ph\u1ee5c h\u1ed3i v\u00e0 ng\u0103n ng\u1eeba r\u1ee5ng t\u00f3c.<br \/>\n&#8211; Gi\u1eef \u0111\u1ed9 d\u00e0y cho m\u00e1i t\u00f3c.<br \/>\n&#8211; L\u00e0m tho\u00e1ng da \u0111\u1ea7u, kh\u00f4ng t\u1eafc ngh\u1ebdn c\u00e1c l\u1ed7 ch\u00e2n l\u00f4ng.<br \/>\n<img src=\"https:\/\/vyparisspa.vn\/uploads\/editer\/images\/QLHajiwon%20294.jpg\" alt=\"\" \/><br \/>\n\u2747\ufe0fH\u01b0\u1edbng d\u1eabn s\u1eed d\u1ee5ng<br \/>\n&#8211; Ng\u00e0y 2 l\u1ea7n\/ng\u00e0y, s\u00e1ng v\u00e0 t\u1ed1i.<br \/>\n&#8211; X\u1ecbt 1 l\u01b0\u1ee3ng kho\u1ea3ng 1ml (t\u01b0\u01a1ng \u0111\u01b0\u01a1ng 5 \u2013 6 l\u1ea7n x\u1ecbt) tr\u1ef1c ti\u1ebfp l\u00ean da \u0111\u1ea7u khu v\u1ef1c r\u1ee5ng t\u00f3c.<br \/>\nMassage tinh ch\u1ea5t tr\u00ean da \u0111\u1ea7u s\u1ebd k\u00edch th\u00edch l\u01b0u th\u00f4ng m\u00e1u v\u00e0 th\u1ea9m th\u1ea5u c\u00e1c ch\u1ea5t dinh d\u01b0\u1ee1ng gi\u00fap nu\u00f4i t\u00f3c kh\u1ecfe m\u1ea1nh t\u1eeb g\u1ed1c l\u00ean ng\u1ecdn. , k\u00edch th\u00edch t\u00f3c m\u1ecdc l\u1ea1i nhanh t\u1eeb nh\u1eefng v\u00f9ng b\u1ecb r\u1ee5ng \u0111\u1ed3ng th\u1eddi nu\u00f4i d\u01b0\u1ee1ng t\u00f3c ch\u1eafc kh\u1ecfe h\u1ea1n ch\u1ebf t\u1ed1i \u0111a v\u1ea5n \u0111\u1ec1 r\u1ee5ng t\u00f3c.<br \/>\n&#8211; S\u1eed d\u1ee5ng li\u00ean t\u1ee5c trong nhi\u1ec1u th\u00e1ng v\u00ec khi ng\u1eebng s\u1eed d\u1ee5ng \u0111\u1ed9t ng\u1ed9t, s\u1ed1 l\u01b0\u1ee3ng t\u00f3c m\u1edbi m\u1ecdc s\u1ebd gi\u1ea3m nhanh ch\u00f3ng.<br \/>\n&#8211; N\u00ean g\u1ed9i t\u00f3c s\u1ea1ch tr\u01b0\u1edbc khi s\u1eed d\u1ee5ng.<br \/>\n&#8211; Sau v\u00e0i th\u00e1ng s\u1eed d\u1ee5ng, s\u1ed1 l\u01b0\u1ee3ng t\u00f3c \u1edf ng\u01b0\u1eddi h\u00f3i \u1edf m\u1ee9c \u0111\u1ed9 nh\u1eb9 v\u00e0 trung b\u00ecnh s\u1ebd t\u0103ng l\u00ean. Ng\u0103n ch\u1eb7n s\u1ef1 r\u1ee5ng t\u00f3c ti\u1ebfp di\u1ec7c \u1edf nh\u1eefng ng\u01b0\u1eddi m\u1edbi h\u00f3i \u1edf giai \u0111o\u1ea1n \u0111\u1ea7u.<\/p>\n","protected":false},"excerpt":{"rendered":"<p>#HAIR_UP_STORY_GENIE L\u00c0 LO\u1ea0I D\u01af\u1ee0NG T\u00d3C DUY NH\u1ea4T TR\u00caN TH\u1eca TR\u01af\u1edcNG c\u00f3 th\u00eam 1 t\u00e1c d\u1ee5ng r\u1ea5t th\u1ea7n th\u00e1nh \u0111\u00f3 l\u00e0 &#8220;l\u00e0m s\u1ee3i t\u00f3c d\u00e0y l\u00ean, C\u00e1c nang l\u00f4ng tr\u00ean \u0111\u1ea7u th\u00ec ch\u1ec9 c\u00f3 h\u1ea1n , 1 l\u1ed7 ch\u00e2n l\u00f4ng m\u1ecdc 2-3 s\u1ee3i t\u00f3c l\u00e0 c\u00f9ng, \u0111\u00f3 l\u00e0 l\u00ed do v\u00ec sao nhi\u1ec1u ng t\u00f3c tr\u00f4ng [&hellip;]<\/p>\n","protected":false},"featured_media":1911,"comment_status":"closed","ping_status":"closed","template":"","meta":[],"_links":{"self":[{"href":"https:\/\/korea.com.vn\/shop\/wp-json\/wp\/v2\/product\/4967"}],"collection":[{"href":"https:\/\/korea.com.vn\/shop\/wp-json\/wp\/v2\/product"}],"about":[{"href":"https:\/\/korea.com.vn\/shop\/wp-json\/wp\/v2\/types\/product"}],"replies":[{"embeddable":true,"href":"https:\/\/korea.com.vn\/shop\/wp-json\/wp\/v2\/comments?post=4967"}],"wp:featuredmedia":[{"embeddable":true,"href":"https:\/\/korea.com.vn\/shop\/wp-json\/wp\/v2\/media\/1911"}],"wp:attachment":[{"href":"https:\/\/korea.com.vn\/shop\/wp-json\/wp\/v2\/media?parent=4967"}],"curies":[{"name":"wp","href":"https:\/\/api.w.org\/{rel}","templated":true}]}}