{"id":4968,"date":"2020-11-30T13:06:11","date_gmt":"2020-11-30T06:06:11","guid":{"rendered":"https:\/\/korea.com.vn\/shop\/san-pham\/import-placeholder-for-4842\/"},"modified":"2020-12-09T15:07:04","modified_gmt":"2020-12-09T08:07:04","slug":"vien-uong-no-nguc-boom-fat-yline","status":"publish","type":"product","link":"https:\/\/korea.com.vn\/shop\/san-pham\/vien-uong-no-nguc-boom-fat-yline\/","title":{"rendered":"VI\u00caN U\u1ed0NG N\u1ede NG\u1ef0C BOOM FAT YLINE"},"content":{"rendered":"<p>#BOOM_FAT_YLINE_GENIE &#8211; Vi\u00ean n\u1ee1 ng\u1ef1c chi\u1ebft xu\u1ea5t T\u1eeb 100% thi\u00ean nhi\u00ean d\u00e0nh chuy\u00ean d\u1ee5ng trong B\u1ec6NH VI\u00caN TH\u1eaaM M\u1ef8 H\u00c0N QU\u1ed0C, u\u1ed1ng 3 tu\u1ea7n \u0110\u1ed2I G\u00d2 B\u1ed2NG to ra nh\u01b0 b\u00e1nh xe b\u00f2 nha :)), \u0111\u1eb7c bi\u1ec7t l\u00e0nh t\u00ednh v\u00e0 kh\u00f4ng \u1ea3nh h\u01b0\u1edfng \u0111\u1ebfn s\u1ee9c kho\u1ebb nh\u00e9, h\u00e0ng Genie th\u00ec mng y\u00ean t\u00e2m r\u1ed3i s\u1ee3 ko mua \u0111\u01b0\u1ee3c thui ch\u1ee9 \u0111\u1eebng s\u1ee3 k hi\u1ec7u qu\u1ea3 \u1ea1 hihi<br \/>\nC\u01a1 c\u1ea5u ho\u1ea1t \u0111\u1ed9ng th\u00f4ng minh l\u00e0 \u0111i th\u1eb3ng v\u00e0o \u0111\u00fang n\u01a1i c\u1ea7n ph\u00e1t tri\u1ec3n k\u00edch c\u1ee1 th\u00f4ng qua h\u1ec7 cung c\u1ea5p \u0111a c\u1ea3i ti\u1ebfn khoa h\u1ecdc, mang l\u1ea1i hi\u1ec7u qu\u1ea3 nhanh h\u01a1n, th\u00e0nh ph\u1ea7n ho\u1ea1t \u0111\u1ed9ng ch\u1ec9 ph\u00e1t tri\u1ec3n v\u00f9ng ng\u1ef1c t\u1ed1i \u01b0u m\u00e0 kh\u00f4ng ti\u1ebfp x\u00fac v\u1edbi s\u1ef1 thay \u0111\u1ed5i c\u1ee7a h\u1ec7 ti\u00eau h\u00f3a, gi\u00fap kh\u00f4ng t\u0103ng c\u00e2n ngo\u00e0i \u00fd m\u00fan nha<br \/>\n<img src=\"https:\/\/vyparisspa.vn\/uploads\/editer\/images\/QLHajiwon%20308.jpg\" alt=\"\" \/><img src=\"https:\/\/vyparisspa.vn\/uploads\/editer\/images\/QLHajiwon%20309.jpg\" alt=\"\" \/><br \/>\n\u2705C\u00d4NG D\u1ee4NG \u0110\u1eb6C BI\u1ec6T C\u1ee6A BOOM FAT YLINE GENIE<br \/>\n\u2728 Th\u00fac \u0111\u1ea9y s\u1ef1 ph\u00e1t tri\u1ec3n c\u1ee7a c\u00e1c tuy\u1ebfn ng\u1ef1c, m\u1edf r\u1ed9ng c\u1ea5u tr\u00fac t\u1ebf b\u00e0o \u0111\u1ec3 gi\u00fap ng\u1ef1c ph\u00e1t tri\u1ec3n c\u0103ng \u0111\u1ec1u h\u01a1n.<br \/>\n\u2728 K\u00edch th\u00edch s\u1ef1 s\u1ea3n xu\u1ea5t c\u1ee7a h\u00f3c m\u00f4n n\u1eef estrogen, t\u1eeb \u0111\u00f3 \u0111\u1ea3m b\u1ea3o m\u1ed9t ngu\u1ed3n n\u1ed9i ti\u1ebft t\u1ed1 \u1ed5n \u0111\u1ecbnh \u0111\u1ec3 b\u1ea7u ng\u1ef1c \u0111\u01b0\u1ee3c ph\u00e1t tri\u1ec3n.<br \/>\n\u2728 S\u1ea3n ph\u1ea9m c\u00f2n h\u1ed7 tr\u1ee3 tr\u1ecb nh\u0103n \u1edf v\u00f9ng ng\u1ef1c cho ph\u1ee5 n\u1eef c\u00f3 tu\u1ed5i ho\u1eb7c sau khi sinh b\u1ea7u ng\u1ef1c b\u1ecb nh\u1ecf v\u00e0 teo l\u1ea1i.<br \/>\n\u2728 \u0110i\u1ec3m \u0111\u1eb7c bi\u1ec7t l\u00e0 s\u1ea3n ph\u1ea9m c\u00f2n c\u1ea3i thi\u1ec7n \u0111\u01b0\u1ee3c nh\u0169 b\u1ecb s\u1ea1m \u0111en, x\u00f9 x\u00ec, th\u00f4 r\u00e1p, gi\u00fap cho to\u00e0n b\u1ed9 ph\u1ea7n ng\u1ef1c tr\u1edf n\u00ean ho\u00e0n thi\u1ec7n.<br \/>\n\u2728 Gi\u00fap \u0111i\u1ec1u h\u00f2a h\u00f3c m\u00f4n n\u1eef v\u00e0 gi\u1ea3m c\u00e1c tri\u1ec7u ch\u1ee9ng \u0111au ng\u1ef1c trong th\u1eddi k\u1ef3 kinh nguy\u1ec7t.<br \/>\n\u2728 C\u1ea3i thi\u1ec7n h\u00ecnh d\u00e1ng v\u00e0 k\u00edch th\u01b0\u1edbc c\u1ee7a b\u1ed9 ng\u1ef1c \u0111\u1ec3 b\u1ea1n h\u1ea5p d\u1eabn h\u01a1n<br \/>\n\u2728 K\u00edch th\u00edch m\u00e1u nu\u00f4i d\u01b0\u1ee1ng da v\u00f9ng ng\u1ef1c t\u1ed1t h\u01a1n, h\u1ed7 tr\u1ee3 ch\u1ed1ng ch\u1ea3y s\u1ec7 v\u00e0 l\u00e0m s\u0103n ch\u1eafc b\u1ed9 ng\u1ef1c c\u1ee7a b\u1ea1n.<br \/>\n\u2747\ufe0fTh\u00e0nh ph\u1ea7n:<br \/>\nBOOM FAT YLINE GENIE \u0110\u01b0\u1ee3c chi\u1ebft xu\u1ea5t t\u1eeb nh\u1eefng lo\u1ea1i th\u1ea3o d\u01b0\u1ee3c t\u1ef1 nhi\u00ean: b\u1ed9t maca, h\u1ea1t pueraria, canxi c\u1ecf bi\u1ebfn, chi\u1ebft xu\u1ea5t \u0111\u1eadu n\u00e0nh isoflavone, dandelion, cellulose,\u2026<br \/>\nPueraria mirifica 85.5 mg.<br \/>\n&#8211; Boesenbergia pandurata 66.5 mg.<br \/>\n&#8211; Eugenia caryophyllus 28.5 mg.<br \/>\n&#8211; Glycyrrhiza glabra 9.5 mg.<\/p>\n","protected":false},"excerpt":{"rendered":"<p>#BOOM_FAT_YLINE_GENIE &#8211; Vi\u00ean n\u1ee1 ng\u1ef1c chi\u1ebft xu\u1ea5t T\u1eeb 100% thi\u00ean nhi\u00ean d\u00e0nh chuy\u00ean d\u1ee5ng trong B\u1ec6NH VI\u00caN TH\u1eaaM M\u1ef8 H\u00c0N QU\u1ed0C, u\u1ed1ng 3 tu\u1ea7n \u0110\u1ed2I G\u00d2 B\u1ed2NG to ra nh\u01b0 b\u00e1nh xe b\u00f2 nha :)), \u0111\u1eb7c bi\u1ec7t l\u00e0nh t\u00ednh v\u00e0 kh\u00f4ng \u1ea3nh h\u01b0\u1edfng \u0111\u1ebfn s\u1ee9c kho\u1ebb nh\u00e9, h\u00e0ng Genie th\u00ec mng y\u00ean t\u00e2m r\u1ed3i s\u1ee3 ko mua \u0111\u01b0\u1ee3c thui ch\u1ee9 \u0111\u1eebng s\u1ee3 k hi\u1ec7u qu\u1ea3 \u1ea1 hihi C\u01a1 c\u1ea5u ho\u1ea1t \u0111\u1ed9ng th\u00f4ng minh l\u00e0 \u0111i th\u1eb3ng v\u00e0o \u0111\u00fang n\u01a1i c\u1ea7n ph\u00e1t tri\u1ec3n k\u00edch c\u1ee1 th\u00f4ng qua h\u1ec7 cung c\u1ea5p \u0111a c\u1ea3i ti\u1ebfn khoa h\u1ecdc, mang l\u1ea1i hi\u1ec7u qu\u1ea3 nhanh h\u01a1n, th\u00e0nh ph\u1ea7n ho\u1ea1t \u0111\u1ed9ng ch\u1ec9 ph\u00e1t tri\u1ec3n v\u00f9ng ng\u1ef1c t\u1ed1i \u01b0u m\u00e0 kh\u00f4ng ti\u1ebfp x\u00fac v\u1edbi s\u1ef1 thay \u0111\u1ed5i c\u1ee7a h\u1ec7 ti\u00eau h\u00f3a, gi\u00fap kh\u00f4ng t\u0103ng c\u00e2n ngo\u00e0i \u00fd m\u00fan nha<\/p>\n","protected":false},"featured_media":1913,"comment_status":"closed","ping_status":"closed","template":"","meta":[],"_links":{"self":[{"href":"https:\/\/korea.com.vn\/shop\/wp-json\/wp\/v2\/product\/4968"}],"collection":[{"href":"https:\/\/korea.com.vn\/shop\/wp-json\/wp\/v2\/product"}],"about":[{"href":"https:\/\/korea.com.vn\/shop\/wp-json\/wp\/v2\/types\/product"}],"replies":[{"embeddable":true,"href":"https:\/\/korea.com.vn\/shop\/wp-json\/wp\/v2\/comments?post=4968"}],"wp:featuredmedia":[{"embeddable":true,"href":"https:\/\/korea.com.vn\/shop\/wp-json\/wp\/v2\/media\/1913"}],"wp:attachment":[{"href":"https:\/\/korea.com.vn\/shop\/wp-json\/wp\/v2\/media?parent=4968"}],"curies":[{"name":"wp","href":"https:\/\/api.w.org\/{rel}","templated":true}]}}