{"id":4969,"date":"2020-11-30T13:06:11","date_gmt":"2020-11-30T06:06:11","guid":{"rendered":"https:\/\/korea.com.vn\/shop\/san-pham\/import-placeholder-for-4843\/"},"modified":"2020-12-09T15:07:04","modified_gmt":"2020-12-09T08:07:04","slug":"kem-duong-3d-nutrition-skin","status":"publish","type":"product","link":"https:\/\/korea.com.vn\/shop\/san-pham\/kem-duong-3d-nutrition-skin\/","title":{"rendered":"KEM D\u01af\u1ee0NG 3D NUTRITION SKIN"},"content":{"rendered":"<p>Kem l\u00e0m tr\u1eafng da m\u1eb7t 3D nh\u1eadp kh\u1ea9u t\u1eeb H\u00e0n Qu\u1ed1c. C\u00f3 ngu\u1ed3n g\u1ed1c t\u1eeb thi\u00ean nhi\u00ean, \u0111em l\u1ea1i l\u00e0n da m\u1ecbn m\u00e0ng cho ch\u1ecb em ph\u1ee5 n\u1eef. Gi\u00fap da s\u0103n ch\u1eafc, c\u0103ng m\u1ecbn, l\u00e0m tr\u1eafng gi\u1eef \u0111\u1ed9 \u1ea9m cho da.<\/p>\n<p><img loading=\"lazy\" class=\"alignnone size-full wp-image-4450 aligncenter\" src=\"http:\/\/vyparisspa.vn\/wp-content\/uploads\/2016\/02\/nutri3d.jpg\" alt=\"nutri3d\" width=\"488\" height=\"650\" \/><\/p>\n<p><img loading=\"lazy\" class=\"size-medium wp-image-3072 aligncenter\" src=\"http:\/\/vyparisspa.vn\/wp-content\/uploads\/2016\/02\/kem-duong-da-3d-nutrition-skin-225x300.jpg\" alt=\"kem-duong-da-3d-nutrition-skin\" width=\"225\" height=\"300\" \/><br \/>\n<em>* Hi\u1ec7u qu\u1ea3 c\u1ee7a s\u1ea3n ph\u1ea9m t\u00f9y thu\u1ed9c v\u00e0o c\u01a1 \u0111\u1ecba v\u00e0 qu\u00e1 tr\u00ecnh s\u1eed d\u1ee5ng s\u1ea3n ph\u1ea9m \u0111\u00fang theo h\u01b0\u1edbng d\u1eabn.<\/em><\/p>\n","protected":false},"excerpt":{"rendered":"<p>S\u1ea3n ph\u1ea9m cao c\u1ea5p \u0111\u01b0\u1ee3c Hajiwon ph\u00e2n ph\u1ed1i \u0111\u1ed9c quy\u1ec1n t\u1ea1i Vi\u1ec7t Nam<\/p>\n","protected":false},"featured_media":1915,"comment_status":"closed","ping_status":"closed","template":"","meta":[],"_links":{"self":[{"href":"https:\/\/korea.com.vn\/shop\/wp-json\/wp\/v2\/product\/4969"}],"collection":[{"href":"https:\/\/korea.com.vn\/shop\/wp-json\/wp\/v2\/product"}],"about":[{"href":"https:\/\/korea.com.vn\/shop\/wp-json\/wp\/v2\/types\/product"}],"replies":[{"embeddable":true,"href":"https:\/\/korea.com.vn\/shop\/wp-json\/wp\/v2\/comments?post=4969"}],"wp:featuredmedia":[{"embeddable":true,"href":"https:\/\/korea.com.vn\/shop\/wp-json\/wp\/v2\/media\/1915"}],"wp:attachment":[{"href":"https:\/\/korea.com.vn\/shop\/wp-json\/wp\/v2\/media?parent=4969"}],"curies":[{"name":"wp","href":"https:\/\/api.w.org\/{rel}","templated":true}]}}