{"id":4970,"date":"2020-11-30T13:06:11","date_gmt":"2020-11-30T06:06:11","guid":{"rendered":"https:\/\/korea.com.vn\/shop\/san-pham\/import-placeholder-for-4844\/"},"modified":"2020-12-21T10:34:27","modified_gmt":"2020-12-21T03:34:27","slug":"bio-te-bao-goc","status":"publish","type":"product","link":"https:\/\/korea.com.vn\/shop\/san-pham\/bio-te-bao-goc\/","title":{"rendered":"T\u1ebf b\u00e0o g\u1ed1c BIO AMPOULE 360"},"content":{"rendered":"<p>BIO T\u1ebe B\u00c0O G\u1ed0C tr\u1edf th\u00e0nh li\u1ec7u ph\u00e1p t\u00e1i sinh da ho\u00e0n h\u1ea3o nh\u1ea5t hi\u1ec7n nay D\u00e0nh cho\u00a0 l\u00e0n da m\u1ecfng manh, si\u00eau nh\u1ea1y c\u1ea3m do s\u1eed d\u1ee5ng kem tr\u1ed9n l\u00e2u ng\u00e0y:<br \/>\n\u2618\ufe0fT\u00c1I SINH DA: \u0110\u01b0\u1ee3c chi\u1ebft xu\u1ea5t t\u1eeb ph\u00f4i thai C\u00c1 T\u1eb0M \u0110\u1ea0I D\u01af\u01a0NG 100% t\u1eeb thi\u00ean nhi\u00ean:<br \/>\n???? PH\u1ee4C H\u1ed2I T\u1ed4N TH\u01af\u01a0NG: \u1ee8ng d\u1ee5ng c\u00f4ng ngh\u1ec7 Nano Liposome c\u00f3 kh\u1ea3 n\u0103ng \u0111\u1ecbnh v\u1ecb t\u1ef1 t\u00ecm ki\u1ebfm nh\u1eefng t\u1ebf b\u00e0o th\u01b0\u01a1ng t\u1ed5n \u0111\u1ec3 gi\u1ea3i ph\u00f3ng ho\u1ea1t ch\u1ea5t, gi\u00fap n\u00f4ng \u0111\u1ed9 ho\u1ea1t ch\u1ea5t t\u1ea1i c\u00e1c v\u1ecb tr\u00ed t\u00e1c \u0111\u1ed9ng \u0111\u1ea1t m\u1ee9c cao nh\u1ea5t v\u00e0 tuy\u1ec7t \u0111\u1ed1i an to\u00e0n cho da.<br \/>\n???? B\u1ea2O V\u1ec6 DA HO\u00c0N H\u1ea2O: B\u1ee9c t\u01b0\u1eddng Corneo Therapy c\u00f3 kh\u1ea3 n\u0103ng ch\u1ea1m t\u1edbi t\u1ea7ng \u0111\u00e1y l\u1edbp trung b\u00ec, k\u00edch th\u00edch s\u1ea3n sinh Collagen, cho ph\u00e9p \u201cb\u1ea3o h\u00e0nh\u201d l\u00e0n da sau ch\u0103m s\u00f3c.<br \/>\nHI\u1ec6U QU\u1ea2 R\u00d5 R\u1ec6T SAU KHI TR\u1eca LI\u1ec6U<br \/>\n\u2714 Da m\u01b0\u1edbt kh\u1ecfe h\u01a1n nh\u1edd \u0111\u01b0\u1ee3c ph\u1ee5c h\u1ed3i v\u00e0 t\u00e1i sinh<br \/>\n\u2714 C\u1ea3i thi\u1ec7n nh\u0103n, c\u0103ng s\u00e1ng da t\u1ee9c th\u00ec, h\u1ed7 tr\u1ee3 \u0111i\u1ec1u tr\u1ecb n\u00e1m.<br \/>\n\u2714 Hi\u1ec7u qu\u1ea3 \u0111i\u1ec1u tr\u1ecb m\u1ee5n t\u1edbi 80% ch\u1ec9 sau 2 l\u1ea7n th\u1ef1c hi\u1ec7n<br \/>\nV\u1edbi c\u00f4ng d\u1ee5ng tuy\u1ec7t v\u1eddi l\u00e0 :<br \/>\nCh\u1ed1ng l\u1ea1i qu\u00e1 tr\u00ecnh l\u00e3o h\u00f3a da<br \/>\n*\u00a0 Se kh\u00edt l\u1ed7 ch\u00e2n l\u00f4ng<br \/>\n*\u00a0 Ng\u0103n ng\u1eeba t\u00ecnh tr\u1ea1ng n\u00e1m da<br \/>\n*\u00a0 L\u00e0m m\u1edd c\u00e1c v\u1ebft t\u00e0n nhang<br \/>\n*\u00a0 T\u0103ng c\u01b0\u1eddng kh\u1ea3 n\u0103ng \u0111\u00e0n h\u1ed3i<br \/>\n*\u00a0 Th\u1ea5m nhanh v\u00e0o b\u00ean trong c\u00e1c nang ch\u00e2n l\u00f4ng<br \/>\n*\u00a0 D\u01b0\u1ee1ng cho v\u00f9ng da s\u00e1ng \u0111\u1ec1u v\u00e0 c\u0103ng m\u1ecbn<br \/>\n\u0110\u1eb7c bi\u1ec7t quan tr\u1ecdng, em n\u00e0y c\u00f2n c\u1ea3i thi\u1ec7n \u0111\u01b0\u1ee3c s\u1eafc t\u1ed1 m\u00e0u da, c\u1ea5p \u1ea9m \u0111\u1ec3 da lu\u00f4n m\u1ec1m m\u1ea1i, c\u0103ng b\u1ec1 m\u1eb7t da v\u00e0 t\u00e1i t\u1ea1o v\u00f9ng da b\u1ecb t\u1ed5n th\u01b0\u01a1ng do kem tr\u1ed9n thu\u1ed1c r\u01b0\u1ee3u si\u00eau hay lu\u00f4n thi\u1ebft k\u1ebf v\u1ecf kh\u00e1 sang tr\u1ecdng \u0111\u1eb3ng c\u1ea5p v\u1edbi m\u00e0u xanh tr\u1eafng nh\u00ecn c\u1ef1c k\u00ec BIO lu\u00f4n, kh\u00e1 b\u1eaft m\u1eaft.<br \/>\nC\u00e1c l\u1ecd serum \u0111\u01b0\u1ee3c thi\u1ebft k\u1ebf d\u1ea1ng \u1ed1ng, s\u1eafp x\u1ebfp c\u1ed1 \u0111\u1ecbnh theo h\u00ecnh tr\u00f2n nh\u00ecn l\u00e0 mu\u1ed1n mua r\u1ed3i, \u0111\u1ec1u v\u00e0 ch\u1eafc ch\u1eafn b\u00ean trong n\u00ean khi v\u1eadn chuy\u1ec3n t\u1eeb H\u00e0n Qu\u1ed1c v\u1ec1 Vi\u1ec7t Nam v\u1eabn kh\u00f4ng c\u00f3 d\u1ea5u hi\u1ec7u x\u00ea d\u1ecbch, t\u1edb kh\u00e1 l\u00e0 h\u00e0i l\u00f2ng v\u1ec1 kho\u1ea3n n\u00e0y.<\/p>\n","protected":false},"excerpt":{"rendered":"<p>T\u1ebe B\u00c0O G\u1ed0C CHI\u1ebeT XU\u1ea4T DNA #ACIPENSER_PH\u00d4I_THAI_C\u00c1_T\u1ea6M_\u0110\u1ea0I_D\u01af\u01a0NG &#8211; BIO AMPOULE 360 7 DAYS MIRACLE- PH\u1ee4C H\u1ed2I L\u00c0N DA M\u1ee4N T\u0102NG SINH DO #KEM_TR\u1ed8N #THU\u1ed0C_R\u01af\u1ee2U<\/p>\n","protected":false},"featured_media":1917,"comment_status":"closed","ping_status":"closed","template":"","meta":[],"_links":{"self":[{"href":"https:\/\/korea.com.vn\/shop\/wp-json\/wp\/v2\/product\/4970"}],"collection":[{"href":"https:\/\/korea.com.vn\/shop\/wp-json\/wp\/v2\/product"}],"about":[{"href":"https:\/\/korea.com.vn\/shop\/wp-json\/wp\/v2\/types\/product"}],"replies":[{"embeddable":true,"href":"https:\/\/korea.com.vn\/shop\/wp-json\/wp\/v2\/comments?post=4970"}],"wp:featuredmedia":[{"embeddable":true,"href":"https:\/\/korea.com.vn\/shop\/wp-json\/wp\/v2\/media\/1917"}],"wp:attachment":[{"href":"https:\/\/korea.com.vn\/shop\/wp-json\/wp\/v2\/media?parent=4970"}],"curies":[{"name":"wp","href":"https:\/\/api.w.org\/{rel}","templated":true}]}}